{"id":1064,"date":"2016-08-12T14:50:41","date_gmt":"2016-08-12T14:50:41","guid":{"rendered":"http:\/\/moverdb.com\/?page_id=1064"},"modified":"2026-01-08T13:18:24","modified_gmt":"2026-01-08T13:18:24","slug":"graebel-van-lines","status":"publish","type":"page","link":"https:\/\/moverdb.com\/de\/graebel-van-lines\/","title":{"rendered":"Graebel Van Lines: Internationale Umzugsdienstleistungen &amp; Bewertungen"},"content":{"rendered":"<p>Der Hauptsitz von Graebel Van Lines befindet sich in Aurora, CO. Das Unternehmen bietet seinen Kunden eine breite Palette von Dienstleistungen, die unten aufgef\u00fchrt sind. Es folgen auch ein Unternehmensprofil und Bewertungen.<\/p>\n<p><strong>Internationaler Umzug<\/strong><\/p>\n<ul>\n<li> Ein spezieller Kundendienstkoordinator wird zugewiesen<\/li>\n<li> Ausf\u00fchrliche Befragung vor Ort<\/li>\n<li> Individueller Umzugsplan<\/li>\n<li> Von T\u00fcr zu T\u00fcr<\/li>\n<li> International ausgebildete Packer und Verlader<\/li>\n<li> Hochwertiges Verpackungsmaterial<\/li>\n<li> Ma\u00dfgeschneiderte Verpackungen<\/li>\n<li> Koordinierung mit f\u00fchrenden lizenzierten globalen Fluggesellschaften<\/li>\n<li> Lagereinrichtungen - einige klimatisiert<\/li>\n<li> Zollabfertigung<\/li>\n<li> Lieferung und Auspacken<\/li>\n<\/ul>\n<p><strong>Umz\u00fcge f\u00fcr Wohnzwecke<\/strong><\/p>\n<ul>\n<li> Dienst von T\u00fcr zu T\u00fcr<\/li>\n<li> Ein einziger Ansprechpartner w\u00e4hrend des gesamten Umzugs<\/li>\n<li> Einpacken und Auspacken, falls erforderlich<\/li>\n<li> Lokale, Fern- und internationale Umz\u00fcge<\/li>\n<li> Lang- und kurzfristige Lagereinrichtungen<\/li>\n<\/ul>\n<p><strong>Arbeitsbereich bewegt sich<\/strong><\/p>\n<ul>\n<li> Grundriss vorher und nachher<\/li>\n<li> Detaillierte Bestandsaufnahme<\/li>\n<li> Lang- und kurzfristige Lagerung<\/li>\n<li> Abschalten und Wiedereinschalten von Computersystemen<\/li>\n<li> Demontage und Wiedermontage von M\u00f6beln<\/li>\n<li> Verantwortungsbewusste Ver\u00e4u\u00dferung von Verm\u00f6genswerten<\/li>\n<li> Firmensitz-, B\u00fcro- und einmalige B\u00fcroumz\u00fcge.<\/li>\n<li> Koordination von Subunternehmern, Daten, Telefonie und Elektrik.<\/li>\n<li> Genaue Kostenvoranschl\u00e4ge f\u00fcr B\u00fcroumz\u00fcge in Bezug auf Ausr\u00fcstung, Personal, Material und Gesamtkosten.<\/li>\n<li> Move-Add-Change (MAC)-Verwaltung.<\/li>\n<li> Bew\u00e4hrte Checklisten f\u00fcr B\u00fcroumz\u00fcge, Planung und Prozesse.<\/li>\n<li> Aufbewahrung und Entsorgung von Unterlagen.<\/li>\n<li> Hochdichte Ablagesysteme und Aufbewahrungsl\u00f6sungen.<\/li>\n<li> <a href=\"https:\/\/moverdb.com\/de\/british-association-of-removers\/\" data-internallinksmanager029f6b8e52c=\"9\" title=\"British Association of Removers (BAR) erkl\u00e4rt\">Bar<\/a>-codierte Bestandsverwaltung.<\/li>\n<li> Weltweite Transporte, einschlie\u00dflich Kleintransporte, Lkw-Ladungen und gepolsterte Transporte.<\/li>\n<li> Lager- und Vertriebsdienstleistungen.<\/li>\n<li> Just-in-Time-Lieferdienste.<\/li>\n<li> Logistikdienstleistungen und -management aus einer Hand.<\/li>\n<li> Transport, Lieferung, Installation und Neukonfiguration von Systemm\u00f6beln.<\/li>\n<li> Dienstleistungen f\u00fcr das Gastgewerbe im Bereich M\u00f6bel, Einrichtungsgegenst\u00e4nde und Ausr\u00fcstung (FF&amp;E).<\/li>\n<li> Umzugsdienste f\u00fcr das Gesundheitswesen.<\/li>\n<\/ul>\n<p><strong>Umz\u00fcge von Unternehmen, Beh\u00f6rden und Milit\u00e4r<\/strong><\/p>\n<ul>\n<li> B\u00fcro f\u00fcr Strafvollzug<\/li>\n<li> Marshals Service<\/li>\n<li> Drogenbek\u00e4mpfungsbeh\u00f6rde (DEA)<\/li>\n<li> Abteilung f\u00fcr Veteranenangelegenheiten (VA)<\/li>\n<li> Federal Bureau of Investigation (FBI)<\/li>\n<li> Volksz\u00e4hlungsb\u00fcro<\/li>\n<li> Zentren f\u00fcr Krankheitskontrolle und Pr\u00e4vention (CDC)<\/li>\n<li> Bundessteuerbeh\u00f6rde (IRS)<\/li>\n<\/ul>\n<h2>Graebel Van Lines Unternehmensprofil<\/h2>\n<p>Graebel Van Lines ist das gr\u00f6\u00dfte Unternehmen in Privatbesitz <a href=\"https:\/\/moverdb.com\/de\/moving-companies\/\" data-internallinksmanager029f6b8e52c=\"79\" title=\"Top 25 Internationale Umzugsunternehmen Online\">Umzugsunternehmen<\/a> im <a href=\"https:\/\/moverdb.com\/de\/moving-to-the-united-states\/\" data-internallinksmanager029f6b8e52c=\"94\" title=\"Umzug in die Vereinigten Staaten? 2026 Lebenshaltungskosten &amp; Umzugstipps\">Vereinigte Staaten<\/a> und hat seinen Hauptsitz in Aurora, CO. Das Unternehmen bef\u00f6rdert seit 66 Jahren Familien, Unternehmen, Regierungs- und Milit\u00e4rangeh\u00f6rige rund um den Globus und innerhalb der USA. <\/p>\n<p>Das Unternehmen bietet Full-Service-L\u00f6sungen f\u00fcr jeden Kundenbedarf, egal ob es sich um einen kleinen Auftrag wie die Renovierung eines B\u00fcros oder um eine gro\u00dfe Aufgabe wie den Umzug eines Krankenhauses in neue R\u00e4umlichkeiten handelt.<\/p>\n<p>Graebel Van Lines verf\u00fcgt \u00fcber 4 Millionen Quadratmeter Lagerfl\u00e4che im ganzen Land und betreibt 828 Umzugsfahrzeuge. Alle Mitarbeiter des Unternehmens sind nach den h\u00f6chsten Standards geschult.<\/p>\n<p>Zugeh\u00f6rigkeit und Akkreditierungen von Graebel Van Lines:<\/p>\n<ul>\n<li> <a href=\"https:\/\/moverdb.com\/de\/rim-promover\/\">ProMover<\/a><\/li>\n<li> <a href=\"https:\/\/moverdb.com\/de\/amsa\/\" target=\"_blank\" rel=\"noopener\">Amerikanische Vereinigung f\u00fcr Umzug und Lagerung<\/a> (<a href=\"https:\/\/moverdb.com\/de\/amsa\/\" data-internallinksmanager029f6b8e52c=\"5\" title=\"American Moving &amp; Storage Association (AMSA) erkl\u00e4rt\">AMSA<\/a>)<\/li>\n<li> Internationales Institut f\u00fcr B\u00fcroumz\u00fcge (IOMI)<\/li>\n<\/ul>\n<h2>Graebel Van Lines Bewertungen<\/h2>\n<p><strong>Positiv:<\/strong><\/p>\n<ul>\n<li> <em>\"Graebel Van Lines hat bei meinem Umzug hervorragende Arbeit geleistet. Sie haben mich kurzfristig und p\u00fcnktlich umgezogen und alles ist dort gelandet, wo ich es gebraucht habe.\" <\/em> - Michelle T. \u00fcber <a href=\"https:\/\/www.yelp.com\/biz\/graebel-van-lines-kent\" target=\"_blank\" rel=\"noopener\">Yelp<\/a><\/li>\n<li>  <em>\"Ich schreibe dies, weil ich viele schlechte Bewertungen von Graebel's gesehen habe und meine Erfahrung positiv war.\"<\/em> - Sue Sok \u00fcber <a href=\"http:\/\/www.mymovingreviews.com\/movers\/graebel-406#28293\" target=\"_blank\" rel=\"noopener\">MyMovingReviews.com<\/a><\/li>\n<\/ul>\n<p><strong>Negativ:<\/strong><\/p>\n<ul>\n<li> \"<em>Ich habe drei Umz\u00fcge mit Graebel's gemacht, und jedes Mal wurde es schlimmer und schlimmer.\"<\/em> - Michael C. \u00fcber <a href=\"http:\/\/www.yelp.com\/biz\/graebel-van-lines-san-jose?hrid=KdToWSepoqbs7wLCd4UE0A&#038;utm_campaign=www_review_share_popup&#038;utm_medium=copy_link&#038;utm_source=(direct)\" target=\"_blank\" rel=\"noopener\">Yelp<\/a> <\/li>\n<li> \"<em>Ich kann diese Firma nicht empfehlen!!!\"<\/em> Don Mcnasby \u00fcber <a href=\"http:\/\/www.mymovingreviews.com\/movers\/graebel-406#47223\" target=\"_blank\" rel=\"noopener\">MyMovingReviews.com<\/a><\/li>\n<\/ul>\n<div itemprop=\"review\" itemscope itemtype=\"http:\/\/schema.org\/Review\">\n<span itemprop=\"author\" itemscope=\"\" itemtype=\"http:\/\/schema.org\/Organization\"><span itemprop=\"name\">MoverDB.com<\/span><\/span> Online Website \u00dcberpr\u00fcfung f\u00fcr <span itemprop=\"itemreviewed\" itemscope=\"\" itemtype=\"http:\/\/schema.org\/Brand\"><span itemprop=\"name\">Graebel Van Lines<\/span><\/span>:<\/p>\n<ol>\n<li> Klare Kontaktangaben auf der Website (einschlie\u00dflich Telefonnummer): <strong>Ja<\/strong><\/li>\n<li> Leicht zu bekommen <a href=\"https:\/\/moverdb.com\/de\/zitate\/\">Angebote f\u00fcr internationale Umz\u00fcge<\/a>? (Online-Formular f\u00fcr Kostenvoranschl\u00e4ge): <strong>Ja<\/strong><\/li>\n<li> Klare Informationen auf der Website: <strong>Einige<\/strong>Die Website enth\u00e4lt nicht viele detaillierte Informationen. Es wird davon ausgegangen, dass diese mit dem ma\u00dfgeschneiderten Plan geliefert werden.<\/li>\n<li> Mitgliedschaft in international anerkannten Umzugsorganisationen: <strong>Ja<\/strong>(siehe oben)<\/li>\n<li> Liste der Kunden und\/oder Zeugnisse von fr\u00fcheren Kunden: <strong>Nein<\/strong> Auf der Website wird jedoch erw\u00e4hnt, dass das Unternehmen bei der Regierung und bei Fortune-500-Unternehmen sehr beliebt ist.<\/li>\n<\/ol>\n<div itemprop=\"reviewRating\" itemscope itemtype=\"http:\/\/schema.org\/Rating\"><meta itemprop=\"worstRating\" content = \"0\" \/><meta itemprop=\"bestRating\" content=\"5\" \/><meta itemprop=\"ratingValue\" content=\"3.5\"><\/div>\n<p><strong>Gesamtbewertung: 3.5\/5<\/strong><br \/>\n<strong>Datum der \u00dcberpr\u00fcfung:<\/strong> <span itemprop=\"datePublished\" content=\"2016-08-11\">11\/08\/2016<\/span>\n<\/div>\n<p>Lesen Sie mehr \u00fcber <a href=\"https:\/\/moverdb.com\/de\/umzugsunternehmen\/\">internationale Umzugsunternehmen<\/a>, <a href=\"https:\/\/moverdb.com\/de\/us-kanada-umzuge\/\">Amerikanische Umzugsunternehmen<\/a> und unsere <a href=\"https:\/\/moverdb.com\/de\/bewertungen\/\">\u00dcberpr\u00fcfungsprozess<\/a>.<\/p>\n<p><strong>Website:<\/strong> <a href=\"https:\/\/www.graebelmoving.com\" target=\"_blank\" rel=\"noopener\">https:\/\/www.graebelmoving.com<\/a><\/p>","protected":false},"excerpt":{"rendered":"<p>Graebel Van Lines is headquartered in Aurora, CO. The company offers its customers a wide range of services which are listed below. There also follows a company profile and reviews. International Moving A dedicated customer service coordinator is assigned Detailed in-home survey Customised move plan Door to door Internationally trained packers and loaders Finest quality [&hellip;]<\/p>\n","protected":false},"author":1,"featured_media":0,"parent":0,"menu_order":0,"comment_status":"closed","ping_status":"closed","template":"","meta":{"_genesis_hide_title":false,"_genesis_hide_breadcrumbs":false,"_genesis_hide_singular_image":false,"_genesis_hide_footer_widgets":false,"_genesis_custom_body_class":"","_genesis_custom_post_class":"","_genesis_layout":"","footnotes":""},"class_list":{"0":"post-1064","1":"page","2":"type-page","3":"status-publish","5":"entry"},"_links":{"self":[{"href":"https:\/\/moverdb.com\/de\/wp-json\/wp\/v2\/pages\/1064","targetHints":{"allow":["GET"]}}],"collection":[{"href":"https:\/\/moverdb.com\/de\/wp-json\/wp\/v2\/pages"}],"about":[{"href":"https:\/\/moverdb.com\/de\/wp-json\/wp\/v2\/types\/page"}],"author":[{"embeddable":true,"href":"https:\/\/moverdb.com\/de\/wp-json\/wp\/v2\/users\/1"}],"replies":[{"embeddable":true,"href":"https:\/\/moverdb.com\/de\/wp-json\/wp\/v2\/comments?post=1064"}],"version-history":[{"count":6,"href":"https:\/\/moverdb.com\/de\/wp-json\/wp\/v2\/pages\/1064\/revisions"}],"predecessor-version":[{"id":6216,"href":"https:\/\/moverdb.com\/de\/wp-json\/wp\/v2\/pages\/1064\/revisions\/6216"}],"wp:attachment":[{"href":"https:\/\/moverdb.com\/de\/wp-json\/wp\/v2\/media?parent=1064"}],"curies":[{"name":"wp","href":"https:\/\/api.w.org\/{rel}","templated":true}]}}