{"id":1061,"date":"2016-07-25T20:41:24","date_gmt":"2016-07-25T20:41:24","guid":{"rendered":"http:\/\/moverdb.com\/?page_id=1061"},"modified":"2026-01-08T15:30:30","modified_gmt":"2026-01-08T15:30:30","slug":"u-pack-umzug","status":"publish","type":"page","link":"https:\/\/moverdb.com\/de\/u-pack-moving\/","title":{"rendered":"U-Pack Umzug: Internationale Umzugsdienste &amp; Bewertungen"},"content":{"rendered":"<p>ABF U-Pack Moving bietet seinen Kunden eine Vielzahl von Dienstleistungen f\u00fcr den Umzug und das Ein- und Auspacken innerhalb der <a href=\"https:\/\/moverdb.com\/de\/moving-to-the-united-states\/\" data-internallinksmanager029f6b8e52c=\"94\" title=\"Umzug in die Vereinigten Staaten? 2026 Lebenshaltungskosten &amp; Umzugstipps\">US<\/a>, <a href=\"https:\/\/moverdb.com\/de\/moving-to-canada\/\" data-internallinksmanager029f6b8e52c=\"265\" title=\"Umzug nach Kanada? 2026 Lebenshaltungskosten &amp; Umzugstipps\">Kanada<\/a> und Puerto Rico. <\/p>\n<p>Diese Dienstleistungen sind unten aufgef\u00fchrt, zusammen mit einem Unternehmensprofil und Bewertungen.<\/p>\n<p><strong>Arten von Umz\u00fcgen im Angebot<\/strong><\/p>\n<ul>\n<li> L\u00e4nder\u00fcbergreifender Umzug<\/li>\n<li> Langstreckenumz\u00fcge - USA, Kanada, Puerto Rico<\/li>\n<li> Umzug von T\u00fcr zu T\u00fcr<\/li>\n<li> Selbstbewegliches<\/li>\n<li> Verlader stundenweise mieten <\/li>\n<li> Milit\u00e4rischer Umzug<\/li>\n<li> College-Umzug<\/li>\n<li> Kleine Bewegungen<\/li>\n<\/ul>\n<p><strong>Umzugsgut<\/strong><\/p>\n<ul>\n<li> Umzugs-Anh\u00e4nger<\/li>\n<li> Umziehen &amp; <a href=\"https:\/\/moverdb.com\/de\/containerschifffahrt\/\" target=\"_blank\" rel=\"noopener\">Schiffscontainer<\/a><\/li>\n<\/ul>\n<p><strong>Lagerung<\/strong><\/p>\n<ul>\n<li> Lagerung von Anh\u00e4ngern<\/li>\n<li> ReloCube Lagerung<\/li>\n<li> Lagerung vor Ort<\/li>\n<li> Tragbare Lagerung<\/li>\n<\/ul>\n<h2>U-Pack Umzug Unternehmensprofil<\/h2>\n<p>ABF U-Pack er\u00f6ffnete den Betrieb am 1.<sup>st<\/sup> Oktober 1997 gegr\u00fcndet und ist Teil von ABF Freight. Das Ziel des Unternehmens war es, Umz\u00fcge erschwinglicher zu machen, indem es den Kunden die Option \"Sie packen, wir fahren\" anbot. Die Kunden packen ihr eigenes Hab und Gut und laden es in einen Anh\u00e4nger oder Container, der vom Unternehmen bereitgestellt wird. <\/p>\n<p>Ein U-Pack-Fahrer bringt die Waren dann an ihren Bestimmungsort, wo der Kunde sie ausl\u00e4dt und auspackt. Die Kunden k\u00f6nnen ihre Waren \u00fcber ein Online-Tracking-System verfolgen.<\/p>\n<p>Seit seiner Gr\u00fcndung im Jahr 1997 hat ABF Moving U-Pack \u00fcber 850.000 Familien bef\u00f6rdert und \u00fcber 1 Milliarde Meilen zur\u00fcckgelegt. Das Unternehmen bietet eine direkte Verbindung zu fast jeder Stadt in den USA, Kanada und Puerto Rico, die mehr als 30.000 Einwohner hat - das sind 44.000 verschiedene Gemeinden.<\/p>\n<p><strong>AFB U-Pack Akkreditierungen und Zugeh\u00f6rigkeiten:<\/strong><\/p>\n<ul>\n<li> BBB-akkreditiertes Unternehmen A+<\/li>\n<\/ul>\n<h2>U-Pack Moving Bewertungen<\/h2>\n<p><strong>Positiv<\/strong><\/p>\n<ul>\n<li> \"<em>F\u00fcr den grenz\u00fcberschreitenden Versand (USA\/Kanada) kann ich U-Pack nur empfehlen.\"<\/em> - Laura J \u00fcber <a href=\"http:\/\/www.yelp.com\/user_details?userid=MFsoomxJ9wmWksnuhEbsWQ\" target=\"_blank\" rel=\"noopener\">Yelp<\/a> <\/li>\n<li> \"<em>Wenn ich meine Optionen Upack vs. Uhaul mit dem Autotransporter betrachte, ist Upack zweifellos die beste Wahl.\"<\/em> - Lee \u00fcber <a href=\"http:\/\/www.mymovingreviews.com\/movers\/u-pack-2041#54792\" target=\"_blank\" rel=\"noopener\">MyMovingReviews.com<\/a><\/li>\n<li> \"<em>Gro\u00dfe allgemeine Kundenzufriedenheit zusammen mit dem besten Preis, P\u00fcnktlichkeit und Professionalit\u00e4t.\"<\/em> - B Anderson \u00fcber <a href=\"https:\/\/www.trustpilot.com\/users\/563a175f0000ff0001e81099\" target=\"_blank\" rel=\"noopener\">Trustpilot<\/a> <\/li>\n<li> \"<em>Am besten <a href=\"https:\/\/moverdb.com\/de\/moving-companies\/\" data-internallinksmanager029f6b8e52c=\"79\" title=\"Top 25 Internationale Umzugsunternehmen Online\">Umzugsunternehmen<\/a> Ich w\u00fcrde es jedem empfehlen.\"<\/em> - Beatrice F. \u00fcber <a href=\"https:\/\/www.sitejabber.com\/reviews\/www.upack.com#6\" target=\"_blank\" rel=\"noopener\">SiteJabber<\/a> <\/li>\n<\/ul>\n<p><strong>Negativ<\/strong><\/p>\n<ul>\n<li> \"<em>Nehmen Sie dieses Unternehmen nicht in Anspruch. Sie werden es bereuen. Der schlimmste Fehler, den ich gemacht habe. Hat mich mehr Geld gekostet, als ich eigentlich sparen wollte.\"<\/em> - Christina \u00fcber <a href=\"http:\/\/www.yelp.com\/user_details?userid=h6i4pikiNvzwmw8VvAOvrw\" target=\"_blank\" rel=\"noopener\">Yelp<\/a> <\/li>\n<li> \"<em>Wir sind mit unserem ganzen Leben quer durch die USA gezogen. Als wir unsere Sachen abholen wollten, war so viel besch\u00e4digt, dass es unfassbar war.\"<\/em> - Sarah \u00fcber <a href=\"http:\/\/www.mymovingreviews.com\/movers\/u-pack-2041#54608\" target=\"_blank\" rel=\"noopener\">MyMovingReviews.com<\/a> <\/li>\n<li> \"<em>Der Lkw sollte zwischen 14 und 18 Uhr kommen. Um 5 Uhr wurden Umzugshelfer eingestellt. Der Lkw war um 18 Uhr nicht da. <\/em> - Cliff Gragg \u00fcber <a href=\"https:\/\/www.trustpilot.com\/users\/561008750000ff0001e06238\" target=\"_blank\" rel=\"noopener\">VertrauensPilot<\/a> <\/li>\n<li> \"<em>Unprofessionell. Wir sind immer noch mitten in einem Umzug mit U-Pack\".<\/em> - Karen W. \u00fcber <a href=\"https:\/\/www.sitejabber.com\/reviews\/www.upack.com#5\" target=\"_blank\" rel=\"noopener\">SiteJabber<\/a> <\/li>\n<\/ul>\n<div itemprop=\"review\" itemscope itemtype=\"http:\/\/schema.org\/Review\">\n<span itemprop=\"author\" itemscope=\"\" itemtype=\"http:\/\/schema.org\/Organization\"><span itemprop=\"name\">MoverDB.com<\/span><\/span> Online Website \u00dcberpr\u00fcfung f\u00fcr <span itemprop=\"itemreviewed\" itemscope=\"\" itemtype=\"http:\/\/schema.org\/Brand\"><span itemprop=\"name\">U-Pack Umzug<\/span><\/span>:<\/p>\n<ol>\n<li> Klare Kontaktangaben auf der Website (einschlie\u00dflich Telefonnummer): <strong>Ja<\/strong><\/li>\n<li> Leicht zu bekommen <a href=\"https:\/\/moverdb.com\/de\/zitate\/\">Angebote f\u00fcr internationale Umz\u00fcge<\/a>? (Online-Formular f\u00fcr Kostenvoranschl\u00e4ge): <strong>Ja<\/strong><\/li>\n<li> Klare Informationen auf der Website: <strong>Ja,<\/strong> Die Website bietet einen hervorragenden \u00dcberblick \u00fcber das gesamte Angebot des Unternehmens.<\/li>\n<li> Mitgliedschaft in international anerkannten Umzugsorganisationen: <strong>Ja<\/strong>, siehe oben<\/li>\n<li> Liste der Kunden und\/oder Zeugnisse von fr\u00fcheren Kunden: <strong>Ja,<\/strong> Es gibt viele Kundenrezensionen auf der Website.<\/li>\n<\/ol>\n<div itemprop=\"reviewRating\" itemscope itemtype=\"http:\/\/schema.org\/Rating\"><meta itemprop=\"worstRating\" content = \"0\" \/><meta itemprop=\"bestRating\" content=\"5\" \/><meta itemprop=\"ratingValue\" content=\"5\"><\/div>\n<p><strong>Gesamtbewertung: 5\/5<\/strong><br \/>\n<strong>Datum der \u00dcberpr\u00fcfung:<\/strong> <span itemprop=\"datePublished\" content=\"2016-07-25\">25\/07\/2016<\/span>\n<\/div>\n<p>Lesen Sie mehr \u00fcber andere <a href=\"https:\/\/moverdb.com\/de\/umzugsunternehmen\/\">internationale Umzugsunternehmen<\/a>, <a href=\"https:\/\/moverdb.com\/de\/us-kanada-umzuge\/\">US-Umzugsunternehmen<\/a> und unsere <a href=\"https:\/\/moverdb.com\/de\/bewertungen\/\">Erl\u00e4uterung des \u00dcberpr\u00fcfungsprozesses<\/a>.<\/p>\n<p><strong>Website:<\/strong> <a href=\"http:\/\/www.upack.com\" target=\"_blank\" rel=\"noopener\">http:\/\/www.upack.com<\/a><\/p>","protected":false},"excerpt":{"rendered":"<p>ABF U-Pack Moving offers its customers a variety of services for moving and self-packing and unpacking within the US, Canada and Puerto Rico. These services are listed below, together with a company profile and reviews. Types of Moves on Offer Cross-country moving Long distance moving &#8211; US, Canada, Puerto Rico Door to door moving Self-moving [&hellip;]<\/p>\n","protected":false},"author":1,"featured_media":0,"parent":0,"menu_order":0,"comment_status":"closed","ping_status":"closed","template":"","meta":{"_genesis_hide_title":false,"_genesis_hide_breadcrumbs":false,"_genesis_hide_singular_image":false,"_genesis_hide_footer_widgets":false,"_genesis_custom_body_class":"","_genesis_custom_post_class":"","_genesis_layout":"","footnotes":""},"class_list":{"0":"post-1061","1":"page","2":"type-page","3":"status-publish","5":"entry"},"_links":{"self":[{"href":"https:\/\/moverdb.com\/de\/wp-json\/wp\/v2\/pages\/1061","targetHints":{"allow":["GET"]}}],"collection":[{"href":"https:\/\/moverdb.com\/de\/wp-json\/wp\/v2\/pages"}],"about":[{"href":"https:\/\/moverdb.com\/de\/wp-json\/wp\/v2\/types\/page"}],"author":[{"embeddable":true,"href":"https:\/\/moverdb.com\/de\/wp-json\/wp\/v2\/users\/1"}],"replies":[{"embeddable":true,"href":"https:\/\/moverdb.com\/de\/wp-json\/wp\/v2\/comments?post=1061"}],"version-history":[{"count":6,"href":"https:\/\/moverdb.com\/de\/wp-json\/wp\/v2\/pages\/1061\/revisions"}],"predecessor-version":[{"id":6248,"href":"https:\/\/moverdb.com\/de\/wp-json\/wp\/v2\/pages\/1061\/revisions\/6248"}],"wp:attachment":[{"href":"https:\/\/moverdb.com\/de\/wp-json\/wp\/v2\/media?parent=1061"}],"curies":[{"name":"wp","href":"https:\/\/api.w.org\/{rel}","templated":true}]}}