{"id":1060,"date":"2016-08-21T20:38:32","date_gmt":"2016-08-21T20:38:32","guid":{"rendered":"http:\/\/moverdb.com\/?page_id=1060"},"modified":"2026-01-08T15:20:47","modified_gmt":"2026-01-08T15:20:47","slug":"suddath","status":"publish","type":"page","link":"https:\/\/moverdb.com\/de\/suddath\/","title":{"rendered":"Suddath: Internationale Umz\u00fcge &amp; Relocations Bewertungen"},"content":{"rendered":"<p>Suddath bietet seinen Kunden einen umfassenden Service f\u00fcr Umz\u00fcge und Lagerung, sowohl international als auch lokal. Diese sind unten aufgef\u00fchrt, zusammen mit einem Unternehmensprofil und Bewertungen.<\/p>\n<p><strong>Internationaler Umzug und Lagerung<\/strong><\/p>\n<ul>\n<li> Versand von Haushaltswaren<\/li>\n<li> Zugewiesener Berater f\u00fcr Umz\u00fcge<\/li>\n<li> Umzugsvorbereitung<\/li>\n<li> Information und Beratung im Zollbereich<\/li>\n<li> Informationen zum Reiseziel<\/li>\n<li> Lagereinrichtungen<\/li>\n<li> Wertermittlung oder Versicherungsberatung<\/li>\n<\/ul>\n<p><strong>Unternehmensumzugspolitik und Programmmanagement<\/strong><\/p>\n<ul>\n<li> \u00dcberarbeitung und\/oder Entwicklung der Verlagerungspolitik<\/li>\n<li> Verwaltung der Politik<\/li>\n<li> Engagiertes, erfahrenes Kundenbetreuungsteam<\/li>\n<li> Qualit\u00e4tssicherungsprogramm mit messbaren Metriken<\/li>\n<li> Online-Zugang oder Berichterstattung und Sendungsverfolgung<\/li>\n<\/ul>\n<p><strong>Andere globale Mobilit\u00e4tsdienste<\/strong><\/p>\n<ul>\n<li> Globaler Politik-Benchmark, \u00dcberpr\u00fcfung und Entwicklung<\/li>\n<li> Abreise und Verkauf von Wohnungen<\/li>\n<li> Kostenprojektionen<\/li>\n<li> Bewertung der Bewerberinnen und Bewerber<\/li>\n<li> Steuer- und Sozialversicherungsberatung<\/li>\n<li> Laufende Zuweisungsdienste<\/li>\n<li> Reise vor der Entsendung<\/li>\n<li> Interkulturelles Training, Gesch\u00e4ftsbewusstsein und Sprachtraining<\/li>\n<li> Autoleasing oder Finanzierung<\/li>\n<li> Schule suchen<\/li>\n<li> R\u00fcckf\u00fchrungsprogramm<\/li>\n<\/ul>\n<p><strong>Weltweite Regierung Umzug und Lagerung<\/strong><\/p>\n<ul>\n<li> Full-Service-Umz\u00fcge f\u00fcr Beh\u00f6rden und Milit\u00e4r<\/li>\n<\/ul>\n<p><strong><a href=\"https:\/\/moverdb.com\/de\/moving-to-the-united-states\/\" data-internallinksmanager029f6b8e52c=\"94\" title=\"Umzug in die Vereinigten Staaten? 2026 Lebenshaltungskosten &amp; Umzugstipps\">US<\/a> Umzug und Lagerung von Wohngeb\u00e4uden<\/strong><\/p>\n<p><strong>Unternehmensumzug<\/strong><\/p>\n<ul>\n<li> Bewertung und Konsultation zur Verlagerungspolitik<\/li>\n<li> Umzugsmanagement<\/li>\n<li> Gruppe bewegt sich<\/li>\n<li> Zentrale Anlaufstelle<\/li>\n<li> Transport von Haushaltswaren<\/li>\n<li> Sonstige Umzugsdienstleistungen (einschlie\u00dflich immobilienbezogener Dienstleistungen, Hypotheken, Wohnungssuche, Dienstleistungen am Zielort)<\/li>\n<\/ul>\n<p><strong>Wohnen, Privatumzug<\/strong><\/p>\n<ul>\n<li> Kostenvoranschlag vor dem Umzug<\/li>\n<li> Engagierter Umzugskoordinator<\/li>\n<li> Verpackungsdienstleistungen (am Herkunfts- und Bestimmungsort)<\/li>\n<li> Verpackungsmaterial<\/li>\n<li> Sendungsverfolgung<\/li>\n<li> Speicherdienste<\/li>\n<li> Umz\u00fcge und immobilienbezogene Dienstleistungen<\/li>\n<\/ul>\n<h2>Suddath Unternehmensprofil<\/h2>\n<p>Suddath, Suddath Van Lines und Suddath Relocations Systems sind eine Familie von Unternehmen, die 1919 in Jacksonville gegr\u00fcndet wurde, <a href=\"https:\/\/moverdb.com\/de\/moving-to-the-united-states\/moving-to-florida\/\" data-internallinksmanager029f6b8e52c=\"331\" title=\"Umzug nach Florida? 2026 Lebenshaltungskosten &amp; Umzugstipps\">Florida<\/a> von Carl Suddath, der das Unternehmen mit einem Lieferwagen, zwei Maultieren und zwei Reisewagen gr\u00fcndete, um die neue Filmindustrie zu bedienen. Heute hat das Unternehmen Niederlassungen in den USA und <a href=\"https:\/\/moverdb.com\/de\/moving-to-canada\/\" data-internallinksmanager029f6b8e52c=\"265\" title=\"Umzug nach Kanada? 2026 Lebenshaltungskosten &amp; Umzugstipps\">Kanada<\/a> und ein gro\u00dfes Netz von Vertretern weltweit.<\/p>\n<p>Suddath wickelt j\u00e4hrlich \u00fcber 75.000 Umz\u00fcge ab, international und lokal, f\u00fcr Privatpersonen, Unternehmen, Beh\u00f6rden und das Milit\u00e4r. <\/p>\n<p>Sie sind stolz darauf, einige der Fortune-500-Unternehmen sowie die US-Regierung zu ihren Top-Kunden z\u00e4hlen zu k\u00f6nnen. Suddath bietet einen umfassenden Service vom ersten Kostenvoranschlag bis zum Auspacken und Umzugsservice.<\/p>\n<p>Suddath verf\u00fcgt \u00fcber die folgenden Akkreditierungen und Zugeh\u00f6rigkeiten:<\/p>\n<ul>\n<li> <a href=\"https:\/\/moverdb.com\/de\/fidi-faim\/\">FIDI<\/a><\/li>\n<li> Internationales Netzwerk f\u00fcr Umz\u00fcge nach \u00dcbersee (OMNI)<\/li>\n<li> <a href=\"https:\/\/moverdb.com\/de\/ich-bin\/\">Internationaler Verband der M\u00f6belspediteure<\/a> (<a href=\"https:\/\/moverdb.com\/de\/iam\/\" data-internallinksmanager029f6b8e52c=\"23\" title=\"International Association of Movers (IAM) erkl\u00e4rt\">IAM<\/a>)<\/li>\n<li> <a href=\"https:\/\/moverdb.com\/de\/lacma\/\" target=\"_blank\" rel=\"noopener\">Lateinamerikanischer und karibischer Verband internationaler Spediteure<\/a> (<a href=\"https:\/\/moverdb.com\/de\/lacma\/\" data-internallinksmanager029f6b8e52c=\"28\" title=\"Verband lateinamerikanischer und karibischer internationaler Spediteure (LACMA)\">LACMA<\/a>)<\/li>\n<li> Pan American International Movers Association (PAIMA)<\/li>\n<li> <a href=\"https:\/\/moverdb.com\/de\/britische-vereinigung-der-entferner\/\" target=\"_blank\" rel=\"noopener\">Britischer Verband der M\u00f6belpacker<\/a> (<a href=\"https:\/\/moverdb.com\/de\/british-association-of-removers\/\" data-internallinksmanager029f6b8e52c=\"9\" title=\"British Association of Removers (BAR) erkl\u00e4rt\">BAR<\/a>)<\/li>\n<li> <a href=\"https:\/\/moverdb.com\/de\/arbeitnehmer-umzug-rat\/\" target=\"_blank\" rel=\"noopener\">Weltweiter ERC<\/a><\/li>\n<li> Gesellschaft f\u00fcr Human Resource Management (SHRM)<\/li>\n<li> Customer Trade Partnership Against Terrorism (C-TPAT)<\/li>\n<li> <a href=\"https:\/\/moverdb.com\/de\/iata\/\" target=\"_blank\" rel=\"noopener\">IATA<\/a><\/li>\n<li> Better Business Bureau (BBB)<\/li>\n<li> ISO 9001-2008<\/li>\n<li> Brookfield Global Relocation Dienstleistungen<\/li>\n<li> <a href=\"https:\/\/moverdb.com\/de\/fidi-faim\/\" data-internallinksmanager029f6b8e52c=\"16\" title=\"FIDI &amp; FAIM (FIDI Accredited International Mover) Erl\u00e4utert\">FAIM<\/a> Plus<\/li>\n<li> Zertifizierter B\u00fcroumzugsunternehmer - International Office Moving Institute<\/li>\n<li> <a href=\"https:\/\/moverdb.com\/de\/rim-promover\/\" target=\"_blank\" rel=\"noopener\">ProMover<\/a><\/li>\n<li> Allgemeine Dienstleistungsverwaltung (GSA)<\/li>\n<\/ul>\n<p><strong>Suddath Umzug Bewertungen<\/strong><\/p>\n<p><strong>Positiv:<\/strong><\/p>\n<ul>\n<li> <em>\"Sie haben mir bei jedem einzelnen Schritt meines Umzugs geholfen.\"<\/em> - Alan H. \u00fcber <a href=\"http:\/\/www.yelp.com\/biz\/suddath-relocation-systems-jacksonville-3?hrid=aZPhVuYjTxAl3ImKZTmp1A&#038;utm_campaign=www_review_share_popup&#038;utm_medium=copy_link&#038;utm_source=(direct)\" target=\"_blank\" rel=\"noopener\">Yelp<\/a><\/li>\n<li> <em>\"Suddath hat von Anfang bis Ende hervorragende Arbeit geleistet - von der Kontaktaufnahme \u00fcber die Vermessung bis hin zur Beladung und Entladung, und sie waren p\u00fcnktlich. Ein besonderes Dankesch\u00f6n geht an die 4 Jungs und den Fahrer, die das schwere Heben \u00fcbernommen haben.\"<\/em> - Wayne Ernest \u00fcber <a href=\"http:\/\/reviews.birdeye.com\/suddath-relocation-systems-388913888\" target=\"_blank\" rel=\"noopener\">BirdEye<\/a> <\/li>\n<\/ul>\n<p><strong>Negativ:<\/strong><\/p>\n<ul>\n<li> <em>\"Nach mehreren E-Mails boten mir die netten Leute von Suddath $2.350 f\u00fcr meine fehlenden Gegenst\u00e4nde im Wert von $7.500.\" <\/em>Aaron C \u00fcber <a href=\"http:\/\/www.yelp.com\/biz\/suddath-relocation-systems-jacksonville-3?hrid=NyswOKGKwwPmsuorvGtzew&#038;utm_campaign=www_review_share_popup&#038;utm_medium=copy_link&#038;utm_source=(direct)\" target=\"_blank\" rel=\"noopener\">Yelp<\/a> <\/li>\n<li> \"Ich bin in den letzten 15 Jahren mehrmals umgezogen, und dies war der absolut schlimmste Umzug. <a href=\"https:\/\/moverdb.com\/de\/moving-companies\/\" data-internallinksmanager029f6b8e52c=\"79\" title=\"Top 25 Internationale Umzugsunternehmen Online\">Umzugsunternehmen<\/a> mit denen ich je zu tun hatte.\" - Peter Burgess \u00fcber <a href=\"http:\/\/www.mymovingreviews.com\/movers\/suddath-120#26803\" target=\"_blank\" rel=\"noopener\">MyMovingReviews.com<\/a><\/li>\n<\/ul>\n<div itemprop=\"review\" itemscope itemtype=\"http:\/\/schema.org\/Review\">\n<span itemprop=\"author\" itemscope=\"\" itemtype=\"http:\/\/schema.org\/Organization\"><span itemprop=\"name\">MoverDB.com<\/span><\/span> Online Website \u00dcberpr\u00fcfung f\u00fcr <span itemprop=\"itemreviewed\" itemscope=\"\" itemtype=\"http:\/\/schema.org\/Brand\"><span itemprop=\"name\">Suddath<\/span><\/span>:<\/p>\n<ol>\n<li> Klare Kontaktangaben auf der Website (einschlie\u00dflich Telefonnummer): <strong>Ja<\/strong><\/li>\n<li> Leicht zu bekommen <a href=\"https:\/\/moverdb.com\/de\/zitate\/\">Angebote f\u00fcr internationale Umz\u00fcge<\/a>? (Online-Formular f\u00fcr Kostenvoranschl\u00e4ge): <strong>Ja<\/strong><\/li>\n<li> Klare Informationen auf der Website: <strong>Teilweise<\/strong>Die Website enth\u00e4lt viele Seiten, aber die meisten Informationen sind eher allgemein gehalten.<\/li>\n<li> Mitgliedschaft in international anerkannten Umzugsorganisationen: <strong>Ja<\/strong>, viele, siehe oben<\/li>\n<li> Liste der Kunden und\/oder Zeugnisse von fr\u00fcheren Kunden: <strong>Einige,<\/strong> hat Fallstudien, aber keine detaillierten Bewertungen oder Zeugnisse.<\/li>\n<\/ol>\n<div itemprop=\"reviewRating\" itemscope itemtype=\"http:\/\/schema.org\/Rating\"><meta itemprop=\"worstRating\" content = \"0\" \/><meta itemprop=\"bestRating\" content=\"5\" \/><meta itemprop=\"ratingValue\" content=\"4\"><\/div>\n<p><strong>Gesamtbewertung: 4\/5<\/strong><br \/>\n<strong>Datum der \u00dcberpr\u00fcfung:<\/strong> <span itemprop=\"datePublished\" content=\"2016-08-21\">21\/08\/2016<\/span>\n<\/div>\n<p>Lesen Sie mehr \u00fcber <a href=\"https:\/\/moverdb.com\/de\/umzugsunternehmen\/\">internationale Umzugsunternehmen<\/a>, <a href=\"https:\/\/moverdb.com\/de\/us-kanada-umzuge\/\">Nordamerikanische Umzugsunternehmen<\/a> und unsere <a href=\"https:\/\/moverdb.com\/de\/bewertungen\/\">\u00dcberpr\u00fcfungsprozess<\/a>.<\/p>\n<p><strong>Website:<\/strong> <a href=\"http:\/\/suddath.com\" target=\"_blank\" rel=\"noopener\">http:\/\/suddath.com<\/a><\/p>","protected":false},"excerpt":{"rendered":"<p>Suddath offers its clients full service moving and storage both internationally and locally. These are listed below, together with a company profile and reviews. International Moving and Storage Shipment of household goods Assigned move counsellor Pre-move kit Customs information and counselling Destination information Storage facilities Valuation or insurance counselling Corporate relocation policy and program management [&hellip;]<\/p>\n","protected":false},"author":1,"featured_media":0,"parent":0,"menu_order":0,"comment_status":"closed","ping_status":"closed","template":"","meta":{"_genesis_hide_title":false,"_genesis_hide_breadcrumbs":false,"_genesis_hide_singular_image":false,"_genesis_hide_footer_widgets":false,"_genesis_custom_body_class":"","_genesis_custom_post_class":"","_genesis_layout":"","footnotes":""},"class_list":{"0":"post-1060","1":"page","2":"type-page","3":"status-publish","5":"entry"},"_links":{"self":[{"href":"https:\/\/moverdb.com\/de\/wp-json\/wp\/v2\/pages\/1060","targetHints":{"allow":["GET"]}}],"collection":[{"href":"https:\/\/moverdb.com\/de\/wp-json\/wp\/v2\/pages"}],"about":[{"href":"https:\/\/moverdb.com\/de\/wp-json\/wp\/v2\/types\/page"}],"author":[{"embeddable":true,"href":"https:\/\/moverdb.com\/de\/wp-json\/wp\/v2\/users\/1"}],"replies":[{"embeddable":true,"href":"https:\/\/moverdb.com\/de\/wp-json\/wp\/v2\/comments?post=1060"}],"version-history":[{"count":6,"href":"https:\/\/moverdb.com\/de\/wp-json\/wp\/v2\/pages\/1060\/revisions"}],"predecessor-version":[{"id":6242,"href":"https:\/\/moverdb.com\/de\/wp-json\/wp\/v2\/pages\/1060\/revisions\/6242"}],"wp:attachment":[{"href":"https:\/\/moverdb.com\/de\/wp-json\/wp\/v2\/media?parent=1060"}],"curies":[{"name":"wp","href":"https:\/\/api.w.org\/{rel}","templated":true}]}}