{"id":1059,"date":"2016-08-21T14:56:28","date_gmt":"2016-08-21T14:56:28","guid":{"rendered":"http:\/\/moverdb.com\/?page_id=1059"},"modified":"2026-01-08T14:47:35","modified_gmt":"2026-01-08T14:47:35","slug":"arpin-van-lines","status":"publish","type":"page","link":"https:\/\/moverdb.com\/de\/arpin-van-lines\/","title":{"rendered":"Arpin Van Lines: Umzugsdienstleistungen &amp; Bewertungen"},"content":{"rendered":"<p>Arpin Van Lines ist in West Warwick, RI, ans\u00e4ssig und bietet seinen Kunden eine breite Palette von Dienstleistungen sowohl international als auch lokal an. Diese Dienstleistungen sind unten aufgef\u00fchrt, zusammen mit einem Unternehmensprofil und Bewertungen. Internationale Umz\u00fcge werden auch durchgef\u00fchrt von <a href=\"https:\/\/moverdb.com\/de\/arpin-international\/\">Arpin International<\/a>.<\/p>\n<p><strong>Internationale Umz\u00fcge<\/strong><\/p>\n<ul>\n<li> Multikulturelles und mehrsprachiges Personal<\/li>\n<li> Spezieller Koordinator f\u00fcr internationale Umz\u00fcge<\/li>\n<li> Von T\u00fcr zu T\u00fcr<\/li>\n<li> Einpacken und Auspacken<\/li>\n<li> Demontage und Wiedermontage von M\u00f6beln und\/oder Waren<\/li>\n<li> Unterst\u00fctzung beim Zoll<\/li>\n<li> Grenz\u00fcberschreitende Umz\u00fcge - <a href=\"https:\/\/moverdb.com\/de\/moving-to-canada\/\" data-internallinksmanager029f6b8e52c=\"265\" title=\"Umzug nach Kanada? 2026 Lebenshaltungskosten &amp; Umzugstipps\">Kanada<\/a><\/li>\n<\/ul>\n<p><strong>GSA und milit\u00e4rische Umz\u00fcge<\/strong><\/p>\n<ul>\n<li> Milit\u00e4r<\/li>\n<li> Regierung\/GSA<\/li>\n<li> Veteran bewegt sich<\/li>\n<li> Milit\u00e4rische Umgestaltung<\/li>\n<\/ul>\n<p><strong>Haushaltsumz\u00fcge<\/strong><\/p>\n<ul>\n<li> Lokale Umz\u00fcge<\/li>\n<li> Umz\u00fcge \u00fcber gro\u00dfe Entfernungen<\/li>\n<li> Senior bewegt sich<\/li>\n<li> Kleine Umzugsl\u00f6sung<\/li>\n<\/ul>\n<p><strong>Lagerung<\/strong><\/p>\n<ul>\n<li> Langfristig<\/li>\n<li> Kurzfristig<\/li>\n<li> Einige klimatisierte Lagerr\u00e4ume<\/li>\n<li> Lagerung in Containern<\/li>\n<\/ul>\n<h2>Arpin Van Lines Unternehmensprofil<\/h2>\n<p>Arpin Van Lines wurde im Jahr 1900 gegr\u00fcndet und ist somit seit \u00fcber 100 Jahren im Bereich des Umzugs von Personen und Unternehmen t\u00e4tig und befindet sich noch immer in Familienbesitz. <\/p>\n<p>Das Unternehmen ist stolz darauf, nahezu perfekte oder perfekte Orts-, Fern- und internationale Umz\u00fcge durchzuf\u00fchren. Es verf\u00fcgt \u00fcber 385 Agenturen in den <a href=\"https:\/\/moverdb.com\/de\/moving-to-the-united-states\/\" data-internallinksmanager029f6b8e52c=\"94\" title=\"Umzug in die Vereinigten Staaten? 2026 Lebenshaltungskosten &amp; Umzugstipps\">Vereinigte Staaten<\/a> und hat sich mit zuverl\u00e4ssigen Top-Agenturen auf der ganzen Welt zusammengetan, um die versprochene Qualit\u00e4t liefern zu k\u00f6nnen.<\/p>\n<p>Der Schwerpunkt des Unternehmens liegt auf Umz\u00fcgen. Es arbeitet mit Umzugsunternehmen in den USA und weltweit zusammen. Arpin Van Lines f\u00fchrt pro Jahr rund 14.000 GSA- und Milit\u00e4rumz\u00fcge durch.<\/p>\n<p>Arpin Van Lines unterst\u00fctzt Save the Children, Habitat for Humanity und die Audubon Society of <a href=\"https:\/\/moverdb.com\/de\/moving-to-the-united-states\/moving-to-rhode-island\/\" data-internallinksmanager029f6b8e52c=\"450\" title=\"Umzug nach Rhode Island? 2024 Lebenshaltungskosten &amp; Umzugstipps\">Rhode Island<\/a>. Das Unternehmen verfolgt eine strenge Umweltpolitik, die ihm viele Auszeichnungen eingebracht hat, da es seinen \u00f6kologischen Fu\u00dfabdruck reduziert.<\/p>\n<p>Arpin Van Lines verf\u00fcgt \u00fcber die folgenden Akkreditierungen und Mitgliedschaften:<\/p>\n<ul>\n<li> Die <a href=\"https:\/\/moverdb.com\/de\/amsa\/\">Amerikanische Vereinigung f\u00fcr Umzug und Lagerung<\/a> (<a href=\"https:\/\/moverdb.com\/de\/amsa\/\" data-internallinksmanager029f6b8e52c=\"5\" title=\"American Moving &amp; Storage Association (AMSA) erkl\u00e4rt\">AMSA<\/a>)<\/li>\n<li> <a href=\"https:\/\/moverdb.com\/de\/arbeitnehmer-umzug-rat\/\">Weltweiter ERC<\/a><\/li>\n<li> Nationale Vereinigung von Senior Move Managern (NASMM)<\/li>\n<li> Zertifiziert <a href=\"https:\/\/moverdb.com\/de\/rim-promover\/\">ProMover<\/a><\/li>\n<li> Better Business Bureau (BBB) A+<\/li>\n<li> SmartWay Transport Partner<\/li>\n<li> ISSP<\/li>\n<\/ul>\n<h2>Arpin Van Lines Bewertungen<\/h2>\n<p><strong>Positiv:<\/strong><\/p>\n<ul>\n<li> <em>\"Ich bin mir nicht ganz sicher, warum es so viele schlechte Bewertungen gibt, aber ich hatte andererseits eine ausgezeichnete Erfahrung! Vielleicht lag es an der \u00f6rtlichen Niederlassung, die den Umzug durchf\u00fchrte, oder am Ruf des Unternehmens. Auf jeden Fall war meine Erfahrung von Anfang bis Ende fantastisch!\"<\/em> - Jay Cee \u00fcber <a href=\"http:\/\/www.yelp.com\/biz\/arpin-van-lines-west-warwick-2?hrid=OS55XvTTjsx1-lntFW5mvw&#038;utm_campaign=www_review_share_popup&#038;utm_medium=copy_link&#038;utm_source=(direct)\" target=\"_blank\" rel=\"noopener\">Yelp<\/a><\/li>\n<li> \"Ich muss sagen, dass die Jungs von Arpin Van Lines einen wirklich unglaublichen Job f\u00fcr uns gemacht haben. Sie waren p\u00fcnktlich zur vereinbarten Zeit zur Stelle und haben uns den gesamten Umzug sehr erleichtert.\"<\/em> - Emmanuel P. \u00fcber <a href=\"https:\/\/www.customerlobby.com\/reviews\/28943\/arpin-van-lines-inc\/review\/877013\" target=\"_blank\" rel=\"noopener\">Kunden-Lobby<\/a> <\/li>\n<li> <em>\"Ich wollte nur sagen, wie froh und zufrieden ich mit dem Umzug war.  Das B\u00fcro hat sich nach mir erkundigt und sich wirklich darum gek\u00fcmmert, wie alles f\u00fcr mich und meine Familie l\u00e4uft.\"<\/em> - Yuriko Sprott \u00fcber <a href=\"http:\/\/www.mymovingreviews.com\/movers\/arpin-van-lines-664#39723\" target=\"_blank\" rel=\"noopener\">MyMovingReviews.com<\/a> <\/li>\n<\/ul>\n<p><strong>Negativ:<\/strong><\/p>\n<ul>\n<li> \"<em>Wir sind umgezogen von <a href=\"https:\/\/moverdb.com\/de\/moving-to-the-united-states\/moving-to-illinois\/\" data-internallinksmanager029f6b8e52c=\"401\" title=\"Umzug nach Illinois? 2026 Lebenshaltungskosten &amp; Umzugstipps\">Illinois<\/a> nach Sacramento und die Erfahrung war Furchtbar.\" <\/em>John W. \u00fcber <a href=\"http:\/\/www.yelp.com\/biz\/arpin-van-lines-west-warwick-2?hrid=_dchwV9PFPdLsH2-htD5dA&#038;utm_campaign=www_review_share_popup&#038;utm_medium=copy_link&#038;utm_source=(direct)\" target=\"_blank\" rel=\"noopener\">Yelp<\/a><\/li>\n<li> <em>\"Ich kann nicht in Worte fassen, wie sehr ich hoffe, dass Sie diese Firma nicht benutzen. Wir haben 7 Umz\u00fcge ins Ausland gemacht, weil mein Mann dort arbeitet, und ich habe noch nie eine solche Inkompetenz erlebt.\"<\/em> - Marci R. \u00fcber <a href=\"https:\/\/www.customerlobby.com\/reviews\/28943\/arpin-van-lines-inc\/review\/854697\" target=\"_blank\" rel=\"noopener\">Kunden-Lobby<\/a><\/li>\n<li> <em>\"Wo soll ich nur anfangen... Es hat 2 Wochen gedauert, einen Kostenvoranschlag zu bekommen, sie sind jetzt 3 Tage zu sp\u00e4t und meine schwangere Frau und ich m\u00fcssen auf einer aufblasbaren Matratze mit einem Koffer schlafen, bis sie kommen.\"<\/em> - Mmonahan \u00fcber <a href=\"http:\/\/www.mymovingreviews.com\/movers\/arpin-van-lines-664#55388\" target=\"_blank\" rel=\"noopener\">MyMovingReviews.com<\/a> <\/li>\n<\/ul>\n<div itemprop=\"review\" itemscope itemtype=\"http:\/\/schema.org\/Review\">\n<span itemprop=\"author\" itemscope=\"\" itemtype=\"http:\/\/schema.org\/Organization\"><span itemprop=\"name\">MoverDB.com<\/span><\/span> Online Website \u00dcberpr\u00fcfung f\u00fcr <span itemprop=\"itemreviewed\" itemscope=\"\" itemtype=\"http:\/\/schema.org\/Brand\"><span itemprop=\"name\">Arpin Van Lines<\/span><\/span>:<\/p>\n<ol>\n<li> Klare Kontaktangaben auf der Website (einschlie\u00dflich Telefonnummer): <strong>Ja<\/strong><\/li>\n<li> Leicht zu bekommen <a href=\"https:\/\/moverdb.com\/de\/zitate\/\">Angebote f\u00fcr internationale Umz\u00fcge<\/a>? (Online-Formular f\u00fcr Kostenvoranschl\u00e4ge): <strong>Ja<\/strong><\/li>\n<li> Klare Informationen auf der Website: <strong>Ja,<\/strong> Auf der Website finden Sie Anleitungen und Videos.<\/li>\n<li> Mitgliedschaft in international anerkannten Umzugsorganisationen: <strong>Ja<\/strong>(siehe oben)<\/li>\n<li> Liste der Kunden und\/oder Zeugnisse von fr\u00fcheren Kunden. <strong>Teilweise<\/strong> \u00dcber Customer Lobby werden Kundenstimmen aufgelistet, siehe oben.<\/li>\n<\/ol>\n<div itemprop=\"reviewRating\" itemscope itemtype=\"http:\/\/schema.org\/Rating\"><meta itemprop=\"worstRating\" content = \"0\" \/><meta itemprop=\"bestRating\" content=\"5\" \/><meta itemprop=\"ratingValue\" content=\"4\"><\/div>\n<p><strong>Gesamtbewertung: 4\/5<\/strong><br \/>\n<strong>Datum der \u00dcberpr\u00fcfung:<\/strong> <span itemprop=\"datePublished\" content=\"2016-08-21\">21\/08\/2016<\/span>\n<\/div>\n<p>Lesen Sie mehr \u00fcber <a href=\"https:\/\/moverdb.com\/de\/umzugsunternehmen\/\">internationale Umzugsunternehmen<\/a>, <a href=\"https:\/\/moverdb.com\/de\/us-kanada-umzuge\/\">US-Umzugsunternehmen<\/a> und unsere <a href=\"https:\/\/moverdb.com\/de\/bewertungen\/\">\u00dcberpr\u00fcfungsprozess<\/a>.<\/p>\n<p><strong>Website:<\/strong> <a href=\"http:\/\/www.arpin.com\" target=\"_blank\" rel=\"noopener\">http:\/\/www.arpin.com<\/a><\/p>","protected":false},"excerpt":{"rendered":"<p>Arpin Van Lines is based in West Warwick, RI and offers its customers a wide range of services both internationally and locally. These services are listed below, together with a company profile and reviews. International moves are also handled by Arpin International. International Moves Multicultural and multilingual staff Dedicated international move coordinator Door to door [&hellip;]<\/p>\n","protected":false},"author":1,"featured_media":0,"parent":0,"menu_order":0,"comment_status":"closed","ping_status":"closed","template":"","meta":{"_genesis_hide_title":false,"_genesis_hide_breadcrumbs":false,"_genesis_hide_singular_image":false,"_genesis_hide_footer_widgets":false,"_genesis_custom_body_class":"","_genesis_custom_post_class":"","_genesis_layout":"","footnotes":""},"class_list":{"0":"post-1059","1":"page","2":"type-page","3":"status-publish","5":"entry"},"_links":{"self":[{"href":"https:\/\/moverdb.com\/de\/wp-json\/wp\/v2\/pages\/1059","targetHints":{"allow":["GET"]}}],"collection":[{"href":"https:\/\/moverdb.com\/de\/wp-json\/wp\/v2\/pages"}],"about":[{"href":"https:\/\/moverdb.com\/de\/wp-json\/wp\/v2\/types\/page"}],"author":[{"embeddable":true,"href":"https:\/\/moverdb.com\/de\/wp-json\/wp\/v2\/users\/1"}],"replies":[{"embeddable":true,"href":"https:\/\/moverdb.com\/de\/wp-json\/wp\/v2\/comments?post=1059"}],"version-history":[{"count":7,"href":"https:\/\/moverdb.com\/de\/wp-json\/wp\/v2\/pages\/1059\/revisions"}],"predecessor-version":[{"id":6176,"href":"https:\/\/moverdb.com\/de\/wp-json\/wp\/v2\/pages\/1059\/revisions\/6176"}],"wp:attachment":[{"href":"https:\/\/moverdb.com\/de\/wp-json\/wp\/v2\/media?parent=1059"}],"curies":[{"name":"wp","href":"https:\/\/api.w.org\/{rel}","templated":true}]}}