{"id":1058,"date":"2016-07-25T21:05:23","date_gmt":"2016-07-25T21:05:23","guid":{"rendered":"http:\/\/moverdb.com\/?page_id=1058"},"modified":"2026-01-08T14:40:09","modified_gmt":"2026-01-08T14:40:09","slug":"mayflower-transit","status":"publish","type":"page","link":"https:\/\/moverdb.com\/de\/mayflower-transit\/","title":{"rendered":"Mayflower Transit: Internationale Umzugsdienstleistungen &amp; Bewertungen"},"content":{"rendered":"<p>Mayflower Transit bietet seinen Kunden eine Reihe von nationalen und internationalen Umzugsdienstleistungen an, die im Folgenden aufgef\u00fchrt sind. Es folgen auch ein Unternehmensprofil und Bewertungen.<\/p>\n<p><strong>Internationale Spediteure<\/strong><\/p>\n<p>Dienstleistungen vor der Zuweisung<\/p>\n<ul>\n<li> Visa- und Einwanderungsdienste<\/li>\n<li> Vorschau auf die Reise und Orientierung im Gebiet<\/li>\n<li> Informationen zu Land und Kultur<\/li>\n<\/ul>\n<p>Umzugsdienste<\/p>\n<ul>\n<li> Planung vor dem Umzug<\/li>\n<li> Transport von Hab und Gut<\/li>\n<li> Management des Umzugs<\/li>\n<li> Sendungsverfolgung<\/li>\n<\/ul>\n<p>Dienstleistungen f\u00fcr internationale Reiseziele<\/p>\n<ul>\n<li> Kulturelle und sprachliche Ausbildung<\/li>\n<li> Schulische Unterst\u00fctzung<\/li>\n<li> Unterst\u00fctzung des Partners\/Ehepartners<\/li>\n<li> Eingew\u00f6hnung in den Dienst<\/li>\n<li> Unterst\u00fctzung bei der Abreise<\/li>\n<\/ul>\n<p>Schutzdienste<\/p>\n<ul>\n<li> Gewichtsmultiplikator<\/li>\n<li> Hochwertige Best\u00e4nde<\/li>\n<li> Aufgeschl\u00fcsseltes bewertetes Inventar<\/li>\n<\/ul>\n<p>Hilfe beim Wohnen<\/p>\n<ul>\n<li> Dienstleistungen zur Wohnungssuche<\/li>\n<li> Vor\u00fcbergehende Unterbringung<\/li>\n<li> Verwaltung von Immobilien und Mietverh\u00e4ltnissen<\/li>\n<\/ul>\n<p><strong><a href=\"https:\/\/moverdb.com\/de\/moving-to-canada\/\" data-internallinksmanager029f6b8e52c=\"265\" title=\"Umzug nach Kanada? 2026 Lebenshaltungskosten &amp; Umzugstipps\">Umzug nach Kanada<\/a><\/strong><\/p>\n<ul>\n<li> Erforderliche Unterlagen und Vorschriften<\/li>\n<li> Informationen zum Versand von G\u00fctern<\/li>\n<li> Informationen \u00fcber <a href=\"https:\/\/moverdb.com\/de\/auto-transport-versand\/\">Transportfahrzeuge<\/a><\/li>\n<\/ul>\n<p><strong>Arten von Umz\u00fcgen<\/strong><\/p>\n<ul>\n<li> Haushaltsumzugsunternehmen - kurze und lange Strecken<\/li>\n<li> Lokale Umzugsunternehmen<\/li>\n<li> Firmenumz\u00fcge<\/li>\n<li> Milit\u00e4rische und staatliche Umzugsunternehmen<\/li>\n<li> <a href=\"https:\/\/moverdb.com\/de\/umzugsunternehmen\/\" target=\"_blank\" rel=\"noopener\">Internationale Umzugsunternehmen<\/a><\/li>\n<\/ul>\n<p><strong>Umzugsdienste<\/strong><\/p>\n<ul>\n<li> Einpacken und Auspacken<\/li>\n<li> Beweglicher Schutz<\/li>\n<li> Autotransport<\/li>\n<li> Lagerung<\/li>\n<li> Reinigungsdienst<\/li>\n<li> Sammlung von Schutt<\/li>\n<li> Installation von Heimkinosystemen und\/oder Computern<\/li>\n<li> Gartenarbeit<\/li>\n<li> Dienstleistungen im Immobilienbereich<\/li>\n<\/ul>\n<h2>Mayflower Transit Unternehmensprofil<\/h2>\n<p>Mayflower Transit wurde 1927 von Conrad M. Gentry und Don F. Kenworthy in Indianapolis gegr\u00fcndet. Die Gr\u00fcndungsmitglieder wollten den Menschen eine Alternative zum Transport ihres Eigentums mit der Bahn bieten. <\/p>\n<p>Bis zum Ende des Zweiten Weltkriegs hatte sich das Unternehmen vergr\u00f6\u00dfert und bot nun auch Dienstleistungen wie die Verlegung von Firmenmitarbeitern und die Organisation von Messen an. <\/p>\n<p>1995 schloss sich Mayflower Transit der UniGroup an, einer <strong>$1,7 Milliarden<\/strong> Unternehmen, das weltweit Umz\u00fcge, Transporte und Lagerung anbietet. Mayflower Transit bietet eine breite Palette von Dienstleistungen von Do-it-yourself-Umzug und Lagerung, um ma\u00dfgeschneiderte Full-Service. <\/p>\n<p><strong>Zugeh\u00f6rigkeit und Akkreditierungen von Mayflower Transit:<\/strong><\/p>\n<ul>\n<li> Nationale Qualit\u00e4tssicherung <a href=\"https:\/\/moverdb.com\/de\/moving-to-the-united-states\/\" data-internallinksmanager029f6b8e52c=\"94\" title=\"Umzug in die Vereinigten Staaten? 2026 Lebenshaltungskosten &amp; Umzugstipps\">USA<\/a> (NQA) ISO 9001:2008<\/li>\n<li> <a href=\"https:\/\/moverdb.com\/de\/amsa\/\">Amerikanische Vereinigung f\u00fcr Umzug und Lagerung<\/a> (<a href=\"https:\/\/moverdb.com\/de\/amsa\/\" data-internallinksmanager029f6b8e52c=\"5\" title=\"American Moving &amp; Storage Association (AMSA) erkl\u00e4rt\">AMSA<\/a>) - <a href=\"https:\/\/moverdb.com\/de\/rim-promover\/\">ProMover<\/a><\/li>\n<\/ul>\n<h2>Mayflower Transit Bewertungen<\/h2>\n<p><strong>Positiv:<\/strong><\/p>\n<ul>\n<li> \"<em>Sie waren p\u00fcnktlich da, kamen p\u00fcnktlich an unserer neuen Adresse an und der Endpreis, den wir bezahlt haben, war GENAU das, was sie uns von Anfang an angeboten haben! \"<\/em> - Paul I. \u00fcber <a href=\"http:\/\/www.mymovingreviews.com\/movers\/mayflower-movers-181#38117\" target=\"_blank\" rel=\"noopener\">MyMovingReviews.com<\/a> <\/li>\n<li> \"<em>Sie haben f\u00fcr uns ausgezeichnete Arbeit geleistet, indem sie die Betten aufstellten und die M\u00f6bel, die zum Verpacken auseinandergenommen werden mussten, wieder zusammenbauten. Meine Frau und ich waren beide sehr zufrieden mit der Art und Weise, wie wir umgezogen sind.<\/em> - Jon \u00fcber <a href=\"https:\/\/www.consumeraffairs.com\/movers\/mayflower.html?page=3\" target=\"_blank\" rel=\"noopener\">Verbraucherangelegenheiten<\/a> <\/li>\n<\/ul>\n<p><strong>Negativ:<\/strong><\/p>\n<ul>\n<li> \"<em>Wenn ich 0 Sterne geben k\u00f6nnte, w\u00fcrde ich das auf jeden Fall tun.\"<\/em> - Bill M. \u00fcber <a href=\"http:\/\/www.mymovingreviews.com\/movers\/mayflower-movers-181#41675\" target=\"_blank\" rel=\"noopener\">MyMovingReviews.com<\/a><\/li>\n<li> \"<em>Ich w\u00fcnschte, wir h\u00e4tten die Bewertungen vor unserem Umzug gelesen. Die Erfahrung war von Anfang bis Ende schrecklich. <\/em> - Alison \u00fcber <a href=\"https:\/\/www.consumeraffairs.com\/movers\/mayflower.html?page=3\" target=\"_blank\" rel=\"noopener\">Verbraucherangelegenheiten<\/a><\/li>\n<\/ul>\n<div itemprop=\"review\" itemscope itemtype=\"http:\/\/schema.org\/Review\">\n<span itemprop=\"author\" itemscope=\"\" itemtype=\"http:\/\/schema.org\/Organization\"><span itemprop=\"name\">MoverDB.com<\/span><\/span> Online Website \u00dcberpr\u00fcfung f\u00fcr <span itemprop=\"itemreviewed\" itemscope=\"\" itemtype=\"http:\/\/schema.org\/Brand\"><span itemprop=\"name\">Mayflower Transit<\/span><\/span>:<\/p>\n<ol>\n<li> Klare Kontaktangaben auf der Website (einschlie\u00dflich Telefonnummer): <strong>Ja<\/strong><\/li>\n<li> Leicht zu bekommen <a href=\"https:\/\/moverdb.com\/de\/zitate\/\">Angebote f\u00fcr internationale Umz\u00fcge<\/a>? (Online-Formular f\u00fcr Kostenvoranschl\u00e4ge): <strong>Ja<\/strong><\/li>\n<li> Klare Informationen auf der Website: <strong>Ja.<\/strong> Die Website enth\u00e4lt zahlreiche Informationen, und weitere Informationen sind verf\u00fcgbar, wenn Sie ein Angebot anfordern.<\/li>\n<li> Mitgliedschaft in international anerkannten Umzugsorganisationen: <strong>Ja<\/strong>, siehe oben.<\/li>\n<li> Liste der Kunden und\/oder Zeugnisse von fr\u00fcheren Kunden: <strong>Ja<\/strong>gibt es viele positive Kundenrezensionen auf der Website.<\/li>\n<\/ol>\n<div itemprop=\"reviewRating\" itemscope itemtype=\"http:\/\/schema.org\/Rating\"><meta itemprop=\"worstRating\" content = \"0\" \/><meta itemprop=\"bestRating\" content=\"5\" \/><meta itemprop=\"ratingValue\" content=\"4.5\"><\/div>\n<p><strong>Gesamtbewertung: 4.5\/5<\/strong><br \/>\n<strong>Datum der \u00dcberpr\u00fcfung:<\/strong> <span itemprop=\"datePublished\" content=\"2016-07-25\">25\/07\/2016<\/span>\n<\/div>\n<p>Lesen Sie mehr \u00fcber <a href=\"https:\/\/moverdb.com\/de\/umzugsunternehmen\/\">internationale Umzugsunternehmen<\/a>, <a href=\"https:\/\/moverdb.com\/de\/us-kanada-umzuge\/\">US-Inlandsumzugsunternehmen<\/a> und erfahren Sie mehr \u00fcber unser <a href=\"https:\/\/moverdb.com\/de\/bewertungen\/\">\u00dcberpr\u00fcfungsprozess<\/a>.<\/p>\n<p><strong>Website:<\/strong> <a href=\"http:\/\/www.mayflower.com\/\" target=\"_blank\" rel=\"noopener\">http:\/\/www.mayflower.com<\/a><\/p>","protected":false},"excerpt":{"rendered":"<p>Mayflower Transit offers its customers a range of domestic and international moving services, which are listed below. There also follows a company profile and reviews. International Movers Pre-assignment Services Visa and immigration services Preview trip and area orientation Country and culture information Moving Services Pre-move planning Transportation of belongings Managing the move Shipment tracking International [&hellip;]<\/p>\n","protected":false},"author":1,"featured_media":0,"parent":0,"menu_order":0,"comment_status":"closed","ping_status":"closed","template":"","meta":{"_genesis_hide_title":false,"_genesis_hide_breadcrumbs":false,"_genesis_hide_singular_image":false,"_genesis_hide_footer_widgets":false,"_genesis_custom_body_class":"","_genesis_custom_post_class":"","_genesis_layout":"","footnotes":""},"class_list":{"0":"post-1058","1":"page","2":"type-page","3":"status-publish","5":"entry"},"_links":{"self":[{"href":"https:\/\/moverdb.com\/de\/wp-json\/wp\/v2\/pages\/1058","targetHints":{"allow":["GET"]}}],"collection":[{"href":"https:\/\/moverdb.com\/de\/wp-json\/wp\/v2\/pages"}],"about":[{"href":"https:\/\/moverdb.com\/de\/wp-json\/wp\/v2\/types\/page"}],"author":[{"embeddable":true,"href":"https:\/\/moverdb.com\/de\/wp-json\/wp\/v2\/users\/1"}],"replies":[{"embeddable":true,"href":"https:\/\/moverdb.com\/de\/wp-json\/wp\/v2\/comments?post=1058"}],"version-history":[{"count":7,"href":"https:\/\/moverdb.com\/de\/wp-json\/wp\/v2\/pages\/1058\/revisions"}],"predecessor-version":[{"id":13174,"href":"https:\/\/moverdb.com\/de\/wp-json\/wp\/v2\/pages\/1058\/revisions\/13174"}],"wp:attachment":[{"href":"https:\/\/moverdb.com\/de\/wp-json\/wp\/v2\/media?parent=1058"}],"curies":[{"name":"wp","href":"https:\/\/api.w.org\/{rel}","templated":true}]}}