{"id":1057,"date":"2016-08-21T14:07:37","date_gmt":"2016-08-21T14:07:37","guid":{"rendered":"http:\/\/moverdb.com\/?page_id=1057"},"modified":"2026-01-08T15:20:46","modified_gmt":"2026-01-08T15:20:46","slug":"stevens-weltweit-van-lines","status":"publish","type":"page","link":"https:\/\/moverdb.com\/de\/stevens-worldwide-van-lines\/","title":{"rendered":"Stevens Worldwide Van Lines: Internationale Umz\u00fcge Bewertungen"},"content":{"rendered":"<p>Stevens Worldwide Van Lines hat seinen Sitz in Saginaw MI. Das Unternehmen bietet seinen Kunden eine breite Palette von Dienstleistungen, die unten aufgef\u00fchrt sind. Es folgen auch ein Unternehmensprofil und Bewertungen.<\/p>\n<p><strong>Internationaler Umzug<\/strong><\/p>\n<ul>\n<li> Umzug von Privathaushalten<\/li>\n<li> DOD Internationaler Umzug<\/li>\n<li> GSA internationaler Umzug<\/li>\n<li> Firmenumzug<\/li>\n<li> <a href=\"https:\/\/moverdb.com\/de\/spediteur\/\">Spedition<\/a><\/li>\n<li> Vollst\u00e4ndiger T\u00fcr-zu-T\u00fcr-Service<\/li>\n<li> Stevens Internationale Umzugsspezialisten f\u00fcr jedes Land.<\/li>\n<li> Hilfe bei der Ermittlung der Bed\u00fcrfnisse des Kunden<\/li>\n<li> Erl\u00e4utern Sie alle verf\u00fcgbaren internationalen Umzugs- und Relocation-Dienstleistungen, wie z. B. Verpackung, Umzug, Spedition, <a href=\"https:\/\/moverdb.com\/de\/containerschifffahrt\/\">Versand<\/a>Lagerung und Versicherung<\/li>\n<li> Darstellung der Pflichten von Stevens International und der Verantwortlichkeiten des Kunden vor, w\u00e4hrend und nach einer Umsiedlung<\/li>\n<li> Bereitstellung eines <a href=\"https:\/\/moverdb.com\/de\/zitate\/\">genaue Sch\u00e4tzung<\/a><\/li>\n<li> Planung der gesamten Logistik des Umzugs<\/li>\n<li> Verhandeln Sie die <a href=\"https:\/\/moverdb.com\/de\/umzugskosten\/\">g\u00fcnstigste Tarife<\/a><\/li>\n<li> Beaufsichtigung der eingesetzten Spediteure und Agenten und \u00dcberwachung jeder Phase des Umzugs<\/li>\n<li> Sicherstellen, dass alle Unterlagen ordnungsgem\u00e4\u00df und fristgerecht ausgef\u00fcllt und eingereicht werden<\/li>\n<li> Bleiben Sie verantwortlich f\u00fcr die Wartung der Sendung gem\u00e4\u00df den Anweisungen des Versandberaters oder des \u00dcberseeagenten<\/li>\n<li> Entsprechendes Material, Arbeitskr\u00e4fte und Ausr\u00fcstung bereitstellen<\/li>\n<\/ul>\n<p><strong>Stevens Internationale Umzugskoordinatoren<\/strong><\/p>\n<ul>\n<li> sind erfahren in der internationalen Spedition und der Relocation-Branche<\/li>\n<li> mehrsprachig sein<\/li>\n<li> sind mit den Zollbestimmungen und anderen wichtigen Informationen vertraut und k\u00f6nnen bei der Handhabung und Bearbeitung von Dokumenten helfen<\/li>\n<li> Kontrolle durch einen einzigen Dienst<\/li>\n<li> Beratung vor dem Umzug und laufende Beratung<\/li>\n<li> Kann mit Informationen \u00fcber das Zielland und den Zoll helfen<\/li>\n<li> Kontinuierliche Kommunikation und Service\u00fcberwachung<\/li>\n<li> Befolgen Sie klar definierte Zubereitungs- und Handhabungsverfahren<\/li>\n<li> Umfassende, z\u00fcgige und faire Schadenregulierungsverfahren anwenden<\/li>\n<\/ul>\n<p><strong>Umzug von Haushalten<\/strong><\/p>\n<ul>\n<li> Lokaler Umzug<\/li>\n<li> Umzug au\u00dferhalb des Staates<\/li>\n<li> Umzug \u00fcber gro\u00dfe Entfernungen<\/li>\n<li> Zwischenstaatlicher Umzug<\/li>\n<li> L\u00e4nder\u00fcbergreifender Umzug<\/li>\n<li> Programm \"Kleiner Umzug<\/li>\n<li> Einpacken und Auspacken<\/li>\n<li> Kisten und Verpackungsmaterial werden geliefert<\/li>\n<li> Kurz- und Langzeitlagerung m\u00f6glich<\/li>\n<\/ul>\n<p><strong>Firmenumzug<\/strong><\/p>\n<ul>\n<li> Vollst\u00e4ndiger Service verf\u00fcgbar<\/li>\n<li> Engagierter Umzugsberater<\/li>\n<li> Umzug von Computersystemen<\/li>\n<li> Projektleitung<\/li>\n<li> B\u00fcro- und Industrieumz\u00fcge<\/li>\n<li> Verm\u00f6gensverwaltung\/Lagerung<\/li>\n<li> Nationales Umzugsmanagement<\/li>\n<li> MAC-Dienste<\/li>\n<li> Verwaltung der Aufzeichnungen<\/li>\n<li> Umz\u00fcge der Ausr\u00fcstung<\/li>\n<li> Verschiebung von Dateien<\/li>\n<li> Laborumz\u00fcge<\/li>\n<\/ul>\n<p><strong>Regierungs- und Milit\u00e4rumz\u00fcge<\/strong><\/p>\n<p><strong>Klerus Umzug<\/strong><\/p>\n<h2>Stevens Worldwide Van Lines Unternehmensprofil<\/h2>\n<p>Frederick H. Stevens Jr. gr\u00fcndete Stevens Worldwide Van Lines im Jahr 1905. Er benutzte ein Pferd und eine Kutsche, um das Gep\u00e4ck von der <a href=\"https:\/\/moverdb.com\/de\/moving-to-the-united-states\/moving-to-michigan\/\" data-internallinksmanager029f6b8e52c=\"414\" title=\"Umzug nach Michigan? 2026 Lebenshaltungskosten und Umzugstipps\">Michigan<\/a> Central Passenger Depot in Saginaw. Heute hat Stevens 125 Vertreter in der ganzen Welt <a href=\"https:\/\/moverdb.com\/de\/moving-to-the-united-states\/\" data-internallinksmanager029f6b8e52c=\"94\" title=\"Umzug in die Vereinigten Staaten? 2026 Lebenshaltungskosten &amp; Umzugstipps\">Vereinigte Staaten<\/a> und eine umfassende internationale Abteilung. Das Unternehmen hat Stevens in vierter und f\u00fcnfter Generation in F\u00fchrungspositionen.<\/p>\n<p>Stevens Worldwide Van Lines transportiert Haushalte, Unternehmen, Regierungs- und Milit\u00e4rangeh\u00f6rige sowie Geistliche innerhalb der Vereinigten Staaten und auf der ganzen Welt. Das Unternehmen hat viele umweltfreundliche Initiativen eingef\u00fchrt, um seinen \u00f6kologischen Fu\u00dfabdruck zu verringern. Dar\u00fcber hinaus unterst\u00fctzt es verschiedene Wohlt\u00e4tigkeitsorganisationen sowohl auf internationaler als auch auf lokaler Ebene.<\/p>\n<p>Stevens Worldwide Van Lines verf\u00fcgt \u00fcber die folgenden Akkreditierungen und Mitgliedschaften:<\/p>\n<ul>\n<li> ISO 9001<\/li>\n<li> <a href=\"https:\/\/moverdb.com\/de\/fidi-faim\/\">FIDI<\/a><\/li>\n<li> <a href=\"https:\/\/moverdb.com\/de\/fidi-faim\/\" data-internallinksmanager029f6b8e52c=\"16\" title=\"FIDI &amp; FAIM (FIDI Accredited International Mover) Erl\u00e4utert\">FAIM<\/a><\/li>\n<li> <a href=\"https:\/\/moverdb.com\/de\/ich-bin\/\">Internationaler Verband der M\u00f6belspediteure<\/a> (<a href=\"https:\/\/moverdb.com\/de\/iam\/\" data-internallinksmanager029f6b8e52c=\"23\" title=\"International Association of Movers (IAM) erkl\u00e4rt\">IAM<\/a>)<\/li>\n<li> <a href=\"https:\/\/moverdb.com\/de\/lacma\/\">Lateinamerikanischer und karibischer Verband internationaler Spediteure<\/a> (<a href=\"https:\/\/moverdb.com\/de\/lacma\/\" data-internallinksmanager029f6b8e52c=\"28\" title=\"Verband lateinamerikanischer und karibischer internationaler Spediteure (LACMA)\">LACMA<\/a>)<\/li>\n<li> <a href=\"https:\/\/moverdb.com\/de\/amsa\/\">Amerikanische Vereinigung f\u00fcr Umzug und Lagerung<\/a> (<a href=\"https:\/\/moverdb.com\/de\/amsa\/\" data-internallinksmanager029f6b8e52c=\"5\" title=\"American Moving &amp; Storage Association (AMSA) erkl\u00e4rt\">AMSA<\/a>) - <a href=\"https:\/\/moverdb.com\/de\/rim-promover\/\">ProMover<\/a><\/li>\n<li> BBB A+<\/li>\n<\/ul>\n<h2>Stevens Worldwide Van Lines Bewertungen<\/h2>\n<p><strong>Positiv:<\/strong><\/p>\n<ul>\n<li> <em>\"Von Anfang bis Ende war unser Umzug mit Stevens hervorragend!\"<\/em> - Martin \u00fcber <a href=\"http:\/\/stevensworldwide.com\/testimonials\" target=\"_blank\" rel=\"noopener\">Erfahrungsberichte von Stevens-Kunden<\/a><\/li>\n<li> \"<em>Unsere Erfahrung mit Stevens Worldwide war von Anfang bis Ende erstklassig.\" <\/em> - Michael \u00fcber <a href=\"http:\/\/www.yelp.com\/biz\/stevens-worldwide-van-lines-saginaw-4?hrid=IQoARxOFSez8PQ9c5gUSmQ&#038;utm_campaign=www_review_share_popup&#038;utm_medium=copy_link&#038;utm_source=(direct)\" target=\"_blank\" rel=\"noopener\">Yelp<\/a><\/li>\n<li> \"<em>Die Erfahrung hat die Erwartungen \u00fcbertroffen. Sehr wichtig war, dass der Kostenvoranschlag genau dem tats\u00e4chlichen Preis entsprach. Zweitens waren wir mit dem Packen \u00fcberfordert. Der Umzugsunternehmer bat uns, ihm am Vortag unsere Bed\u00fcrfnisse mitzuteilen, und er stellte die Arbeitskr\u00e4fte zur Verf\u00fcgung, um alles zu erledigen. \"<\/em> - Bill Counts \u00fcber <a href=\"http:\/\/www.mymovingreviews.com\/movers\/stevens-van-lines-825#49902\" target=\"_blank\" rel=\"noopener\">MyMovingReviews.com<\/a><\/li>\n<li> \"<em>Sehr freundliches Personal.\"<\/em> - Ein Google-Nutzer \u00fcber <a href=\"http:\/\/reviews.birdeye.com\/stevens-worldwide-van-lines-951509696\" target=\"_blank\" rel=\"noopener\">BirdEye<\/a> <\/li>\n<\/ul>\n<p><strong>Negativ:<\/strong><\/p>\n<ul>\n<li> <em>\"Ein Stern ist selbst f\u00fcr sie zu viel.\"<\/em> - Michael M. \u00fcber <a href=\"http:\/\/www.yelp.com\/biz\/stevens-worldwide-van-lines-saginaw-4?hrid=7erY_4bReACOHR_0idQdUQ&#038;utm_campaign=www_review_share_popup&#038;utm_medium=copy_link&#038;utm_source=(direct)\" target=\"_blank\" rel=\"noopener\">Yelp<\/a><\/li>\n<li> <em>\"Amateurfahrer mit 3 nutzlosen Helfern brauchte 14 Stunden, um ein Haus mit 2 Schlafzimmern und Keller zu beladen.\"<\/em> - Steve \u00fcber <a href=\"http:\/\/www.mymovingreviews.com\/movers\/stevens-van-lines-825#55538\" target=\"_blank\" rel=\"noopener\">MyMovingReviews.com<\/a> <\/li>\n<li> \"<em>Eine unangenehmere Erfahrung h\u00e4tten wir nicht machen k\u00f6nnen.<\/em> - Brian Gibson \u00fcber <a href=\"http:\/\/reviews.birdeye.com\/stevens-worldwide-van-lines-951509696\" target=\"_blank\" rel=\"noopener\">BirdEye<\/a> <\/li>\n<\/ul>\n<div itemprop=\"review\" itemscope itemtype=\"http:\/\/schema.org\/Review\">\n<span itemprop=\"author\" itemscope=\"\" itemtype=\"http:\/\/schema.org\/Organization\"><span itemprop=\"name\">MoverDB.com<\/span><\/span> Online Website \u00dcberpr\u00fcfung f\u00fcr <span itemprop=\"itemreviewed\" itemscope=\"\" itemtype=\"http:\/\/schema.org\/Brand\"><span itemprop=\"name\">Stevens Worldwide Van Lines<\/span><\/span>:<\/p>\n<ol>\n<li> Klare Kontaktangaben auf der Website (einschlie\u00dflich Telefonnummer): <strong>Ja<\/strong><\/li>\n<li> Leicht zu bekommen <a href=\"https:\/\/moverdb.com\/de\/zitate\/\">Angebote f\u00fcr internationale Umz\u00fcge<\/a>? (Online-Formular f\u00fcr Kostenvoranschl\u00e4ge): <strong>Ja<\/strong><\/li>\n<li> Klare Informationen auf der Website: <strong>Ja,<\/strong> eine Vielzahl von Informationen dar\u00fcber, was vor dem Umzug zu tun ist.<\/li>\n<li> Mitgliedschaft in international anerkannten Umzugsorganisationen: <strong>Ja<\/strong>, viele siehe oben<\/li>\n<li> Liste der Kunden und\/oder Zeugnisse von fr\u00fcheren Kunden. <strong>Ja,<\/strong> Es gibt viele positive Kundenrezensionen und Erfahrungsberichte auf der Website.<\/li>\n<\/ol>\n<div itemprop=\"reviewRating\" itemscope itemtype=\"http:\/\/schema.org\/Rating\"><meta itemprop=\"worstRating\" content = \"0\" \/><meta itemprop=\"bestRating\" content=\"5\" \/><meta itemprop=\"ratingValue\" content=\"4.5\"><\/div>\n<p><strong>Gesamtbewertung: 4.5\/5<\/strong><br \/>\n<strong>Datum der \u00dcberpr\u00fcfung:<\/strong> <span itemprop=\"datePublished\" content=\"2016-08-21\">21\/08\/2016<\/span>\n<\/div>\n<p>Lesen Sie mehr \u00fcber <a href=\"https:\/\/moverdb.com\/de\/umzugsunternehmen\/\">internationale Umzugsunternehmen<\/a>, <a href=\"https:\/\/moverdb.com\/de\/us-kanada-umzuge\/\">US-Umzugsunternehmen<\/a> und unsere <a href=\"https:\/\/moverdb.com\/de\/bewertungen\/\">\u00dcberpr\u00fcfungsprozess erkl\u00e4rt<\/a>.<\/p>\n<p><strong>Website:<\/strong> <a href=\"http:\/\/stevensworldwide.com\/\" target=\"_blank\" rel=\"noopener\">http:\/\/stevensworldwide.com<\/a><\/p>","protected":false},"excerpt":{"rendered":"<p>Stevens Worldwide Van Lines is based in Saginaw MI. The company offers its customers a wide range of services which are listed below. There also follows a company profile and reviews. International Moving Personal household moving DOD international moving GSA international moving Corporate moving Freight forwarding Full door to door service Stevens International relocation specialists [&hellip;]<\/p>\n","protected":false},"author":1,"featured_media":0,"parent":0,"menu_order":0,"comment_status":"closed","ping_status":"closed","template":"","meta":{"_genesis_hide_title":false,"_genesis_hide_breadcrumbs":false,"_genesis_hide_singular_image":false,"_genesis_hide_footer_widgets":false,"_genesis_custom_body_class":"","_genesis_custom_post_class":"","_genesis_layout":"","footnotes":""},"class_list":{"0":"post-1057","1":"page","2":"type-page","3":"status-publish","5":"entry"},"_links":{"self":[{"href":"https:\/\/moverdb.com\/de\/wp-json\/wp\/v2\/pages\/1057","targetHints":{"allow":["GET"]}}],"collection":[{"href":"https:\/\/moverdb.com\/de\/wp-json\/wp\/v2\/pages"}],"about":[{"href":"https:\/\/moverdb.com\/de\/wp-json\/wp\/v2\/types\/page"}],"author":[{"embeddable":true,"href":"https:\/\/moverdb.com\/de\/wp-json\/wp\/v2\/users\/1"}],"replies":[{"embeddable":true,"href":"https:\/\/moverdb.com\/de\/wp-json\/wp\/v2\/comments?post=1057"}],"version-history":[{"count":7,"href":"https:\/\/moverdb.com\/de\/wp-json\/wp\/v2\/pages\/1057\/revisions"}],"predecessor-version":[{"id":6241,"href":"https:\/\/moverdb.com\/de\/wp-json\/wp\/v2\/pages\/1057\/revisions\/6241"}],"wp:attachment":[{"href":"https:\/\/moverdb.com\/de\/wp-json\/wp\/v2\/media?parent=1057"}],"curies":[{"name":"wp","href":"https:\/\/api.w.org\/{rel}","templated":true}]}}