{"id":1042,"date":"2016-10-24T05:23:18","date_gmt":"2016-10-24T05:23:18","guid":{"rendered":"http:\/\/moverdb.com\/?page_id=1042"},"modified":"2026-01-08T14:48:06","modified_gmt":"2026-01-08T14:48:06","slug":"covan-weltweit","status":"publish","type":"page","link":"https:\/\/moverdb.com\/de\/covan-world-wide\/","title":{"rendered":"Covan Worldwide Moving: Internationale Umz\u00fcge Bewertungen"},"content":{"rendered":"<p>Covan Worldwide Moving bietet seinen Kunden eine breite Palette von Dienstleistungen an. Diese sind unten aufgef\u00fchrt, zusammen mit einem Unternehmensprofil und Bewertungen.<\/p>\n<p><strong>Internationale Spediteure<\/strong><\/p>\n<ul>\n<li> Kostenloser Kostenvoranschlag zu Hause<\/li>\n<li> Full-Service-Verpackung ODER Nur-Sp\u00e4ne-Verpackung<\/li>\n<li> Ma\u00dfgeschneiderte Verpackungen<\/li>\n<li> <a href=\"https:\/\/moverdb.com\/de\/auto-transport-versand\/\">Fahrzeugversand<\/a> (im Rahmen eines Umzugs und\/oder unabh\u00e4ngig davon)<\/li>\n<li> Klaviertransport (als Teil eines Umzugs und\/oder unabh\u00e4ngig davon)<\/li>\n<li> Kostenloses Stretch-Wrapping von M\u00f6beln; Schutz von T\u00fcren und B\u00f6den<\/li>\n<li> Luftfrachtversand<\/li>\n<li> Zollabfertigung<\/li>\n<li> Dienstleistungen am Bestimmungsort (Demontage\/Remontage, etc.)<\/li>\n<li> Online-Sendungsverfolgung<\/li>\n<li> Bewertung Versicherungsoptionen<\/li>\n<li> Langfristige oder kurzfristige Speicherdienste<\/li>\n<\/ul>\n<p><strong>Unternehmensumzug<\/strong><\/p>\n<ul>\n<li> Kostenlose Kostenvoranschl\u00e4ge f\u00fcr Hausbesuche<\/li>\n<li> Umfrage vor dem Umzug<\/li>\n<li> Kontakt aus einer Hand<\/li>\n<li> Full-Service-Verpackung ODER Teilweise-Verpackung<\/li>\n<li> Ma\u00dfgeschneiderte Verpackungen<\/li>\n<li> Auspacken\/Entpacken<\/li>\n<li> Demontage\/Remontage von Ger\u00e4ten - Gro\u00dfvateruhren, Fitnessger\u00e4te, usw.<\/li>\n<li> Klavierumzug (Hinweis: Dieser kann auch unabh\u00e4ngig von einem Haushaltsumzug durchgef\u00fchrt werden)<\/li>\n<li> Fahrzeugumzug (Hinweis: Dieser kann auch unabh\u00e4ngig von einem Haushaltsumzug durchgef\u00fchrt werden)<\/li>\n<li> Lang- oder kurzfristige Speicheroptionen<\/li>\n<li> Online-Sendungsverfolgung<\/li>\n<li> Umzugsmanagement<\/li>\n<li> Bewertung Versicherungsoptionen<\/li>\n<li> Hilfe bei der Zollabfertigung bei Umz\u00fcgen ins Ausland<\/li>\n<li> Dienstleistungen am Reiseziel<\/li>\n<\/ul>\n<p><strong>Regierung und Milit\u00e4r<\/strong><\/p>\n<ul>\n<li> Kostenloser Kostenvoranschlag zu Hause<\/li>\n<li> Full-Service-Verpackung<\/li>\n<li> Verkauf von Verpackungsmaterial<\/li>\n<li> <a href=\"https:\/\/moverdb.com\/de\/car-transport-shipping\/\" data-internallinksmanager029f6b8e52c=\"2\" title=\"2026 Internationale Autotransporte &amp; Angebote f\u00fcr Fahrzeugtransporte\">Fahrzeugversand<\/a><\/li>\n<li> Klavier-Versand<\/li>\n<li> Langfristige oder kurzfristige Speicherdienste<\/li>\n<li> Dienstleistungen f\u00fcr Dritte (wir f\u00fchren alle Arten von Montagen\/Demontagen durch - Geschirrsp\u00fcler, K\u00fchlschr\u00e4nke, Lampen, Fernseher, Stereoanlagen, Bilder, Betten, Schr\u00e4nke usw.)<\/li>\n<li> Online-Sendungsverfolgung f\u00fcr Langstreckenumz\u00fcge<\/li>\n<li> Bewertung Versicherungsoptionen<\/li>\n<\/ul>\n<p><strong>Kommerzielle Umz\u00fcge<\/strong><\/p>\n<ul>\n<li> Industrieller Umzug<\/li>\n<li> B\u00fcroumzug<\/li>\n<li> Regierung bewegt sich<\/li>\n<li> Computer\/Elektronik bewegen<\/li>\n<li> Unternehmensumzug - Full Service<\/li>\n<\/ul>\n<p><strong>Inl\u00e4ndische Umzugsunternehmen<\/strong><\/p>\n<ul>\n<li> Kostenvoranschlag und Plan vor dem Umzug<\/li>\n<li> Verpackung - Komplettservice, zerbrechliche Gegenst\u00e4nde oder selbst verpacken<\/li>\n<li> Entladen, Auspacken und Ordnen von Gegenst\u00e4nden<\/li>\n<li> Bewegen Sie jeden Gegenstand - Klavier, Auto, Boot und mehr<\/li>\n<\/ul>\n<h2>Covan Worldwide Moving Unternehmensprofil<\/h2>\n<p>Covan Worldwide Moving begann 1914 in Hutchinson, KS, unter dem Namen Merchants Transfer and Storage. J.M. Coleman, der Gr\u00fcnder des Unternehmens, begann mit vier Rollwagen und acht Pferden. Heute gibt es 50 Niederlassungen und \u00fcber 400 Vertreter weltweit. <\/p>\n<p>Covan verf\u00fcgt \u00fcber 200 zwischenstaatliche und 600 lokale Einheiten. Covan hat sich zum Ziel gesetzt, der f\u00fchrende Anbieter von internationalen Transportdienstleistungen zu sein und 100% Kundenzufriedenheit zu erreichen.<\/p>\n<p>Covan World-Wide Moving hat die folgenden Mitgliedschaften und Akkreditierungen:<\/p>\n<ul>\n<li> <a href=\"https:\/\/moverdb.com\/de\/amsa\/\">Amerikanische Vereinigung f\u00fcr Umzug und Lagerung<\/a> (<a href=\"https:\/\/moverdb.com\/de\/amsa\/\" data-internallinksmanager029f6b8e52c=\"5\" title=\"American Moving &amp; Storage Association (AMSA) erkl\u00e4rt\">AMSA<\/a>)<\/li>\n<li> <a href=\"https:\/\/moverdb.com\/de\/rim-promover\/\">ProMover<\/a><\/li>\n<li> <a href=\"https:\/\/moverdb.com\/de\/ich-bin\/\">Internationaler Verband der M\u00f6belspediteure<\/a> (<a href=\"https:\/\/moverdb.com\/de\/iam\/\" data-internallinksmanager029f6b8e52c=\"23\" title=\"International Association of Movers (IAM) erkl\u00e4rt\">IAM<\/a>)<\/li>\n<li> <a href=\"https:\/\/moverdb.com\/de\/rim-promover\/\">Registrierter internationaler Spediteur<\/a> (<a href=\"https:\/\/moverdb.com\/de\/rim-promover\/\" data-internallinksmanager029f6b8e52c=\"76\" title=\"Die RIM International ProMover-Zertifizierung wird erkl\u00e4rt\">RIM<\/a>)<\/li>\n<li> BBB-akkreditiert<\/li>\n<\/ul>\n<p><strong>Covan Worldwide Moving Bewertungen<\/strong><\/p>\n<p><strong>Positiv:<\/strong><\/p>\n<ul>\n<li> <em>\"Wir haben unsere Sachen in Norfolk VA von Covan verpacken lassen, um sie auf der anderen Seite der Welt nach Guam zu transportieren. Ich hatte Horrorgeschichten \u00fcber Umzugsunternehmen geh\u00f6rt, die Gegenst\u00e4nde verpackten, die dann zerbrochen und\/oder verschwunden ankamen. Alle unsere Gegenst\u00e4nde waren vorhanden und in gutem Zustand, NICHTS war kaputt oder in irgendeiner Weise verformt!<\/em> - David S. <a href=\"http:\/\/www.covan.com\/moving-reviews\/alabama-2519665061024629999\/\" target=\"_blank\" rel=\"noopener\">Kundenreferenz<\/a><\/li>\n<li> <em>\"Ich kann nicht glauben, dass ich erst jetzt dazu komme, aber ich wollte nur einige positive Bemerkungen \u00fcber die <a href=\"https:\/\/moverdb.com\/de\/moving-companies\/\" data-internallinksmanager029f6b8e52c=\"79\" title=\"Top 25 Internationale Umzugsunternehmen Online\">Umzugsunternehmen<\/a> Covan Worldwide Moving. Sie waren sehr respektvoll und haben das Packen reibungslos und sogar mit Spa\u00df erledigt!<\/em> - Emily S. \u00fcber <a href=\"https:\/\/www.yelp.com\/biz\/covan-world-wide-moving-kapolei?hrid=ehsMVfnz3q1xKBP5KHJCxg&#038;utm_campaign=www_review_share_popup&#038;utm_medium=copy_link&#038;utm_source=(direct)\" target=\"_blank\" rel=\"noopener\">Yelp<\/a><\/li>\n<\/ul>\n<p><strong>Negativ:<\/strong><\/p>\n<ul>\n<li> <em>\"Wenn es m\u00f6glich w\u00e4re, keine Sterne zu geben, w\u00fcrde ich es tun. Ich habe noch nie eine schlechte Bewertung f\u00fcr jemanden abgegeben, weil ich kein N\u00f6rgler bin, aber dies ist mit Abstand der schlechteste PCS-Umzug, den ich je erlebt habe. Wo soll ich nur anfangen?\"<\/em> - Lillian H. \u00fcber <a href=\"https:\/\/www.yelp.com\/biz\/covan-world-wide-moving-kapolei?hrid=rRlVAPr2uu0AYHtD7q-oBw&#038;utm_campaign=www_review_share_popup&#038;utm_medium=copy_link&#038;utm_source=(direct)\" target=\"_blank\" rel=\"noopener\">Yelp<\/a>.\n<\/ul>\n<div itemprop=\"review\" itemscope itemtype=\"http:\/\/schema.org\/Review\">\n<span itemprop=\"author\" itemscope=\"\" itemtype=\"http:\/\/schema.org\/Organization\"><span itemprop=\"name\">MoverDB.com<\/span><\/span> Online Website \u00dcberpr\u00fcfung f\u00fcr <span itemprop=\"itemreviewed\" itemscope=\"\" itemtype=\"http:\/\/schema.org\/Brand\"><span itemprop=\"name\">Covan Worldwide Moving<\/span><\/span>:<\/p>\n<ol>\n<li> Klare Kontaktangaben auf der Website (einschlie\u00dflich Telefonnummer): <strong>Ja<\/strong><\/li>\n<li> Leicht zu bekommen <a href=\"https:\/\/moverdb.com\/de\/zitate\/\">Angebote f\u00fcr internationale Umz\u00fcge<\/a>? (Online-Formular f\u00fcr Kostenvoranschl\u00e4ge): <strong>Ja<\/strong><\/li>\n<li> Klare Informationen auf der Website: <strong>Ja<\/strong>Die Website vermittelt den Kunden eine gute Vorstellung davon, was sie von dem Unternehmen erwarten k\u00f6nnen.<\/li>\n<li> Mitgliedschaft in international anerkannten Umzugsorganisationen: <strong>Ja<\/strong>, siehe oben<\/li>\n<li> Liste der Kunden und\/oder Zeugnisse von fr\u00fcheren Kunden: <strong>Ja<\/strong>Es gibt viele positive Kundenstimmen auf der Website, aber die Bewertungen im \u00fcbrigen Internet scheinen \u00fcberwiegend negativ zu sein.<\/li>\n<\/ol>\n<div itemprop=\"reviewRating\" itemscope itemtype=\"http:\/\/schema.org\/Rating\"><meta itemprop=\"worstRating\" content = \"0\" \/><meta itemprop=\"bestRating\" content=\"5\" \/><meta itemprop=\"ratingValue\" content=\"4\"><\/div>\n<p><strong>Gesamtbewertung: 4\/5<\/strong><br \/>\n<strong>Datum der \u00dcberpr\u00fcfung:<\/strong> <span itemprop=\"datePublished\" content=\"2016-10-24\">24\/10\/2016<\/span>\n<\/div>\n<p>Lesen Sie mehr \u00fcber <a href=\"https:\/\/moverdb.com\/de\/umzugsunternehmen\/\">internationale Umzugsunternehmen<\/a>, <a href=\"https:\/\/moverdb.com\/de\/us-kanada-umzuge\/\">Amerikanische Spediteure<\/a> und unsere <a href=\"https:\/\/moverdb.com\/de\/bewertungen\/\">\u00dcberpr\u00fcfungsprozess<\/a>.<\/p>\n<p><strong>Website:<\/strong> <a href=\"http:\/\/www.covan.com\" target=\"_blank\" rel=\"noopener\">http:\/\/www.covan.com<\/a><\/p>","protected":false},"excerpt":{"rendered":"<p>Covan Worldwide Moving offers its clients a wide range of services. These are listed below, together with a company profile and reviews. International Movers Free In-Home Estimate Full-Service Packing OR Fragile-Only Packing Custom Crating Vehicle Shipping (as part of a household move and\/or independently of one) Piano Shipping (as part of a household move and\/or [&hellip;]<\/p>\n","protected":false},"author":1,"featured_media":0,"parent":0,"menu_order":0,"comment_status":"closed","ping_status":"closed","template":"","meta":{"_genesis_hide_title":false,"_genesis_hide_breadcrumbs":false,"_genesis_hide_singular_image":false,"_genesis_hide_footer_widgets":false,"_genesis_custom_body_class":"","_genesis_custom_post_class":"","_genesis_layout":"","footnotes":""},"class_list":{"0":"post-1042","1":"page","2":"type-page","3":"status-publish","5":"entry"},"_links":{"self":[{"href":"https:\/\/moverdb.com\/de\/wp-json\/wp\/v2\/pages\/1042","targetHints":{"allow":["GET"]}}],"collection":[{"href":"https:\/\/moverdb.com\/de\/wp-json\/wp\/v2\/pages"}],"about":[{"href":"https:\/\/moverdb.com\/de\/wp-json\/wp\/v2\/types\/page"}],"author":[{"embeddable":true,"href":"https:\/\/moverdb.com\/de\/wp-json\/wp\/v2\/users\/1"}],"replies":[{"embeddable":true,"href":"https:\/\/moverdb.com\/de\/wp-json\/wp\/v2\/comments?post=1042"}],"version-history":[{"count":5,"href":"https:\/\/moverdb.com\/de\/wp-json\/wp\/v2\/pages\/1042\/revisions"}],"predecessor-version":[{"id":6197,"href":"https:\/\/moverdb.com\/de\/wp-json\/wp\/v2\/pages\/1042\/revisions\/6197"}],"wp:attachment":[{"href":"https:\/\/moverdb.com\/de\/wp-json\/wp\/v2\/media?parent=1042"}],"curies":[{"name":"wp","href":"https:\/\/api.w.org\/{rel}","templated":true}]}}