{"id":1041,"date":"2016-10-25T05:39:31","date_gmt":"2016-10-25T05:39:31","guid":{"rendered":"http:\/\/moverdb.com\/?page_id=1041"},"modified":"2026-01-08T14:47:33","modified_gmt":"2026-01-08T14:47:33","slug":"armstrong-relocation","status":"publish","type":"page","link":"https:\/\/moverdb.com\/de\/armstrong-relocation\/","title":{"rendered":"Armstrong-Umzug: Internationale Umz\u00fcge Bewertungen"},"content":{"rendered":"<p>Armstrong Relocation bietet seinen Kunden eine F\u00fclle von Umzugsdienstleistungen an. Diese sind im Folgenden zusammen mit einem Unternehmensprofil und Bewertungen aufgef\u00fchrt.<\/p>\n<p><strong>Internationale Umzugsdienste<\/strong><\/p>\n<ul>\n<li> Planung vor dem Umzug<\/li>\n<li> Pers\u00f6nliches Umzugsmanagement und ma\u00dfgeschneiderte Umzugsplanung<\/li>\n<li> Kostenloses Paket zur Umzugsvorbereitung<\/li>\n<li> Vollst\u00e4ndiges oder teilweises Ein- und Auspacken<\/li>\n<li> Kisten und Spezialverpackungen<\/li>\n<li> Schutz des Eigentums<\/li>\n<li> Luft-, See- und\/oder Landtransport<\/li>\n<li> Ausfuhr- oder Einfuhrdokumente<\/li>\n<li> <a href=\"https:\/\/moverdb.com\/de\/spediteur\/\">Spedition<\/a><\/li>\n<li> Zollabfertigung<\/li>\n<li> Dienstleistungen am Zielort<\/li>\n<li> Online-Umzugsverfolgung<\/li>\n<li> Abdeckung durch die Bewertung<\/li>\n<li> Verwaltung von Schadensf\u00e4llen<\/li>\n<li> Kurzfristige und langfristige Lagerung<\/li>\n<li> Beseitigung von Tr\u00fcmmern<\/li>\n<\/ul>\n<p><strong>Dienstleistungen f\u00fcr internationale Reiseziele<\/strong><\/p>\n<ul>\n<li> Orientierung<\/li>\n<li> Konsultation vor der Entscheidung<\/li>\n<li> Unterst\u00fctzung bei der Sozialversicherung und beim Erwerb des F\u00fchrerscheins<\/li>\n<li> Unterst\u00fctzung bei der Unterzeichnung des Mietvertrags<\/li>\n<li> Unterst\u00fctzung bei der Einzugsinspektion<\/li>\n<li> Vorschauprogramm\/Kennenlerntour<\/li>\n<li> Unterst\u00fctzung beim Hauskauf<\/li>\n<li> Full-Service-Wohnungssuche<\/li>\n<li> Begleitete Miettouren<\/li>\n<li> Analyse der Lebenshaltungskosten (COLA)<\/li>\n<li> Schulische Unterst\u00fctzung<\/li>\n<li> Unterst\u00fctzung bei der Eingew\u00f6hnung<\/li>\n<li> Dienstleistungen bei der Abreise<\/li>\n<\/ul>\n<p><strong>Firmenumz\u00fcge<\/strong><\/p>\n<ul>\n<li> Politikberatung und -entwicklung<\/li>\n<li> Umzugsmanagement f\u00fcr Hausrat<\/li>\n<li> Gruppe bewegt sich<\/li>\n<li> Pauschalbetrag<\/li>\n<li> Verbringung von Haushaltswaren<\/li>\n<li> <a href=\"https:\/\/moverdb.com\/de\/containerschifffahrt\/\">Full-Service-Containerverschiffung<\/a><\/li>\n<li> Ma\u00dfgeschneiderte Berichte<\/li>\n<li> Online-Umzugsverfolgung<\/li>\n<li> Abdeckung durch die Bewertung<\/li>\n<li> Verwaltung von Schadensf\u00e4llen<\/li>\n<li> Kurzfristige und langfristige Lagerung<\/li>\n<li> Kisten und Spezialverpackungen<\/li>\n<li> Concierge-Dienste auf F\u00fchrungsebene<\/li>\n<li> Entr\u00fcmpeln, Inszenieren und Organisieren<\/li>\n<li> Anschluss von Versorgungsunternehmen<\/li>\n<li> Auswahl des Immobilienmaklers und Marketingplan f\u00fcr die Wohnung<\/li>\n<li> Cash-back-R\u00fcckerstattung bei Hausverkauf und Hauskauf<\/li>\n<li> Kostenloses Paket mit Zielinformationen<\/li>\n<li> Vor\u00fcbergehendes Wohnen<\/li>\n<li> Unterst\u00fctzung bei Hypotheken<\/li>\n<\/ul>\n<p><strong>Umz\u00fcge f\u00fcr Wohnzwecke<\/strong><\/p>\n<ul>\n<li> Kostenloser Kostenvoranschlag<\/li>\n<li> Umzugsmanagement und -planung<\/li>\n<li> Engagierter Umzugskoordinator<\/li>\n<li> Vollst\u00e4ndiges oder teilweises Ein- und Auspacken<\/li>\n<li> Schutz des Eigentums<\/li>\n<li> Verpackungsmaterial<\/li>\n<li> Verbringung von Haushaltswaren<\/li>\n<li> Versicherungsschutz<\/li>\n<li> Kurz-\/Langzeitlagerung<\/li>\n<li> Dienstleistungen im Bereich Verpackung<\/li>\n<li> Umzugsoption mit vollem Service<\/li>\n<li> Anschluss von Versorgungsunternehmen<\/li>\n<li> Cash-back-Pl\u00e4ne f\u00fcr den Kauf\/Verkauf von Wohnimmobilien<\/li>\n<li> Inszenierung und Organisation<\/li>\n<\/ul>\n<p><strong>Umz\u00fcge der Einrichtung<\/strong><\/p>\n<ul>\n<li> B\u00fcro<\/li>\n<li> Industriell<\/li>\n<li> Gesundheitswesen<\/li>\n<li> Regierung<\/li>\n<\/ul>\n<h2>Armstrong Relocation Unternehmensprofil<\/h2>\n<p>Armstrong Transfer and Storage wurde 1922 gegr\u00fcndet und 1957 von den Schw\u00e4gern Clyde Springer und Jim Watson gekauft, die das Unternehmen in Memphis gr\u00fcndeten, <a href=\"https:\/\/moverdb.com\/de\/moving-to-the-united-states\/moving-to-tennessee\/\" data-internallinksmanager029f6b8e52c=\"406\" title=\"Umzug nach Tennessee? 2026 Lebenshaltungskosten &amp; Umzugstipps\">Tennessee<\/a> und nannten das Unternehmen Armstrong Relocation. Heute wird es noch immer in der dritten Generation von diesen beiden Herren gef\u00fchrt. <\/p>\n<p>Armstrong Relocation ist heute der gr\u00f6\u00dfte Warenvermittler f\u00fcr <a href=\"https:\/\/moverdb.com\/de\/united-van-lines\/\">Vereinigte Van Lines<\/a> und verf\u00fcgt \u00fcber 22 B\u00fcros in den <a href=\"https:\/\/moverdb.com\/de\/moving-to-the-united-states\/\" data-internallinksmanager029f6b8e52c=\"94\" title=\"Umzug in die Vereinigten Staaten? 2026 Lebenshaltungskosten &amp; Umzugstipps\">US<\/a>sowie eine Kette von Vertretern weltweit, die sich um die internationalen Kunden k\u00fcmmern. Zum Leitbild von Armstrong Relocation geh\u00f6rt es, hervorragende Qualit\u00e4t zu liefern und Kundenzufriedenheit zu erreichen.<\/p>\n<p>Armstrong Relocation verf\u00fcgt \u00fcber die folgenden Mitgliedschaften und Akkreditierungen:<\/p>\n<ul>\n<li> <a href=\"https:\/\/moverdb.com\/de\/britische-vereinigung-der-entferner\/\">Britischer Verband der M\u00f6belpacker<\/a> (<a href=\"https:\/\/moverdb.com\/de\/british-association-of-removers\/\" data-internallinksmanager029f6b8e52c=\"9\" title=\"British Association of Removers (BAR) erkl\u00e4rt\">BAR<\/a>)<\/li>\n<li> <a href=\"https:\/\/moverdb.com\/de\/fidi-faim\/\">Verband der internationalen Umzugsunternehmen<\/a> (<a href=\"https:\/\/moverdb.com\/de\/fidi-faim\/\" data-internallinksmanager029f6b8e52c=\"16\" title=\"FIDI &amp; FAIM (FIDI Accredited International Mover) Erl\u00e4utert\">FIDI<\/a>)<\/li>\n<li> Forum f\u00fcr Expatriate Management<\/li>\n<li> Indirekter Luftfrachtf\u00fchrer<\/li>\n<li> <a href=\"https:\/\/moverdb.com\/de\/iata\/\">Internationaler Luftverkehrsverband<\/a> (<a href=\"https:\/\/moverdb.com\/de\/iata\/\" data-internallinksmanager029f6b8e52c=\"22\" title=\"International Air Transport Association (IATA) erkl\u00e4rt\">IATA<\/a>)<\/li>\n<li> <a href=\"https:\/\/moverdb.com\/de\/ich-bin\/\">Internationaler Verband der M\u00f6belspediteure<\/a> (<a href=\"https:\/\/moverdb.com\/de\/iam\/\" data-internallinksmanager029f6b8e52c=\"23\" title=\"International Association of Movers (IAM) erkl\u00e4rt\">IAM<\/a>)<\/li>\n<li> Internationale Vereinigung f\u00fcr Facility Management<\/li>\n<li> Internationale Organisation f\u00fcr Normung<\/li>\n<li> <a href=\"https:\/\/moverdb.com\/de\/lacma\/\">Lateinamerika und Karibik International Movers Association<\/a> (<a href=\"https:\/\/moverdb.com\/de\/lacma\/\" data-internallinksmanager029f6b8e52c=\"28\" title=\"Verband lateinamerikanischer und karibischer internationaler Spediteure (LACMA)\">LACMA<\/a>)<\/li>\n<li> Internationales Netzwerk f\u00fcr Umz\u00fcge nach \u00dcbersee (OMNI)<\/li>\n<li> Overseas Shippers Association (OSA) - Gr\u00fcndungsmitglied<\/li>\n<li> Gesellschaft f\u00fcr Human Resource Management<\/li>\n<li> U.S. Zoll und Grenzschutz<\/li>\n<li> <a href=\"https:\/\/moverdb.com\/de\/arbeitnehmer-umzug-rat\/\">Weltweiter Rat f\u00fcr Arbeitnehmerentsendung<\/a><\/li>\n<li> Smartway<\/li>\n<li> <a href=\"https:\/\/moverdb.com\/de\/united-van-lines\/\">Vereinigte Van Lines<\/a><\/li>\n<\/ul>\n<h2>Armstrong Relocation Bewertungen<\/h2>\n<p><strong>Positiv:<\/strong><\/p>\n<ul>\n<li> <em>\"Die Armstrong-Crew hat den Umzug wirklich zu einer angenehmen Erfahrung gemacht!\"<\/em> Kay T. \u00fcber <a href=\"https:\/\/www.yelp.com\/biz\/armstrong-relocation-carrollton-4?hrid=LJyHKGw95UdYmBHHZwyr5Q&#038;utm_campaign=www_review_share_popup&#038;utm_medium=copy_link&#038;utm_source=(direct)\" target=\"_blank\" rel=\"noopener\">Yelp<\/a><\/li>\n<li> <em>\"Ich kann nicht glauben, wie einfach mein Umzug verlief. Es war einfach und ich hatte keinen Stress. Erin sorgte daf\u00fcr, dass ich jederzeit alle ben\u00f6tigten Informationen hatte und rief h\u00e4ufig an, um sich zu melden. Wenn ich jemals wieder umziehen muss, werde ich Armstrong Relation auf jeden Fall wieder beauftragen!\"<\/em> - Bfunte \u00fcber <a href=\"http:\/\/www.mymovingreviews.com\/movers\/armstrong-relocation-2671#50688\" target=\"_blank\" rel=\"noopener\">MyMovingReviews.com<\/a> <\/li>\n<li> <em>\"Unser Armstrong-Team war hervorragend! Sie boten einen hervorragenden Kundenservice und waren freundlich, hilfsbereit, gut organisiert, effizient und professionell. Sie waren das beste Umzugsteam, das wir je hatten!\"<\/em> - M.M. Kundenbericht von der Armstrong Website<\/li>\n<\/ul>\n<p><strong>Negativ:<\/strong><\/p>\n<ul>\n<li> \"<em>Ich w\u00fcnschte, ich k\u00f6nnte ihnen null Sterne geben. Es war die schlimmste Erfahrung meines Lebens.\"<\/em> Natalie M. \u00fcber <a href=\"https:\/\/www.yelp.com\/biz\/armstrong-relocation-carrollton-4?hrid=caooXxcr-ZmkltnMtL6R_g&#038;utm_campaign=www_review_share_popup&#038;utm_medium=copy_link&#038;utm_source=(direct)\" target=\"_blank\" rel=\"noopener\">Yelp<\/a><\/li>\n<li> <em>\"Ich denke, dass Armstrong f\u00fcr einen lokalen Umzug eine vern\u00fcnftige Wahl sein k\u00f6nnte. Bei l\u00e4ngeren Umz\u00fcgen m\u00fcssen sie jedoch die Lieferzeit besser absch\u00e4tzen und die Kommunikation mit dem Zusteller verbessern.\"<\/em> - \u00fcber <a href=\"http:\/\/www.bbb.org\/chicago\/business-reviews\/movers\/armstrong-relocation-co-in-glendale-hts-il-12008868\/customer-reviews\" target=\"_blank\" rel=\"noopener\">BBB<\/a><\/li>\n<li> <em>\"Ich bin so w\u00fctend auf sie. Sie haben alle meine Sachen, die ich auf dem Dachboden hatte, ausgepackt. Was in Ordnung ist, weil ich nicht will, dass es kaputt geht. Aber alles war durcheinander.\"<\/em> - Mistie \u00fcber <a href=\"https:\/\/www.facebook.com\/ArmstrongRelocationDallas\/reviews\/\" target=\"_blank\" rel=\"noopener\">Facebook<\/a><\/li>\n<\/ul>\n<div itemprop=\"review\" itemscope itemtype=\"http:\/\/schema.org\/Review\">\n<span itemprop=\"author\" itemscope=\"\" itemtype=\"http:\/\/schema.org\/Organization\"><span itemprop=\"name\">MoverDB.com<\/span><\/span> Online Website \u00dcberpr\u00fcfung f\u00fcr <span itemprop=\"itemreviewed\" itemscope=\"\" itemtype=\"http:\/\/schema.org\/Brand\"><span itemprop=\"name\">Armstrong-Umzug<\/span><\/span>:<\/p>\n<ol>\n<li> Klare Kontaktangaben auf der Website (einschlie\u00dflich Telefonnummer): <strong>Ja<\/strong><\/li>\n<li> Leicht zu bekommen <a href=\"https:\/\/moverdb.com\/de\/zitate\/\">Angebote f\u00fcr internationale Umz\u00fcge<\/a>? (Online-Formular f\u00fcr Kostenvoranschl\u00e4ge): <strong>Ja<\/strong><\/li>\n<li> Klare Informationen auf der Website: <strong>Ja<\/strong>Die Website vermittelt den Kunden eine gute Vorstellung davon, was sie von dem Unternehmen erwarten k\u00f6nnen.<\/li>\n<li> Mitgliedschaft in international anerkannten Umzugsorganisationen: <strong>Ja<\/strong>, viele, siehe oben<\/li>\n<li> Liste der Kunden und\/oder Zeugnisse von fr\u00fcheren Kunden: <strong>Ja<\/strong>Diese sind jedoch auf der Website verstreut und nicht auf einer speziellen Landing Page zu finden. Au\u00dferdem sind die Bewertungen aus dem Web ein wenig gemischt.<\/li>\n<\/ol>\n<div itemprop=\"reviewRating\" itemscope itemtype=\"http:\/\/schema.org\/Rating\"><meta itemprop=\"worstRating\" content = \"0\" \/><meta itemprop=\"bestRating\" content=\"5\" \/><meta itemprop=\"ratingValue\" content=\"4\"><\/div>\n<p><strong>Gesamtbewertung: 4\/5<\/strong><br \/>\n<strong>Datum der \u00dcberpr\u00fcfung:<\/strong> <span itemprop=\"datePublished\" content=\"2016-10-25\">25\/10\/2016<\/span>\n<\/div>\n<p>Lesen Sie mehr \u00fcber <a href=\"https:\/\/moverdb.com\/de\/umzugsunternehmen\/\">internationale Umzugsunternehmen<\/a>, <a href=\"https:\/\/moverdb.com\/de\/us-kanada-umzuge\/\">Langstrecken- und zwischenstaatliche Umzugsunternehmen<\/a> und unsere <a href=\"https:\/\/moverdb.com\/de\/bewertungen\/\">\u00dcberpr\u00fcfungsprozess<\/a>.<\/p>\n<p><strong>Website:<\/strong> <a href=\"http:\/\/www.armstrongrelocation.com\" target=\"_blank\" rel=\"noopener\">http:\/\/www.armstrongrelocation.com<\/a><\/p>","protected":false},"excerpt":{"rendered":"<p>Armstrong Relocation has an abundance of moving services which it offers its customers. These are listed below together with a company profile and reviews. International Moving Services Pre-move planning Personal move management and custom-designed move planning Free move preparation packet Full or partial packing\/unpacking Crating and specialty packing Property protection Air, ocean and\/or land transportation [&hellip;]<\/p>\n","protected":false},"author":1,"featured_media":0,"parent":0,"menu_order":0,"comment_status":"closed","ping_status":"closed","template":"","meta":{"_genesis_hide_title":false,"_genesis_hide_breadcrumbs":false,"_genesis_hide_singular_image":false,"_genesis_hide_footer_widgets":false,"_genesis_custom_body_class":"","_genesis_custom_post_class":"","_genesis_layout":"","footnotes":""},"class_list":{"0":"post-1041","1":"page","2":"type-page","3":"status-publish","5":"entry"},"_links":{"self":[{"href":"https:\/\/moverdb.com\/de\/wp-json\/wp\/v2\/pages\/1041","targetHints":{"allow":["GET"]}}],"collection":[{"href":"https:\/\/moverdb.com\/de\/wp-json\/wp\/v2\/pages"}],"about":[{"href":"https:\/\/moverdb.com\/de\/wp-json\/wp\/v2\/types\/page"}],"author":[{"embeddable":true,"href":"https:\/\/moverdb.com\/de\/wp-json\/wp\/v2\/users\/1"}],"replies":[{"embeddable":true,"href":"https:\/\/moverdb.com\/de\/wp-json\/wp\/v2\/comments?post=1041"}],"version-history":[{"count":3,"href":"https:\/\/moverdb.com\/de\/wp-json\/wp\/v2\/pages\/1041\/revisions"}],"predecessor-version":[{"id":6174,"href":"https:\/\/moverdb.com\/de\/wp-json\/wp\/v2\/pages\/1041\/revisions\/6174"}],"wp:attachment":[{"href":"https:\/\/moverdb.com\/de\/wp-json\/wp\/v2\/media?parent=1041"}],"curies":[{"name":"wp","href":"https:\/\/api.w.org\/{rel}","templated":true}]}}