{"id":1040,"date":"2016-11-21T22:14:01","date_gmt":"2016-11-21T22:14:01","guid":{"rendered":"http:\/\/moverdb.com\/?page_id=1040"},"modified":"2026-01-08T14:40:11","modified_gmt":"2026-01-08T14:40:11","slug":"mccollisters-umzug","status":"publish","type":"page","link":"https:\/\/moverdb.com\/de\/mccollisters-moving\/","title":{"rendered":"McCollisters Transport Gruppe: Internationale Umz\u00fcge Bewertungen"},"content":{"rendered":"<p>McCollister's Transportation Group ist ein Vertreter der UniGroup. Das Unternehmen bietet seinen Kunden zahlreiche Umzugsdienstleistungen an, die im Folgenden zusammen mit einem Firmenprofil und Bewertungen aufgef\u00fchrt sind.<\/p>\n<p><strong>Internationale Umz\u00fcge<\/strong><\/p>\n<ul>\n<li> Engagierter Logistikkoordinator<\/li>\n<li> Haus-zu-Haus-Dienst<\/li>\n<li> Vollst\u00e4ndiger Service<\/li>\n<li> Air Ride Transporter Service<\/li>\n<li> Luft- und Seefracht<\/li>\n<li> Kurz- und Langzeitlagerung<\/li>\n<\/ul>\n<p><strong>Kommerzielle Umz\u00fcge<\/strong><\/p>\n<ul>\n<li> Umzug des B\u00fcros\/der Einrichtung<\/li>\n<li> Umzug von Rechenzentren und IT-Dienstleistungen<\/li>\n<li> Arbeiten im Innenraum<\/li>\n<li> System-M\u00f6bel<\/li>\n<li> Kommerzielle Lagerhaltung<\/li>\n<li> Kurz- und Langzeitlagerung<\/li>\n<\/ul>\n<p><strong>Haushaltsumz\u00fcge<\/strong><\/p>\n<ul>\n<li> Umz\u00fcge in Wohnungen<\/li>\n<li> Milit\u00e4rische Umz\u00fcge<\/li>\n<li> DIY-Ma\u00dfnahmen<\/li>\n<li> UPASS f\u00fcr Studenten<\/li>\n<li> Unternehmensverlagerungen<\/li>\n<li> Vollst\u00e4ndiger Service<\/li>\n<li> Haus zu Haus<\/li>\n<li> Kurz- und Langzeitlagerung<\/li>\n<\/ul>\n<p><strong>Spezialit\u00e4t Transport<\/strong><\/p>\n<ul>\n<li> Umzug von medizinischen Ger\u00e4ten<\/li>\n<li> Gefrorener\/kryogener Transport<\/li>\n<li> Kunst und Antiquit\u00e4ten<\/li>\n<li> Messen und Ausstellungen<\/li>\n<li> Solarindustrie<\/li>\n<li> Wei\u00dfer Handschuh\/gepolsterter Lieferwagen<\/li>\n<li> Klimatisiert<\/li>\n<li> Milit\u00e4rische Transporte<\/li>\n<li> Autotransport<\/li>\n<li> Unterhaltung<\/li>\n<\/ul>\n<h2>McCollister's Transportation Group Unternehmensprofil<\/h2>\n<p>Die McCollister's Transportation Group wurde 1945 von H. Daniel McCollister gegr\u00fcndet. McCollister's ist ein privates Unternehmen, das f\u00fcr die UniGroup Inc. t\u00e4tig ist, zu der folgende Unternehmen geh\u00f6ren <a href=\"https:\/\/moverdb.com\/de\/united-van-lines\/\">Vereinigte Van Lines<\/a> und <a href=\"https:\/\/moverdb.com\/de\/mayflower-transit\/\">Mayflower Transit<\/a>. <\/p>\n<p>Der Hauptsitz befindet sich in Burlington, <a href=\"https:\/\/moverdb.com\/de\/moving-to-the-united-states\/moving-to-new-jersey\/\" data-internallinksmanager029f6b8e52c=\"417\" title=\"Umzug nach New Jersey? 2026 Lebenshaltungskosten &amp; Umzugstipps\">New Jersey<\/a>Das Unternehmen besch\u00e4ftigt \u00fcber 1.000 Vollzeitmitarbeiter und verf\u00fcgt \u00fcber 1.000 Fahrzeuge und Umzugsger\u00e4te.<\/p>\n<p>McCollister's hat drei Hauptgesch\u00e4ftsbereiche: Mitarbeiterumzug, kommerzielle Dienstleistungen und hochwertige Produktlogistik. Das Unternehmen erkl\u00e4rt, dass sein Erfolg auf folgende Faktoren zur\u00fcckzuf\u00fchren ist <em>\"Flexible L\u00f6sungen, Qualit\u00e4tsservice, Sicherheit, Effizienz und Schnelligkeit\".<\/em> <\/p>\n<p>Die McCollister's Transportation Group verf\u00fcgt \u00fcber die folgenden Zulassungen und Mitgliedschaften:<\/p>\n<ul>\n<li> <a href=\"https:\/\/moverdb.com\/de\/ich-bin\/\">Internationaler Verband der M\u00f6belspediteure<\/a> (<a href=\"https:\/\/moverdb.com\/de\/iam\/\" data-internallinksmanager029f6b8e52c=\"23\" title=\"International Association of Movers (IAM) erkl\u00e4rt\">IAM<\/a>)<\/li>\n<li> <a href=\"https:\/\/moverdb.com\/de\/amsa\/\">AMSA<\/a><\/li>\n<li> C-TPAT-zertifizierter Spediteur<\/li>\n<li> <a href=\"https:\/\/moverdb.com\/de\/rim-promover\/\">Zertifizierter ProMover<\/a><\/li>\n<li> <a href=\"https:\/\/moverdb.com\/de\/arbeitnehmer-umzug-rat\/\">Rat f\u00fcr Betriebsverlagerungen<\/a><\/li>\n<li> <a href=\"https:\/\/moverdb.com\/de\/moving-to-the-united-states\/\" data-internallinksmanager029f6b8e52c=\"94\" title=\"Umzug in die Vereinigten Staaten? 2026 Lebenshaltungskosten &amp; Umzugstipps\">US<\/a> Umweltschutzbeh\u00f6rde - SmartWay<\/li>\n<li> New Jersey Warehouseman and Movers Association<\/li>\n<li> Better Business Bureau (BBB)<\/li>\n<\/ul>\n<h2>McCollister's Transportation Group Bewertungen<\/h2>\n<p><strong>Positiv:<\/strong><\/p>\n<ul>\n<li> <em>\"Insgesamt war ich sehr zufrieden mit der Erfahrung, selbst mit den kleinen Problemen, und die Art und Weise, wie die Probleme gel\u00f6st wurden, zeigt, dass sie ein wirklich professionelles Unternehmen sind.\"<\/em> - Sherif \u00fcber <a href=\"https:\/\/www.yelp.com\/biz\/mccollisters-transportation-group-burlington?hrid=DrSyWKiICkF8QIFDonWtLQ&#038;utm_campaign=www_review_share_popup&#038;utm_medium=copy_link&#038;utm_source=(direct)\" target=\"_blank\" rel=\"noopener\">Yelp<\/a>.<\/li>\n<li> <em>\"Tolle Erfahrung vom ersten Telefonat bis zur letzten Kiste auf dem LKW. W\u00fcrde sehr empfehlen!\"<\/em> - Sharon \u00fcber <a href=\"https:\/\/www.facebook.com\/pg\/McCollisters\/reviews\/\" target=\"_blank\" rel=\"noopener\">Facebook<\/a><\/li>\n<\/ul>\n<p><strong>Negativ:<\/strong><\/p>\n<ul>\n<li> <em>\"Diese Bewertung h\u00e4tte 5 Sterne bekommen, wenn nicht jemand aus ihrem Team mich und meine Familie bestohlen h\u00e4tte.<\/em> - Mike \u00fcber <a href=\"https:\/\/www.bbb.org\/new-jersey\/business-reviews\/movers\/mccollister-s-transportation-in-burlington-nj-80001208\/reviews-and-complaints\" target=\"_blank\" rel=\"noopener\">BBB<\/a><\/li>\n<li> <em>\"Normalerweise poste ich nicht auf dieser Seite, aber ich hatte eine SCHLECHTE Erfahrung mit dieser Firma.\"<\/em> - BK \u00fcber <a href=\"http:\/\/www.mymovingreviews.com\/movers\/mccollister-s-5188#48089\" target=\"_blank\" rel=\"noopener\">MyMovingReviews<\/a><\/li>\n<\/ul>\n<div itemprop=\"review\" itemscope itemtype=\"http:\/\/schema.org\/Review\">\n<span itemprop=\"author\" itemscope=\"\" itemtype=\"http:\/\/schema.org\/Organization\"><span itemprop=\"name\">MoverDB.com<\/span><\/span> Online Website \u00dcberpr\u00fcfung f\u00fcr <span itemprop=\"itemreviewed\" itemscope=\"\" itemtype=\"http:\/\/schema.org\/Brand\"><span itemprop=\"name\">McCollisters Transport Gruppe<\/span><\/span>:<\/p>\n<ol>\n<li> Klare Kontaktangaben auf der Website (einschlie\u00dflich Telefonnummer): <strong>Ja<\/strong><\/li>\n<li> Leicht zu bekommen <a href=\"https:\/\/moverdb.com\/de\/zitate\/\">Angebote f\u00fcr internationale Umz\u00fcge<\/a>? (Online-Formular f\u00fcr Kostenvoranschl\u00e4ge): <strong>Ja<\/strong><\/li>\n<li> Klare Informationen auf der Website: <strong>Einige<\/strong> Die Website enth\u00e4lt nicht viele detaillierte Informationen.<\/li>\n<li> Mitgliedschaft in international anerkannten Umzugsorganisationen: <strong>Ja<\/strong>, siehe oben.<\/li>\n<li> Liste der Kunden und\/oder Zeugnisse von fr\u00fcheren Kunden: <strong>Nein<\/strong>obwohl sie eine Facebook-Seite mit einigen Bewertungen haben. Bewertungen aus dem Rest des Webs sind etwas gemischt, aber mehr positiv als negativ.<\/li>\n<\/ol>\n<div itemprop=\"reviewRating\" itemscope itemtype=\"http:\/\/schema.org\/Rating\"><meta itemprop=\"worstRating\" content = \"0\" \/><meta itemprop=\"bestRating\" content=\"5\" \/><meta itemprop=\"ratingValue\" content=\"3.5\"><\/div>\n<p><strong>Gesamtbewertung: 3.5\/5<\/strong><br \/>\n<strong>Datum der \u00dcberpr\u00fcfung:<\/strong> <span itemprop=\"datePublished\" content=\"2016-11-21\">21\/11\/2016<\/span>\n<\/div>\n<p>Lesen Sie mehr \u00fcber <a href=\"https:\/\/moverdb.com\/de\/umzugsunternehmen\/\">Top-Umzugsunternehmen im Ausland<\/a>, <a href=\"https:\/\/moverdb.com\/de\/us-kanada-umzuge\/\">US-Umzugsunternehmen<\/a> und unsere <a href=\"https:\/\/moverdb.com\/de\/bewertungen\/\">\u00dcberpr\u00fcfungsprozess<\/a>.<\/p>\n<p><strong>Website:<\/strong> <a href=\"https:\/\/www.mccollisters.com\/\" target=\"_blank\" rel=\"noopener\">https:\/\/www.mccollisters.com\/<\/a><\/p>","protected":false},"excerpt":{"rendered":"<p>McCollister&#8217;s Transportation Group is an agent of the UniGroup. The company offers its clients many moving services which are listed below, together with a company profile and reviews. International Moves Dedicated logistics coordinator Door-to-door service Full service Air ride van service Air and sea freight Short and long term storage Commercial Moves Office\/facility relocation Data [&hellip;]<\/p>\n","protected":false},"author":1,"featured_media":0,"parent":0,"menu_order":0,"comment_status":"closed","ping_status":"closed","template":"","meta":{"_genesis_hide_title":false,"_genesis_hide_breadcrumbs":false,"_genesis_hide_singular_image":false,"_genesis_hide_footer_widgets":false,"_genesis_custom_body_class":"","_genesis_custom_post_class":"","_genesis_layout":"","footnotes":""},"class_list":{"0":"post-1040","1":"page","2":"type-page","3":"status-publish","5":"entry"},"_links":{"self":[{"href":"https:\/\/moverdb.com\/de\/wp-json\/wp\/v2\/pages\/1040","targetHints":{"allow":["GET"]}}],"collection":[{"href":"https:\/\/moverdb.com\/de\/wp-json\/wp\/v2\/pages"}],"about":[{"href":"https:\/\/moverdb.com\/de\/wp-json\/wp\/v2\/types\/page"}],"author":[{"embeddable":true,"href":"https:\/\/moverdb.com\/de\/wp-json\/wp\/v2\/users\/1"}],"replies":[{"embeddable":true,"href":"https:\/\/moverdb.com\/de\/wp-json\/wp\/v2\/comments?post=1040"}],"version-history":[{"count":7,"href":"https:\/\/moverdb.com\/de\/wp-json\/wp\/v2\/pages\/1040\/revisions"}],"predecessor-version":[{"id":13175,"href":"https:\/\/moverdb.com\/de\/wp-json\/wp\/v2\/pages\/1040\/revisions\/13175"}],"wp:attachment":[{"href":"https:\/\/moverdb.com\/de\/wp-json\/wp\/v2\/media?parent=1040"}],"curies":[{"name":"wp","href":"https:\/\/api.w.org\/{rel}","templated":true}]}}