{"id":1038,"date":"2016-11-05T17:02:13","date_gmt":"2016-11-05T17:02:13","guid":{"rendered":"http:\/\/moverdb.com\/?page_id=1038"},"modified":"2026-01-08T15:20:27","modified_gmt":"2026-01-08T15:20:27","slug":"national-van-lines","status":"publish","type":"page","link":"https:\/\/moverdb.com\/de\/national-van-lines\/","title":{"rendered":"National Van Lines: Internationaler Umzug Bewertungen"},"content":{"rendered":"<p>National Van Lines bietet seinen Kunden eine breite Palette von Umzugsdienstleistungen an. Diese sind im Folgenden zusammen mit einem Unternehmensprofil und Bewertungen aufgef\u00fchrt.<\/p>\n<p><strong>Internationale Umz\u00fcge<\/strong><\/p>\n<ul>\n<li> Einzelpersonen und Unternehmen<\/li>\n<li> Engagierter Umzugskoordinator<\/li>\n<li> Beratung zu allen Aspekten des Umzugsprozesses<\/li>\n<li> Hinweise zu den Dokumentationsanforderungen<\/li>\n<li> <a href=\"https:\/\/moverdb.com\/de\/zitate\/\">T\u00fcr-zu-T\u00fcr-Kostenvoranschl\u00e4ge<\/a> f\u00fcr <a href=\"https:\/\/moverdb.com\/de\/containerschifffahrt\/\">See- und Lufttransport<\/a><\/li>\n<li> Sendungsverfolgung, um sicherzustellen, dass die Sendung sicher ankommt<\/li>\n<li> Koordinierung der einzelnen Umzugsschritte<\/li>\n<li> Unterst\u00fctzung im unwahrscheinlichen Fall eines Schadens<\/li>\n<\/ul>\n<p><strong>Spezialit\u00e4t Umz\u00fcge<\/strong><\/p>\n<ul>\n<li> Ladeneinbauten<\/li>\n<li> Elektronik<\/li>\n<li> Messen und Ausstellungen<\/li>\n<li> Gaming-Ausr\u00fcstung<\/li>\n<li> Spielautomaten<\/li>\n<li> Autotransport<\/li>\n<li> Klavierumzug<\/li>\n<li> Bewegende Kunst<\/li>\n<li> Gro\u00dfvateruhr und Antiquit\u00e4ten Umzugsunternehmen<\/li>\n<li> Pooltisch Umzugsunternehmen<\/li>\n<\/ul>\n<p><strong>Unternehmensumzug<\/strong><\/p>\n<ul>\n<li> International und lokal<\/li>\n<li> Ein Mitarbeiter oder ein ganzes B\u00fcro<\/li>\n<li> Umzugsunternehmen f\u00fcr Computer und Elektronik<\/li>\n<li> Umzugsunternehmen f\u00fcr Labor und medizinische Ger\u00e4te<\/li>\n<\/ul>\n<p><strong>Haushaltsumz\u00fcge<\/strong><\/p>\n<ul>\n<li> Lokale Umz\u00fcge<\/li>\n<li> Umz\u00fcge \u00fcber gro\u00dfe Entfernungen<\/li>\n<li> Langlauf<\/li>\n<li> Interstate<\/li>\n<li> Bundesland\u00fcbergreifend<\/li>\n<li> National<\/li>\n<li> Haus zu Haus<\/li>\n<li> Vollst\u00e4ndiger Service angeboten<\/li>\n<\/ul>\n<p><strong>Lagerung<\/strong><\/p>\n<ul>\n<li> Lang- und Kurzfristig<\/li>\n<li> Klimatisiert<\/li>\n<li> 24\/7 Sicherheit<\/li>\n<\/ul>\n<h2>National Van Lines Unternehmensprofil<\/h2>\n<p>Die derzeitige CEO von National Van Lines, Maureen Beal, ist die Enkelin des Firmengr\u00fcnders F. J. McKee. McKee gr\u00fcndete das Unternehmen in <a href=\"https:\/\/moverdb.com\/de\/umziehen-nach-chago\/\">Chicago<\/a> 1901 mit einem Wagen und einem Pony, um Eis und Kohle zu liefern. <\/p>\n<p>Das Unternehmen hat sich seither gut entwickelt und bef\u00f6rdert heute Menschen, Unternehmen und Milit\u00e4rangeh\u00f6rige vor Ort und weltweit. Es hat \u00fcber 400 Agenten, die bei diesem Prozess helfen.<\/p>\n<p>Das Motto des Unternehmens lautet \"Moving Your Memories\", was sowohl die Mitarbeiter als auch die Kunden daran erinnert, dass pers\u00f6nliche Gegenst\u00e4nde wertvoll sind und stets mit Sorgfalt behandelt werden.<\/p>\n<p>National Van Lines hat die folgenden Akkreditierungen und Mitgliedschaften:<\/p>\n<ul>\n<li> <a href=\"https:\/\/moverdb.com\/de\/rim-promover\/\">Zertifizierter ProMover<\/a><\/li>\n<li> Akkreditiert durch das Better Business Bureau (BBB)<\/li>\n<li> Movers.Com Gepr\u00fcfter Umzugsunternehmer<\/li>\n<li> <a href=\"https:\/\/moverdb.com\/de\/fidi-faim\/\">FIDI<\/a><\/li>\n<\/ul>\n<h2>National Van Lines Bewertungen<\/h2>\n<p><strong>Positiv:<\/strong><\/p>\n<ul>\n<li> <em>\"Ich war mit der Abholung und Lieferung meiner M\u00f6bel sehr zufrieden. Dave war auch sehr professionell und hat mir einen fairen Kostenvoranschlag gemacht.\"<\/em> - Bari \u00fcber die Zeugnisseite des Unternehmens<\/li>\n<li> <em>\"National Van Lines holte p\u00fcnktlich ab, lieferte p\u00fcnktlich, und es ging nichts verloren oder kaputt.\"<\/em> - Gail \u00fcber <a href=\"https:\/\/www.yelp.co.uk\/biz\/national-van-lines-broadview?hrid=xrO9qdjtpdZ-DKkGynhkBw&#038;utm_campaign=www_review_share_popup&#038;utm_medium=copy_link&#038;utm_source=(direct)\" target=\"_blank\" rel=\"noopener\">Yelp<\/a><\/li>\n<li> <em>\"Ich habe nur ein Wort zu sagen. GROSSARTIG!\"<\/em> - Lori \u00fcber <a href=\"http:\/\/www.mymovingreviews.com\/movers\/national-van-lines-256#59528\" target=\"_blank\" rel=\"noopener\">MyMovingReviews.com<\/a><\/li>\n<\/ul>\n<p><strong>Negativ:<\/strong><\/p>\n<ul>\n<li> <em>\"In den letzten 8 Jahren bin ich 5-6 Mal umgezogen und habe noch nie eine solche Erfahrung gemacht.\"<\/em> - Cindy \u00fcber <a href=\"https:\/\/www.consumeraffairs.com\/movers\/national.htm\" target=\"_blank\" rel=\"noopener\">Verbraucherangelegenheiten<\/a><\/li>\n<li> <em>\"National Van Lines hat meinen Hausrat nicht zu dem Termin geliefert, den mir der Fahrer genannt hatte. Sie sagten mir, das Datum st\u00fcnde auf meiner Rechnung, aber das Problem war, dass ich nie eine Rechnung erhalten habe. Bei der Lieferung fehlte mehr als die H\u00e4lfte meiner Gegenst\u00e4nde.\"<\/em> - Franchon \u00fcber <a href=\"http:\/\/www.bbb.org\/chicago\/business-reviews\/movers\/national-van-lines-inc-in-broadview-il-5114\/customer-reviews\" target=\"_blank\" rel=\"noopener\">BBB<\/a><\/li>\n<li> <em>\"Unsere Erfahrung mit National Van Lines war ein Alptraum. Der Vertreter, der unterzeichnete <a href=\"https:\/\/moverdb.com\/de\/moving-to-the-united-states\/\" data-internallinksmanager029f6b8e52c=\"94\" title=\"Umzug in die Vereinigten Staaten? 2026 Lebenshaltungskosten &amp; Umzugstipps\">us<\/a> Sie wirkte so professionell und effizient, als wir sie kennenlernten. Wir h\u00e4tten uns nie tr\u00e4umen lassen, dass wir in ein schreckliches Chaos geraten w\u00fcrden.<\/em> - \u00fcber <a href=\"http:\/\/moving-companies.credio.com\/l\/21\/National-Van-Lines\" target=\"_blank\" rel=\"noopener\">Credio<\/a><\/li>\n<\/ul>\n<div itemprop=\"review\" itemscope itemtype=\"http:\/\/schema.org\/Review\">\n<span itemprop=\"author\" itemscope=\"\" itemtype=\"http:\/\/schema.org\/Organization\"><span itemprop=\"name\">MoverDB.com<\/span><\/span> Online Website \u00dcberpr\u00fcfung f\u00fcr <span itemprop=\"itemreviewed\" itemscope=\"\" itemtype=\"http:\/\/schema.org\/Brand\"><span itemprop=\"name\">Nationale Van-Linien<\/span><\/span>:<\/p>\n<ol>\n<li> Klare Kontaktangaben auf der Website (einschlie\u00dflich Telefonnummer): <strong>Ja<\/strong><\/li>\n<li> Leicht zu bekommen <a href=\"https:\/\/moverdb.com\/de\/zitate\/\">Angebote f\u00fcr internationale Umz\u00fcge<\/a>? (Online-Formular f\u00fcr Kostenvoranschl\u00e4ge): <strong>Ja<\/strong><\/li>\n<li> Klare Informationen auf der Website: <strong>Ja<\/strong> Die Website gibt einen \u00dcberblick \u00fcber ihre Dienstleistungen und bietet au\u00dferdem n\u00fctzliche Leitf\u00e4den.<\/li>\n<li> Mitgliedschaft in international anerkannten Umzugsorganisationen: <strong>Ja<\/strong><\/li>\n<li> Liste der Kunden und\/oder Zeugnisse von fr\u00fcheren Kunden: <strong>Ja<\/strong> Es gibt positive Kundenstimmen auf der Website, aber ein paar negative im \u00fcbrigen Internet.<\/li>\n<\/ol>\n<div itemprop=\"reviewRating\" itemscope itemtype=\"http:\/\/schema.org\/Rating\"><meta itemprop=\"worstRating\" content = \"0\" \/><meta itemprop=\"bestRating\" content=\"5\" \/><meta itemprop=\"ratingValue\" content=\"4.5\"><\/div>\n<p><strong>Gesamtbewertung: 4.5\/5<\/strong><br \/>\n<strong>Datum der \u00dcberpr\u00fcfung:<\/strong> <span itemprop=\"datePublished\" content=\"2016-11-05\">05\/11\/2016<\/span>\n<\/div>\n<p>Lesen Sie mehr \u00fcber <a href=\"https:\/\/moverdb.com\/de\/umzugsunternehmen\/\">Top-Umzugsunternehmen im Ausland<\/a>, <a href=\"https:\/\/moverdb.com\/de\/us-kanada-umzuge\/\">US-Umzugsunternehmen<\/a> und unsere <a href=\"https:\/\/moverdb.com\/de\/bewertungen\/\">\u00dcberpr\u00fcfungsprozess<\/a>.<\/p>\n<p><strong>Website:<\/strong> <a href=\"http:\/\/www.nationalvanlines.com\/\" target=\"_blank\" rel=\"noopener\">http:\/\/www.nationalvanlines.com\/<\/a><\/p>","protected":false},"excerpt":{"rendered":"<p>National Van Lines offers its customers a wide range of moving services. These are listed below together with a company profile and reviews. International Moves Individual and corporate Dedicated move coordinator Counselling on all aspects of the moving process Guidance on documentation requirements Door-to-door cost estimates for shipping by ocean or air Tracking to ensure [&hellip;]<\/p>\n","protected":false},"author":1,"featured_media":0,"parent":0,"menu_order":0,"comment_status":"closed","ping_status":"closed","template":"","meta":{"_genesis_hide_title":false,"_genesis_hide_breadcrumbs":false,"_genesis_hide_singular_image":false,"_genesis_hide_footer_widgets":false,"_genesis_custom_body_class":"","_genesis_custom_post_class":"","_genesis_layout":"","footnotes":""},"class_list":{"0":"post-1038","1":"page","2":"type-page","3":"status-publish","5":"entry"},"_links":{"self":[{"href":"https:\/\/moverdb.com\/de\/wp-json\/wp\/v2\/pages\/1038","targetHints":{"allow":["GET"]}}],"collection":[{"href":"https:\/\/moverdb.com\/de\/wp-json\/wp\/v2\/pages"}],"about":[{"href":"https:\/\/moverdb.com\/de\/wp-json\/wp\/v2\/types\/page"}],"author":[{"embeddable":true,"href":"https:\/\/moverdb.com\/de\/wp-json\/wp\/v2\/users\/1"}],"replies":[{"embeddable":true,"href":"https:\/\/moverdb.com\/de\/wp-json\/wp\/v2\/comments?post=1038"}],"version-history":[{"count":6,"href":"https:\/\/moverdb.com\/de\/wp-json\/wp\/v2\/pages\/1038\/revisions"}],"predecessor-version":[{"id":6225,"href":"https:\/\/moverdb.com\/de\/wp-json\/wp\/v2\/pages\/1038\/revisions\/6225"}],"wp:attachment":[{"href":"https:\/\/moverdb.com\/de\/wp-json\/wp\/v2\/media?parent=1038"}],"curies":[{"name":"wp","href":"https:\/\/api.w.org\/{rel}","templated":true}]}}