{"id":1037,"date":"2016-11-21T06:45:07","date_gmt":"2016-11-21T06:45:07","guid":{"rendered":"http:\/\/moverdb.com\/?page_id=1037"},"modified":"2026-01-08T14:47:47","modified_gmt":"2026-01-08T14:47:47","slug":"berger-allied","status":"publish","type":"page","link":"https:\/\/moverdb.com\/de\/berger-allied\/","title":{"rendered":"Berger Allied (Transfer &amp; Lagerung): Internationale Umz\u00fcge Bewertungen"},"content":{"rendered":"<p>Berger Allied (offiziell Berger Transfer &amp; Storage) befindet sich in St. Paul, MN. Das Unternehmen bietet seinen Kunden eine Reihe von Umzugsdienstleistungen an, die im Folgenden zusammen mit einem Unternehmensprofil und Bewertungen aufgef\u00fchrt sind.<\/p>\n<p><strong>Internationaler Umzug<\/strong><\/p>\n<ul>\n<li> Vorbereitung des Umzugs<\/li>\n<li> Konsultation und Umfrage<\/li>\n<li> Dokumentation<\/li>\n<li> Sicherheitserw\u00e4gungen<\/li>\n<li> Verpacken und Verladen<\/li>\n<li> Live l\u00e4dt Ihre Artikel direkt in einen Versandcontainer<\/li>\n<li> Zollabfertigung<\/li>\n<li> Anliefern und Auspacken<\/li>\n<\/ul>\n<p><strong>Umzug von Wohngeb\u00e4uden<\/strong><\/p>\n<ul>\n<li> Umzugsplanung<\/li>\n<li> Umzug \u00fcber gro\u00dfe Entfernungen<\/li>\n<li> Full-Service-Verpackung<\/li>\n<li> Selbstverpackend<\/li>\n<li> <a href=\"https:\/\/moverdb.com\/de\/auto-transport-versand\/\">Fahrzeug<\/a>Boots- und Motorradtransport<\/li>\n<li> Montage\/Demontage<\/li>\n<li> Umstecken\/Trennen von Ger\u00e4ten<\/li>\n<li> Auspacken und Beseitigung von Schutt<\/li>\n<li> Online-Sendungsverfolgung<\/li>\n<li> Senioren-Umzugsdienste<\/li>\n<\/ul>\n<p><strong>Umzugsdienste f\u00fcr Unternehmen<\/strong><\/p>\n<ul>\n<li> Relocation-Berater<\/li>\n<li> Umzugsprogramm, das auf die einzigartige Kultur, die Richtlinien und die Budgetziele Ihres Unternehmens abgestimmt ist.<\/li>\n<li> Engagierte Umzugskoordinatoren <\/li>\n<\/ul>\n<p><strong>Kommerzielle Umzugsdienste<\/strong><\/p>\n<ul>\n<li> B\u00fcroumzug<\/li>\n<li> Speicherung von Aufzeichnungen<\/li>\n<li> Lagerhaltung<\/li>\n<li> Spezialisierter Transport<\/li>\n<li> Verm\u00f6gensverwaltung<\/li>\n<li> CAD-Raumplanung<\/li>\n<li> Projektleitung vor Ort<\/li>\n<\/ul>\n<h2>Berger Allied Unternehmensprofil<\/h2>\n<p>Berger Transfer and Storage ist seit 1910 t\u00e4tig. Das Unternehmen arbeitet mit Privatpersonen, Unternehmen und Regierungsbeh\u00f6rden zusammen. Ihre gr\u00f6\u00dfte St\u00e4rke ist die Konzentration auf die Qualit\u00e4t des Kundendienstes.<\/p>\n<p>Sie verf\u00fcgen \u00fcber eine Flotte von mehr als 600 Transportern und Lastwagen und koordinieren rund 24.000 Familienumz\u00fcge pro Jahr. Sie helfen auch dabei, Spenden f\u00fcr United Way, Junior Achievements, Boy Scouts und Girl Scouts of America, March of Dimes, Special Olympics und Move For Hunger zu sammeln.<\/p>\n<p>Berger Transfer and Storage hat die folgenden Akkreditierungen und Zugeh\u00f6rigkeiten:<\/p>\n<ul>\n<li> <a href=\"https:\/\/moverdb.com\/de\/amsa\/\">AMSA<\/a><\/li>\n<li> AHFA<\/li>\n<li> <a href=\"https:\/\/moverdb.com\/de\/ich-bin\/\">IAM<\/a><\/li>\n<li> ATA<\/li>\n<li> <a href=\"https:\/\/moverdb.com\/de\/rim-promover\/\">F\u00f6rderer<\/a><\/li>\n<li> <a href=\"https:\/\/moverdb.com\/de\/arbeitnehmer-umzug-rat\/\">Weltweiter ERC<\/a><\/li>\n<li> PSA<\/li>\n<li> Bewegung f\u00fcr den Hunger<\/li>\n<li> BBB-akkreditiertes Unternehmen<\/li>\n<\/ul>\n<h2>Berger Allied (Transfer und Lagerung) Bewertungen<\/h2>\n<p><strong>Positiv:<\/strong><\/p>\n<ul>\n<li> <em>\"Unsere Erfahrung mit Berger Allied beim Umzug ins Ausland war so gut, wie es nur geht!<\/em> - Paul M. \u00fcber <a href=\"https:\/\/www.yelp.com\/biz\/berger-allied-van-lines-austin?hrid=r3MbhX4j_6c1VOPPSbKe_g&#038;utm_campaign=www_review_share_popup&#038;utm_medium=copy_link&#038;utm_source=(direct)\" target=\"_blank\" rel=\"noopener\">Yelp<\/a> <\/li>\n<li> <em>\"Das Berger-Team in Las Vegas ist einfach fantastisch. Sie sind nicht nur kompetent und sympathisch, sondern ihr Kundenservice ist wahrscheinlich der beste, den ich je erlebt habe.\"<\/em> - Viki \u00fcber <a href=\"https:\/\/www.facebook.com\/pg\/bergermoving\/reviews\/\" target=\"_blank\" rel=\"noopener\">Facebook<\/a><\/li>\n<li> <em>\"Sie waren p\u00fcnktlich da. Sie wickelten alle M\u00f6bel in Polster ein und nahmen sich extra Zeit, um sicherzustellen, dass alles richtig gemacht wurde. Sie nahmen sich die Zeit, um sicherzustellen, dass keine W\u00e4nde besch\u00e4digt wurden.<\/em> - Daniel \u00fcber <a href=\"http:\/\/www.movingcompanyreviews.com\/MN\/St-Paul\/berger-transfer-storage-60973\" target=\"_blank\" rel=\"noopener\">MovingCompanyReviews.com<\/a><\/li>\n<\/ul>\n<p><strong>Negativ:<\/strong><\/p>\n<ul>\n<li> <em>\"Auf Empfehlung beauftragte ich Berger f\u00fcr einen Umzug von <a href=\"https:\/\/moverdb.com\/de\/moving-to-the-united-states\/moving-to-minnesota\/\" data-internallinksmanager029f6b8e52c=\"443\" title=\"Umzug nach Minnesota? 2026 Lebenshaltungskosten &amp; Umzugstipps\">Minnesota<\/a> zu <a href=\"https:\/\/moverdb.com\/de\/moving-to-the-united-states\/moving-to-california\/\" data-internallinksmanager029f6b8e52c=\"330\" title=\"Umzug nach Kalifornien? 2026 Lebenshaltungskosten &amp; Umzugstipps\">Kalifornien<\/a>. Ich hatte mich bei anderen Unternehmen nach Kostenvoranschl\u00e4gen erkundigt, aber leider habe ich mich aufgrund der Person, die den Kostenvoranschlag erstellt hat, f\u00fcr Berger entschieden.\"<\/em> - \u00dcber <a href=\"https:\/\/www.bbb.org\/minnesota\/business-reviews\/movers\/berger-transfer-storage-inc-in-saint-paul-mn-103\/reviews-and-complaints\" target=\"_blank\" rel=\"noopener\">BBB wesbite<\/a><\/li>\n<li> <em>\"Schlechtester Kundenservice aller Zeiten. Nach sechs Monaten falscher Rechnungsstellung und unz\u00e4hligen E-Mails und Anrufen, um eine L\u00f6sung zu finden, wurde mir mitgeteilt, dass meine Artikel versteigert werden.\"<\/em> - Kyle vi <a href=\"https:\/\/www.facebook.com\/pg\/bergermoving\/reviews\/\" target=\"_blank\" rel=\"noopener\">Facebook<\/a><\/li>\n<\/li>\n<li> <em>\"Berger Allied Van Lines hat die schlechteste Verpackung, den schlechtesten Umzug und die schlechteste Lagerung f\u00fcr <a href=\"https:\/\/moverdb.com\/de\/moving-to-the-united-states\/\" data-internallinksmanager029f6b8e52c=\"94\" title=\"Umzug in die Vereinigten Staaten? 2026 Lebenshaltungskosten &amp; Umzugstipps\">us<\/a>.\"<\/em> - Letty \u00fcber <a href=\"https:\/\/www.yelp.com\/biz\/berger-allied-van-lines-austin?hrid=AMtotqlDmWIUelyZT7YKAw&#038;utm_campaign=www_review_share_popup&#038;utm_medium=copy_link&#038;utm_source=(direct)\" target=\"_blank\" rel=\"noopener\">Yelp<\/a><\/li>\n<\/ul>\n<div itemprop=\"review\" itemscope itemtype=\"http:\/\/schema.org\/Review\">\n<span itemprop=\"author\" itemscope=\"\" itemtype=\"http:\/\/schema.org\/Organization\"><span itemprop=\"name\">MoverDB.com<\/span><\/span> Online Website \u00dcberpr\u00fcfung f\u00fcr <span itemprop=\"itemreviewed\" itemscope=\"\" itemtype=\"http:\/\/schema.org\/Brand\"><span itemprop=\"name\">Berger Allied<\/span><\/span>:<\/p>\n<ol>\n<li> Klare Kontaktangaben auf der Website (einschlie\u00dflich Telefonnummer): <strong>Ja<\/strong><\/li>\n<li> Leicht zu bekommen <a href=\"https:\/\/moverdb.com\/de\/zitate\/\">Angebote f\u00fcr internationale Umz\u00fcge<\/a>? (Online-Formular f\u00fcr Kostenvoranschl\u00e4ge): <strong>Ja<\/strong><\/li>\n<li> Klare Informationen auf der Website: <strong>Teilweise<\/strong>gibt es eine Menge allgemeiner Informationen \u00fcber Umz\u00fcge, aber nichts allzu Spezifisches.<\/li>\n<li> Mitgliedschaft in international anerkannten Umzugsorganisationen: <strong>Ja<\/strong>, viele, siehe oben<\/li>\n<li> Liste der Kunden und\/oder Zeugnisse von fr\u00fcheren Kunden: <strong>Nein<\/strong>Es gibt keine Erfahrungsberichte auf der Website, die wir finden konnten, und die Bewertungen im Internet sind etwas gemischt. <\/li>\n<\/ol>\n<div itemprop=\"reviewRating\" itemscope itemtype=\"http:\/\/schema.org\/Rating\"><meta itemprop=\"worstRating\" content = \"0\" \/><meta itemprop=\"bestRating\" content=\"5\" \/><meta itemprop=\"ratingValue\" content=\"3.5\"><\/div>\n<p><strong>Gesamtbewertung: 3.5\/5<\/strong><br \/>\n<strong>Datum der \u00dcberpr\u00fcfung:<\/strong> <span itemprop=\"datePublished\" content=\"2016-11-21\">21\/11\/2016<\/span>\n<\/div>\n<p>Lesen Sie mehr \u00fcber <a href=\"https:\/\/moverdb.com\/de\/umzugsunternehmen\/\">internationale Umzugsunternehmen<\/a>, <a href=\"https:\/\/moverdb.com\/de\/us-kanada-umzuge\/\">US-Umzugsunternehmen<\/a> und unsere <a href=\"https:\/\/moverdb.com\/de\/bewertungen\/\">\u00dcberpr\u00fcfungsprozess<\/a>.<\/p>\n<p><strong>Website:<\/strong> <a href=\"https:\/\/www.bergerallied.com\" target=\"_blank\" rel=\"noopener\">https:\/\/www.bergerallied.com<\/a><\/p>","protected":false},"excerpt":{"rendered":"<p>Berger Allied (officially Berger Transfer &#038; Storage) is based in St. Paul, MN. It offers its customers a range of moving services which are listed below, together with a company profile and reviews. International Moving Move Preparation Consultation and Survey Documentation Safety Considerations Packing and Loading Live loads your items directly into a shipping container [&hellip;]<\/p>\n","protected":false},"author":1,"featured_media":0,"parent":0,"menu_order":0,"comment_status":"closed","ping_status":"closed","template":"","meta":{"_genesis_hide_title":false,"_genesis_hide_breadcrumbs":false,"_genesis_hide_singular_image":false,"_genesis_hide_footer_widgets":false,"_genesis_custom_body_class":"","_genesis_custom_post_class":"","_genesis_layout":"","footnotes":""},"class_list":{"0":"post-1037","1":"page","2":"type-page","3":"status-publish","5":"entry"},"_links":{"self":[{"href":"https:\/\/moverdb.com\/de\/wp-json\/wp\/v2\/pages\/1037","targetHints":{"allow":["GET"]}}],"collection":[{"href":"https:\/\/moverdb.com\/de\/wp-json\/wp\/v2\/pages"}],"about":[{"href":"https:\/\/moverdb.com\/de\/wp-json\/wp\/v2\/types\/page"}],"author":[{"embeddable":true,"href":"https:\/\/moverdb.com\/de\/wp-json\/wp\/v2\/users\/1"}],"replies":[{"embeddable":true,"href":"https:\/\/moverdb.com\/de\/wp-json\/wp\/v2\/comments?post=1037"}],"version-history":[{"count":6,"href":"https:\/\/moverdb.com\/de\/wp-json\/wp\/v2\/pages\/1037\/revisions"}],"predecessor-version":[{"id":6183,"href":"https:\/\/moverdb.com\/de\/wp-json\/wp\/v2\/pages\/1037\/revisions\/6183"}],"wp:attachment":[{"href":"https:\/\/moverdb.com\/de\/wp-json\/wp\/v2\/media?parent=1037"}],"curies":[{"name":"wp","href":"https:\/\/api.w.org\/{rel}","templated":true}]}}