{"id":1036,"date":"2016-11-05T16:39:46","date_gmt":"2016-11-05T16:39:46","guid":{"rendered":"http:\/\/moverdb.com\/?page_id=1036"},"modified":"2026-01-08T14:47:46","modified_gmt":"2026-01-08T14:47:46","slug":"beltmann-relocation","status":"publish","type":"page","link":"https:\/\/moverdb.com\/de\/beltmann-relocation\/","title":{"rendered":"Beltmann Umzugsgruppe: Internationale Umz\u00fcge Bewertungen"},"content":{"rendered":"<p>Die Beltmann Relocation Group bietet ihren Kunden eine Vielzahl von internationalen und lokalen Umzugsdienstleistungen an. Diese Dienstleistungen sind unten aufgef\u00fchrt, zusammen mit einem Unternehmensprofil und Bewertungen.<\/p>\n<p><strong>Internationale Umz\u00fcge<\/strong><\/p>\n<ul>\n<li> Internationale Firmenumz\u00fcge<\/li>\n<li> Einzelne Z\u00fcge<\/li>\n<li> Vereinte Nationen<\/li>\n<li> Unterst\u00fctzung und Beratung bei Zoll und Einwanderung<\/li>\n<li> Unterst\u00fctzung bei der Umsiedlung von Haustieren<\/li>\n<li> Haus zu Haus<\/li>\n<li> Umzugsmanager zugewiesen<\/li>\n<li> Vollst\u00e4ndiger Service verf\u00fcgbar<\/li>\n<li> Versicherung abgeschlossen<\/li>\n<\/ul>\n<p><strong>B\u00fcro- und Industrieumz\u00fcge<\/strong><\/p>\n<ul>\n<li> B\u00fcroumz\u00fcge im Nah- und Fernbereich<\/li>\n<li> Dienststellen\u00fcbergreifender Umzug<\/li>\n<li> Umzug von Computern und Elektronik<\/li>\n<li> Raumplanung und -gestaltung<\/li>\n<li> Planungstreffen vor dem Umzug<\/li>\n<li> \u00dcberwachung vor Ort<\/li>\n<li> Dienstleistungen nach dem Umzug<\/li>\n<li> Unterst\u00fctzung bei industriellen Umz\u00fcgen<\/li>\n<li> Hochsicherheitsumzug<\/li>\n<li> Verschieben sensibler Informationen<\/li>\n<li> Versicherung abgeschlossen<\/li>\n<\/ul>\n<p><strong>Unternehmensumzug<\/strong><\/p>\n<ul>\n<li> Umzugsdienste f\u00fcr F\u00fchrungskr\u00e4fte der obersten Ebene<\/li>\n<li> Manager umziehen <\/li>\n<li> Haus zu Haus<\/li>\n<li> Einpacken und Auspacken<\/li>\n<li> Sendungsverfolgung<\/li>\n<li> Versicherung abgeschlossen<\/li>\n<\/ul>\n<p><strong>Haushaltsumz\u00fcge<\/strong><\/p>\n<ul>\n<li> Lokale Umz\u00fcge<\/li>\n<li> Umz\u00fcge \u00fcber gro\u00dfe Entfernungen<\/li>\n<li> Haus zu Haus<\/li>\n<li> Einpacken und Auspacken<\/li>\n<li> Versicherung abgeschlossen<\/li>\n<\/ul>\n<p><strong>Lagerung<\/strong><\/p>\n<ul>\n<li> Lang- oder Kurzfristig<\/li>\n<li> Beheiztes Lagerhaus <\/li>\n<li> In einem versiegelten Tresorraum gelagert<\/li>\n<li> CCTV<\/li>\n<li> Brand- und Sch\u00e4dlingsschutz<\/li>\n<\/ul>\n<h2>Beltmann Relocation Unternehmensprofil<\/h2>\n<p>Die Beltmann-Gruppe wurde 1955 von der Familie Battina gegr\u00fcndet und ist noch immer in Familienbesitz und -f\u00fchrung. Sie ist eine der gr\u00f6\u00dften und \u00e4ltesten Agenturen f\u00fcr <a href=\"https:\/\/moverdb.com\/de\/nord-amerikanische-van-lines\/\">North American Van Lines<\/a> und sein Hauptsitz befindet sich in <a href=\"https:\/\/moverdb.com\/de\/umzug-nach-minneapolis\/\">Minneapolis<\/a>. <\/p>\n<p>Die Beltmann-Gruppe ist stolzer Besitzer einer Flotte von \u00fcber 700 Umzugsfahrzeugen unterschiedlichster Art und verf\u00fcgt \u00fcber 14 Niederlassungen.<\/p>\n<p>Das Beltmann-Versprechen lautet \"Sei der Kunde\". Jeder Mitarbeiter wird ermutigt, sich in die Lage des Kunden zu versetzen und ihn so zu behandeln, wie er selbst behandelt werden m\u00f6chte. Das Unternehmen ist ein stolzer Unterst\u00fctzer von Habitat for Humanity.<\/p>\n<p>Beltmann Relocation hat die folgenden Mitgliedschaften und Akkreditierungen:<\/p>\n<ul>\n<li> <a href=\"https:\/\/moverdb.com\/de\/rim-promover\/\">Registrierter internationaler Spediteur<\/a> (<a href=\"https:\/\/moverdb.com\/de\/rim-promover\/\" data-internallinksmanager029f6b8e52c=\"76\" title=\"Die RIM International ProMover-Zertifizierung wird erkl\u00e4rt\">RIM<\/a>)<\/li>\n<li> <a href=\"https:\/\/moverdb.com\/de\/rim-promover\/\">ProMover<\/a><\/li>\n<li> <a href=\"https:\/\/moverdb.com\/de\/amsa\/\">Amerikanische Vereinigung f\u00fcr Umzug und Lagerung<\/a> (<a href=\"https:\/\/moverdb.com\/de\/amsa\/\" data-internallinksmanager029f6b8e52c=\"5\" title=\"American Moving &amp; Storage Association (AMSA) erkl\u00e4rt\">AMSA<\/a>)<\/li>\n<li> Gewinner des nordamerikanischen Qualit\u00e4tspreises<\/li>\n<li> Akkreditiert durch das Better Business Bureau (BBB)<\/li>\n<\/ul>\n<p><strong>Beltmann Relocation Bewertungen<\/strong><\/p>\n<p><strong>Positiv:<\/strong><\/p>\n<ul>\n<li> <em>\"Bei unserem Umzug hat alles super geklappt. Der Fahrer und die Mannschaft auf beiden Seiten haben gut gearbeitet.\"<\/em> - Craig \u00fcber die Beltmann-Testimonial-Seite<\/li>\n<li> <em>\"Wir sind im Laufe der Jahre mehrere Male umgezogen, und ich muss sagen, dass Beltman bei weitem das Beste war. Die Sorgfalt, mit der sie unsere Sachen verpackt und verladen haben, bis hin zur Lieferung war bemerkenswert.<\/em> - Abby \u00fcber <a href=\"https:\/\/www.facebook.com\/pg\/BeltmannRelocation\/reviews\/\" target=\"_blank\" rel=\"noopener\">Facebook<\/a><\/li>\n<\/ul>\n<p><strong>Negativ:<\/strong><\/p>\n<ul>\n<li> <em>\"Wir sind noch nicht einmal zu einem Drittel mit dem Auspacken fertig und haben bereits eine Liste mit mindestens 15 besch\u00e4digten oder kaputten Gegenst\u00e4nden. In einige Kisten wurden Dinge einfach hineingeworfen, nicht eingepackt oder gesichert.\"<\/em> Amy \u00fcber <a href=\"https:\/\/www.facebook.com\/pg\/BeltmannRelocation\/reviews\/\" target=\"_blank\" rel=\"noopener\">Facebook<\/a><\/li>\n<li> <em>\"Tun Sie sich selbst einen Gefallen. Benutzen Sie diese Firma nicht. L\u00f6schen Sie ihre Nummer, blockieren Sie ihre Anrufe. Zitat Teil des Prozesses (Sie wissen, wo sie versuchen, Ihr Gesch\u00e4ft zu gewinnen) war gro\u00dfartig. Abholung von Waren - Daumen hoch. Lieferung von Sachen - gro\u00dfer Daumen runter.\"<\/em> - Kim \u00fcber <a href=\"https:\/\/www.yelp.com\/biz\/beltmann-relocation-group-glendale-heights?hrid=tJAoAv--s6WetooAeYOQew&#038;utm_campaign=www_review_share_popup&#038;utm_medium=copy_link&#038;utm_source=(direct)\" target=\"_blank\" rel=\"noopener\">Yelp<\/a><\/li>\n<\/ul>\n<div itemprop=\"review\" itemscope itemtype=\"http:\/\/schema.org\/Review\">\n<span itemprop=\"author\" itemscope=\"\" itemtype=\"http:\/\/schema.org\/Organization\"><span itemprop=\"name\">MoverDB.com<\/span><\/span> Online Website \u00dcberpr\u00fcfung f\u00fcr <span itemprop=\"itemreviewed\" itemscope=\"\" itemtype=\"http:\/\/schema.org\/Brand\"><span itemprop=\"name\">Beltmann Relocation Gruppe<\/span><\/span>:<\/p>\n<ol>\n<li> Klare Kontaktangaben auf der Website (einschlie\u00dflich Telefonnummer): <strong>Ja<\/strong><\/li>\n<li> Leicht zu bekommen <a href=\"https:\/\/moverdb.com\/de\/zitate\/\">Angebote f\u00fcr internationale Umz\u00fcge<\/a>? (Online-Formular f\u00fcr Kostenvoranschl\u00e4ge): <strong>Ja<\/strong><\/li>\n<li> Klare Informationen auf der Website: <strong>Ja<\/strong>Die Website enth\u00e4lt n\u00fctzliche Ressourcen f\u00fcr Umz\u00fcge, darunter FAQs und Tipps.<\/li>\n<li> Mitgliedschaft in international anerkannten Umzugsorganisationen: <strong>Ja<\/strong>, viele, siehe oben<\/li>\n<li> Liste der Kunden und\/oder Zeugnisse von fr\u00fcheren Kunden: <strong>Ja,<\/strong> Auf der Website finden sich positive Erfahrungsberichte, aber die Bewertungen im Internet sind eher gemischt.<\/li>\n<\/ol>\n<div itemprop=\"reviewRating\" itemscope itemtype=\"http:\/\/schema.org\/Rating\"><meta itemprop=\"worstRating\" content = \"0\" \/><meta itemprop=\"bestRating\" content=\"5\" \/><meta itemprop=\"ratingValue\" content=\"4.5\"><\/div>\n<p><strong>Gesamtbewertung: 4.5\/5<\/strong><br \/>\n<strong>Datum der \u00dcberpr\u00fcfung:<\/strong> <span itemprop=\"datePublished\" content=\"2016-11-05\">05\/11\/2016<\/span>\n<\/div>\n<p>Lesen Sie mehr \u00fcber <a href=\"https:\/\/moverdb.com\/de\/umzugsunternehmen\/\">internationale Umzugsunternehmen<\/a>, <a href=\"https:\/\/moverdb.com\/de\/us-kanada-umzuge\/\">US-Inlandsumzugsunternehmen<\/a> und unsere <a href=\"https:\/\/moverdb.com\/de\/bewertungen\/\">\u00dcberpr\u00fcfungsprozess<\/a>.<\/p>\n<p><strong>Website:<\/strong> <a href=\"http:\/\/www.beltmann.com\/\" target=\"_blank\" rel=\"noopener\">http:\/\/www.beltmann.com\/<\/a><\/p>","protected":false},"excerpt":{"rendered":"<p>The Beltmann Relocation Group offers its customers a variety of moving services internationally and locally. These services are listed below together with a company profile and reviews. International Moves International corporate moves Individual moves United Nations Assistance and guidance with customs and immigration Assistance with pet relocation Door-to-door Move manager allocated Full service available Insurance [&hellip;]<\/p>\n","protected":false},"author":1,"featured_media":0,"parent":0,"menu_order":0,"comment_status":"closed","ping_status":"closed","template":"","meta":{"_genesis_hide_title":false,"_genesis_hide_breadcrumbs":false,"_genesis_hide_singular_image":false,"_genesis_hide_footer_widgets":false,"_genesis_custom_body_class":"","_genesis_custom_post_class":"","_genesis_layout":"","footnotes":""},"class_list":{"0":"post-1036","1":"page","2":"type-page","3":"status-publish","5":"entry"},"_links":{"self":[{"href":"https:\/\/moverdb.com\/de\/wp-json\/wp\/v2\/pages\/1036","targetHints":{"allow":["GET"]}}],"collection":[{"href":"https:\/\/moverdb.com\/de\/wp-json\/wp\/v2\/pages"}],"about":[{"href":"https:\/\/moverdb.com\/de\/wp-json\/wp\/v2\/types\/page"}],"author":[{"embeddable":true,"href":"https:\/\/moverdb.com\/de\/wp-json\/wp\/v2\/users\/1"}],"replies":[{"embeddable":true,"href":"https:\/\/moverdb.com\/de\/wp-json\/wp\/v2\/comments?post=1036"}],"version-history":[{"count":6,"href":"https:\/\/moverdb.com\/de\/wp-json\/wp\/v2\/pages\/1036\/revisions"}],"predecessor-version":[{"id":6182,"href":"https:\/\/moverdb.com\/de\/wp-json\/wp\/v2\/pages\/1036\/revisions\/6182"}],"wp:attachment":[{"href":"https:\/\/moverdb.com\/de\/wp-json\/wp\/v2\/media?parent=1036"}],"curies":[{"name":"wp","href":"https:\/\/api.w.org\/{rel}","templated":true}]}}