{"id":1034,"date":"2017-01-10T06:29:27","date_gmt":"2017-01-10T06:29:27","guid":{"rendered":"http:\/\/moverdb.com\/?page_id=1034"},"modified":"2026-01-08T13:18:31","modified_gmt":"2026-01-08T13:18:31","slug":"hilldrup-umzug-lagerung","status":"publish","type":"page","link":"https:\/\/moverdb.com\/de\/hilldrup-moving-storage\/","title":{"rendered":"Hilldrup Umzug &amp; Lagerung: Internationale Umzugsbewertungen"},"content":{"rendered":"<p>Hilldrup Moving and Storage ist in Stafford VA ans\u00e4ssig. Das Unternehmen bietet seinen Kunden eine Vielzahl von Dienstleistungen an, die im Folgenden zusammen mit einem Unternehmensprofil und Bewertungen aufgef\u00fchrt sind.<\/p>\n<p><strong>Internationale Umzugsdienste<\/strong><\/p>\n<p>Umzugsunterst\u00fctzung<\/p>\n<ul>\n<li> Personalberatung und strategische Planung<\/li>\n<li> Marketing-Unterst\u00fctzung<\/li>\n<li> Hausverkaufsprogramm<\/li>\n<li> Verwaltung der Ausgaben<\/li>\n<li> Vor\u00fcbergehende Wohnform<\/li>\n<li> Internationale Zuweisungsdienste<\/li>\n<li> Zielort und Ansiedlungsdienstleistungen<\/li>\n<li> Umzugsmanagement-Programme<\/li>\n<li> \u00dcberlegungen zu Verg\u00fctung, Steuern und Gehaltsabrechnung<\/li>\n<li> Ma\u00dfgeschneiderte Berichterstattung<\/li>\n<li> Pauschale Verwaltung<\/li>\n<\/ul>\n<p>Umzugsmanagement<\/p>\n<ul>\n<li> Spezieller Berater f\u00fcr internationale Umz\u00fcge<\/li>\n<li> Verwaltung aller Land- und See-\/Lufttransporte<\/li>\n<li> Unterst\u00fctzung bei Reisepass, Visum, Zoll<\/li>\n<\/ul>\n<p>Speicherkapazit\u00e4ten<\/p>\n<ul>\n<li> Langfristige und kurzfristige Lagerung<\/li>\n<li> Unbegrenzter Zugang zu Lagerh\u00e4usern auf der ganzen Welt<\/li>\n<li> 24\/7 Sicherheit<\/li>\n<li> Sprinkleranlagen und Feuerl\u00f6schsysteme<\/li>\n<li> DOD-zertifiziert<\/li>\n<li> 200.000 Quadratmeter klimatisierte Lagerfl\u00e4che verf\u00fcgbar<\/li>\n<li> Kraftfahrzeuge, Boote und Wohnmobile<\/li>\n<li> Wartung von Fahrzeugen in Langzeitlagerung.<\/li>\n<\/ul>\n<p><strong>Unternehmensumz\u00fcge - international und lokal<\/strong><\/p>\n<p>Abreise Dienstleistungen<\/p>\n<ul>\n<li> Home Marketing Unterst\u00fctzung<\/li>\n<li> Verwaltung von Immobilien<\/li>\n<li> Versand von Haushaltswaren<\/li>\n<li> Reiseassistenz<\/li>\n<\/ul>\n<p>Dienstleistungen am Reiseziel<\/p>\n<ul>\n<li> Orientierung am Reiseziel<\/li>\n<li> Unterst\u00fctzung bei der Wohnungssuche<\/li>\n<li> Unterst\u00fctzung bei Hypotheken<\/li>\n<li> Tempor\u00e4re Unterk\u00fcnfte<\/li>\n<li> Miethilfe<\/li>\n<li> Hilfe beim \u00dcbergang in die Familie<\/li>\n<\/ul>\n<p>Globale Zuweisung<\/p>\n<ul>\n<li> Bereich Orientierung<\/li>\n<li> Wohnen auf Zeit<\/li>\n<li> Sprachtraining<\/li>\n<li> Visa- und Einwanderungsdienste<\/li>\n<li> Verwaltung von Mietverh\u00e4ltnissen<\/li>\n<li> Kostenprognosen<\/li>\n<li> Startseite Suche<\/li>\n<li> Dienstleistungen zur Eingew\u00f6hnung<\/li>\n<li> Kultur\u00fcbergreifendes Training<\/li>\n<li> Hilfe bei der Schul- und Ausbildungssuche<\/li>\n<li> Programme zur Unterst\u00fctzung von Ehegatten\/Partnern<\/li>\n<\/ul>\n<p><strong>Regierung und Milit\u00e4r<\/strong><\/p>\n<ul>\n<li> CHAMP<\/li>\n<li> DOD Umzug von Haushalten<\/li>\n<li> Vollst\u00e4ndige Verlegung des Bundesversorgungsplans<\/li>\n<li> B\u00fcroumzug Bundesbedarfsplan<\/li>\n<\/ul>\n<p><strong>Umzugsdienste f\u00fcr Privathaushalte<\/strong><\/p>\n<ul>\n<li> Haus zu Haus<\/li>\n<li> Vollst\u00e4ndiger Service verf\u00fcgbar<\/li>\n<li> Lang- und kurzfristige Lagerung m\u00f6glich<\/li>\n<li> Einpacken und Auspacken<\/li>\n<li> Versicherung abgeschlossen<\/li>\n<li> Kraftfahrzeugtransport<\/li>\n<\/ul>\n<p><strong>Kommerzielle Umzugsdienste<\/strong><\/p>\n<ul>\n<li> Weltweites Umzugsmanagement<\/li>\n<li> Bundesweite B\u00fcroumz\u00fcge<\/li>\n<li> Campus-Einstellungen<\/li>\n<li> Budget\/Kostenanalyse<\/li>\n<li> Einrichtung<\/li>\n<li> Neukonfiguration<\/li>\n<li> Verm\u00f6gensverwaltung<\/li>\n<li> Lagerhaltung<\/li>\n<li> IT-Trennung\/Unterbrechung<\/li>\n<li> Individuelle Bedarfsanalyse f\u00fcr IT<\/li>\n<li> Webbasierte Liquidation<\/li>\n<\/ul>\n<h2>Hilldrup Umzug &amp; Lagerung Unternehmensprofil<\/h2>\n<p>Herr R. G. Hilldrup gr\u00fcndete das Unternehmen, das heute Hilldrup Moving and Storage Company hei\u00dft, im Jahr 1903. In den 1940er Jahren wurde das Unternehmen an einen seiner Mitarbeiter - C. B. McDaniel - verkauft. 1964 ging Hilldrup eine Partnerschaft mit <a href=\"https:\/\/moverdb.com\/de\/united-van-lines\/\">Vereinigte Van Lines<\/a> was es dem Unternehmen erm\u00f6glichte, seine Dienstleistungen erheblich zu erweitern. Das Unternehmen bietet nun lokale, nationale und internationale Umz\u00fcge f\u00fcr Privat- und Firmenkunden an und verf\u00fcgt \u00fcber umfangreiche Lagerm\u00f6glichkeiten. <\/p>\n<p>Hilldrup wird heute in dritter Generation von den McDaniels gef\u00fchrt, und das Unternehmen glaubt fest an die St\u00e4rke der Familie. Dieses Ethos geben sie an ihre Kunden weiter. Hilldrup gibt gerne etwas zur\u00fcck und unterst\u00fctzt viele Wohlt\u00e4tigkeitsorganisationen in seinen Gemeinden.<\/p>\n<p>Hilldrup Moving and Storage hat die folgenden Akkreditierungen und Zugeh\u00f6rigkeiten:<\/p>\n<ul>\n<li> <a href=\"https:\/\/moverdb.com\/de\/amsa\/\">Amerikanische Vereinigung f\u00fcr Umzug und Lagerung<\/a> (<a href=\"https:\/\/moverdb.com\/de\/amsa\/\" data-internallinksmanager029f6b8e52c=\"5\" title=\"American Moving &amp; Storage Association (AMSA) erkl\u00e4rt\">AMSA<\/a>)<\/li>\n<li> <a href=\"https:\/\/moverdb.com\/de\/rim-promover\/\">Die AMSA-Zertifizierung \"Registered International Mover\" (RIM)<\/a><\/li>\n<li> Amerikanische Trucking-Vereinigung (ATA)<\/li>\n<li> Better Business Bureau f\u00fcr alle Niederlassungen<\/li>\n<li> Zentrum f\u00fcr internationales Auftragsmanagement (CIAM)<\/li>\n<li> Zentrales Haushaltswaren-Verkehrsmanagement-Programm (CHAMP)<\/li>\n<li> Zertifizierte Relocation Professional (CRP)-Bezeichnungen<\/li>\n<li> CoreNet Global<\/li>\n<li> <a href=\"https:\/\/moverdb.com\/de\/arbeitnehmer-umzug-rat\/\">Rat f\u00fcr Betriebsverlagerungen<\/a> (<a href=\"https:\/\/moverdb.com\/de\/employee-relocation-council\/\" data-internallinksmanager029f6b8e52c=\"83\" title=\"Der Weltweite Rat f\u00fcr Arbeitnehmerentsendung (ERC) erkl\u00e4rt\">ERC<\/a>)<\/li>\n<li> Federal Maritime Commission<\/li>\n<li> <a href=\"https:\/\/moverdb.com\/de\/fidi-faim\/\">F\u00e9d\u00e9ration Internationale des D\u00e9m\u00e9nageurs Internationaux \/ Verband der internationalen Umzugsunternehmen<\/a> (<a href=\"https:\/\/moverdb.com\/de\/fidi-faim\/\" data-internallinksmanager029f6b8e52c=\"16\" title=\"FIDI &amp; FAIM (FIDI Accredited International Mover) Erl\u00e4utert\">FIDI<\/a>)<\/li>\n<li> FIDI FAIM\/ISO-Zertifizierung<\/li>\n<li> Global Mobility Specialist (GMS) Bezeichnungen<\/li>\n<li> <a href=\"https:\/\/moverdb.com\/de\/hgfaa\/\">Verband der Haushaltwaren-Spediteure<\/a> (HHGFA)<\/li>\n<li> <a href=\"https:\/\/moverdb.com\/de\/iata\/\">Internationaler Luftverkehrsverband<\/a> (<a href=\"https:\/\/moverdb.com\/de\/iata\/\" data-internallinksmanager029f6b8e52c=\"22\" title=\"International Air Transport Association (IATA) erkl\u00e4rt\">IATA<\/a>)<\/li>\n<li> <a href=\"https:\/\/moverdb.com\/de\/ich-bin\/\">Internationaler Verband der M\u00f6belspediteure<\/a> (<a href=\"https:\/\/moverdb.com\/de\/iam\/\" data-internallinksmanager029f6b8e52c=\"23\" title=\"International Association of Movers (IAM) erkl\u00e4rt\">IAM<\/a>)<\/li>\n<li> Internationaler Verband f\u00fcr Geb\u00e4udemanagement (IFMA)<\/li>\n<li> Zertifizierung nach ISO 9001:2000<\/li>\n<li> <a href=\"https:\/\/moverdb.com\/de\/lacma\/\">Verband lateinamerikanischer und karibischer Spediteure<\/a> (<a href=\"https:\/\/moverdb.com\/de\/lacma\/\" data-internallinksmanager029f6b8e52c=\"28\" title=\"Verband lateinamerikanischer und karibischer internationaler Spediteure (LACMA)\">LACMA<\/a>)<\/li>\n<li> Internationaler Rat f\u00fcr den Umzug von Fachkr\u00e4ften (PERC International)<\/li>\n<li> <a href=\"https:\/\/moverdb.com\/de\/rim-promover\/\">ProMover<\/a><\/li>\n<li> UniGroup Worldwide Zertifizierter internationaler Spediteur<\/li>\n<li> UniGroup Worldwide UTS Agent Forwarder<\/li>\n<\/ul>\n<h2>Hilldrup Umzug &amp; Lagerung Bewertungen<\/h2>\n<p><strong>Positiv:<\/strong><\/p>\n<ul>\n<li> <em>\"Sie zogen alles ein und leisteten gro\u00dfartige Arbeit.  Das Backoffice war auch ganz wunderbar, hat Fragen beantwortet und daf\u00fcr gesorgt, dass wir alles \u00fcber den Umzug wussten.\"<\/em> - Michael S. \u00fcber <a href=\"https:\/\/www.yelp.co.uk\/biz\/hilldrup-moving-and-storage-stafford?hrid=hESxKCc7GvTBdlp-kN4udw&#038;utm_campaign=www_review_share_popup&#038;utm_medium=copy_link&#038;utm_source=(direct)\" target=\"_blank\" rel=\"noopener\">Yelp<\/a>.<\/li>\n<li> <em>\"Wir h\u00e4tten nicht zufriedener mit dieser Firma sein k\u00f6nnen, vom Kostenvoranschlag bis zur endg\u00fcltigen Lieferung waren sie p\u00fcnktlich, professionell, h\u00f6flich und sehr freundlich.\"<\/em> - Die Yarbs \u00fcber <a href=\"https:\/\/www.bbb.org\/richmond\/business-reviews\/movers\/hilldrup-moving-storage-in-stafford-va-37026248\/reviews-and-complaints\" target=\"_blank\" rel=\"noopener\">BBB<\/a><\/li>\n<\/ul>\n<p><strong>Negativ:<\/strong><\/p>\n<ul>\n<li> <em>\"Diese Jungs sind schrecklich. Ich wei\u00df, wenn man professionelle Umzugsunternehmen beauftragt, muss man damit rechnen, dass einige Dinge kaputt gehen, das ist einfach Teil des Prozesses. Das Problem ist, dass wir Dinge gefunden haben, die aufgrund von wirklich dummen Fehlern kaputt waren.\"<\/em> - Nick T. \u00fcber <a href=\"https:\/\/www.yelp.co.uk\/biz\/hilldrup-moving-and-storage-stafford?hrid=tgu5ZfofrNJ6h_HXaIX9PQ&#038;utm_campaign=www_review_share_popup&#038;utm_medium=copy_link&#038;utm_source=(direct)\" target=\"_blank\" rel=\"noopener\">Yelp<\/a><\/li>\n<li> <em>\"Der Fahrer, der aus Hilldrup kam, hatte keine Erfahrung mit dem Abladen und brachte die Sachen in Hochh\u00e4user. Das ist sehr schlecht und so unprofessionell.\"<\/em> - Sharad \u00fcber <a href=\"https:\/\/www.mymovingreviews.com\/movers\/hilldrup-3657\" target=\"_blank\" rel=\"noopener\">MyMoingReviews.de<\/a><\/li>\n<\/ul>\n<div itemprop=\"review\" itemscope itemtype=\"http:\/\/schema.org\/Review\">\n<span itemprop=\"author\" itemscope=\"\" itemtype=\"http:\/\/schema.org\/Organization\"><span itemprop=\"name\">MoverDB.com<\/span><\/span> Online Website \u00dcberpr\u00fcfung f\u00fcr <span itemprop=\"itemreviewed\" itemscope=\"\" itemtype=\"http:\/\/schema.org\/Brand\"><span itemprop=\"name\">Hilldrup Umzug &amp; Lagerung<\/span><\/span>:<\/p>\n<ol>\n<li> Klare Kontaktangaben auf der Website (einschlie\u00dflich Telefonnummer): <strong>Ja<\/strong><\/li>\n<li> Leicht zu bekommen <a href=\"https:\/\/moverdb.com\/de\/zitate\/\">Angebote f\u00fcr internationale Umz\u00fcge<\/a>? (Online-Formular f\u00fcr Kostenvoranschl\u00e4ge): <strong>Ja<\/strong><\/li>\n<li> Klare Informationen auf der Website: <strong>Ja,<\/strong> Die Website ist gut gestaltet und gibt einen klaren \u00dcberblick \u00fcber die angebotenen Produkte und Dienstleistungen.<\/li>\n<li> Mitgliedschaft in international anerkannten Umzugsorganisationen: <strong>Ja<\/strong>, viele, siehe oben<\/li>\n<li> Liste der Kunden und\/oder Zeugnisse von fr\u00fcheren Kunden. <strong>Ja,<\/strong> Obwohl sie auf ihrer Website ihre Auszeichnungen und Zugeh\u00f6rigkeiten auflisten, konnten wir keine Liste von Kundenstimmen finden. Allerdings haben sie in der Regel postie Bewertungen aus dem Web.<\/li>\n<\/ol>\n<div itemprop=\"reviewRating\" itemscope itemtype=\"http:\/\/schema.org\/Rating\"><meta itemprop=\"worstRating\" content = \"0\" \/><meta itemprop=\"bestRating\" content=\"5\" \/><meta itemprop=\"ratingValue\" content=\"4.5\"><\/div>\n<p><strong>Gesamtbewertung: 4.5\/5<\/strong><br \/>\n<strong>Datum der \u00dcberpr\u00fcfung:<\/strong> <span itemprop=\"datePublished\" content=\"2017-01-10\">10\/01\/2017<\/span>\n<\/div>\n<p>Lesen Sie mehr \u00fcber <a href=\"https:\/\/moverdb.com\/de\/umzugsunternehmen\/\">internationale Umzugsunternehmen<\/a>, <a href=\"https:\/\/moverdb.com\/de\/us-kanada-umzuge\/\">nationale Umzugsunternehmen<\/a> und unsere <a href=\"https:\/\/moverdb.com\/de\/bewertungen\/\">\u00dcberpr\u00fcfungsprozess erkl\u00e4rt<\/a>.<\/p>\n<p><strong>Website:<\/strong> <a href=\"https:\/\/www.hilldrup.com\/\" target=\"_blank\" rel=\"noopener\">https:\/\/www.hilldrup.com\/<\/a><\/p>","protected":false},"excerpt":{"rendered":"<p>Hilldrup Moving and Storage is based in Stafford VA. The company offers its client a variety of services which are listed below, together with a company profile and reviews. International Moving Services Relocation Assistance Human Resource Consulting and Strategic Planning Marketing Assistance Home Sales Program Expense Administration Temporary Living Arrangement International Assignment Services Destination and [&hellip;]<\/p>\n","protected":false},"author":1,"featured_media":0,"parent":0,"menu_order":0,"comment_status":"closed","ping_status":"closed","template":"","meta":{"_genesis_hide_title":false,"_genesis_hide_breadcrumbs":false,"_genesis_hide_singular_image":false,"_genesis_hide_footer_widgets":false,"_genesis_custom_body_class":"","_genesis_custom_post_class":"","_genesis_layout":"","footnotes":""},"class_list":{"0":"post-1034","1":"page","2":"type-page","3":"status-publish","5":"entry"},"_links":{"self":[{"href":"https:\/\/moverdb.com\/de\/wp-json\/wp\/v2\/pages\/1034","targetHints":{"allow":["GET"]}}],"collection":[{"href":"https:\/\/moverdb.com\/de\/wp-json\/wp\/v2\/pages"}],"about":[{"href":"https:\/\/moverdb.com\/de\/wp-json\/wp\/v2\/types\/page"}],"author":[{"embeddable":true,"href":"https:\/\/moverdb.com\/de\/wp-json\/wp\/v2\/users\/1"}],"replies":[{"embeddable":true,"href":"https:\/\/moverdb.com\/de\/wp-json\/wp\/v2\/comments?post=1034"}],"version-history":[{"count":3,"href":"https:\/\/moverdb.com\/de\/wp-json\/wp\/v2\/pages\/1034\/revisions"}],"predecessor-version":[{"id":6220,"href":"https:\/\/moverdb.com\/de\/wp-json\/wp\/v2\/pages\/1034\/revisions\/6220"}],"wp:attachment":[{"href":"https:\/\/moverdb.com\/de\/wp-json\/wp\/v2\/media?parent=1034"}],"curies":[{"name":"wp","href":"https:\/\/api.w.org\/{rel}","templated":true}]}}