{"id":10263,"date":"2023-06-22T15:31:17","date_gmt":"2023-06-22T15:31:17","guid":{"rendered":"https:\/\/moverdb.com\/?page_id=10263"},"modified":"2026-01-08T15:24:56","modified_gmt":"2026-01-08T15:24:56","slug":"moving-companies-zimbabwe","status":"publish","type":"page","link":"https:\/\/moverdb.com\/de\/moving-companies\/moving-companies-zimbabwe\/","title":{"rendered":"Die 4 besten internationalen Umzugsunternehmen in Simbabwe"},"content":{"rendered":"<p>Wenn Sie einen Umzug planen, vor allem zwischen verschiedenen L\u00e4ndern, kann es \u00fcberw\u00e4ltigend sein, so viel zu tun. Die Beauftragung eines <a href=\"https:\/\/moverdb.com\/de\/moving-companies\/\" data-internallinksmanager029f6b8e52c=\"79\" title=\"Top 25 Internationale Umzugsunternehmen Online\">Umzugsunternehmen<\/a> k\u00f6nnen Ihnen diese Last abnehmen und Ihren Umzug reibungsloser gestalten. Im Folgenden haben wir eine Liste der in Simbabwe ans\u00e4ssigen <a href=\"https:\/\/moverdb.com\/de\/international-removals\/\" data-internallinksmanager029f6b8e52c=\"27\" title=\"36 Beste internationale Umzugsunternehmen in Gro\u00dfbritannien\">Umzugsunternehmen<\/a> die Mitglieder der <a href=\"https:\/\/moverdb.com\/de\/iam\/\" data-internallinksmanager029f6b8e52c=\"23\" title=\"International Association of Movers (IAM) erkl\u00e4rt\">Internationaler Verband der M\u00f6belspediteure<\/a> (IAM) und\/oder <a href=\"https:\/\/moverdb.com\/de\/fidi-faim\/\" data-internallinksmanager029f6b8e52c=\"16\" title=\"FIDI &amp; FAIM (FIDI Accredited International Mover) Erl\u00e4utert\">FIDI<\/a> Accredited International Mover (FAIM), die Sie bei Ihrem Umzug unterst\u00fctzen k\u00f6nnen.<\/p>\n<div id=\"ez-toc-container\" class=\"ez-toc-v2_0_82_2 ez-toc-wrap-left counter-hierarchy ez-toc-counter ez-toc-transparent ez-toc-container-direction\">\n<div class=\"ez-toc-title-container\">\n<p class=\"ez-toc-title\" style=\"cursor:inherit\">Rubriken<\/p>\n<span class=\"ez-toc-title-toggle\"><a href=\"#\" class=\"ez-toc-pull-right ez-toc-btn ez-toc-btn-xs ez-toc-btn-default ez-toc-toggle\" aria-label=\"Inhaltsverzeichnis umschalten\"><span class=\"ez-toc-js-icon-con\"><span class=\"\"><span class=\"eztoc-hide\" style=\"display:none;\">Umschalten auf<\/span><span class=\"ez-toc-icon-toggle-span\"><svg style=\"fill: #999;color:#999\" xmlns=\"http:\/\/www.w3.org\/2000\/svg\" class=\"list-377408\" width=\"20px\" height=\"20px\" viewbox=\"0 0 24 24\" fill=\"none\"><path d=\"M6 6H4v2h2V6zm14 0H8v2h12V6zM4 11h2v2H4v-2zm16 0H8v2h12v-2zM4 16h2v2H4v-2zm16 0H8v2h12v-2z\" fill=\"currentColor\"><\/path><\/svg><svg style=\"fill: #999;color:#999\" class=\"arrow-unsorted-368013\" xmlns=\"http:\/\/www.w3.org\/2000\/svg\" width=\"10px\" height=\"10px\" viewbox=\"0 0 24 24\" version=\"1.2\" baseprofile=\"tiny\"><path d=\"M18.2 9.3l-6.2-6.3-6.2 6.3c-.2.2-.3.4-.3.7s.1.5.3.7c.2.2.4.3.7.3h11c.3 0 .5-.1.7-.3.2-.2.3-.5.3-.7s-.1-.5-.3-.7zM5.8 14.7l6.2 6.3 6.2-6.3c.2-.2.3-.5.3-.7s-.1-.5-.3-.7c-.2-.2-.4-.3-.7-.3h-11c-.3 0-.5.1-.7.3-.2.2-.3.5-.3.7s.1.5.3.7z\"\/><\/svg><\/span><\/span><\/span><\/a><\/span><\/div>\n<nav><ul class='ez-toc-list ez-toc-list-level-1 eztoc-toggle-hide-by-default' ><li class='ez-toc-page-1 ez-toc-heading-level-2'><a class=\"ez-toc-link ez-toc-heading-1\" href=\"https:\/\/moverdb.com\/de\/moving-companies\/moving-companies-zimbabwe\/#1_Biddulphs_International\" >1. Biddulphs International<\/a><\/li><li class='ez-toc-page-1 ez-toc-heading-level-2'><a class=\"ez-toc-link ez-toc-heading-2\" href=\"https:\/\/moverdb.com\/de\/moving-companies\/moving-companies-zimbabwe\/#2_Chavilon_International_Movers_Logistics\" >2. Chavilon Internationale Umz\u00fcge &amp; Logistik<\/a><\/li><li class='ez-toc-page-1 ez-toc-heading-level-2'><a class=\"ez-toc-link ez-toc-heading-3\" href=\"https:\/\/moverdb.com\/de\/moving-companies\/moving-companies-zimbabwe\/#3_Glens_Removal_Storage\" >3. Glens Umzug &amp; Lagerung<\/a><\/li><li class='ez-toc-page-1 ez-toc-heading-level-2'><a class=\"ez-toc-link ez-toc-heading-4\" href=\"https:\/\/moverdb.com\/de\/moving-companies\/moving-companies-zimbabwe\/#4_Stuttafords\" >4. Stuttafords<\/a><\/li><\/ul><\/nav><\/div>\n<h2><span class=\"ez-toc-section\" id=\"1_Biddulphs_International\"><\/span><strong>1. Biddulphs International<\/strong><img loading=\"lazy\" decoding=\"async\" class=\"alignnone size-full wp-image-10090\" style=\"font-size: 16px;\" src=\"https:\/\/moverdb.com\/wp-content\/uploads\/Biddulphs-International-Zimbabwe-moving-company.png\" alt=\"Biddulphs International Simbabwe Umzugsunternehmen\" width=\"1440\" height=\"670\" data-wp-pid=\"10090\" srcset=\"https:\/\/moverdb.com\/wp-content\/uploads\/Biddulphs-International-Zimbabwe-moving-company.png 1440w, https:\/\/moverdb.com\/wp-content\/uploads\/Biddulphs-International-Zimbabwe-moving-company-300x140.png 300w, https:\/\/moverdb.com\/wp-content\/uploads\/Biddulphs-International-Zimbabwe-moving-company-1024x476.png 1024w, https:\/\/moverdb.com\/wp-content\/uploads\/Biddulphs-International-Zimbabwe-moving-company-18x8.png 18w, https:\/\/moverdb.com\/wp-content\/uploads\/Biddulphs-International-Zimbabwe-moving-company-600x279.png 600w\" sizes=\"auto, (max-width: 1440px) 100vw, 1440px\" \/><span class=\"ez-toc-section-end\"><\/span><\/h2>\n<ul>\n<li>Lokale Umz\u00fcge<\/li>\n<li>Internationale Umz\u00fcge<\/li>\n<li>Umz\u00fcge im Haushalt<\/li>\n<li>Betriebsverlagerungen<\/li>\n<li>Verpackungsservice<\/li>\n<li>Transport auf dem Land-, Luft- und Seeweg<\/li>\n<li>Container-Optionen<\/li>\n<li>Zollabfertigung<\/li>\n<li>Transitversicherung<\/li>\n<li>Lagereinrichtungen<\/li>\n<\/ul>\n<p>Biddulphs International ist ein internationales Umzugsunternehmen, das 1928 gegr\u00fcndet wurde und seinen Sitz in Harare hat. Das Unternehmen verf\u00fcgt \u00fcber ein weltweites Netzwerk von Umzugspartnern, die internationale Qualit\u00e4tsstandards einhalten, um sie bei internationalen Umz\u00fcgen zu unterst\u00fctzen. Das Unternehmen ist Mitglied der IAM und kann auf 87 Jahre Erfahrung zur\u00fcckblicken.<\/p>\n<p>Die Umzugsberater von Biddulphs International beraten Sie \u00fcber die wirtschaftlichsten Optionen f\u00fcr Ihren Umzug. Sie stellen professionelle Packer zur Verf\u00fcgung, die Ihre Gegenst\u00e4nde w\u00e4hrend des Transports sch\u00fctzen. Sie arrangieren den Transport, \u00fcberwachen die Zollabfertigung und bieten eine Transportversicherung an. Sie haben die Wahl zwischen Vollcontainern, Teilcontainern und Sammelgut.<\/p>\n<p>Website: <a href=\"https:\/\/www.biddulphs.co.zw\/\" target=\"_blank\" rel=\"noopener\">https:\/\/www.biddulphs.co.zw\/<\/a><\/p>\n<h2><span class=\"ez-toc-section\" id=\"2_Chavilon_International_Movers_Logistics\"><\/span><strong>2. Chavilon Internationale Umz\u00fcge &amp; Logistik<\/strong><span class=\"ez-toc-section-end\"><\/span><\/h2>\n<p><img loading=\"lazy\" decoding=\"async\" class=\"alignnone size-full wp-image-10093\" src=\"https:\/\/moverdb.com\/wp-content\/uploads\/Chavilon-International-moving-company.png\" alt=\"Chavilon Internationales Umzugsunternehmen\" width=\"1440\" height=\"679\" data-wp-pid=\"10093\" srcset=\"https:\/\/moverdb.com\/wp-content\/uploads\/Chavilon-International-moving-company.png 1440w, https:\/\/moverdb.com\/wp-content\/uploads\/Chavilon-International-moving-company-300x141.png 300w, https:\/\/moverdb.com\/wp-content\/uploads\/Chavilon-International-moving-company-1024x483.png 1024w, https:\/\/moverdb.com\/wp-content\/uploads\/Chavilon-International-moving-company-18x8.png 18w, https:\/\/moverdb.com\/wp-content\/uploads\/Chavilon-International-moving-company-600x283.png 600w\" sizes=\"auto, (max-width: 1440px) 100vw, 1440px\" \/><\/p>\n<ul>\n<li>Nationale Umz\u00fcge<\/li>\n<li>Internationale Umz\u00fcge<\/li>\n<li>Umz\u00fcge von Haushalten<\/li>\n<li>Unternehmens- und B\u00fcroverlagerungen<\/li>\n<li>Verpackungsservice<\/li>\n<li>Stra\u00dfen-, Schienen-, Luft- und Seefracht<\/li>\n<li>Zollabfertigung<\/li>\n<li>Umz\u00fcge von Kunstwerken und Antiquit\u00e4ten<\/li>\n<li>Auto-Umzug<\/li>\n<li>Lagereinrichtungen<\/li>\n<\/ul>\n<p>Chavilon International Movers &amp; Logistics ist ein Umzugs- und Logistikunternehmen mit Sitz in Harare und Mutter- und Schwestergesellschaften in <a href=\"https:\/\/moverdb.com\/de\/moving-companies\/moving-companies-mozambique\/\" data-internallinksmanager029f6b8e52c=\"286\" title=\"Die 4 besten internationalen Umzugsunternehmen in Mosambik\">Mosambik<\/a>Angola, <a href=\"https:\/\/moverdb.com\/de\/moving-companies\/botswana-moving-companies\/\" data-internallinksmanager029f6b8e52c=\"167\" title=\"Die besten internationalen Umzugsunternehmen in Botswana\">Botswana<\/a>, <a href=\"https:\/\/moverdb.com\/de\/moving-companies\/moving-companies-malawi\/\" data-internallinksmanager029f6b8e52c=\"295\" title=\"Die besten internationalen Umzugsunternehmen in Malawi\">Malawi<\/a> und Sambia. Sie haben auch Zugang zu einem internationalen Netz von Umzugsunternehmen, die ihre Dienste weltweit anbieten. Sie sind Mitglied der IAM und verf\u00fcgen \u00fcber sieben Jahre Erfahrung.<\/p>\n<p>Chavilon International Movers &amp; Logistics bietet einen pers\u00f6nlichen Service f\u00fcr Haus-zu-Haus-Umz\u00fcge in, nach und aus Simbabwe. Sie bieten auch T\u00fcr-zu<a href=\"https:\/\/moverdb.com\/de\/top-49-container-ports\/\" data-internallinksmanager029f6b8e52c=\"80\" title=\"Top 49 der gr\u00f6\u00dften und verkehrsreichsten Containerh\u00e4fen im Jahr 2025\">Hafen<\/a> und Hafen-zu-Hafen-Dienste, die es Ihnen erm\u00f6glichen, einen Gro\u00dfteil des Umzugs selbst zu erledigen, wie z. B. das Ein- und Auspacken. Bei der Verpackung werden international anerkannte Materialien verwendet, um Ihre Gegenst\u00e4nde w\u00e4hrend des Transports zu sch\u00fctzen.<\/p>\n<p>Website: <a href=\"http:\/\/www.chavilonmovers.com\/\" target=\"_blank\" rel=\"noopener\">http:\/\/www.chavilonmovers.com\/<\/a><\/p>\n<h2><span class=\"ez-toc-section\" id=\"3_Glens_Removal_Storage\"><\/span><strong>3. Glens Umzug &amp; Lagerung<\/strong><span class=\"ez-toc-section-end\"><\/span><\/h2>\n<p><img loading=\"lazy\" decoding=\"async\" class=\"alignnone size-full wp-image-10128\" src=\"https:\/\/moverdb.com\/wp-content\/uploads\/Glens-Removals-Storage-international-moving-company.png\" alt=\"Glens Umz\u00fcge &amp; Lagerung internationales Umzugsunternehmen\" width=\"1440\" height=\"680\" data-wp-pid=\"10128\" srcset=\"https:\/\/moverdb.com\/wp-content\/uploads\/Glens-Removals-Storage-international-moving-company.png 1440w, https:\/\/moverdb.com\/wp-content\/uploads\/Glens-Removals-Storage-international-moving-company-300x142.png 300w, https:\/\/moverdb.com\/wp-content\/uploads\/Glens-Removals-Storage-international-moving-company-1024x484.png 1024w, https:\/\/moverdb.com\/wp-content\/uploads\/Glens-Removals-Storage-international-moving-company-18x9.png 18w, https:\/\/moverdb.com\/wp-content\/uploads\/Glens-Removals-Storage-international-moving-company-600x283.png 600w\" sizes=\"auto, (max-width: 1440px) 100vw, 1440px\" \/><\/p>\n<ul>\n<li>Lokale und nationale Umz\u00fcge<\/li>\n<li>Internationale Umz\u00fcge<\/li>\n<li>Umz\u00fcge im Haushalt<\/li>\n<li>B\u00fcroumz\u00fcge<\/li>\n<li>Umz\u00fcge von T\u00fcr zu T\u00fcr<\/li>\n<li>Verpackungsservice<\/li>\n<li>Sendung<\/li>\n<li>Zollabfertigung<\/li>\n<li>Versicherung<\/li>\n<li>Kurz- und Langzeitlagerung<\/li>\n<\/ul>\n<p>Glens Removal &amp; Storage ist ein Umzugsunternehmen, das seit 1952 mit B\u00fcros und Lagern in ganz Simbabwe sowie mit Niederlassungen in <a href=\"https:\/\/moverdb.com\/de\/moving-to-south-africa\/\" data-internallinksmanager029f6b8e52c=\"347\" title=\"Umzug nach S\u00fcdafrika? 2026 Lebenshaltungskosten &amp; Umzugstipps\">S\u00fcdafrika<\/a>Sambia, Malawi und Mosambik. Sie arbeiten mit internationalen Agenten und Frachtunternehmen zusammen, um Dienstleistungen in der ganzen Welt anzubieten. Sie sind Mitglied der IAM mit 71 Jahren Erfahrung und sind von der FIDI akkreditiert.<\/p>\n<p>Glens Removal &amp; Storage bietet T\u00fcr-zu-T\u00fcr-Dienste an, die den internationalen Umzugsstandards entsprechen. Sie bieten professionelle Verpackungsdienstleistungen einschlie\u00dflich Kisten, um Ihr Hab und Gut sicher an Ihr Ziel zu bringen. Sie arrangieren den Transport Ihrer Habseligkeiten und bieten eine Auswahl an <a href=\"https:\/\/moverdb.com\/de\/shipping-container-sizes-and-dimensions\/\" data-internallinksmanager029f6b8e52c=\"247\" title=\"Der ultimative Leitfaden f\u00fcr Gr\u00f6\u00dfen und Abmessungen von Schiffscontainern\">Beh\u00e4ltergr\u00f6\u00dfen<\/a> und Konsolidierungsdienste f\u00fcr Ihren Umzug.<\/p>\n<p>Website: <a href=\"http:\/\/www.glensremovals.com\" target=\"_blank\" rel=\"noopener\">http:\/\/www.glensremovals.com<\/a><\/p>\n<h2><span class=\"ez-toc-section\" id=\"4_Stuttafords\"><\/span><strong>4. Stuttafords<\/strong><span class=\"ez-toc-section-end\"><\/span><\/h2>\n<p><img loading=\"lazy\" decoding=\"async\" class=\"alignnone size-full wp-image-10188\" src=\"https:\/\/moverdb.com\/wp-content\/uploads\/Stuttafords-Zimbabwe-international-moving-company.png\" alt=\"Stuttafords Simbabwe Internationales Umzugsunternehmen\" width=\"1440\" height=\"681\" data-wp-pid=\"10188\" srcset=\"https:\/\/moverdb.com\/wp-content\/uploads\/Stuttafords-Zimbabwe-international-moving-company.png 1440w, https:\/\/moverdb.com\/wp-content\/uploads\/Stuttafords-Zimbabwe-international-moving-company-300x142.png 300w, https:\/\/moverdb.com\/wp-content\/uploads\/Stuttafords-Zimbabwe-international-moving-company-1024x484.png 1024w, https:\/\/moverdb.com\/wp-content\/uploads\/Stuttafords-Zimbabwe-international-moving-company-18x9.png 18w, https:\/\/moverdb.com\/wp-content\/uploads\/Stuttafords-Zimbabwe-international-moving-company-600x284.png 600w\" sizes=\"auto, (max-width: 1440px) 100vw, 1440px\" \/><\/p>\n<ul>\n<li>Lokale und nationale Standortverlagerungen<\/li>\n<li>Internationale Verlagerungen<\/li>\n<li>Umz\u00fcge in Wohnungen<\/li>\n<li>Unternehmensverlagerungen<\/li>\n<li>Umz\u00fcge von T\u00fcr zu T\u00fcr<\/li>\n<li>Verpackungsservice<\/li>\n<li>Stra\u00dfen-, Luft- und Seefracht<\/li>\n<li>Auswahl an Beh\u00e4ltergr\u00f6\u00dfen<\/li>\n<li>Zollabfertigung<\/li>\n<li>Lagereinrichtungen<\/li>\n<\/ul>\n<p>Stuttafords ist ein Logistik- und Frachtunternehmen, das Niederlassungen in Simbabwe, Malawi und Sambia unterh\u00e4lt. Die B\u00fcros in Simbabwe befinden sich in Harare und Bulawayo. Stuttafords ist Mitglied der IAM mit 66 Jahren Erfahrung und ist von der FIDI akkreditiert, was bedeutet, dass sie ihre Dienstleistungen nach internationalen Standards erbringen und auf ein Netzwerk von Umzugsunternehmen zur\u00fcckgreifen k\u00f6nnen, die dieselben Standards bieten.<\/p>\n<p>Stuttafords bietet Haus-zu-Haus-Umz\u00fcge und Umzugsdienstleistungen f\u00fcr Privat- und Firmenkunden in, nach und aus Simbabwe an. Sie bieten einen professionellen Verpackungsservice, der sicherstellt, dass Ihre Waren w\u00e4hrend des Transports nicht besch\u00e4digt werden. Sie organisieren den Transport mit Zollabfertigung.<\/p>\n<p>Website: <a href=\"http:\/\/www.stuttafordszim.com\" target=\"_blank\" rel=\"noopener\">http:\/\/www.stuttafordszim.com<\/a><\/p>","protected":false},"excerpt":{"rendered":"<p>When you are planning a move, especially between countries it can be overwhelming with so much to do. Employing a moving company can ease this burden and make your move smoother. Below we have compiled a list of Zimbabwe based removal companies that are members of the International Association of Movers (IAM) and\/or FIDI Accredited [&hellip;]<\/p>\n","protected":false},"author":4,"featured_media":10090,"parent":190,"menu_order":0,"comment_status":"closed","ping_status":"closed","template":"","meta":{"_genesis_hide_title":false,"_genesis_hide_breadcrumbs":false,"_genesis_hide_singular_image":false,"_genesis_hide_footer_widgets":false,"_genesis_custom_body_class":"","_genesis_custom_post_class":"","_genesis_layout":"","footnotes":""},"class_list":{"0":"post-10263","1":"page","2":"type-page","3":"status-publish","4":"has-post-thumbnail","6":"entry"},"_links":{"self":[{"href":"https:\/\/moverdb.com\/de\/wp-json\/wp\/v2\/pages\/10263","targetHints":{"allow":["GET"]}}],"collection":[{"href":"https:\/\/moverdb.com\/de\/wp-json\/wp\/v2\/pages"}],"about":[{"href":"https:\/\/moverdb.com\/de\/wp-json\/wp\/v2\/types\/page"}],"author":[{"embeddable":true,"href":"https:\/\/moverdb.com\/de\/wp-json\/wp\/v2\/users\/4"}],"replies":[{"embeddable":true,"href":"https:\/\/moverdb.com\/de\/wp-json\/wp\/v2\/comments?post=10263"}],"version-history":[{"count":2,"href":"https:\/\/moverdb.com\/de\/wp-json\/wp\/v2\/pages\/10263\/revisions"}],"predecessor-version":[{"id":10265,"href":"https:\/\/moverdb.com\/de\/wp-json\/wp\/v2\/pages\/10263\/revisions\/10265"}],"up":[{"embeddable":true,"href":"https:\/\/moverdb.com\/de\/wp-json\/wp\/v2\/pages\/190"}],"wp:featuredmedia":[{"embeddable":true,"href":"https:\/\/moverdb.com\/de\/wp-json\/wp\/v2\/media\/10090"}],"wp:attachment":[{"href":"https:\/\/moverdb.com\/de\/wp-json\/wp\/v2\/media?parent=10263"}],"curies":[{"name":"wp","href":"https:\/\/api.w.org\/{rel}","templated":true}]}}