{"id":10260,"date":"2023-06-22T15:32:42","date_gmt":"2023-06-22T15:32:42","guid":{"rendered":"https:\/\/moverdb.com\/?page_id=10260"},"modified":"2026-01-08T15:30:25","modified_gmt":"2026-01-08T15:30:25","slug":"moving-companies-zambia","status":"publish","type":"page","link":"https:\/\/moverdb.com\/de\/moving-companies\/moving-companies-zambia\/","title":{"rendered":"Die besten internationalen Umzugsunternehmen in Sambia"},"content":{"rendered":"<p>Ein Umzug kann eines der stressigsten Dinge sein, die Sie tun, daher sollten Sie die Dienste eines <a href=\"https:\/\/moverdb.com\/de\/moving-companies\/\" data-internallinksmanager029f6b8e52c=\"79\" title=\"Top 25 Internationale Umzugsunternehmen Online\">Umzugsunternehmen<\/a> k\u00f6nnen den Druck verringern und den Umzug vereinfachen. Im Folgenden haben wir eine Liste der in Sambia ans\u00e4ssigen <a href=\"https:\/\/moverdb.com\/de\/international-removals\/\" data-internallinksmanager029f6b8e52c=\"27\" title=\"36 Beste internationale Umzugsunternehmen in Gro\u00dfbritannien\">Umzugsunternehmen<\/a> die Mitglieder der <a href=\"https:\/\/moverdb.com\/de\/iam\/\" data-internallinksmanager029f6b8e52c=\"23\" title=\"International Association of Movers (IAM) erkl\u00e4rt\">Internationaler Verband der M\u00f6belspediteure<\/a> (IAM) und\/oder <a href=\"https:\/\/moverdb.com\/de\/fidi-faim\/\" data-internallinksmanager029f6b8e52c=\"16\" title=\"FIDI &amp; FAIM (FIDI Accredited International Mover) Erl\u00e4utert\">FIDI<\/a> Accredited International Mover (FAIM), die Sie bei Ihrem Umzug unterst\u00fctzen k\u00f6nnen.<\/p>\n<h2><strong>Stuttafords Umz\u00fcge <\/strong><\/h2>\n<p><img loading=\"lazy\" decoding=\"async\" class=\"alignnone size-full wp-image-10261\" src=\"https:\/\/moverdb.com\/wp-content\/uploads\/Stuttafords-Removals-Zambia-international-moving-company.png\" alt=\"Stuttafords Umz\u00fcge Sambia internationales Umzugsunternehmen\" width=\"1440\" height=\"708\" data-wp-pid=\"10261\" srcset=\"https:\/\/moverdb.com\/wp-content\/uploads\/Stuttafords-Removals-Zambia-international-moving-company.png 1440w, https:\/\/moverdb.com\/wp-content\/uploads\/Stuttafords-Removals-Zambia-international-moving-company-300x148.png 300w, https:\/\/moverdb.com\/wp-content\/uploads\/Stuttafords-Removals-Zambia-international-moving-company-1024x503.png 1024w, https:\/\/moverdb.com\/wp-content\/uploads\/Stuttafords-Removals-Zambia-international-moving-company-18x9.png 18w, https:\/\/moverdb.com\/wp-content\/uploads\/Stuttafords-Removals-Zambia-international-moving-company-600x295.png 600w\" sizes=\"auto, (max-width: 1440px) 100vw, 1440px\" \/><\/p>\n<ul>\n<li>Lokale Umz\u00fcge<\/li>\n<li>Internationale Umz\u00fcge<\/li>\n<li>Umz\u00fcge im Haushalt<\/li>\n<li>Kommerzielle Umz\u00fcge<\/li>\n<li>T\u00fcr-zu-T\u00fcr und T\u00fcr-zu-T\u00fcr<a href=\"https:\/\/moverdb.com\/de\/top-49-container-ports\/\" data-internallinksmanager029f6b8e52c=\"80\" title=\"Top 49 der gr\u00f6\u00dften und verkehrsreichsten Containerh\u00e4fen im Jahr 2025\">Hafen<\/a> Dienstleistung<\/li>\n<li>Verpackungsservice<\/li>\n<li>Luft- und Seefracht<\/li>\n<li>Zollabfertigung<\/li>\n<li>Fahrzeugtransport<\/li>\n<li>Kurz- und Langzeitlagerung<\/li>\n<\/ul>\n<p>Stuttafords Removals ist ein unabh\u00e4ngiges internationales Umzugsunternehmen, das 1993 gegr\u00fcndet wurde und seinen Sitz in Lusaka hat. Es ist Teil der SGI-Gruppe, die Niederlassungen in ganz Afrika unterh\u00e4lt. Stuttafords verf\u00fcgt \u00fcber ein Netzwerk von Umzugsagenturen, Industriepartnerschaften und Partnerschaften in der ganzen Welt, um seine Dienstleistungen zu erbringen. Das Unternehmen ist Mitglied der IAM und verf\u00fcgt \u00fcber 30 Jahre Erfahrung und ist von der FIDI akkreditiert.<\/p>\n<p>Stuttafords Removals bietet einen T\u00fcr-zu-T\u00fcr- und T\u00fcr-zu-Hafen-Umzugsservice, der mit einer kostenlosen Beratung vor Ort und einem Kostenvoranschlag beginnt. Sie bieten einen Verpackungsservice, der den internationalen Standards entspricht und das Einpacken und Verschlie\u00dfen von Gegenst\u00e4nden umfasst. Ihr Hab und Gut, einschlie\u00dflich der Fahrzeuge, wird mit Zollabfertigung verschickt.<\/p>\n<p>Website: <a href=\"http:\/\/www.stuttafordsremovalszambia.com\" target=\"_blank\" rel=\"noopener\">http:\/\/www.stuttafordsremovalszambia.com<\/a><\/p>","protected":false},"excerpt":{"rendered":"<p>Moving can be one of the most stressful things you do so enlisting the services of a moving company can reduce the pressure and make moving simpler. Below we have compiled a list of Zambia based removal companies that are members of the International Association of Movers (IAM) and\/or FIDI Accredited International Mover (FAIM) who [&hellip;]<\/p>\n","protected":false},"author":4,"featured_media":10261,"parent":190,"menu_order":0,"comment_status":"closed","ping_status":"closed","template":"","meta":{"_genesis_hide_title":false,"_genesis_hide_breadcrumbs":false,"_genesis_hide_singular_image":false,"_genesis_hide_footer_widgets":false,"_genesis_custom_body_class":"","_genesis_custom_post_class":"","_genesis_layout":"","footnotes":""},"class_list":{"0":"post-10260","1":"page","2":"type-page","3":"status-publish","4":"has-post-thumbnail","6":"entry"},"_links":{"self":[{"href":"https:\/\/moverdb.com\/de\/wp-json\/wp\/v2\/pages\/10260","targetHints":{"allow":["GET"]}}],"collection":[{"href":"https:\/\/moverdb.com\/de\/wp-json\/wp\/v2\/pages"}],"about":[{"href":"https:\/\/moverdb.com\/de\/wp-json\/wp\/v2\/types\/page"}],"author":[{"embeddable":true,"href":"https:\/\/moverdb.com\/de\/wp-json\/wp\/v2\/users\/4"}],"replies":[{"embeddable":true,"href":"https:\/\/moverdb.com\/de\/wp-json\/wp\/v2\/comments?post=10260"}],"version-history":[{"count":1,"href":"https:\/\/moverdb.com\/de\/wp-json\/wp\/v2\/pages\/10260\/revisions"}],"predecessor-version":[{"id":10262,"href":"https:\/\/moverdb.com\/de\/wp-json\/wp\/v2\/pages\/10260\/revisions\/10262"}],"up":[{"embeddable":true,"href":"https:\/\/moverdb.com\/de\/wp-json\/wp\/v2\/pages\/190"}],"wp:featuredmedia":[{"embeddable":true,"href":"https:\/\/moverdb.com\/de\/wp-json\/wp\/v2\/media\/10261"}],"wp:attachment":[{"href":"https:\/\/moverdb.com\/de\/wp-json\/wp\/v2\/media?parent=10260"}],"curies":[{"name":"wp","href":"https:\/\/api.w.org\/{rel}","templated":true}]}}