{"id":10257,"date":"2023-06-22T15:34:17","date_gmt":"2023-06-22T15:34:17","guid":{"rendered":"https:\/\/moverdb.com\/?page_id=10257"},"modified":"2026-01-08T15:29:05","modified_gmt":"2026-01-08T15:29:05","slug":"moving-companies-vietnam","status":"publish","type":"page","link":"https:\/\/moverdb.com\/de\/moving-companies\/moving-companies-vietnam\/","title":{"rendered":"Die 5 besten internationalen Umzugsunternehmen in Vietnam"},"content":{"rendered":"<p>Erw\u00e4gen Sie einen Umzug nach, von oder innerhalb von <a href=\"https:\/\/moverdb.com\/de\/moving-to-vietnam\/\" data-internallinksmanager029f6b8e52c=\"390\" title=\"Umzug nach Vietnam? 2026 Lebenshaltungskosten &amp; Umzugstipps\">Vietnam<\/a>? Eine <a href=\"https:\/\/moverdb.com\/de\/moving-companies\/\" data-internallinksmanager029f6b8e52c=\"79\" title=\"Top 25 Internationale Umzugsunternehmen Online\">Umzugsunternehmen<\/a> k\u00f6nnen Ihnen den Umzug erleichtern, da sie Ihr Hab und Gut verpacken, den Transport organisieren und die Zollformalit\u00e4ten erledigen k\u00f6nnen. Nachfolgend haben wir eine Liste von Unternehmen in Vietnam zusammengestellt <a href=\"https:\/\/moverdb.com\/de\/international-removals\/\" data-internallinksmanager029f6b8e52c=\"27\" title=\"36 Beste internationale Umzugsunternehmen in Gro\u00dfbritannien\">Umzugsunternehmen<\/a> die Mitglieder der <a href=\"https:\/\/moverdb.com\/de\/iam\/\" data-internallinksmanager029f6b8e52c=\"23\" title=\"International Association of Movers (IAM) erkl\u00e4rt\">Internationaler Verband der M\u00f6belspediteure<\/a> (IAM) und\/oder <a href=\"https:\/\/moverdb.com\/de\/fidi-faim\/\" data-internallinksmanager029f6b8e52c=\"16\" title=\"FIDI &amp; FAIM (FIDI Accredited International Mover) Erl\u00e4utert\">FIDI<\/a> Accredited International Mover (FAIM), die Ihnen bei Ihrem Umzug helfen k\u00f6nnen.<\/p>\n<div id=\"ez-toc-container\" class=\"ez-toc-v2_0_82_2 ez-toc-wrap-left counter-hierarchy ez-toc-counter ez-toc-transparent ez-toc-container-direction\">\n<div class=\"ez-toc-title-container\">\n<p class=\"ez-toc-title\" style=\"cursor:inherit\">Rubriken<\/p>\n<span class=\"ez-toc-title-toggle\"><a href=\"#\" class=\"ez-toc-pull-right ez-toc-btn ez-toc-btn-xs ez-toc-btn-default ez-toc-toggle\" aria-label=\"Inhaltsverzeichnis umschalten\"><span class=\"ez-toc-js-icon-con\"><span class=\"\"><span class=\"eztoc-hide\" style=\"display:none;\">Umschalten auf<\/span><span class=\"ez-toc-icon-toggle-span\"><svg style=\"fill: #999;color:#999\" xmlns=\"http:\/\/www.w3.org\/2000\/svg\" class=\"list-377408\" width=\"20px\" height=\"20px\" viewbox=\"0 0 24 24\" fill=\"none\"><path d=\"M6 6H4v2h2V6zm14 0H8v2h12V6zM4 11h2v2H4v-2zm16 0H8v2h12v-2zM4 16h2v2H4v-2zm16 0H8v2h12v-2z\" fill=\"currentColor\"><\/path><\/svg><svg style=\"fill: #999;color:#999\" class=\"arrow-unsorted-368013\" xmlns=\"http:\/\/www.w3.org\/2000\/svg\" width=\"10px\" height=\"10px\" viewbox=\"0 0 24 24\" version=\"1.2\" baseprofile=\"tiny\"><path d=\"M18.2 9.3l-6.2-6.3-6.2 6.3c-.2.2-.3.4-.3.7s.1.5.3.7c.2.2.4.3.7.3h11c.3 0 .5-.1.7-.3.2-.2.3-.5.3-.7s-.1-.5-.3-.7zM5.8 14.7l6.2 6.3 6.2-6.3c.2-.2.3-.5.3-.7s-.1-.5-.3-.7c-.2-.2-.4-.3-.7-.3h-11c-.3 0-.5.1-.7.3-.2.2-.3.5-.3.7s.1.5.3.7z\"\/><\/svg><\/span><\/span><\/span><\/a><\/span><\/div>\n<nav><ul class='ez-toc-list ez-toc-list-level-1 eztoc-toggle-hide-by-default' ><li class='ez-toc-page-1 ez-toc-heading-level-2'><a class=\"ez-toc-link ez-toc-heading-1\" href=\"https:\/\/moverdb.com\/de\/moving-companies\/moving-companies-vietnam\/#1_EVo_Moves\" >1. EVo-Bewegungen<\/a><\/li><li class='ez-toc-page-1 ez-toc-heading-level-2'><a class=\"ez-toc-link ez-toc-heading-2\" href=\"https:\/\/moverdb.com\/de\/moving-companies\/moving-companies-vietnam\/#2_Prime_Relocations_Asia\" >2. Prime Relocations Asien<\/a><\/li><li class='ez-toc-page-1 ez-toc-heading-level-2'><a class=\"ez-toc-link ez-toc-heading-3\" href=\"https:\/\/moverdb.com\/de\/moving-companies\/moving-companies-vietnam\/#3_Logical_Moves\" >3. Logische Z\u00fcge<\/a><\/li><li class='ez-toc-page-1 ez-toc-heading-level-2'><a class=\"ez-toc-link ez-toc-heading-4\" href=\"https:\/\/moverdb.com\/de\/moving-companies\/moving-companies-vietnam\/#4_Santa_Fe_Relocation\" >4. Santa Fe Verlegung<\/a><\/li><li class='ez-toc-page-1 ez-toc-heading-level-2'><a class=\"ez-toc-link ez-toc-heading-5\" href=\"https:\/\/moverdb.com\/de\/moving-companies\/moving-companies-vietnam\/#5_Saigon_Van\" >5. Saigon Van<\/a><\/li><li class='ez-toc-page-1 ez-toc-heading-level-2'><a class=\"ez-toc-link ez-toc-heading-6\" href=\"https:\/\/moverdb.com\/de\/moving-companies\/moving-companies-vietnam\/#Other_Useful_Guides_to_Vietnam\" >Andere n\u00fctzliche Reisef\u00fchrer f\u00fcr Vietnam<\/a><\/li><\/ul><\/nav><\/div>\n<h2><span class=\"ez-toc-section\" id=\"1_EVo_Moves\"><\/span><strong>1. EVo-Bewegungen<\/strong><span class=\"ez-toc-section-end\"><\/span><\/h2>\n<p><img loading=\"lazy\" decoding=\"async\" class=\"alignnone size-full wp-image-10115\" src=\"https:\/\/moverdb.com\/wp-content\/uploads\/EVo-Moves-international-moving-company.png\" alt=\"EVo Moves internationales Umzugsunternehmen\" width=\"1440\" height=\"683\" data-wp-pid=\"10115\" srcset=\"https:\/\/moverdb.com\/wp-content\/uploads\/EVo-Moves-international-moving-company.png 1440w, https:\/\/moverdb.com\/wp-content\/uploads\/EVo-Moves-international-moving-company-300x142.png 300w, https:\/\/moverdb.com\/wp-content\/uploads\/EVo-Moves-international-moving-company-1024x486.png 1024w, https:\/\/moverdb.com\/wp-content\/uploads\/EVo-Moves-international-moving-company-18x9.png 18w, https:\/\/moverdb.com\/wp-content\/uploads\/EVo-Moves-international-moving-company-600x285.png 600w\" sizes=\"auto, (max-width: 1440px) 100vw, 1440px\" \/><\/p>\n<ul>\n<li>Nationale Umz\u00fcge<\/li>\n<li>Internationale Umz\u00fcge<\/li>\n<li>Umz\u00fcge im Haushalt<\/li>\n<li>B\u00fcroumz\u00fcge<\/li>\n<li>Haus-zu-Haus-Dienst<\/li>\n<li>Exportverpackung<\/li>\n<li>Zollabfertigung<\/li>\n<li>Transport von Haustieren<\/li>\n<li>Versicherung<\/li>\n<li>Kurz- und Langzeitlagerung<\/li>\n<\/ul>\n<p>EVo Moves ist ein internationales Umzugsunternehmen mit Sitz in Ho Chi Minh City. Sie sind Mitglied der IAM und verf\u00fcgen \u00fcber vier Jahre Erfahrung, was bedeutet, dass sie Zugang zu einem internationalen Netzwerk von Umzugsunternehmen haben, die sie unterst\u00fctzen k\u00f6nnen.<\/p>\n<p>EVo Moves bietet eine kostenlose Umfrage vor dem Umzug f\u00fcr diejenigen in Vietnam an, um ihre Umzugsbed\u00fcrfnisse einzusch\u00e4tzen, und erstellt einen Kostenvoranschlag von T\u00fcr zu T\u00fcr. Sie bieten einen Verpackungsservice, der den internationalen Standards und der Qualit\u00e4t entspricht, um Ihre Gegenst\u00e4nde w\u00e4hrend des Transports zu sch\u00fctzen. Sie arrangieren den internationalen Transport auf dem See- oder Luftweg mit einer All-Risk-Versicherung und Zollabfertigung. Weitere Dienstleistungen sind der Transport von Haustieren, Begasung und Lagerung.<\/p>\n<p>Website: <a href=\"http:\/\/www.evomoves.com\" target=\"_blank\" rel=\"noopener\">http:\/\/www.evomoves.com<\/a><\/p>\n<h2><span class=\"ez-toc-section\" id=\"2_Prime_Relocations_Asia\"><\/span><strong>2. Prime Relocations Asien<\/strong><span class=\"ez-toc-section-end\"><\/span><\/h2>\n<p><img loading=\"lazy\" decoding=\"async\" class=\"alignnone size-full wp-image-10170\" src=\"https:\/\/moverdb.com\/wp-content\/uploads\/Prime-Relocations-Asia-international-moving-company.png\" alt=\"Prime Relocations Asien internationales Umzugsunternehmen\" width=\"1440\" height=\"680\" data-wp-pid=\"10170\" srcset=\"https:\/\/moverdb.com\/wp-content\/uploads\/Prime-Relocations-Asia-international-moving-company.png 1440w, https:\/\/moverdb.com\/wp-content\/uploads\/Prime-Relocations-Asia-international-moving-company-300x142.png 300w, https:\/\/moverdb.com\/wp-content\/uploads\/Prime-Relocations-Asia-international-moving-company-1024x484.png 1024w, https:\/\/moverdb.com\/wp-content\/uploads\/Prime-Relocations-Asia-international-moving-company-18x9.png 18w, https:\/\/moverdb.com\/wp-content\/uploads\/Prime-Relocations-Asia-international-moving-company-600x283.png 600w\" sizes=\"auto, (max-width: 1440px) 100vw, 1440px\" \/><\/p>\n<ul>\n<li>Lokale und nationale Umz\u00fcge<\/li>\n<li>Internationale Umz\u00fcge<\/li>\n<li>Umz\u00fcge von Haushalten<\/li>\n<li>Gesch\u00e4ftliche Umz\u00fcge<\/li>\n<li>Haus-zu-Haus-Dienst<\/li>\n<li>Komplettes Umzugspaket<\/li>\n<li>Umz\u00fcge von Haustieren und Fahrzeugen<\/li>\n<li>Heimwerker-Service<\/li>\n<li>Versicherung<\/li>\n<li>Kurz- und Langzeitlagereinrichtungen<\/li>\n<\/ul>\n<p>Prime Relocations Asia ist ein internationales Umzugsunternehmen mit vietnamesischen B\u00fcros in Hanoi und Ho-Chi-Minh-Stadt sowie B\u00fcros in Laos und <a href=\"https:\/\/moverdb.com\/de\/moving-to-cambodia\/\" data-internallinksmanager029f6b8e52c=\"340\" title=\"Umzug nach Kambodscha? 2026 Lebenshaltungskosten &amp; Umzugstipps\">Kambodscha<\/a>. Das Unternehmen verf\u00fcgt \u00fcber ein Netz bevorzugter Partner und angeschlossener Unternehmen, die Umz\u00fcge nach \u00dcbersee durchf\u00fchren und die Zollbestimmungen verwalten. Das Unternehmen ist Mitglied der IAM und verf\u00fcgt \u00fcber 15 Jahre Erfahrung.<\/p>\n<p>Prime Relocations Asia bietet eine zentrale Anlaufstelle f\u00fcr die Abwicklung Ihres Umzugs, der den Umzug Ihrer Wohnung oder Ihres Unternehmens, Ihrer Haustiere und Fahrzeuge mit umfassender Transportversicherung umfassen kann. Sie bieten zus\u00e4tzliche Dienstleistungen wie Handwerkerservice, Hausmeisterservice, Zimmerm\u00e4dchen, Wohnungssuche, Orientierung sowie Unterst\u00fctzung bei Abreise und Ankunft.<\/p>\n<p>Website: <a href=\"http:\/\/www.primerelo.asia\" target=\"_blank\" rel=\"noopener\">http:\/\/www.primerelo.asia<\/a><\/p>\n<h2><span class=\"ez-toc-section\" id=\"3_Logical_Moves\"><\/span><strong>3. Logische Z\u00fcge<\/strong><span class=\"ez-toc-section-end\"><\/span><\/h2>\n<p><img loading=\"lazy\" decoding=\"async\" class=\"alignnone size-full wp-image-10149\" src=\"https:\/\/moverdb.com\/wp-content\/uploads\/Logical-Moves-international-moving-company.png\" alt=\"Logical Moves internationales Umzugsunternehmen\" width=\"1440\" height=\"670\" data-wp-pid=\"10149\" srcset=\"https:\/\/moverdb.com\/wp-content\/uploads\/Logical-Moves-international-moving-company.png 1440w, https:\/\/moverdb.com\/wp-content\/uploads\/Logical-Moves-international-moving-company-300x140.png 300w, https:\/\/moverdb.com\/wp-content\/uploads\/Logical-Moves-international-moving-company-1024x476.png 1024w, https:\/\/moverdb.com\/wp-content\/uploads\/Logical-Moves-international-moving-company-18x8.png 18w, https:\/\/moverdb.com\/wp-content\/uploads\/Logical-Moves-international-moving-company-600x279.png 600w\" sizes=\"auto, (max-width: 1440px) 100vw, 1440px\" \/><\/p>\n<ul>\n<li>Lokale Umz\u00fcge<\/li>\n<li>Internationale Umz\u00fcge<\/li>\n<li>Umz\u00fcge im Haushalt<\/li>\n<li>Firmenumz\u00fcge<\/li>\n<li>Umzugsdienste<\/li>\n<li>Verpackungsservice<\/li>\n<li>Zollabfertigung<\/li>\n<li>Abreise- und Eingew\u00f6hnungsservice<\/li>\n<li>Haustier bewegt sich<\/li>\n<li>Sichere Lagerung<\/li>\n<\/ul>\n<p>Logical Moves ist ein unabh\u00e4ngiges internationales Umzugsunternehmen, das 2005 gegr\u00fcndet wurde und seinen Sitz in Ho-Chi-Minh-Stadt hat. Das Unternehmen verf\u00fcgt \u00fcber ein globales Netzwerk und lokale Ressourcen, die es ihm erm\u00f6glichen, qualitativ hochwertige Dienstleistungen f\u00fcr lokale und internationale Umz\u00fcge anzubieten. Das Unternehmen ist Mitglied der IAM und verf\u00fcgt \u00fcber 18 Jahre Erfahrung.<\/p>\n<p>Logical Moves bietet eine Beratung vor dem Umzug und eine Hausbesichtigung an, um Ihre Umzugsanforderungen zu ermitteln. Sie bieten einen Einpackservice an, um die sichere Lieferung Ihrer Sachen zu gew\u00e4hrleisten, und sorgen f\u00fcr den Schutz der Sendung und die Zollabfertigung. Nach der Ankunft packen sie aus. Sie bieten zus\u00e4tzliche Dienstleistungen wie Unterst\u00fctzung bei der Visa- und Einwanderungsangelegenheit, Wohnungs- und Schulsuche, Unterst\u00fctzung bei der Abreise, Handwerkerdienste und Eingew\u00f6hnungsservice.<\/p>\n<p>Website: <a href=\"http:\/\/www.logicalmoves.net\" target=\"_blank\" rel=\"noopener\">http:\/\/www.logicalmoves.net<\/a><\/p>\n<h2><span class=\"ez-toc-section\" id=\"4_Santa_Fe_Relocation\"><\/span><strong>4. Santa Fe Verlegung<\/strong><span class=\"ez-toc-section-end\"><\/span><\/h2>\n<p><img loading=\"lazy\" decoding=\"async\" class=\"alignnone size-full wp-image-10181\" src=\"https:\/\/moverdb.com\/wp-content\/uploads\/Santa-Fe-Relocations-Vietnam-international-moving-company.png\" alt=\"Santa Fe Relocations Vietnam Internationale Umzugsfirma\" width=\"1440\" height=\"681\" data-wp-pid=\"10181\" srcset=\"https:\/\/moverdb.com\/wp-content\/uploads\/Santa-Fe-Relocations-Vietnam-international-moving-company.png 1440w, https:\/\/moverdb.com\/wp-content\/uploads\/Santa-Fe-Relocations-Vietnam-international-moving-company-300x142.png 300w, https:\/\/moverdb.com\/wp-content\/uploads\/Santa-Fe-Relocations-Vietnam-international-moving-company-1024x484.png 1024w, https:\/\/moverdb.com\/wp-content\/uploads\/Santa-Fe-Relocations-Vietnam-international-moving-company-18x9.png 18w, https:\/\/moverdb.com\/wp-content\/uploads\/Santa-Fe-Relocations-Vietnam-international-moving-company-600x284.png 600w\" sizes=\"auto, (max-width: 1440px) 100vw, 1440px\" \/><\/p>\n<ul>\n<li>Lokale und nationale Standortverlagerungen<\/li>\n<li>Internationale Verlagerungen<\/li>\n<li>Umz\u00fcge von Haushalten<\/li>\n<li>Unternehmensverlagerungen<\/li>\n<li>Haus-zu-Haus-Dienst<\/li>\n<li>Spezialisierte Verpackung<\/li>\n<li>Zollabfertigung<\/li>\n<li>Visum und Einwanderung<\/li>\n<li>Dienstleistungen am Zielort<\/li>\n<li>Sichere Lagerung<\/li>\n<\/ul>\n<p>Santa Fe Relocation ist ein internationales Umzugs- und Relocation-Unternehmen mit \u00fcber 130 Jahren Erfahrung und 64 Niederlassungen in 38 L\u00e4ndern, darunter Hanoi und Ho-Chi-Minh-Stadt in Vietnam. Santa Fe Relocation ist Mitglied der IAM mit 17 Jahren Erfahrung und ist von der FIDI akkreditiert.<\/p>\n<p>Santa Fe Relocation bietet Umzugsdienstleistungen von T\u00fcr zu T\u00fcr mit einem professionellen Team, das Sie w\u00e4hrend Ihres gesamten Umzugs unterst\u00fctzt. Sie bieten einen speziellen Verpackungsservice an, um Ihr Hab und Gut w\u00e4hrend des Umzugs zu sch\u00fctzen, aber auch umfassende Versandschutzpl\u00e4ne. Zu den zus\u00e4tzlichen Dienstleistungen geh\u00f6ren Visa- und Einwanderungsdienste, Wohnungssuche und andere Dienstleistungen am Zielort.<\/p>\n<p>Website: <a href=\"https:\/\/www.santaferelo.com\/en\/contact\/our-offices\/vietnam-ho-chi-minh\/\" target=\"_blank\" rel=\"noopener\">https:\/\/www.santaferelo.com\/en\/contact\/our-offices\/vietnam-ho-chi-minh\/<\/a><\/p>\n<h2><span class=\"ez-toc-section\" id=\"5_Saigon_Van\"><\/span><strong>5. Saigon Van<\/strong><span class=\"ez-toc-section-end\"><\/span><\/h2>\n<p><img loading=\"lazy\" decoding=\"async\" class=\"alignnone size-full wp-image-10258\" src=\"https:\/\/moverdb.com\/wp-content\/uploads\/Saigon-Van-international-moving-company.png\" alt=\"Saigon Van internationales Umzugsunternehmen\" width=\"1440\" height=\"700\" data-wp-pid=\"10258\" srcset=\"https:\/\/moverdb.com\/wp-content\/uploads\/Saigon-Van-international-moving-company.png 1440w, https:\/\/moverdb.com\/wp-content\/uploads\/Saigon-Van-international-moving-company-300x146.png 300w, https:\/\/moverdb.com\/wp-content\/uploads\/Saigon-Van-international-moving-company-1024x498.png 1024w, https:\/\/moverdb.com\/wp-content\/uploads\/Saigon-Van-international-moving-company-18x9.png 18w, https:\/\/moverdb.com\/wp-content\/uploads\/Saigon-Van-international-moving-company-600x292.png 600w\" sizes=\"auto, (max-width: 1440px) 100vw, 1440px\" \/><\/p>\n<ul>\n<li>Lokale und nationale Umz\u00fcge<\/li>\n<li>Internationale Umz\u00fcge<\/li>\n<li>Umz\u00fcge im Haushalt<\/li>\n<li>B\u00fcroumz\u00fcge<\/li>\n<li>Verpackungsservice<\/li>\n<li>Zollabfertigung<\/li>\n<li>Umz\u00fcge von Haustieren<\/li>\n<li>Heimwerker-Service<\/li>\n<li>Versicherung<\/li>\n<li>Lagerung<\/li>\n<\/ul>\n<p>Saigon Van ist ein 1990 gegr\u00fcndetes internationales Umzugsunternehmen mit Sitz in Ho-Chi-Minh-Stadt und einer Niederlassung in Ha Noi. Sie arbeiten mit internationalen Kollegen zusammen, um ihnen bei der Erbringung von Dienstleistungen au\u00dferhalb Vietnams zu helfen. Das Unternehmen ist Mitglied der IAM mit 33 Jahren Erfahrung und ist von der FIDI akkreditiert.<\/p>\n<p>Saigon Van bietet lokale, nationale und internationale Umzugs- und Relocation-Dienstleistungen an, die mit einer Bestandsaufnahme vor dem Umzug beginnen. Sie stellen ein erfahrenes Verpackungsteam zur Verf\u00fcgung, das Ihr Hab und Gut einpackt und sch\u00fctzt. Sie organisieren den Transport mit Zollabfertigung und Versicherung. Zu ihren Umzugsdienstleistungen geh\u00f6ren Visa, Schulanmeldung, Handwerkerdienste, Reinigungsdienste und Lagerung.<\/p>\n<p>Website: <a href=\"http:\/\/www.saigonvan.com\/\" target=\"_blank\" rel=\"noopener\">http:\/\/www.saigonvan.com\/<\/a><\/p>\n<h2><span class=\"ez-toc-section\" id=\"Other_Useful_Guides_to_Vietnam\"><\/span>Andere n\u00fctzliche Reisef\u00fchrer f\u00fcr Vietnam<span class=\"ez-toc-section-end\"><\/span><\/h2>\n<ul>\n<li> <a href=\"https:\/\/moverdb.com\/de\/containerschifffahrt\/vietnam\/\">2024 Seefracht-Container-Tarife von und nach Vietnam<\/a><\/li>\n<li> <a href=\"https:\/\/moverdb.com\/de\/moving-to-vietnam\/\">Umzug nach Vietnam? 2026 Lebenshaltungskosten &amp; Umzugstipps<\/a><\/li>\n<li> <a href=\"https:\/\/moverdb.com\/de\/moving-to-vietnam\/best-places-to-live-vietnam\/\">Die 12 besten Orte zum Leben in Vietnam<\/a><\/li>\n<\/ul>","protected":false},"excerpt":{"rendered":"<p>Are you thinking of moving to, from or within Vietnam? Getting a moving company to assist you can help ease the process as they can pack your effects, arrange transportation and manage customs procedures. Below we have compiled a list of Vietnam based removal companies that are members of the International Association of Movers (IAM) [&hellip;]<\/p>\n","protected":false},"author":4,"featured_media":10115,"parent":190,"menu_order":0,"comment_status":"closed","ping_status":"closed","template":"","meta":{"_genesis_hide_title":false,"_genesis_hide_breadcrumbs":false,"_genesis_hide_singular_image":false,"_genesis_hide_footer_widgets":false,"_genesis_custom_body_class":"","_genesis_custom_post_class":"","_genesis_layout":"","footnotes":""},"class_list":{"0":"post-10257","1":"page","2":"type-page","3":"status-publish","4":"has-post-thumbnail","6":"entry"},"_links":{"self":[{"href":"https:\/\/moverdb.com\/de\/wp-json\/wp\/v2\/pages\/10257","targetHints":{"allow":["GET"]}}],"collection":[{"href":"https:\/\/moverdb.com\/de\/wp-json\/wp\/v2\/pages"}],"about":[{"href":"https:\/\/moverdb.com\/de\/wp-json\/wp\/v2\/types\/page"}],"author":[{"embeddable":true,"href":"https:\/\/moverdb.com\/de\/wp-json\/wp\/v2\/users\/4"}],"replies":[{"embeddable":true,"href":"https:\/\/moverdb.com\/de\/wp-json\/wp\/v2\/comments?post=10257"}],"version-history":[{"count":3,"href":"https:\/\/moverdb.com\/de\/wp-json\/wp\/v2\/pages\/10257\/revisions"}],"predecessor-version":[{"id":16500,"href":"https:\/\/moverdb.com\/de\/wp-json\/wp\/v2\/pages\/10257\/revisions\/16500"}],"up":[{"embeddable":true,"href":"https:\/\/moverdb.com\/de\/wp-json\/wp\/v2\/pages\/190"}],"wp:featuredmedia":[{"embeddable":true,"href":"https:\/\/moverdb.com\/de\/wp-json\/wp\/v2\/media\/10115"}],"wp:attachment":[{"href":"https:\/\/moverdb.com\/de\/wp-json\/wp\/v2\/media?parent=10257"}],"curies":[{"name":"wp","href":"https:\/\/api.w.org\/{rel}","templated":true}]}}