{"id":10255,"date":"2023-11-22T15:17:48","date_gmt":"2023-11-22T15:17:48","guid":{"rendered":"https:\/\/moverdb.com\/?page_id=10255"},"modified":"2026-01-08T15:29:27","modified_gmt":"2026-01-08T15:29:27","slug":"moving-companies-venezuela","status":"publish","type":"page","link":"https:\/\/moverdb.com\/de\/moving-companies\/moving-companies-venezuela\/","title":{"rendered":"Die 6 besten internationalen Umzugsunternehmen in Venezuela"},"content":{"rendered":"<p>Ein Umzug kann sehr komplex sein, vor allem, wenn Sie in ein anderes Land ziehen. Wenn Sie also einen Umzug innerhalb von, nach oder von Venezuela planen, dann sollten Sie sich an einen <a href=\"https:\/\/moverdb.com\/de\/moving-companies\/\" data-internallinksmanager029f6b8e52c=\"79\" title=\"Top 25 Internationale Umzugsunternehmen Online\">Umzugsunternehmen<\/a> um Sie bei Ihrem Umzug zu unterst\u00fctzen. Nachfolgend haben wir eine Liste von Unternehmen in Venezuela zusammengestellt <a href=\"https:\/\/moverdb.com\/de\/international-removals\/\" data-internallinksmanager029f6b8e52c=\"27\" title=\"36 Beste internationale Umzugsunternehmen in Gro\u00dfbritannien\">Umzugsunternehmen<\/a> die Mitglieder der <a href=\"https:\/\/moverdb.com\/de\/iam\/\" data-internallinksmanager029f6b8e52c=\"23\" title=\"International Association of Movers (IAM) erkl\u00e4rt\">Internationaler Verband der M\u00f6belspediteure<\/a> (IAM) und\/oder <a href=\"https:\/\/moverdb.com\/de\/fidi-faim\/\" data-internallinksmanager029f6b8e52c=\"16\" title=\"FIDI &amp; FAIM (FIDI Accredited International Mover) Erl\u00e4utert\">FIDI<\/a> Accredited International Mover (FAIM), die Ihnen bei Ihrem Umzug helfen k\u00f6nnen.<\/p>\n<div id=\"ez-toc-container\" class=\"ez-toc-v2_0_82_2 ez-toc-wrap-left counter-hierarchy ez-toc-counter ez-toc-transparent ez-toc-container-direction\">\n<div class=\"ez-toc-title-container\">\n<p class=\"ez-toc-title\" style=\"cursor:inherit\">Rubriken<\/p>\n<span class=\"ez-toc-title-toggle\"><a href=\"#\" class=\"ez-toc-pull-right ez-toc-btn ez-toc-btn-xs ez-toc-btn-default ez-toc-toggle\" aria-label=\"Inhaltsverzeichnis umschalten\"><span class=\"ez-toc-js-icon-con\"><span class=\"\"><span class=\"eztoc-hide\" style=\"display:none;\">Umschalten auf<\/span><span class=\"ez-toc-icon-toggle-span\"><svg style=\"fill: #999;color:#999\" xmlns=\"http:\/\/www.w3.org\/2000\/svg\" class=\"list-377408\" width=\"20px\" height=\"20px\" viewbox=\"0 0 24 24\" fill=\"none\"><path d=\"M6 6H4v2h2V6zm14 0H8v2h12V6zM4 11h2v2H4v-2zm16 0H8v2h12v-2zM4 16h2v2H4v-2zm16 0H8v2h12v-2z\" fill=\"currentColor\"><\/path><\/svg><svg style=\"fill: #999;color:#999\" class=\"arrow-unsorted-368013\" xmlns=\"http:\/\/www.w3.org\/2000\/svg\" width=\"10px\" height=\"10px\" viewbox=\"0 0 24 24\" version=\"1.2\" baseprofile=\"tiny\"><path d=\"M18.2 9.3l-6.2-6.3-6.2 6.3c-.2.2-.3.4-.3.7s.1.5.3.7c.2.2.4.3.7.3h11c.3 0 .5-.1.7-.3.2-.2.3-.5.3-.7s-.1-.5-.3-.7zM5.8 14.7l6.2 6.3 6.2-6.3c.2-.2.3-.5.3-.7s-.1-.5-.3-.7c-.2-.2-.4-.3-.7-.3h-11c-.3 0-.5.1-.7.3-.2.2-.3.5-.3.7s.1.5.3.7z\"\/><\/svg><\/span><\/span><\/span><\/a><\/span><\/div>\n<nav><ul class='ez-toc-list ez-toc-list-level-1 eztoc-toggle-hide-by-default' ><li class='ez-toc-page-1 ez-toc-heading-level-2'><a class=\"ez-toc-link ez-toc-heading-1\" href=\"https:\/\/moverdb.com\/de\/moving-companies\/moving-companies-venezuela\/#1_AMP_Movers_International\" >1. AMP Umzugsunternehmen International<\/a><\/li><li class='ez-toc-page-1 ez-toc-heading-level-2'><a class=\"ez-toc-link ez-toc-heading-2\" href=\"https:\/\/moverdb.com\/de\/moving-companies\/moving-companies-venezuela\/#2_Clover_International\" >2. Klee International<\/a><\/li><li class='ez-toc-page-1 ez-toc-heading-level-2'><a class=\"ez-toc-link ez-toc-heading-3\" href=\"https:\/\/moverdb.com\/de\/moving-companies\/moving-companies-venezuela\/#3_Equixpress\" >3. Equixpress<\/a><\/li><li class='ez-toc-page-1 ez-toc-heading-level-2'><a class=\"ez-toc-link ez-toc-heading-4\" href=\"https:\/\/moverdb.com\/de\/moving-companies\/moving-companies-venezuela\/#4_JJ_Mari_International_Movers\" >4. JJ Mari Internationale Umzugsunternehmen<\/a><\/li><li class='ez-toc-page-1 ez-toc-heading-level-2'><a class=\"ez-toc-link ez-toc-heading-5\" href=\"https:\/\/moverdb.com\/de\/moving-companies\/moving-companies-venezuela\/#5_Moving_Life\" >5. Bewegtes Leben<\/a><\/li><li class='ez-toc-page-1 ez-toc-heading-level-2'><a class=\"ez-toc-link ez-toc-heading-6\" href=\"https:\/\/moverdb.com\/de\/moving-companies\/moving-companies-venezuela\/#6_Mudanzas_Internacionales_Global\" >6. Mudanzas Internacionales Global<\/a><\/li><\/ul><\/nav><\/div>\n<h2><span class=\"ez-toc-section\" id=\"1_AMP_Movers_International\"><\/span><strong>1. AMP Umzugsunternehmen International<\/strong><span class=\"ez-toc-section-end\"><\/span><\/h2>\n<p><img loading=\"lazy\" decoding=\"async\" class=\"alignnone size-full wp-image-10077\" src=\"https:\/\/moverdb.com\/wp-content\/uploads\/AMP-Movers-International-moving-company.png\" alt=\"AMP Movers internationales Umzugsunternehmen\" width=\"1440\" height=\"680\" data-wp-pid=\"10077\" srcset=\"https:\/\/moverdb.com\/wp-content\/uploads\/AMP-Movers-International-moving-company.png 1440w, https:\/\/moverdb.com\/wp-content\/uploads\/AMP-Movers-International-moving-company-300x142.png 300w, https:\/\/moverdb.com\/wp-content\/uploads\/AMP-Movers-International-moving-company-1024x484.png 1024w, https:\/\/moverdb.com\/wp-content\/uploads\/AMP-Movers-International-moving-company-18x9.png 18w, https:\/\/moverdb.com\/wp-content\/uploads\/AMP-Movers-International-moving-company-600x283.png 600w\" sizes=\"auto, (max-width: 1440px) 100vw, 1440px\" \/><\/p>\n<ul>\n<li>Nationale Umz\u00fcge<\/li>\n<li>Internationale Umz\u00fcge<\/li>\n<li>Umz\u00fcge im Haushalt<\/li>\n<li>Verpackungsservice<\/li>\n<li>Organisation des Transports<\/li>\n<li>Zollverfahren<\/li>\n<li>Umgang mit Kunstwerken<\/li>\n<li>Fahrzeugtransport<\/li>\n<li>Versicherung<\/li>\n<li>Lagereinrichtungen<\/li>\n<\/ul>\n<p>AMP Movers International ist ein nationales und internationales Umzugsunternehmen mit \u00fcber 10 Jahren Erfahrung und Sitz in Caracas. Sie verf\u00fcgen \u00fcber ein weltweites Netz von Umzugsagenten, die sie bei der Erbringung ihrer Dienstleistungen auf internationaler Ebene unterst\u00fctzen. Das Unternehmen ist Mitglied der IAM.<\/p>\n<p>AMP Movers International bietet eine individuelle Umzugsunterst\u00fctzung, die mit einer Besichtigung vor dem Umzug und einem Kostenvoranschlag beginnt. Sie bieten einen professionellen Verpackungsservice, bei dem spezielles, auf den Inhalt abgestimmtes Verpackungsmaterial verwendet wird, einschlie\u00dflich eines zus\u00e4tzlichen Schutzes f\u00fcr zerbrechliche Gegenst\u00e4nde. Bei der Ankunft helfen sie beim Auspacken, Aufstellen von M\u00f6beln und Entfernen von Materialien. Sie bieten auch Dienstleistungen f\u00fcr den Umgang mit Kunstwerken und Antiquit\u00e4ten, Fahrzeugtransporte und Lagerung an.<\/p>\n<p>Website: <a href=\"http:\/\/www.ampmovers.com\" target=\"_blank\" rel=\"noopener\">http:\/\/www.ampmovers.com<\/a><\/p>\n<h2><span class=\"ez-toc-section\" id=\"2_Clover_International\"><\/span><strong>2. Klee International<\/strong><span class=\"ez-toc-section-end\"><\/span><\/h2>\n<p><img loading=\"lazy\" decoding=\"async\" class=\"alignnone size-full wp-image-10094\" src=\"https:\/\/moverdb.com\/wp-content\/uploads\/Clover-International-moving-company.png\" alt=\"Clover International Umzugsunternehmen\" width=\"1440\" height=\"684\" data-wp-pid=\"10094\" srcset=\"https:\/\/moverdb.com\/wp-content\/uploads\/Clover-International-moving-company.png 1440w, https:\/\/moverdb.com\/wp-content\/uploads\/Clover-International-moving-company-300x143.png 300w, https:\/\/moverdb.com\/wp-content\/uploads\/Clover-International-moving-company-1024x486.png 1024w, https:\/\/moverdb.com\/wp-content\/uploads\/Clover-International-moving-company-18x9.png 18w, https:\/\/moverdb.com\/wp-content\/uploads\/Clover-International-moving-company-600x285.png 600w\" sizes=\"auto, (max-width: 1440px) 100vw, 1440px\" \/><\/p>\n<ul>\n<li>Nationale Umz\u00fcge<\/li>\n<li>Internationale Umz\u00fcge<\/li>\n<li>Umz\u00fcge in Wohnungen<\/li>\n<li>Firmen- und B\u00fcroumz\u00fcge<\/li>\n<li>Verpackungsservice<\/li>\n<li>Verwaltung des Zolls<\/li>\n<li>Transport von Haustieren und Fahrzeugen<\/li>\n<li>Reinigungsdienste<\/li>\n<li>Versicherung<\/li>\n<li>Lagereinrichtungen<\/li>\n<\/ul>\n<p>Clover International ist ein Logistik- und Umzugsunternehmen mit fast 60 Jahren Erfahrung und Sitz in Caracas. Sie sind Mitglied der IAM mit 59 Jahren Erfahrung und sind von der FIDI akkreditiert, was bedeutet, dass sie nach hohen Standards arbeiten und ein Netzwerk von Umzugsunternehmen haben, die ebenfalls auf diesem Niveau arbeiten.<\/p>\n<p>Clover International bietet spezialisierte Umzugsdienstleistungen f\u00fcr Haushalts- und Gesch\u00e4ftsgegenst\u00e4nde sowie f\u00fcr Haustiere und Fahrzeuge innerhalb, nach und aus Venezuela. Sie arrangieren den Transport und die Zollabwicklung f\u00fcr Ihre Gegenst\u00e4nde bis zu Ihrem Bestimmungsort, einschlie\u00dflich der Versicherung. Sie verwenden hochwertige Materialien und Sicherheitsstandards, um Ihre Gegenst\u00e4nde zu sch\u00fctzen.<\/p>\n<p>Website: <a href=\"https:\/\/www.cloverve.com\/\" target=\"_blank\" rel=\"noopener\">https:\/\/www.cloverve.com\/<\/a><\/p>\n<h2><span class=\"ez-toc-section\" id=\"3_Equixpress\"><\/span><strong>3. Equixpress<\/strong><span class=\"ez-toc-section-end\"><\/span><\/h2>\n<p><img loading=\"lazy\" decoding=\"async\" class=\"alignnone size-full wp-image-10112\" src=\"https:\/\/moverdb.com\/wp-content\/uploads\/Equixpress-international-moving-company.png\" alt=\"Equixpress internationales Umzugsunternehmen\" width=\"1440\" height=\"680\" data-wp-pid=\"10112\" srcset=\"https:\/\/moverdb.com\/wp-content\/uploads\/Equixpress-international-moving-company.png 1440w, https:\/\/moverdb.com\/wp-content\/uploads\/Equixpress-international-moving-company-300x142.png 300w, https:\/\/moverdb.com\/wp-content\/uploads\/Equixpress-international-moving-company-1024x484.png 1024w, https:\/\/moverdb.com\/wp-content\/uploads\/Equixpress-international-moving-company-18x9.png 18w, https:\/\/moverdb.com\/wp-content\/uploads\/Equixpress-international-moving-company-600x283.png 600w\" sizes=\"auto, (max-width: 1440px) 100vw, 1440px\" \/><\/p>\n<ul>\n<li>Nationale Umz\u00fcge<\/li>\n<li>Internationale Umz\u00fcge<\/li>\n<li>Umz\u00fcge im Haushalt<\/li>\n<li>Kommerzielle Logistik<\/li>\n<li>Verpackungsservice<\/li>\n<li>Luft-, See- und Landtransport<\/li>\n<li>Zollabfertigung<\/li>\n<li><a href=\"https:\/\/moverdb.com\/de\/car-transport-shipping\/\" data-internallinksmanager029f6b8e52c=\"2\" title=\"2026 Internationale Autotransporte &amp; Angebote f\u00fcr Fahrzeugtransporte\">Transport von Fahrzeugen<\/a><\/li>\n<li>Allgefahrenversicherung<\/li>\n<li>Lagereinrichtungen<\/li>\n<\/ul>\n<p>Equixpress ist ein 1963 gegr\u00fcndetes internationales Umzugsunternehmen mit Sitz in Caracas. Das Unternehmen ist Mitglied der IAM und verf\u00fcgt \u00fcber 60 Jahre Erfahrung, die es ihm erm\u00f6glicht, auf ein internationales Netz von Umzugsagenten zuzugreifen, um \u00fcberall auf der Welt Dienstleistungen zu erbringen.<\/p>\n<p>Equixpress bietet einen personalisierten Umzugsservice, der alle Aspekte des Umzugs abdeckt. Equixpress verpackt Ihr Umzugsgut sicher und arrangiert den Transport per Flugzeug, auf dem Seeweg oder auf der Stra\u00dfe zu Ihrem Bestimmungsort, einschlie\u00dflich Zollabwicklung und Vollkaskoversicherung. Equixpress verwendet hochwertiges Verpackungsmaterial und -kartons und geht besonders sorgf\u00e4ltig mit zerbrechlichen Gegenst\u00e4nden um, z. B. durch die Anfertigung ma\u00dfgeschneiderter Holzkisten.<\/p>\n<p>Website: <a href=\"http:\/\/www.equixpress.com\" target=\"_blank\" rel=\"noopener\">http:\/\/www.equixpress.com<\/a><\/p>\n<h2><span class=\"ez-toc-section\" id=\"4_JJ_Mari_International_Movers\"><\/span><strong>4. JJ Mari Internationale Umzugsunternehmen<\/strong><span class=\"ez-toc-section-end\"><\/span><\/h2>\n<p><img loading=\"lazy\" decoding=\"async\" class=\"alignnone size-full wp-image-10142\" src=\"https:\/\/moverdb.com\/wp-content\/uploads\/JJ-Mari-International-Movers-moving-company.png\" alt=\"JJ Mari International Movers Umzugsunternehmen\" width=\"1440\" height=\"680\" data-wp-pid=\"10142\" srcset=\"https:\/\/moverdb.com\/wp-content\/uploads\/JJ-Mari-International-Movers-moving-company.png 1440w, https:\/\/moverdb.com\/wp-content\/uploads\/JJ-Mari-International-Movers-moving-company-300x142.png 300w, https:\/\/moverdb.com\/wp-content\/uploads\/JJ-Mari-International-Movers-moving-company-1024x484.png 1024w, https:\/\/moverdb.com\/wp-content\/uploads\/JJ-Mari-International-Movers-moving-company-18x9.png 18w, https:\/\/moverdb.com\/wp-content\/uploads\/JJ-Mari-International-Movers-moving-company-600x283.png 600w\" sizes=\"auto, (max-width: 1440px) 100vw, 1440px\" \/><\/p>\n<ul>\n<li>Lokale Umz\u00fcge<\/li>\n<li>Internationale Umz\u00fcge<\/li>\n<li>Umz\u00fcge im Haushalt<\/li>\n<li>Umz\u00fcge von Unternehmen<\/li>\n<li>Verpackungsservice<\/li>\n<li>Luft- und Seefracht<\/li>\n<li>Zollabfertigung<\/li>\n<li>Umgang mit Kunstwerken<\/li>\n<li>Fahrzeug\u00fcberf\u00fchrungen<\/li>\n<li>Lagereinrichtungen<\/li>\n<\/ul>\n<p>JJ Mari International Movers ist ein internationales Logistik- und Transportunternehmen mit \u00fcber 35 Jahren Erfahrung und Sitz in Caracas. Das Unternehmen ist Mitglied der IAM mit 23 Jahren Erfahrung und ist von der FIDI akkreditiert, was ihm Zugang zu internationalen Netzwerken von Umzugsunternehmen verschafft, die nach hohen Standards arbeiten.<\/p>\n<p>JJ Mari International Movers bietet Umzugsdienste von T\u00fcr zu T\u00fcr f\u00fcr Haushalte, Unternehmen und Diplomaten. Sie stellen hochqualifiziertes Personal zur Verf\u00fcgung, das Ihr Hab und Gut ein- und auspackt und besonders vorsichtig mit zerbrechlichen Gegenst\u00e4nden wie Kunst und Antiquit\u00e4ten umgeht. Sie arrangieren internationale Transporte auf dem Luft- oder Seeweg mit Zollabfertigung, die auch Fahrzeugtransfers umfassen k\u00f6nnen.<\/p>\n<p>Website: <a href=\"http:\/\/www.jjmarimovers.net\" target=\"_blank\" rel=\"noopener\">http:\/\/www.jjmarimovers.net<\/a><\/p>\n<h2><span class=\"ez-toc-section\" id=\"5_Moving_Life\"><\/span><strong>5. Bewegtes Leben<\/strong><span class=\"ez-toc-section-end\"><\/span><\/h2>\n<p><img loading=\"lazy\" decoding=\"async\" class=\"alignnone size-full wp-image-10160\" src=\"https:\/\/moverdb.com\/wp-content\/uploads\/Moving-Life-international-moving-company.png\" alt=\"Moving Life internationales Umzugsunternehmen\" width=\"1440\" height=\"679\" data-wp-pid=\"10160\" srcset=\"https:\/\/moverdb.com\/wp-content\/uploads\/Moving-Life-international-moving-company.png 1440w, https:\/\/moverdb.com\/wp-content\/uploads\/Moving-Life-international-moving-company-300x141.png 300w, https:\/\/moverdb.com\/wp-content\/uploads\/Moving-Life-international-moving-company-1024x483.png 1024w, https:\/\/moverdb.com\/wp-content\/uploads\/Moving-Life-international-moving-company-18x8.png 18w, https:\/\/moverdb.com\/wp-content\/uploads\/Moving-Life-international-moving-company-600x283.png 600w\" sizes=\"auto, (max-width: 1440px) 100vw, 1440px\" \/><\/p>\n<ul>\n<li>Lokale und nationale Umz\u00fcge<\/li>\n<li>Internationale Umz\u00fcge<\/li>\n<li>Umz\u00fcge im Haushalt<\/li>\n<li>B\u00fcroumz\u00fcge<\/li>\n<li>Haus-zu-Haus-Dienst<\/li>\n<li>Verpackungsservice<\/li>\n<li>Luft- und Seeverkehr<\/li>\n<li>Zollverfahren<\/li>\n<li>Umgang mit Kunst<\/li>\n<li>Fahrzeug\u00fcberf\u00fchrungen<\/li>\n<\/ul>\n<p>Moving Life ist ein internationales Umzugsunternehmen mit \u00fcber 19 Jahren Erfahrung und Sitz in Caracas. Es wird von einem Netzwerk von \u00fcber 2.000 Mitgliedern unterst\u00fctzt, die 170 L\u00e4nder abdecken, um weltweit Dienstleistungen anzubieten. Das Unternehmen ist Mitglied der IAM und verf\u00fcgt \u00fcber acht Jahre Erfahrung.<\/p>\n<p>Moving Life bietet einen T\u00fcr-zu-T\u00fcr-Umzugsservice an, der mit einem Besuch vor dem Umzug beginnt, um Ihre Umzugsanforderungen zu ermitteln. Sie verpacken Ihr Hab und Gut mit professionellen, nach internationalen Standards anerkannten Techniken und erstellen ein Inventar. Sie verladen Ihre verpackten Gegenst\u00e4nde in speziell angefertigte Holztransporter f\u00fcr den Lufttransport oder Metallcontainer f\u00fcr den Seetransport und erledigen die Zollformalit\u00e4ten.<\/p>\n<p>Website: <a href=\"http:\/\/www.movinglife.com.ve\" target=\"_blank\" rel=\"noopener\">http:\/\/www.movinglife.com.ve<\/a><\/p>\n<h2><span class=\"ez-toc-section\" id=\"6_Mudanzas_Internacionales_Global\"><\/span><strong>6. Mudanzas Internacionales Global<\/strong><span class=\"ez-toc-section-end\"><\/span><\/h2>\n<p><img loading=\"lazy\" decoding=\"async\" class=\"alignnone size-full wp-image-10162\" src=\"https:\/\/moverdb.com\/wp-content\/uploads\/Mudanzas-Internacionales-Global-moving-company.png\" alt=\"Mudanzas Internacionales Weltweites Umzugsunternehmen\" width=\"1440\" height=\"682\" data-wp-pid=\"10162\" srcset=\"https:\/\/moverdb.com\/wp-content\/uploads\/Mudanzas-Internacionales-Global-moving-company.png 1440w, https:\/\/moverdb.com\/wp-content\/uploads\/Mudanzas-Internacionales-Global-moving-company-300x142.png 300w, https:\/\/moverdb.com\/wp-content\/uploads\/Mudanzas-Internacionales-Global-moving-company-1024x485.png 1024w, https:\/\/moverdb.com\/wp-content\/uploads\/Mudanzas-Internacionales-Global-moving-company-18x9.png 18w, https:\/\/moverdb.com\/wp-content\/uploads\/Mudanzas-Internacionales-Global-moving-company-600x284.png 600w\" sizes=\"auto, (max-width: 1440px) 100vw, 1440px\" \/><\/p>\n<ul>\n<li>Lokale und nationale Umz\u00fcge<\/li>\n<li>Internationale Umz\u00fcge<\/li>\n<li>Umz\u00fcge in Wohnungen<\/li>\n<li>Umfrage vor dem Umzug<\/li>\n<li>Verpackungsservice<\/li>\n<li>Modalit\u00e4ten der Bef\u00f6rderung<\/li>\n<li>Unterst\u00fctzung durch den Zoll<\/li>\n<li>Verfolgung der Bewegung<\/li>\n<li>Erf\u00fcllung internationaler Normen<\/li>\n<li>Vor\u00fcbergehende Lagerung<\/li>\n<\/ul>\n<p>Mudanzas Internacionales Global ist ein 1988 gegr\u00fcndetes Umzugsunternehmen mit Sitz in Caracas. Das Unternehmen ist Mitglied der IAM mit 35 Jahren Erfahrung und ist von der FIDI akkreditiert. Diese Mitgliedschaften erm\u00f6glichen es ihnen, mit einem Netzwerk von internationalen Umzugsunternehmen zusammenzuarbeiten, um sie bei Umz\u00fcgen in der ganzen Welt zu unterst\u00fctzen.<\/p>\n<p>Mudanzas Internacionales Global bietet einen personalisierten Umzugsservice, der internationalen Standards entspricht. Sie bieten eine Voruntersuchung an, um Ihre Umzugsanforderungen zu ermitteln und Empfehlungen f\u00fcr die besten Umzugsoptionen zu geben. Die erfahrenen Packer von Mudanzas Internacionales Global verwenden die besten Verpackungsmaterialien, die den internationalen Vorschriften entsprechen, um Ihre Gegenst\u00e4nde zu sch\u00fctzen.<\/p>\n<p>Website: <a href=\"http:\/\/www.miglobal.com\" target=\"_blank\" rel=\"noopener\">http:\/\/www.miglobal.com<\/a><\/p>","protected":false},"excerpt":{"rendered":"<p>Moving can be complex especially if you are moving country. So, if you are planning on moving within, to or from Venezuela, then you may want to engage a moving company to assist you with your move. Below we have compiled a list of Venezuela based removal companies that are members of the International Association [&hellip;]<\/p>\n","protected":false},"author":4,"featured_media":10077,"parent":190,"menu_order":0,"comment_status":"closed","ping_status":"closed","template":"","meta":{"_genesis_hide_title":false,"_genesis_hide_breadcrumbs":false,"_genesis_hide_singular_image":false,"_genesis_hide_footer_widgets":false,"_genesis_custom_body_class":"","_genesis_custom_post_class":"","_genesis_layout":"","footnotes":""},"class_list":{"0":"post-10255","1":"page","2":"type-page","3":"status-publish","4":"has-post-thumbnail","6":"entry"},"_links":{"self":[{"href":"https:\/\/moverdb.com\/de\/wp-json\/wp\/v2\/pages\/10255","targetHints":{"allow":["GET"]}}],"collection":[{"href":"https:\/\/moverdb.com\/de\/wp-json\/wp\/v2\/pages"}],"about":[{"href":"https:\/\/moverdb.com\/de\/wp-json\/wp\/v2\/types\/page"}],"author":[{"embeddable":true,"href":"https:\/\/moverdb.com\/de\/wp-json\/wp\/v2\/users\/4"}],"replies":[{"embeddable":true,"href":"https:\/\/moverdb.com\/de\/wp-json\/wp\/v2\/comments?post=10255"}],"version-history":[{"count":1,"href":"https:\/\/moverdb.com\/de\/wp-json\/wp\/v2\/pages\/10255\/revisions"}],"predecessor-version":[{"id":10256,"href":"https:\/\/moverdb.com\/de\/wp-json\/wp\/v2\/pages\/10255\/revisions\/10256"}],"up":[{"embeddable":true,"href":"https:\/\/moverdb.com\/de\/wp-json\/wp\/v2\/pages\/190"}],"wp:featuredmedia":[{"embeddable":true,"href":"https:\/\/moverdb.com\/de\/wp-json\/wp\/v2\/media\/10077"}],"wp:attachment":[{"href":"https:\/\/moverdb.com\/de\/wp-json\/wp\/v2\/media?parent=10255"}],"curies":[{"name":"wp","href":"https:\/\/api.w.org\/{rel}","templated":true}]}}