{"id":10253,"date":"2023-06-22T15:36:35","date_gmt":"2023-06-22T15:36:35","guid":{"rendered":"https:\/\/moverdb.com\/?page_id=10253"},"modified":"2026-01-08T15:23:53","modified_gmt":"2026-01-08T15:23:53","slug":"moving-companies-uzbekistan","status":"publish","type":"page","link":"https:\/\/moverdb.com\/de\/moving-companies\/moving-companies-uzbekistan\/","title":{"rendered":"2 beste internationale Umzugsunternehmen in Usbekistan"},"content":{"rendered":"<p>Planen Sie einen Umzug innerhalb, nach oder von Usbekistan? Dann beauftragen Sie einen <a href=\"https:\/\/moverdb.com\/de\/moving-companies\/\" data-internallinksmanager029f6b8e52c=\"79\" title=\"Top 25 Internationale Umzugsunternehmen Online\">Umzugsunternehmen<\/a> die Ihnen beim Packen, bei der Organisation des Transports und bei der Zollabwicklung f\u00fcr internationale Umz\u00fcge behilflich sein k\u00f6nnen, k\u00f6nnen Ihren Umzug wirklich erleichtern. Im Folgenden haben wir eine Liste der in Usbekistan ans\u00e4ssigen <a href=\"https:\/\/moverdb.com\/de\/international-removals\/\" data-internallinksmanager029f6b8e52c=\"27\" title=\"36 Beste internationale Umzugsunternehmen in Gro\u00dfbritannien\">Umzugsunternehmen<\/a> die Mitglieder der <a href=\"https:\/\/moverdb.com\/de\/iam\/\" data-internallinksmanager029f6b8e52c=\"23\" title=\"International Association of Movers (IAM) erkl\u00e4rt\">Internationaler Verband der M\u00f6belspediteure<\/a> (IAM) und\/oder <a href=\"https:\/\/moverdb.com\/de\/fidi-faim\/\" data-internallinksmanager029f6b8e52c=\"16\" title=\"FIDI &amp; FAIM (FIDI Accredited International Mover) Erl\u00e4utert\">FIDI<\/a> Accredited International Mover (FAIM), die Ihnen bei Ihrem Umzug helfen k\u00f6nnen.<\/p>\n<h2><strong>1. Eins bewegen<\/strong><\/h2>\n<p><img loading=\"lazy\" decoding=\"async\" class=\"alignnone size-full wp-image-10159\" src=\"https:\/\/moverdb.com\/wp-content\/uploads\/Move-One-international-moving-company-1.png\" alt=\"Move One internationales Umzugsunternehmen\" width=\"1440\" height=\"676\" data-wp-pid=\"10159\" srcset=\"https:\/\/moverdb.com\/wp-content\/uploads\/Move-One-international-moving-company-1.png 1440w, https:\/\/moverdb.com\/wp-content\/uploads\/Move-One-international-moving-company-1-300x141.png 300w, https:\/\/moverdb.com\/wp-content\/uploads\/Move-One-international-moving-company-1-1024x481.png 1024w, https:\/\/moverdb.com\/wp-content\/uploads\/Move-One-international-moving-company-1-18x8.png 18w, https:\/\/moverdb.com\/wp-content\/uploads\/Move-One-international-moving-company-1-600x282.png 600w\" sizes=\"auto, (max-width: 1440px) 100vw, 1440px\" \/><\/p>\n<ul>\n<li>Nationale Umz\u00fcge<\/li>\n<li>Internationale Umz\u00fcge<\/li>\n<li>Umz\u00fcge im Haushalt<\/li>\n<li>Kommerzielle Logistik<\/li>\n<li>Umzugsdienste<\/li>\n<li>Verpackungsservice<\/li>\n<li>Vorkehrungen f\u00fcr den Transport<\/li>\n<li>Unterst\u00fctzung durch den Zoll<\/li>\n<li>Transport von Haustieren und Fahrzeugen<\/li>\n<li>Lagereinrichtungen<\/li>\n<\/ul>\n<p>Move One ist ein 1992 gegr\u00fcndetes Unternehmen f\u00fcr Logistik, Umz\u00fcge und globale Mobilit\u00e4tsl\u00f6sungen mit \u00fcber 80 Niederlassungen in Osteuropa, Afrika, dem Nahen Osten, den Balkanl\u00e4ndern und der GUS. Ihr usbekisches B\u00fcro befindet sich in Taschkent. Das Unternehmen verf\u00fcgt \u00fcber ein Netz von B\u00fcros und Agenten, die internationale Dienstleistungen anbieten. Das Unternehmen ist seit sieben Jahren Mitglied der IAM.<\/p>\n<p>Move One koordiniert Ihren Umzug und sorgt f\u00fcr einen reibungslosen Ablauf, indem es einen Verpackungsservice, Transportvorbereitungen und Unterst\u00fctzung beim Zoll anbietet. Das Unternehmen bietet zus\u00e4tzliche Dienstleistungen wie Genehmigungen und Visa, Tiertransporte, Autotransporte, \u00dcbergep\u00e4ck und Lagerung. Zu den Umzugsdienstleistungen geh\u00f6ren die Wohnungs- und Schulsuche, die vor\u00fcbergehende Unterbringung, die Orientierung und die Unterst\u00fctzung bei der Eingew\u00f6hnung.<\/p>\n<p>Website: <a href=\"https:\/\/www.moveoneinc.com\" target=\"_blank\" rel=\"noopener\">https:\/\/www.moveoneinc.com<\/a><\/p>\n<h2><strong>2. Gosselin<\/strong><\/h2>\n<p><img loading=\"lazy\" decoding=\"async\" class=\"alignnone size-full wp-image-10132\" src=\"https:\/\/moverdb.com\/wp-content\/uploads\/Gosselin-Uzbekistan-international-moving-company.png\" alt=\"Gosselin Usbekistan internationales Umzugsunternehmen\" width=\"1440\" height=\"680\" data-wp-pid=\"10132\" srcset=\"https:\/\/moverdb.com\/wp-content\/uploads\/Gosselin-Uzbekistan-international-moving-company.png 1440w, https:\/\/moverdb.com\/wp-content\/uploads\/Gosselin-Uzbekistan-international-moving-company-300x142.png 300w, https:\/\/moverdb.com\/wp-content\/uploads\/Gosselin-Uzbekistan-international-moving-company-1024x484.png 1024w, https:\/\/moverdb.com\/wp-content\/uploads\/Gosselin-Uzbekistan-international-moving-company-18x9.png 18w, https:\/\/moverdb.com\/wp-content\/uploads\/Gosselin-Uzbekistan-international-moving-company-600x283.png 600w\" sizes=\"auto, (max-width: 1440px) 100vw, 1440px\" \/><\/p>\n<ul>\n<li>Nationale Umz\u00fcge<\/li>\n<li>Internationale Umz\u00fcge<\/li>\n<li>Umz\u00fcge im Haushalt<\/li>\n<li>B\u00fcroumz\u00fcge<\/li>\n<li>Haus-zu-Haus-Dienst<\/li>\n<li>Verpackungsservice<\/li>\n<li>Modalit\u00e4ten der Bef\u00f6rderung<\/li>\n<li>Sch\u00f6ne Kunst bewegt<\/li>\n<li>Auto- und Haustierumz\u00fcge<\/li>\n<li>L\u00f6sungen f\u00fcr die Lagerung<\/li>\n<\/ul>\n<p>Gosselin ist ein 1930 gegr\u00fcndetes internationales Umzugsunternehmen mit Niederlassungen in 34 L\u00e4ndern in Europa, dem Kaukasus und Zentralasien, einschlie\u00dflich Taschkent in Usbekistan. Gosselin verf\u00fcgt \u00fcber eigene Niederlassungen und ein Netz von Umzugspartnern in der ganzen Welt, um internationale Dienstleistungen zu erbringen. Das Unternehmen ist Mitglied der IAM.<\/p>\n<p>Gosselin bietet einen T\u00fcr-zu-T\u00fcr-Umzugsservice mit professionellen Umzugshelfern, die Ihnen bei Ihrem Umzug \u00fcberall auf der Welt helfen. Sie verpacken Ihr Umzugsgut sicher, demontieren und montieren die M\u00f6bel und packen bei der Ankunft aus. Sie verwenden umweltfreundliches Verpackungsmaterial und bieten eine Transportversicherung an. Sie bieten zus\u00e4tzliche Dienstleistungen an, darunter den Umgang mit Kunstgegenst\u00e4nden, <a href=\"https:\/\/moverdb.com\/de\/car-transport-shipping\/\" data-internallinksmanager029f6b8e52c=\"2\" title=\"2026 Internationale Autotransporte &amp; Angebote f\u00fcr Fahrzeugtransporte\">Autotransport<\/a>L\u00f6sungen f\u00fcr den Umzug und die Lagerung von Haustieren.<\/p>\n<p>Website: <a href=\"https:\/\/gosselin-moving.com\/uzbekistan\" target=\"_blank\" rel=\"noopener\">https:\/\/gosselin-moving.com\/uzbekistan<\/a><\/p>","protected":false},"excerpt":{"rendered":"<p>Are you planning on moving within, to or from Uzbekistan? Then engaging a moving company who can assist you with packing, arranging transport and handling customs for international moves can really ease your move. Below we have compiled a list of Uzbekistan based removal companies that are members of the International Association of Movers (IAM) [&hellip;]<\/p>\n","protected":false},"author":4,"featured_media":10159,"parent":190,"menu_order":0,"comment_status":"closed","ping_status":"closed","template":"","meta":{"_genesis_hide_title":false,"_genesis_hide_breadcrumbs":false,"_genesis_hide_singular_image":false,"_genesis_hide_footer_widgets":false,"_genesis_custom_body_class":"","_genesis_custom_post_class":"","_genesis_layout":"","footnotes":""},"class_list":{"0":"post-10253","1":"page","2":"type-page","3":"status-publish","4":"has-post-thumbnail","6":"entry"},"_links":{"self":[{"href":"https:\/\/moverdb.com\/de\/wp-json\/wp\/v2\/pages\/10253","targetHints":{"allow":["GET"]}}],"collection":[{"href":"https:\/\/moverdb.com\/de\/wp-json\/wp\/v2\/pages"}],"about":[{"href":"https:\/\/moverdb.com\/de\/wp-json\/wp\/v2\/types\/page"}],"author":[{"embeddable":true,"href":"https:\/\/moverdb.com\/de\/wp-json\/wp\/v2\/users\/4"}],"replies":[{"embeddable":true,"href":"https:\/\/moverdb.com\/de\/wp-json\/wp\/v2\/comments?post=10253"}],"version-history":[{"count":1,"href":"https:\/\/moverdb.com\/de\/wp-json\/wp\/v2\/pages\/10253\/revisions"}],"predecessor-version":[{"id":10254,"href":"https:\/\/moverdb.com\/de\/wp-json\/wp\/v2\/pages\/10253\/revisions\/10254"}],"up":[{"embeddable":true,"href":"https:\/\/moverdb.com\/de\/wp-json\/wp\/v2\/pages\/190"}],"wp:featuredmedia":[{"embeddable":true,"href":"https:\/\/moverdb.com\/de\/wp-json\/wp\/v2\/media\/10159"}],"wp:attachment":[{"href":"https:\/\/moverdb.com\/de\/wp-json\/wp\/v2\/media?parent=10253"}],"curies":[{"name":"wp","href":"https:\/\/api.w.org\/{rel}","templated":true}]}}