{"id":10249,"date":"2023-06-22T15:38:39","date_gmt":"2023-06-22T15:38:39","guid":{"rendered":"https:\/\/moverdb.com\/?page_id=10249"},"modified":"2026-01-08T15:24:29","modified_gmt":"2026-01-08T15:24:29","slug":"moving-companies-uruguay","status":"publish","type":"page","link":"https:\/\/moverdb.com\/de\/moving-companies\/moving-companies-uruguay\/","title":{"rendered":"Die 3 besten internationalen Umzugsunternehmen in Uruguay"},"content":{"rendered":"<p>Ein Wohnungs- oder Gesch\u00e4ftsumzug kann eine hektische und stressige Zeit sein, in der es viel zu tun und zu organisieren gibt. Das ist der Punkt, an dem ein <a href=\"https:\/\/moverdb.com\/de\/moving-companies\/\" data-internallinksmanager029f6b8e52c=\"79\" title=\"Top 25 Internationale Umzugsunternehmen Online\">Umzugsunternehmen<\/a> kann Ihnen viele Aufgaben abnehmen, wie z. B. das Packen, die Organisation des Transports und die Abwicklung der Zollformalit\u00e4ten bei Umz\u00fcgen zwischen den L\u00e4ndern. Im Folgenden haben wir eine Liste der in Uruguay ans\u00e4ssigen <a href=\"https:\/\/moverdb.com\/de\/international-removals\/\" data-internallinksmanager029f6b8e52c=\"27\" title=\"36 Beste internationale Umzugsunternehmen in Gro\u00dfbritannien\">Umzugsunternehmen<\/a> die Mitglieder der <a href=\"https:\/\/moverdb.com\/de\/iam\/\" data-internallinksmanager029f6b8e52c=\"23\" title=\"International Association of Movers (IAM) erkl\u00e4rt\">Internationaler Verband der M\u00f6belspediteure<\/a> (IAM) und\/oder <a href=\"https:\/\/moverdb.com\/de\/fidi-faim\/\" data-internallinksmanager029f6b8e52c=\"16\" title=\"FIDI &amp; FAIM (FIDI Accredited International Mover) Erl\u00e4utert\">FIDI<\/a> Accredited International Mover (FAIM), die Sie bei Ihrem Umzug unterst\u00fctzen k\u00f6nnen.<\/p>\n<h2><strong>1. AB Umzug<\/strong><\/h2>\n<p><img loading=\"lazy\" decoding=\"async\" class=\"alignnone size-full wp-image-10064\" src=\"https:\/\/moverdb.com\/wp-content\/uploads\/AB-Moving-international-moving-company.png\" alt=\"AB Moving internationales Umzugsunternehmen\" width=\"1440\" height=\"679\" data-wp-pid=\"10064\" srcset=\"https:\/\/moverdb.com\/wp-content\/uploads\/AB-Moving-international-moving-company.png 1440w, https:\/\/moverdb.com\/wp-content\/uploads\/AB-Moving-international-moving-company-300x141.png 300w, https:\/\/moverdb.com\/wp-content\/uploads\/AB-Moving-international-moving-company-1024x483.png 1024w, https:\/\/moverdb.com\/wp-content\/uploads\/AB-Moving-international-moving-company-18x8.png 18w, https:\/\/moverdb.com\/wp-content\/uploads\/AB-Moving-international-moving-company-600x283.png 600w\" sizes=\"auto, (max-width: 1440px) 100vw, 1440px\" \/><\/p>\n<ul>\n<li>Nationale Umz\u00fcge<\/li>\n<li>Internationale Umz\u00fcge<\/li>\n<li>Umz\u00fcge im Haushalt<\/li>\n<li>Gesch\u00e4ftliche Umz\u00fcge<\/li>\n<li>Umzugsdienste<\/li>\n<li>Professionelle Verpackung<\/li>\n<li>Luft-, See- und Landtransport<\/li>\n<li>Umgang mit Kunst<\/li>\n<li>Umz\u00fcge von Haustieren<\/li>\n<li>Sichere Lagerung<\/li>\n<\/ul>\n<p>AB Moving ist ein internationales Umzugs- und Relocation-Unternehmen mit mehr als 25 Jahren Erfahrung und Sitz in Montevideo. Sie verf\u00fcgen \u00fcber ein weltweites Agentennetz, das es ihnen erm\u00f6glicht, Umz\u00fcge \u00fcberall auf der Welt durchzuf\u00fchren. Das Unternehmen ist Mitglied der IAM und kann auf 15 Jahre Erfahrung zur\u00fcckblicken.<\/p>\n<p>AB Moving bietet personalisierte Dienstleistungen, die auf Ihre Bed\u00fcrfnisse zugeschnitten sind und einen Haus-zu-Haus-Service bieten. Sie bieten einen professionellen Verpackungsservice, der hochwertige Materialien und ma\u00dfgeschneiderte Holzskelette zum Schutz Ihrer Gegenst\u00e4nde verwendet. Sie organisieren den Transport auf dem Luft-, See- oder Landweg mit allen erforderlichen Unterlagen.<\/p>\n<p>Website: <a href=\"http:\/\/www.ab.com.uy\" target=\"_blank\" rel=\"noopener\">http:\/\/www.ab.com.uy<\/a><\/p>\n<h2><strong>2. Autogiro<\/strong><\/h2>\n<p><img loading=\"lazy\" decoding=\"async\" class=\"alignnone size-full wp-image-10085\" src=\"https:\/\/moverdb.com\/wp-content\/uploads\/Autogiro-international-moving-company.png\" alt=\"Autogiro internationales Umzugsunternehmen\" width=\"1440\" height=\"682\" data-wp-pid=\"10085\" srcset=\"https:\/\/moverdb.com\/wp-content\/uploads\/Autogiro-international-moving-company.png 1440w, https:\/\/moverdb.com\/wp-content\/uploads\/Autogiro-international-moving-company-300x142.png 300w, https:\/\/moverdb.com\/wp-content\/uploads\/Autogiro-international-moving-company-1024x485.png 1024w, https:\/\/moverdb.com\/wp-content\/uploads\/Autogiro-international-moving-company-18x9.png 18w, https:\/\/moverdb.com\/wp-content\/uploads\/Autogiro-international-moving-company-600x284.png 600w\" sizes=\"auto, (max-width: 1440px) 100vw, 1440px\" \/><\/p>\n<ul>\n<li>Nationale Umz\u00fcge<\/li>\n<li>Internationale Umz\u00fcge<\/li>\n<li>Umz\u00fcge in Wohnungen<\/li>\n<li>Umz\u00fcge von Unternehmen<\/li>\n<li>Umzugsdienste<\/li>\n<li>Verpackungsservice<\/li>\n<li>Vorkehrungen f\u00fcr den Transport<\/li>\n<li>Umgang mit Kunstwerken<\/li>\n<li>Transport von Haustieren<\/li>\n<li>Sichere Lagerung<\/li>\n<\/ul>\n<p>Autogiro ist ein 1925 gegr\u00fcndetes Umzugs- und Frachttransportunternehmen mit Sitz in Montevideo. Es hat Verbindungen zu Agenten in der ganzen Welt aufgebaut, die hohe Standards erf\u00fcllen und es bei der Bereitstellung internationaler Dienstleistungen unterst\u00fctzen. Das Unternehmen ist seit 98 Jahren Mitglied der IAM und ist von der FIDI akkreditiert.<\/p>\n<p>Autogiro sch\u00e4tzt zun\u00e4chst das Volumen Ihres Umzugs und erstellt ein Angebot f\u00fcr einen T\u00fcr-zu-T\u00fcr-Umzug mit Zollberatung. Sie verpacken Ihr Umzugsgut und sch\u00fctzen es in MDF-Schubladen und erf\u00fcllen die internationalen Normen f\u00fcr zerbrechliche Gegenst\u00e4nde. Das Umzugsgut wird entweder in einen Container oder in Holzkisten verladen und mit einer Bestandsaufnahme zu Ihrem Zielort transportiert.<\/p>\n<p>Website: <a href=\"http:\/\/www.autogiro.com.uy\" target=\"_blank\" rel=\"noopener\">http:\/\/www.autogiro.com.uy<\/a><\/p>\n<h2><strong>3. Uruvan<\/strong><\/h2>\n<p><img loading=\"lazy\" decoding=\"async\" class=\"alignnone size-full wp-image-10251\" src=\"https:\/\/moverdb.com\/wp-content\/uploads\/Uruvan-international-moving-company-1.png\" alt=\"Uruvan internationales Umzugsunternehmen\" width=\"1440\" height=\"709\" data-wp-pid=\"10251\" srcset=\"https:\/\/moverdb.com\/wp-content\/uploads\/Uruvan-international-moving-company-1.png 1440w, https:\/\/moverdb.com\/wp-content\/uploads\/Uruvan-international-moving-company-1-300x148.png 300w, https:\/\/moverdb.com\/wp-content\/uploads\/Uruvan-international-moving-company-1-1024x504.png 1024w, https:\/\/moverdb.com\/wp-content\/uploads\/Uruvan-international-moving-company-1-18x9.png 18w, https:\/\/moverdb.com\/wp-content\/uploads\/Uruvan-international-moving-company-1-600x295.png 600w\" sizes=\"auto, (max-width: 1440px) 100vw, 1440px\" \/><\/p>\n<ul>\n<li>Nationale Umz\u00fcge<\/li>\n<li>Internationale Umz\u00fcge<\/li>\n<li>Umz\u00fcge im Haushalt<\/li>\n<li>Umz\u00fcge von Unternehmen<\/li>\n<li>Umzugsdienste<\/li>\n<li>Verpackungsservice<\/li>\n<li>Zollabfertigung<\/li>\n<li>Kunsttransport<\/li>\n<li>Transport von Haustieren<\/li>\n<li>Lagereinrichtungen<\/li>\n<\/ul>\n<p>Uruvan ist ein 1982 gegr\u00fcndetes nationales und internationales Umzugsunternehmen, das Speditions- und Lagerungsdienste anbietet und seinen Sitz in Montevideo sowie ein B\u00fcro in Punta del Etse hat. Das Unternehmen arbeitet mit Agenturen auf der ganzen Welt zusammen, um Dienstleistungen in Uruguay und international anzubieten. Das Unternehmen ist seit 41 Jahren Mitglied der IAM und ist von der FIDI akkreditiert.<\/p>\n<p>Uruvan bietet einen T\u00fcr-zu-T\u00fcr-Umzugsdienst an, der mit einer Hausbesichtigung beginnt, um Ihre Bed\u00fcrfnisse zu ermitteln und einen Kostenvoranschlag zu erstellen. Uruvan koordiniert Ihren Umzug und k\u00fcmmert sich um Transport, Verpackung und Zollabfertigung. Ihr professionelles Umzugsteam verpackt Ihr Umzugsgut mit geeignetem Verpackungsmaterial, um es beim Transport zu Ihrem neuen Zuhause zu sch\u00fctzen.<\/p>\n<p>Website: <a href=\"http:\/\/www.uruvan.com.uy\" target=\"_blank\" rel=\"noopener\">http:\/\/www.uruvan.com.uy<\/a><\/p>","protected":false},"excerpt":{"rendered":"<p>Moving home or your business can be a hectic and stressful time with a lot to do and arrange. This is where a moving company can help you by taking on many of the tasks such as packing, arranging transportation and handling customs arrangements for inter-country moves. Below we have compiled a list of Uruguay [&hellip;]<\/p>\n","protected":false},"author":4,"featured_media":10064,"parent":190,"menu_order":0,"comment_status":"closed","ping_status":"closed","template":"","meta":{"_genesis_hide_title":false,"_genesis_hide_breadcrumbs":false,"_genesis_hide_singular_image":false,"_genesis_hide_footer_widgets":false,"_genesis_custom_body_class":"","_genesis_custom_post_class":"","_genesis_layout":"","footnotes":""},"class_list":{"0":"post-10249","1":"page","2":"type-page","3":"status-publish","4":"has-post-thumbnail","6":"entry"},"_links":{"self":[{"href":"https:\/\/moverdb.com\/de\/wp-json\/wp\/v2\/pages\/10249","targetHints":{"allow":["GET"]}}],"collection":[{"href":"https:\/\/moverdb.com\/de\/wp-json\/wp\/v2\/pages"}],"about":[{"href":"https:\/\/moverdb.com\/de\/wp-json\/wp\/v2\/types\/page"}],"author":[{"embeddable":true,"href":"https:\/\/moverdb.com\/de\/wp-json\/wp\/v2\/users\/4"}],"replies":[{"embeddable":true,"href":"https:\/\/moverdb.com\/de\/wp-json\/wp\/v2\/comments?post=10249"}],"version-history":[{"count":1,"href":"https:\/\/moverdb.com\/de\/wp-json\/wp\/v2\/pages\/10249\/revisions"}],"predecessor-version":[{"id":10252,"href":"https:\/\/moverdb.com\/de\/wp-json\/wp\/v2\/pages\/10249\/revisions\/10252"}],"up":[{"embeddable":true,"href":"https:\/\/moverdb.com\/de\/wp-json\/wp\/v2\/pages\/190"}],"wp:featuredmedia":[{"embeddable":true,"href":"https:\/\/moverdb.com\/de\/wp-json\/wp\/v2\/media\/10064"}],"wp:attachment":[{"href":"https:\/\/moverdb.com\/de\/wp-json\/wp\/v2\/media?parent=10249"}],"curies":[{"name":"wp","href":"https:\/\/api.w.org\/{rel}","templated":true}]}}