{"id":10242,"date":"2023-06-22T15:43:24","date_gmt":"2023-06-22T15:43:24","guid":{"rendered":"https:\/\/moverdb.com\/?page_id=10242"},"modified":"2026-01-08T15:24:54","modified_gmt":"2026-01-08T15:24:54","slug":"moving-companies-uganda","status":"publish","type":"page","link":"https:\/\/moverdb.com\/de\/moving-companies\/moving-companies-uganda\/","title":{"rendered":"Die 4 besten internationalen Umzugsunternehmen in Uganda"},"content":{"rendered":"<p>Der Umzug Ihres Hauses oder Unternehmens innerhalb Ugandas, nach und aus Uganda kann kompliziert sein. <a href=\"https:\/\/moverdb.com\/de\/moving-companies\/\" data-internallinksmanager029f6b8e52c=\"79\" title=\"Top 25 Internationale Umzugsunternehmen Online\">Umzugsunternehmen<\/a> k\u00f6nnen einen gro\u00dfen Unterschied machen. Sie k\u00f6nnen bei der Verpackung, den Transportvorbereitungen und der Import-\/Exportabwicklung helfen. Im Folgenden haben wir eine Liste der in Uganda ans\u00e4ssigen <a href=\"https:\/\/moverdb.com\/de\/international-removals\/\" data-internallinksmanager029f6b8e52c=\"27\" title=\"36 Beste internationale Umzugsunternehmen in Gro\u00dfbritannien\">Umzugsunternehmen<\/a> die Mitglieder der <a href=\"https:\/\/moverdb.com\/de\/iam\/\" data-internallinksmanager029f6b8e52c=\"23\" title=\"International Association of Movers (IAM) erkl\u00e4rt\">Internationaler Verband der M\u00f6belspediteure<\/a> (IAM) und\/oder <a href=\"https:\/\/moverdb.com\/de\/fidi-faim\/\" data-internallinksmanager029f6b8e52c=\"16\" title=\"FIDI &amp; FAIM (FIDI Accredited International Mover) Erl\u00e4utert\">FIDI<\/a> Accredited International Mover (FAIM), die Ihnen bei Ihrem Umzug helfen k\u00f6nnen.<\/p>\n<div id=\"ez-toc-container\" class=\"ez-toc-v2_0_82_2 ez-toc-wrap-left counter-hierarchy ez-toc-counter ez-toc-transparent ez-toc-container-direction\">\n<div class=\"ez-toc-title-container\">\n<p class=\"ez-toc-title\" style=\"cursor:inherit\">Rubriken<\/p>\n<span class=\"ez-toc-title-toggle\"><a href=\"#\" class=\"ez-toc-pull-right ez-toc-btn ez-toc-btn-xs ez-toc-btn-default ez-toc-toggle\" aria-label=\"Inhaltsverzeichnis umschalten\"><span class=\"ez-toc-js-icon-con\"><span class=\"\"><span class=\"eztoc-hide\" style=\"display:none;\">Umschalten auf<\/span><span class=\"ez-toc-icon-toggle-span\"><svg style=\"fill: #999;color:#999\" xmlns=\"http:\/\/www.w3.org\/2000\/svg\" class=\"list-377408\" width=\"20px\" height=\"20px\" viewbox=\"0 0 24 24\" fill=\"none\"><path d=\"M6 6H4v2h2V6zm14 0H8v2h12V6zM4 11h2v2H4v-2zm16 0H8v2h12v-2zM4 16h2v2H4v-2zm16 0H8v2h12v-2z\" fill=\"currentColor\"><\/path><\/svg><svg style=\"fill: #999;color:#999\" class=\"arrow-unsorted-368013\" xmlns=\"http:\/\/www.w3.org\/2000\/svg\" width=\"10px\" height=\"10px\" viewbox=\"0 0 24 24\" version=\"1.2\" baseprofile=\"tiny\"><path d=\"M18.2 9.3l-6.2-6.3-6.2 6.3c-.2.2-.3.4-.3.7s.1.5.3.7c.2.2.4.3.7.3h11c.3 0 .5-.1.7-.3.2-.2.3-.5.3-.7s-.1-.5-.3-.7zM5.8 14.7l6.2 6.3 6.2-6.3c.2-.2.3-.5.3-.7s-.1-.5-.3-.7c-.2-.2-.4-.3-.7-.3h-11c-.3 0-.5.1-.7.3-.2.2-.3.5-.3.7s.1.5.3.7z\"\/><\/svg><\/span><\/span><\/span><\/a><\/span><\/div>\n<nav><ul class='ez-toc-list ez-toc-list-level-1 eztoc-toggle-hide-by-default' ><li class='ez-toc-page-1 ez-toc-heading-level-2'><a class=\"ez-toc-link ez-toc-heading-1\" href=\"https:\/\/moverdb.com\/de\/moving-companies\/moving-companies-uganda\/#1_JVK\" >1. JVK<\/a><\/li><li class='ez-toc-page-1 ez-toc-heading-level-2'><a class=\"ez-toc-link ez-toc-heading-2\" href=\"https:\/\/moverdb.com\/de\/moving-companies\/moving-companies-uganda\/#2_Nellions\" >2. Nellionen<\/a><\/li><li class='ez-toc-page-1 ez-toc-heading-level-2'><a class=\"ez-toc-link ez-toc-heading-3\" href=\"https:\/\/moverdb.com\/de\/moving-companies\/moving-companies-uganda\/#3_Uni_Movers\" >3. Uni Movers<\/a><\/li><li class='ez-toc-page-1 ez-toc-heading-level-2'><a class=\"ez-toc-link ez-toc-heading-4\" href=\"https:\/\/moverdb.com\/de\/moving-companies\/moving-companies-uganda\/#4_Worldwide_Movers_Africa\" >4. Worldwide Movers Afrika<\/a><\/li><\/ul><\/nav><\/div>\n<h2><span class=\"ez-toc-section\" id=\"1_JVK\"><\/span><strong>1. JVK<\/strong><span class=\"ez-toc-section-end\"><\/span><\/h2>\n<p><img loading=\"lazy\" decoding=\"async\" class=\"alignnone size-full wp-image-10144\" src=\"https:\/\/moverdb.com\/wp-content\/uploads\/JVK-Uganda-international-moving-company.png\" alt=\"JVK Uganda internationales Umzugsunternehmen\" width=\"1440\" height=\"680\" data-wp-pid=\"10144\" srcset=\"https:\/\/moverdb.com\/wp-content\/uploads\/JVK-Uganda-international-moving-company.png 1440w, https:\/\/moverdb.com\/wp-content\/uploads\/JVK-Uganda-international-moving-company-300x142.png 300w, https:\/\/moverdb.com\/wp-content\/uploads\/JVK-Uganda-international-moving-company-1024x484.png 1024w, https:\/\/moverdb.com\/wp-content\/uploads\/JVK-Uganda-international-moving-company-18x9.png 18w, https:\/\/moverdb.com\/wp-content\/uploads\/JVK-Uganda-international-moving-company-600x283.png 600w\" sizes=\"auto, (max-width: 1440px) 100vw, 1440px\" \/><\/p>\n<ul>\n<li>Nationale Umz\u00fcge<\/li>\n<li>Internationale Umz\u00fcge<\/li>\n<li>Umz\u00fcge im Haushalt<\/li>\n<li>B\u00fcroumz\u00fcge<\/li>\n<li>Verpackungsservice<\/li>\n<li>Stra\u00dfen-, See- und Lufttransport<\/li>\n<li>Unterst\u00fctzung der Dokumentation<\/li>\n<li><a href=\"https:\/\/moverdb.com\/de\/car-transport-shipping\/\" data-internallinksmanager029f6b8e52c=\"2\" title=\"2026 Internationale Autotransporte &amp; Angebote f\u00fcr Fahrzeugtransporte\">Transport von Fahrzeugen<\/a><\/li>\n<li>All-Risk-Versicherung<\/li>\n<li>Sichere Lagerung<\/li>\n<\/ul>\n<p>JVK ist ein 1979 in Bangkok gegr\u00fcndetes internationales Umzugsunternehmen mit \u00fcber 50 Niederlassungen in Afrika, Asien und im Pazifikraum, darunter Kampala in Uganda. Sie haben Verbindungsb\u00fcros und bevorzugte Umzugspartner in Gebieten, in denen sie nicht t\u00e4tig sind. Das Unternehmen ist Mitglied der IAM.<\/p>\n<p>JVK bietet vor dem Umzug eine Bestandsaufnahme an, um Ihren Verpackungsbedarf zu ermitteln und ein Angebot f\u00fcr einen Umzug von T\u00fcr zu T\u00fcr zu erstellen. Sie verpacken und verpacken Ihr Hab und Gut f\u00fcr den sicheren Transport mit hochwertigem Verpackungsmaterial und speziellen Kisten f\u00fcr zerbrechliche Gegenst\u00e4nde. Sie arrangieren den Transport auf dem Land-, See- oder Luftweg zu Ihrem Zielort und bieten eine Vollkaskoversicherung sowie Unterst\u00fctzung bei der Zollabfertigung an.<\/p>\n<p>Website: <a href=\"https:\/\/jvkafrica.com\/country\/uganda\/\" target=\"_blank\" rel=\"noopener\">https:\/\/jvkafrica.com\/country\/uganda\/<\/a><\/p>\n<h2><span class=\"ez-toc-section\" id=\"2_Nellions\"><\/span><strong>2. Nellionen<\/strong><span class=\"ez-toc-section-end\"><\/span><\/h2>\n<p><img loading=\"lazy\" decoding=\"async\" class=\"alignnone size-full wp-image-10164\" src=\"https:\/\/moverdb.com\/wp-content\/uploads\/Nellions-Uganda-international-moving-company.png\" alt=\"Nellions Uganda Internationales Umzugsunternehmen\" width=\"1440\" height=\"681\" data-wp-pid=\"10164\" srcset=\"https:\/\/moverdb.com\/wp-content\/uploads\/Nellions-Uganda-international-moving-company.png 1440w, https:\/\/moverdb.com\/wp-content\/uploads\/Nellions-Uganda-international-moving-company-300x142.png 300w, https:\/\/moverdb.com\/wp-content\/uploads\/Nellions-Uganda-international-moving-company-1024x484.png 1024w, https:\/\/moverdb.com\/wp-content\/uploads\/Nellions-Uganda-international-moving-company-18x9.png 18w, https:\/\/moverdb.com\/wp-content\/uploads\/Nellions-Uganda-international-moving-company-600x284.png 600w\" sizes=\"auto, (max-width: 1440px) 100vw, 1440px\" \/><\/p>\n<ul>\n<li>Lokale und nationale Umz\u00fcge<\/li>\n<li>Internationale Verlagerungen<\/li>\n<li>Umz\u00fcge im Haushalt<\/li>\n<li>B\u00fcroumz\u00fcge<\/li>\n<li>Pers\u00f6nlicher Service<\/li>\n<li>Haus-zu-Haus-Dienst<\/li>\n<li>Luft-, See- und Stra\u00dfenfracht<\/li>\n<li>Unterst\u00fctzung durch den Zoll<\/li>\n<li>Fahrzeugverlagerung<\/li>\n<li>Speicherdienste<\/li>\n<\/ul>\n<p>Nellions ist ein Umzugs- und Relocation-Unternehmen mit Niederlassungen in <a href=\"https:\/\/moverdb.com\/de\/moving-companies\/moving-companies-kenya\/\" data-internallinksmanager029f6b8e52c=\"305\" title=\"Die 4 besten internationalen Umzugsunternehmen in Kenia\">Kenia<\/a> und Uganda. Das ugandische B\u00fcro befindet sich in Kampala und wurde 2015 gegr\u00fcndet. Sie arbeiten mit glaubw\u00fcrdigen Partnern zusammen, die f\u00fcr die Erbringung von Dienstleistungen au\u00dferhalb Ugandas \u00fcberpr\u00fcft wurden. Sie sind seit vier Jahren Mitglied der IAM.<\/p>\n<p>Nellions bietet einen pers\u00f6nlichen Umzugsservice mit Umzugsberatern, die Sie w\u00e4hrend Ihres gesamten Umzugs unterst\u00fctzen, beginnend mit einer pers\u00f6nlichen oder virtuellen Bestandsaufnahme vor dem Umzug. Sie bieten T\u00fcr-zu-T\u00fcr, T\u00fcr-zu<a href=\"https:\/\/moverdb.com\/de\/top-49-container-ports\/\" data-internallinksmanager029f6b8e52c=\"80\" title=\"Top 49 der gr\u00f6\u00dften und verkehrsreichsten Containerh\u00e4fen im Jahr 2025\">Hafen<\/a> und Port-to-Door-Optionen mit Versand auf dem Luft-, See- und Stra\u00dfenweg mit Zollunterst\u00fctzung. Sie bieten volle und weniger als volle Containerladungen und Sammelgutoptionen an.<\/p>\n<p>Website: <a href=\"https:\/\/nellions.co.ug\/\" target=\"_blank\" rel=\"noopener\">https:\/\/nellions.co.ug\/<\/a><\/p>\n<h2><span class=\"ez-toc-section\" id=\"3_Uni_Movers\"><\/span><strong>3. Uni Movers<\/strong><span class=\"ez-toc-section-end\"><\/span><\/h2>\n<p><img loading=\"lazy\" decoding=\"async\" class=\"alignnone size-full wp-image-10199\" src=\"https:\/\/moverdb.com\/wp-content\/uploads\/Uni-Movers-international-moving-company.png\" alt=\"Uni Movers internationales Umzugsunternehmen\" width=\"1440\" height=\"670\" data-wp-pid=\"10199\" srcset=\"https:\/\/moverdb.com\/wp-content\/uploads\/Uni-Movers-international-moving-company.png 1440w, https:\/\/moverdb.com\/wp-content\/uploads\/Uni-Movers-international-moving-company-300x140.png 300w, https:\/\/moverdb.com\/wp-content\/uploads\/Uni-Movers-international-moving-company-1024x476.png 1024w, https:\/\/moverdb.com\/wp-content\/uploads\/Uni-Movers-international-moving-company-18x8.png 18w, https:\/\/moverdb.com\/wp-content\/uploads\/Uni-Movers-international-moving-company-600x279.png 600w\" sizes=\"auto, (max-width: 1440px) 100vw, 1440px\" \/><\/p>\n<ul>\n<li>Nationale Umz\u00fcge<\/li>\n<li>Internationale Verlagerungen<\/li>\n<li>Umz\u00fcge f\u00fcr Wohnzwecke<\/li>\n<li>Gesch\u00e4ftliche Umz\u00fcge<\/li>\n<li>Verpackungsservice<\/li>\n<li>Transport auf der Stra\u00dfe, zur See und in der Luft<\/li>\n<li>Zollabfertigung<\/li>\n<li>Fahrzeugverlagerung<\/li>\n<li>Versicherung<\/li>\n<li>Kurz- und Langzeitlagerung<\/li>\n<\/ul>\n<p>Uni Movers ist ein Verpackungs- und Umzugsunternehmen, das nationale und internationale Umz\u00fcge anbietet und seinen Sitz in Kampala hat. Sie sind seit 16 Jahren Mitglied der IAM und haben dadurch Zugang zu einem internationalen Netzwerk von Umzugsunternehmen.<\/p>\n<p>Uni Movers bietet Umzugsdienstleistungen f\u00fcr Privathaushalte und Unternehmen an, die auch die Mitnahme von Fahrzeugen umfassen k\u00f6nnen. Sie helfen Ihnen bei allen Aspekten Ihres Umzugs, einschlie\u00dflich der sicheren Verpackung Ihrer Gegenst\u00e4nde, der Organisation des Transports und der Zollabfertigung. Sie bieten zus\u00e4tzliche Dienstleistungen wie Versorgungsdienste, Elektro- und Klempnerdienste, Hausdurchsuchung, Ausr\u00e4ucherung, Reinigungsdienste, Versicherung und Lagerung.<\/p>\n<p>Website: <a href=\"https:\/\/www.unimoversug.com\/\" target=\"_blank\" rel=\"noopener\">https:\/\/www.unimoversug.com\/<\/a><\/p>\n<h2><span class=\"ez-toc-section\" id=\"4_Worldwide_Movers_Africa\"><\/span><strong>4. Worldwide Movers Afrika<\/strong><span class=\"ez-toc-section-end\"><\/span><\/h2>\n<p><img loading=\"lazy\" decoding=\"async\" class=\"alignnone size-full wp-image-10208\" src=\"https:\/\/moverdb.com\/wp-content\/uploads\/Worldwide-Movers-Africa-Uganda-international-moving-company.png\" alt=\"Worldwide Movers Afrika Uganda internationales Umzugsunternehmen\" width=\"1440\" height=\"682\" data-wp-pid=\"10208\" srcset=\"https:\/\/moverdb.com\/wp-content\/uploads\/Worldwide-Movers-Africa-Uganda-international-moving-company.png 1440w, https:\/\/moverdb.com\/wp-content\/uploads\/Worldwide-Movers-Africa-Uganda-international-moving-company-300x142.png 300w, https:\/\/moverdb.com\/wp-content\/uploads\/Worldwide-Movers-Africa-Uganda-international-moving-company-1024x485.png 1024w, https:\/\/moverdb.com\/wp-content\/uploads\/Worldwide-Movers-Africa-Uganda-international-moving-company-18x9.png 18w, https:\/\/moverdb.com\/wp-content\/uploads\/Worldwide-Movers-Africa-Uganda-international-moving-company-600x284.png 600w\" sizes=\"auto, (max-width: 1440px) 100vw, 1440px\" \/><\/p>\n<ul>\n<li>Lokale und nationale Umz\u00fcge<\/li>\n<li>Internationale Umz\u00fcge<\/li>\n<li>Umz\u00fcge im Haushalt<\/li>\n<li>B\u00fcroumz\u00fcge<\/li>\n<li>Verpackungsservice<\/li>\n<li>Stra\u00dfen-, See- und Luftverkehr<\/li>\n<li>Zollabfertigung<\/li>\n<li>Umsiedlung von Haustieren<\/li>\n<li>Versicherung<\/li>\n<li>Lagereinrichtungen<\/li>\n<\/ul>\n<p>Worldwide Movers Africa ist ein 1993 in Tansania gegr\u00fcndetes internationales Umzugsunternehmen mit Niederlassungen in 16 afrikanischen L\u00e4ndern, darunter Kampala in Uganda, das 1997 er\u00f6ffnet wurde. Sie verf\u00fcgen \u00fcber ein Agenturnetzwerk, das sie bei internationalen Umz\u00fcgen unterst\u00fctzt. Das Unternehmen ist seit 26 Jahren Mitglied der IAM und ist von der FIDI akkreditiert.<\/p>\n<p>Worldwide Movers Africa bietet einen T\u00fcr-zu-T\u00fcr-Umzugsservice mit professionell ausgebildeten Packern, die hochwertiges Verpackungsmaterial verwenden, um Ihr Hab und Gut zu sch\u00fctzen. Sie arrangieren den sicheren Transport Ihrer Sachen auf dem Land-, See- oder Luftweg mit Zollabfertigung und Versicherung. Sie unterst\u00fctzen Sie auch bei der Umsiedlung Ihres Haustieres, der Suche nach einer Unterkunft und einer Schule sowie bei der Orientierung.<\/p>\n<p>Website: <a href=\"https:\/\/www.worldwidemoversafrica.com\/\" target=\"_blank\" rel=\"noopener\">https:\/\/www.worldwidemoversafrica.com\/<\/a><\/p>","protected":false},"excerpt":{"rendered":"<p>Moving your home or company within, to and from Uganda can be complicated so enlisting the assistance of a moving company can make a big difference. They can assist with packing, transport arrangements and import\/export handling. Below we have compiled a list of Uganda based removal companies that are members of the International Association of [&hellip;]<\/p>\n","protected":false},"author":4,"featured_media":10144,"parent":190,"menu_order":0,"comment_status":"closed","ping_status":"closed","template":"","meta":{"_genesis_hide_title":false,"_genesis_hide_breadcrumbs":false,"_genesis_hide_singular_image":false,"_genesis_hide_footer_widgets":false,"_genesis_custom_body_class":"","_genesis_custom_post_class":"","_genesis_layout":"","footnotes":""},"class_list":{"0":"post-10242","1":"page","2":"type-page","3":"status-publish","4":"has-post-thumbnail","6":"entry"},"_links":{"self":[{"href":"https:\/\/moverdb.com\/de\/wp-json\/wp\/v2\/pages\/10242","targetHints":{"allow":["GET"]}}],"collection":[{"href":"https:\/\/moverdb.com\/de\/wp-json\/wp\/v2\/pages"}],"about":[{"href":"https:\/\/moverdb.com\/de\/wp-json\/wp\/v2\/types\/page"}],"author":[{"embeddable":true,"href":"https:\/\/moverdb.com\/de\/wp-json\/wp\/v2\/users\/4"}],"replies":[{"embeddable":true,"href":"https:\/\/moverdb.com\/de\/wp-json\/wp\/v2\/comments?post=10242"}],"version-history":[{"count":1,"href":"https:\/\/moverdb.com\/de\/wp-json\/wp\/v2\/pages\/10242\/revisions"}],"predecessor-version":[{"id":10243,"href":"https:\/\/moverdb.com\/de\/wp-json\/wp\/v2\/pages\/10242\/revisions\/10243"}],"up":[{"embeddable":true,"href":"https:\/\/moverdb.com\/de\/wp-json\/wp\/v2\/pages\/190"}],"wp:featuredmedia":[{"embeddable":true,"href":"https:\/\/moverdb.com\/de\/wp-json\/wp\/v2\/media\/10144"}],"wp:attachment":[{"href":"https:\/\/moverdb.com\/de\/wp-json\/wp\/v2\/media?parent=10242"}],"curies":[{"name":"wp","href":"https:\/\/api.w.org\/{rel}","templated":true}]}}