{"id":10229,"date":"2023-06-22T15:48:08","date_gmt":"2023-06-22T15:48:08","guid":{"rendered":"https:\/\/moverdb.com\/?page_id=10229"},"modified":"2026-01-08T15:30:22","modified_gmt":"2026-01-08T15:30:22","slug":"moving-companies-tanzania","status":"publish","type":"page","link":"https:\/\/moverdb.com\/de\/moving-companies\/moving-companies-tanzania\/","title":{"rendered":"Die besten internationalen Umzugsunternehmen in Tansania"},"content":{"rendered":"<p>Wenn Sie innerhalb Tansanias, nach Tansania oder aus Tansania umziehen, sollten Sie sich Unterst\u00fctzung bei einem <a href=\"https:\/\/moverdb.com\/de\/moving-companies\/\" data-internallinksmanager029f6b8e52c=\"79\" title=\"Top 25 Internationale Umzugsunternehmen Online\">Umzugsunternehmen<\/a> die Ihnen bei der Verpackung, der Verschiffung und den Zollformalit\u00e4ten f\u00fcr Ihr Hab und Gut helfen k\u00f6nnen. Nachfolgend haben wir eine Liste der in Tansania ans\u00e4ssigen Unternehmen zusammengestellt <a href=\"https:\/\/moverdb.com\/de\/international-removals\/\" data-internallinksmanager029f6b8e52c=\"27\" title=\"36 Beste internationale Umzugsunternehmen in Gro\u00dfbritannien\">Umzugsunternehmen<\/a> die Mitglieder der <a href=\"https:\/\/moverdb.com\/de\/iam\/\" data-internallinksmanager029f6b8e52c=\"23\" title=\"International Association of Movers (IAM) erkl\u00e4rt\">Internationaler Verband der M\u00f6belspediteure<\/a> (IAM) und\/oder <a href=\"https:\/\/moverdb.com\/de\/fidi-faim\/\" data-internallinksmanager029f6b8e52c=\"16\" title=\"FIDI &amp; FAIM (FIDI Accredited International Mover) Erl\u00e4utert\">FIDI<\/a> Accredited International Mover (FAIM), die Sie bei Ihrem Umzug unterst\u00fctzen k\u00f6nnen.<\/p>\n<h2><strong>Giraffe Intermovers &amp; Logistik<\/strong><\/h2>\n<figure id=\"attachment_10230\" aria-describedby=\"caption-attachment-10230\" style=\"width: 1440px\" class=\"wp-caption alignnone\"><img loading=\"lazy\" decoding=\"async\" class=\"size-full wp-image-10230\" src=\"https:\/\/moverdb.com\/wp-content\/uploads\/Giraffe-Intermovers-Logistics-international-moving-company.png\" alt=\"Giraffe Intermovers &amp; Logistics internationales Umzugsunternehmen\" width=\"1440\" height=\"708\" data-wp-pid=\"10230\" srcset=\"https:\/\/moverdb.com\/wp-content\/uploads\/Giraffe-Intermovers-Logistics-international-moving-company.png 1440w, https:\/\/moverdb.com\/wp-content\/uploads\/Giraffe-Intermovers-Logistics-international-moving-company-300x148.png 300w, https:\/\/moverdb.com\/wp-content\/uploads\/Giraffe-Intermovers-Logistics-international-moving-company-1024x503.png 1024w, https:\/\/moverdb.com\/wp-content\/uploads\/Giraffe-Intermovers-Logistics-international-moving-company-18x9.png 18w, https:\/\/moverdb.com\/wp-content\/uploads\/Giraffe-Intermovers-Logistics-international-moving-company-600x295.png 600w\" sizes=\"auto, (max-width: 1440px) 100vw, 1440px\" \/><figcaption id=\"caption-attachment-10230\" class=\"wp-caption-text\">Giraffe Intermovers &amp; Logistics internationales Umzugsunternehmen<\/figcaption><\/figure>\n<ul>\n<li>Nationale Umz\u00fcge<\/li>\n<li>Internationale Umz\u00fcge<\/li>\n<li>Umz\u00fcge im Haushalt<\/li>\n<li>B\u00fcroumz\u00fcge<\/li>\n<li>Verpackungsservice<\/li>\n<li>Transport auf dem Luft-, See- oder Landweg<\/li>\n<li>Zollabfertigung<\/li>\n<li>Dienstleistungen am Zielort<\/li>\n<li>Haustier bewegt sich<\/li>\n<li>Lagereinrichtungen<\/li>\n<\/ul>\n<p>Giraffe Intermovers &amp; Logistics ist ein Umzugsunternehmen, das Dienstleistungen f\u00fcr Haushalte und Unternehmen anbietet und seinen Sitz in Kinondoni hat. Das Unternehmen ist seit vier Jahren Mitglied der IAM, was ihm Zugang zu einem internationalen Netzwerk von Umzugsunternehmen verschafft.<\/p>\n<p>Giraffe Intermovers &amp; Logistics bietet Umzugsdienstleistungen an, die Sie bei Ihrem Umzug unterst\u00fctzen, einschlie\u00dflich Beratung vor dem Umzug. Sie bieten einen Exportverpackungsservice an, der den internationalen Standards entspricht. Sie arrangieren den Transport auf dem Luft-, See- und Landweg und unterst\u00fctzen Sie bei der Import- und Exportzollabfertigung. <a href=\"https:\/\/moverdb.com\/de\/top-49-container-ports\/\" data-internallinksmanager029f6b8e52c=\"80\" title=\"Top 49 der gr\u00f6\u00dften und verkehrsreichsten Containerh\u00e4fen im Jahr 2025\">Hafen<\/a> R\u00e4umung. Am Zielort sorgen sie f\u00fcr das Auspacken und Aufstellen.<\/p>\n<p>Website: <a href=\"http:\/\/giraffeintermovers.com\/\" target=\"_blank\" rel=\"noopener\">http:\/\/giraffeintermovers.com\/<\/a><\/p>","protected":false},"excerpt":{"rendered":"<p>If you are moving within, to or from Tanzania you might want to get some assistance from a moving company who can help you with packing, arranging shipment and customs formalities for your belongings. Below we have compiled a list of Tanzania based removal companies that are members of the International Association of Movers (IAM) [&hellip;]<\/p>\n","protected":false},"author":4,"featured_media":10230,"parent":190,"menu_order":0,"comment_status":"closed","ping_status":"closed","template":"","meta":{"_genesis_hide_title":false,"_genesis_hide_breadcrumbs":false,"_genesis_hide_singular_image":false,"_genesis_hide_footer_widgets":false,"_genesis_custom_body_class":"","_genesis_custom_post_class":"","_genesis_layout":"","footnotes":""},"class_list":{"0":"post-10229","1":"page","2":"type-page","3":"status-publish","4":"has-post-thumbnail","6":"entry"},"_links":{"self":[{"href":"https:\/\/moverdb.com\/de\/wp-json\/wp\/v2\/pages\/10229","targetHints":{"allow":["GET"]}}],"collection":[{"href":"https:\/\/moverdb.com\/de\/wp-json\/wp\/v2\/pages"}],"about":[{"href":"https:\/\/moverdb.com\/de\/wp-json\/wp\/v2\/types\/page"}],"author":[{"embeddable":true,"href":"https:\/\/moverdb.com\/de\/wp-json\/wp\/v2\/users\/4"}],"replies":[{"embeddable":true,"href":"https:\/\/moverdb.com\/de\/wp-json\/wp\/v2\/comments?post=10229"}],"version-history":[{"count":1,"href":"https:\/\/moverdb.com\/de\/wp-json\/wp\/v2\/pages\/10229\/revisions"}],"predecessor-version":[{"id":10231,"href":"https:\/\/moverdb.com\/de\/wp-json\/wp\/v2\/pages\/10229\/revisions\/10231"}],"up":[{"embeddable":true,"href":"https:\/\/moverdb.com\/de\/wp-json\/wp\/v2\/pages\/190"}],"wp:featuredmedia":[{"embeddable":true,"href":"https:\/\/moverdb.com\/de\/wp-json\/wp\/v2\/media\/10230"}],"wp:attachment":[{"href":"https:\/\/moverdb.com\/de\/wp-json\/wp\/v2\/media?parent=10229"}],"curies":[{"name":"wp","href":"https:\/\/api.w.org\/{rel}","templated":true}]}}