{"id":10223,"date":"2023-06-22T15:50:48","date_gmt":"2023-06-22T15:50:48","guid":{"rendered":"https:\/\/moverdb.com\/?page_id=10223"},"modified":"2026-01-08T15:30:17","modified_gmt":"2026-01-08T15:30:17","slug":"moving-companies-syria","status":"publish","type":"page","link":"https:\/\/moverdb.com\/de\/moving-companies\/moving-companies-syria\/","title":{"rendered":"Beste internationale Umzugsunternehmen in Syrien"},"content":{"rendered":"<p>Ein Umzug in ein anderes Land kann stressig und kompliziert sein, so dass die Beauftragung eines <a href=\"https:\/\/moverdb.com\/de\/moving-companies\/\" data-internallinksmanager029f6b8e52c=\"79\" title=\"Top 25 Internationale Umzugsunternehmen Online\">Umzugsunternehmen<\/a> die Sie unterst\u00fctzen, k\u00f6nnen Ihnen helfen, Ihre Last zu erleichtern. Nachfolgend haben wir eine Liste von Syrern zusammengestellt <a href=\"https:\/\/moverdb.com\/de\/international-removals\/\" data-internallinksmanager029f6b8e52c=\"27\" title=\"36 Beste internationale Umzugsunternehmen in Gro\u00dfbritannien\">Umzugsunternehmen<\/a> die Mitglieder der <a href=\"https:\/\/moverdb.com\/de\/iam\/\" data-internallinksmanager029f6b8e52c=\"23\" title=\"International Association of Movers (IAM) erkl\u00e4rt\">Internationaler Verband der M\u00f6belspediteure<\/a> (IAM) und\/oder <a href=\"https:\/\/moverdb.com\/de\/fidi-faim\/\" data-internallinksmanager029f6b8e52c=\"16\" title=\"FIDI &amp; FAIM (FIDI Accredited International Mover) Erl\u00e4utert\">FIDI<\/a> Accredited International Mover (FAIM), die Ihnen bei Ihrem Umzug helfen k\u00f6nnen.<\/p>\n<h2><strong>Dahbar International<\/strong><\/h2>\n<p><img loading=\"lazy\" decoding=\"async\" class=\"alignnone size-full wp-image-10096\" src=\"https:\/\/moverdb.com\/wp-content\/uploads\/Dahbar-International-moving-company.png\" alt=\"Dahbar Internationales Umzugsunternehmen\" width=\"1440\" height=\"882\" data-wp-pid=\"10096\" srcset=\"https:\/\/moverdb.com\/wp-content\/uploads\/Dahbar-International-moving-company.png 1440w, https:\/\/moverdb.com\/wp-content\/uploads\/Dahbar-International-moving-company-300x184.png 300w, https:\/\/moverdb.com\/wp-content\/uploads\/Dahbar-International-moving-company-1024x627.png 1024w, https:\/\/moverdb.com\/wp-content\/uploads\/Dahbar-International-moving-company-18x12.png 18w, https:\/\/moverdb.com\/wp-content\/uploads\/Dahbar-International-moving-company-600x368.png 600w\" sizes=\"auto, (max-width: 1440px) 100vw, 1440px\" \/><\/p>\n<ul>\n<li>Nationale Umz\u00fcge<\/li>\n<li>Internationale Umz\u00fcge<\/li>\n<li>Umz\u00fcge im Haushalt<\/li>\n<li>Beauftragter Umzugskoordinator<\/li>\n<li>Haus-zu-Haus-Dienst<\/li>\n<li>Verpackungsservice<\/li>\n<li>See-, Luft- und Landfracht<\/li>\n<li>Zollabfertigung<\/li>\n<li>Versicherung<\/li>\n<li>Sichere Lagereinrichtungen<\/li>\n<\/ul>\n<p>Dahbar International ist ein 1963 gegr\u00fcndetes internationales Umzugsunternehmen mit Sitz in Damaskus. Das Unternehmen verf\u00fcgt \u00fcber ein weltweites Netz von 900 Servicepartnern in fast jeder gr\u00f6\u00dferen Stadt, die ihm zur Seite stehen. Das Unternehmen ist Mitglied der IAM und kann auf 60 Jahre Erfahrung zur\u00fcckblicken.<\/p>\n<p>Dahbar International bietet einen T\u00fcr-zu-T\u00fcr-Umzugsservice und einen Umzugskoordinator, der Sie bei der Planung individuell ber\u00e4t. Das Unternehmen bietet einen Verpackungsservice an, um Ihr Hab und Gut zu sch\u00fctzen, einschlie\u00dflich Kisten f\u00fcr zerbrechliche Gegenst\u00e4nde, und versieht alles mit Strichcode-Etiketten. Sie \u00fcbernehmen den Transport per See-, Luft- oder Landfracht mit Zollabfertigung f\u00fcr Ein- und Ausfuhren.<\/p>\n<p>Website: <a href=\"http:\/\/www.dahbar.com\" target=\"_blank\" rel=\"noopener\">http:\/\/www.dahbar.com<\/a><\/p>","protected":false},"excerpt":{"rendered":"<p>Moving can be stressful and complex if you are moving to another country so employing a moving company to assist you can help lighten your load. Below we have compiled a list of Syrian removal companies that are members of the International Association of Movers (IAM) and\/or FIDI Accredited International Mover (FAIM) who could help [&hellip;]<\/p>\n","protected":false},"author":4,"featured_media":10096,"parent":190,"menu_order":0,"comment_status":"closed","ping_status":"closed","template":"","meta":{"_genesis_hide_title":false,"_genesis_hide_breadcrumbs":false,"_genesis_hide_singular_image":false,"_genesis_hide_footer_widgets":false,"_genesis_custom_body_class":"","_genesis_custom_post_class":"","_genesis_layout":"","footnotes":""},"class_list":{"0":"post-10223","1":"page","2":"type-page","3":"status-publish","4":"has-post-thumbnail","6":"entry"},"_links":{"self":[{"href":"https:\/\/moverdb.com\/de\/wp-json\/wp\/v2\/pages\/10223","targetHints":{"allow":["GET"]}}],"collection":[{"href":"https:\/\/moverdb.com\/de\/wp-json\/wp\/v2\/pages"}],"about":[{"href":"https:\/\/moverdb.com\/de\/wp-json\/wp\/v2\/types\/page"}],"author":[{"embeddable":true,"href":"https:\/\/moverdb.com\/de\/wp-json\/wp\/v2\/users\/4"}],"replies":[{"embeddable":true,"href":"https:\/\/moverdb.com\/de\/wp-json\/wp\/v2\/comments?post=10223"}],"version-history":[{"count":1,"href":"https:\/\/moverdb.com\/de\/wp-json\/wp\/v2\/pages\/10223\/revisions"}],"predecessor-version":[{"id":10224,"href":"https:\/\/moverdb.com\/de\/wp-json\/wp\/v2\/pages\/10223\/revisions\/10224"}],"up":[{"embeddable":true,"href":"https:\/\/moverdb.com\/de\/wp-json\/wp\/v2\/pages\/190"}],"wp:featuredmedia":[{"embeddable":true,"href":"https:\/\/moverdb.com\/de\/wp-json\/wp\/v2\/media\/10096"}],"wp:attachment":[{"href":"https:\/\/moverdb.com\/de\/wp-json\/wp\/v2\/media?parent=10223"}],"curies":[{"name":"wp","href":"https:\/\/api.w.org\/{rel}","templated":true}]}}