{"id":10219,"date":"2023-06-22T15:52:47","date_gmt":"2023-06-22T15:52:47","guid":{"rendered":"https:\/\/moverdb.com\/?page_id=10219"},"modified":"2026-01-08T15:29:38","modified_gmt":"2026-01-08T15:29:38","slug":"moving-companies-sweden","status":"publish","type":"page","link":"https:\/\/moverdb.com\/de\/moving-companies\/moving-companies-sweden\/","title":{"rendered":"Die 8 besten internationalen Umzugsunternehmen in Schweden"},"content":{"rendered":"<p>Bewegen Sie sich innerhalb, zu oder von <a href=\"https:\/\/moverdb.com\/de\/moving-to-sweden\/\" data-internallinksmanager029f6b8e52c=\"326\" title=\"Umzug nach Schweden? 2026 Lebenshaltungskosten &amp; Umzugstipps\">Schweden<\/a>? Dann sollten Sie die Dienste eines Umzugsunternehmens in Anspruch nehmen, das Ihnen bei der Planung Ihres Umzugs, einschlie\u00dflich Verpackung, Transport und Abwicklung der Zollformalit\u00e4ten f\u00fcr internationale Umz\u00fcge, helfen kann. Im Folgenden haben wir eine Liste mit schwedischen Umzugsunternehmen zusammengestellt <a href=\"https:\/\/moverdb.com\/de\/moving-companies\/\" data-internallinksmanager029f6b8e52c=\"79\" title=\"Top 25 Internationale Umzugsunternehmen Online\">Umzugsunternehmen<\/a> die Mitglieder der <a href=\"https:\/\/moverdb.com\/de\/iam\/\" data-internallinksmanager029f6b8e52c=\"23\" title=\"International Association of Movers (IAM) erkl\u00e4rt\">Internationaler Verband der M\u00f6belspediteure<\/a> (IAM) und\/oder <a href=\"https:\/\/moverdb.com\/de\/fidi-faim\/\" data-internallinksmanager029f6b8e52c=\"16\" title=\"FIDI &amp; FAIM (FIDI Accredited International Mover) Erl\u00e4utert\">FIDI<\/a> Accredited International Mover (FAIM), die Sie bei Ihrem Umzug unterst\u00fctzen k\u00f6nnen.<\/p>\n<div id=\"ez-toc-container\" class=\"ez-toc-v2_0_82_2 ez-toc-wrap-left counter-hierarchy ez-toc-counter ez-toc-transparent ez-toc-container-direction\">\n<div class=\"ez-toc-title-container\">\n<p class=\"ez-toc-title\" style=\"cursor:inherit\">Rubriken<\/p>\n<span class=\"ez-toc-title-toggle\"><a href=\"#\" class=\"ez-toc-pull-right ez-toc-btn ez-toc-btn-xs ez-toc-btn-default ez-toc-toggle\" aria-label=\"Inhaltsverzeichnis umschalten\"><span class=\"ez-toc-js-icon-con\"><span class=\"\"><span class=\"eztoc-hide\" style=\"display:none;\">Umschalten auf<\/span><span class=\"ez-toc-icon-toggle-span\"><svg style=\"fill: #999;color:#999\" xmlns=\"http:\/\/www.w3.org\/2000\/svg\" class=\"list-377408\" width=\"20px\" height=\"20px\" viewbox=\"0 0 24 24\" fill=\"none\"><path d=\"M6 6H4v2h2V6zm14 0H8v2h12V6zM4 11h2v2H4v-2zm16 0H8v2h12v-2zM4 16h2v2H4v-2zm16 0H8v2h12v-2z\" fill=\"currentColor\"><\/path><\/svg><svg style=\"fill: #999;color:#999\" class=\"arrow-unsorted-368013\" xmlns=\"http:\/\/www.w3.org\/2000\/svg\" width=\"10px\" height=\"10px\" viewbox=\"0 0 24 24\" version=\"1.2\" baseprofile=\"tiny\"><path d=\"M18.2 9.3l-6.2-6.3-6.2 6.3c-.2.2-.3.4-.3.7s.1.5.3.7c.2.2.4.3.7.3h11c.3 0 .5-.1.7-.3.2-.2.3-.5.3-.7s-.1-.5-.3-.7zM5.8 14.7l6.2 6.3 6.2-6.3c.2-.2.3-.5.3-.7s-.1-.5-.3-.7c-.2-.2-.4-.3-.7-.3h-11c-.3 0-.5.1-.7.3-.2.2-.3.5-.3.7s.1.5.3.7z\"\/><\/svg><\/span><\/span><\/span><\/a><\/span><\/div>\n<nav><ul class='ez-toc-list ez-toc-list-level-1 eztoc-toggle-hide-by-default' ><li class='ez-toc-page-1 ez-toc-heading-level-2'><a class=\"ez-toc-link ez-toc-heading-1\" href=\"https:\/\/moverdb.com\/de\/moving-companies\/moving-companies-sweden\/#1_Alfa_Moving\" >1. Alfa Umzug<\/a><\/li><li class='ez-toc-page-1 ez-toc-heading-level-2'><a class=\"ez-toc-link ez-toc-heading-2\" href=\"https:\/\/moverdb.com\/de\/moving-companies\/moving-companies-sweden\/#2_Aspire_Mobility\" >2. Mobilit\u00e4t anstreben<\/a><\/li><li class='ez-toc-page-1 ez-toc-heading-level-2'><a class=\"ez-toc-link ez-toc-heading-3\" href=\"https:\/\/moverdb.com\/de\/moving-companies\/moving-companies-sweden\/#3_Freys_Express\" >3. Freys Express<\/a><\/li><li class='ez-toc-page-1 ez-toc-heading-level-2'><a class=\"ez-toc-link ez-toc-heading-4\" href=\"https:\/\/moverdb.com\/de\/moving-companies\/moving-companies-sweden\/#4_Future_Mobility\" >4. K\u00fcnftige Mobilit\u00e4t<\/a><\/li><li class='ez-toc-page-1 ez-toc-heading-level-2'><a class=\"ez-toc-link ez-toc-heading-5\" href=\"https:\/\/moverdb.com\/de\/moving-companies\/moving-companies-sweden\/#5_GLC_Flytt\" >5. GLC Fliege<\/a><\/li><li class='ez-toc-page-1 ez-toc-heading-level-2'><a class=\"ez-toc-link ez-toc-heading-6\" href=\"https:\/\/moverdb.com\/de\/moving-companies\/moving-companies-sweden\/#6_Mirkka_International_Moving\" >6. Mirkka Internationaler Umzug<\/a><\/li><li class='ez-toc-page-1 ez-toc-heading-level-2'><a class=\"ez-toc-link ez-toc-heading-7\" href=\"https:\/\/moverdb.com\/de\/moving-companies\/moving-companies-sweden\/#7_Stadsbudkontoret\" >7. Stadsbudkontoret<\/a><\/li><li class='ez-toc-page-1 ez-toc-heading-level-2'><a class=\"ez-toc-link ez-toc-heading-8\" href=\"https:\/\/moverdb.com\/de\/moving-companies\/moving-companies-sweden\/#8_TBA_Transporter\" >8. TBA-Transporter<\/a><\/li><li class='ez-toc-page-1 ez-toc-heading-level-2'><a class=\"ez-toc-link ez-toc-heading-9\" href=\"https:\/\/moverdb.com\/de\/moving-companies\/moving-companies-sweden\/#Other_Useful_Guides_to_Sweden\" >Andere n\u00fctzliche Reisef\u00fchrer f\u00fcr Schweden<\/a><\/li><\/ul><\/nav><\/div>\n<h2><span class=\"ez-toc-section\" id=\"1_Alfa_Moving\"><\/span><strong>1. Alfa Umzug<\/strong><span class=\"ez-toc-section-end\"><\/span><\/h2>\n<p><img loading=\"lazy\" decoding=\"async\" class=\"alignnone size-full wp-image-10073\" src=\"https:\/\/moverdb.com\/wp-content\/uploads\/Alfa-Moving-international-moving-company.png\" alt=\"Alfa Moving internationales Umzugsunternehmen\" width=\"1440\" height=\"681\" data-wp-pid=\"10073\" srcset=\"https:\/\/moverdb.com\/wp-content\/uploads\/Alfa-Moving-international-moving-company.png 1440w, https:\/\/moverdb.com\/wp-content\/uploads\/Alfa-Moving-international-moving-company-300x142.png 300w, https:\/\/moverdb.com\/wp-content\/uploads\/Alfa-Moving-international-moving-company-1024x484.png 1024w, https:\/\/moverdb.com\/wp-content\/uploads\/Alfa-Moving-international-moving-company-18x9.png 18w, https:\/\/moverdb.com\/wp-content\/uploads\/Alfa-Moving-international-moving-company-600x284.png 600w\" sizes=\"auto, (max-width: 1440px) 100vw, 1440px\" \/><\/p>\n<ul>\n<li>Nationale Umz\u00fcge<\/li>\n<li>Internationale Umz\u00fcge<\/li>\n<li>Umz\u00fcge in Wohnungen<\/li>\n<li>Firmenumz\u00fcge<\/li>\n<li>Umzugsdienste<\/li>\n<li>Haus-zu-Haus-Dienst<\/li>\n<li>Vorkehrungen f\u00fcr den Transport<\/li>\n<li>Einwanderung und Visa<\/li>\n<li>Versicherung<\/li>\n<li>Lagereinrichtungen<\/li>\n<\/ul>\n<p>Alfa Moving ist ein skandinavischer Mobilit\u00e4ts- und Entsendungsdienstleister, der 1995 gegr\u00fcndet wurde und \u00fcber 10 Niederlassungen in ganz Schweden verf\u00fcgt, <a href=\"https:\/\/moverdb.com\/de\/moving-to-norway\/\" data-internallinksmanager029f6b8e52c=\"325\" title=\"Umzug nach Norwegen? 2026 Lebenshaltungskosten &amp; Umzugstipps\">Norwegen<\/a>, <a href=\"https:\/\/moverdb.com\/de\/moving-to-denmark\/\" data-internallinksmanager029f6b8e52c=\"335\" title=\"Umzug nach D\u00e4nemark? 2026 Lebenshaltungskosten &amp; Umzugstipps\">D\u00e4nemark<\/a> und <a href=\"https:\/\/moverdb.com\/de\/moving-to-finland\/\" data-internallinksmanager029f6b8e52c=\"345\" title=\"Umzug nach Finnland? 2026 Lebenshaltungskosten &amp; Umzugstipps\">Finnland<\/a>. \u00dcber ihre internationalen Netzwerke bieten sie Umzugsdienstleistungen in 150 L\u00e4ndern an. Das Unternehmen ist seit 28 Jahren Mitglied der IAM und ist von der FIDI akkreditiert.<\/p>\n<p>Alfa Moving bietet einen T\u00fcr-zu-T\u00fcr-Service, der die gesamte Planung und Verwaltung Ihres Umzugs umfasst. Je nach Gr\u00f6\u00dfe, Inhalt und Zielort Ihres Umzugs w\u00e4hlen sie die beste Option f\u00fcr Ihren Umzug aus. Sie bieten auch Umzugsdienstleistungen wie Wohnungs- und Schulsuche, vor\u00fcbergehende Unterbringung, Orientierung, Eingew\u00f6hnungsservice, Kultur- und Sprachtraining.<\/p>\n<p>Website: <a href=\"http:\/\/www.alfamoving.com\" target=\"_blank\" rel=\"noopener\">http:\/\/www.alfamoving.com<\/a><\/p>\n<h2><span class=\"ez-toc-section\" id=\"2_Aspire_Mobility\"><\/span><strong>2. Mobilit\u00e4t anstreben<\/strong><span class=\"ez-toc-section-end\"><\/span><\/h2>\n<p><img loading=\"lazy\" decoding=\"async\" class=\"alignnone size-full wp-image-10081\" src=\"https:\/\/moverdb.com\/wp-content\/uploads\/Aspire-Mobility-international-moving-company.png\" alt=\"Aspire Mobility Internationales Umzugsunternehmen\" width=\"1440\" height=\"683\" data-wp-pid=\"10081\" srcset=\"https:\/\/moverdb.com\/wp-content\/uploads\/Aspire-Mobility-international-moving-company.png 1440w, https:\/\/moverdb.com\/wp-content\/uploads\/Aspire-Mobility-international-moving-company-300x142.png 300w, https:\/\/moverdb.com\/wp-content\/uploads\/Aspire-Mobility-international-moving-company-1024x486.png 1024w, https:\/\/moverdb.com\/wp-content\/uploads\/Aspire-Mobility-international-moving-company-18x9.png 18w, https:\/\/moverdb.com\/wp-content\/uploads\/Aspire-Mobility-international-moving-company-600x285.png 600w\" sizes=\"auto, (max-width: 1440px) 100vw, 1440px\" \/><\/p>\n<ul>\n<li>Internationale Umz\u00fcge<\/li>\n<li>Umz\u00fcge im Haushalt<\/li>\n<li>Umzugsdienste<\/li>\n<li>Berater umziehen<\/li>\n<li>Verpackungsservice<\/li>\n<li>Transport auf dem See- und Luftweg<\/li>\n<li>Unterst\u00fctzung der Dokumentation<\/li>\n<li>Einwanderung<\/li>\n<li>Versicherung<\/li>\n<li>Lagereinrichtungen<\/li>\n<\/ul>\n<p>Aspire Mobility ist eine 1879 gegr\u00fcndete internationale Umzugs- und Relocation-Abteilung von Mobeltransport Danmark mit Standorten in Kopenhagen, Stockholm, Aarhus, Odense, Aalborg und Hillerod. Das Unternehmen verf\u00fcgt \u00fcber ein weltweites Netzwerk ausgew\u00e4hlter Partner, die es in \u00fcber 100 L\u00e4ndern unterst\u00fctzen. Das Unternehmen ist seit 12 Jahren Mitglied der IAM.<\/p>\n<p>Aspire Mobility stellt einen Umzugsberater zur Verf\u00fcgung, der vor dem Umzug eine Bestandsaufnahme durchf\u00fchrt, um die Gr\u00f6\u00dfe und den Verpackungsbedarf zu ermitteln. Er k\u00fcmmert sich um das Einpacken Ihrer Sachen, den internationalen Transport auf dem See- oder Luftweg, das Auspacken und Aufstellen der M\u00f6bel. Sie bieten Umzugsdienstleistungen an, die die Suche nach einem Wohnort und einer Schule, Visum und Einwanderung, Eingew\u00f6hnung und Abreise umfassen.<\/p>\n<p>Website: <a href=\"http:\/\/www.aspiremobility.com\" target=\"_blank\" rel=\"noopener\">http:\/\/www.aspiremobility.com<\/a><\/p>\n<h2><span class=\"ez-toc-section\" id=\"3_Freys_Express\"><\/span><strong>3. Freys Express<\/strong><span class=\"ez-toc-section-end\"><\/span><\/h2>\n<p><img loading=\"lazy\" decoding=\"async\" class=\"alignnone size-full wp-image-10119\" src=\"https:\/\/moverdb.com\/wp-content\/uploads\/Freys-Express-international-moving-company.png\" alt=\"Freys Express Internationales Umzugsunternehmen\" width=\"1440\" height=\"674\" data-wp-pid=\"10119\" srcset=\"https:\/\/moverdb.com\/wp-content\/uploads\/Freys-Express-international-moving-company.png 1440w, https:\/\/moverdb.com\/wp-content\/uploads\/Freys-Express-international-moving-company-300x140.png 300w, https:\/\/moverdb.com\/wp-content\/uploads\/Freys-Express-international-moving-company-1024x479.png 1024w, https:\/\/moverdb.com\/wp-content\/uploads\/Freys-Express-international-moving-company-18x8.png 18w, https:\/\/moverdb.com\/wp-content\/uploads\/Freys-Express-international-moving-company-600x281.png 600w\" sizes=\"auto, (max-width: 1440px) 100vw, 1440px\" \/><\/p>\n<ul>\n<li>Nationale Umz\u00fcge<\/li>\n<li>Internationale Umz\u00fcge<\/li>\n<li>Umz\u00fcge im Haushalt<\/li>\n<li>Unternehmensverlagerungen<\/li>\n<li>Haus-zu-Haus-Dienst<\/li>\n<li>Umzugsmanagement<\/li>\n<li>Stra\u00dfen-, See- und Luftverkehr<\/li>\n<li>Zollabfertigung<\/li>\n<li>Versicherung<\/li>\n<li>Kurz- und Langzeitlagerung<\/li>\n<\/ul>\n<p>Freys Express ist ein 1896 gegr\u00fcndetes Umzugslogistikunternehmen mit sieben Niederlassungen in G\u00f6teborg, Karlstad, Linkoping, Malm\u00f6, Stockholm, Uppsala und Orebro. Sie haben Kontakte zu internationalen Partnern aufgebaut, die sie bei Umz\u00fcgen au\u00dferhalb Schwedens unterst\u00fctzen. Das Unternehmen ist seit 20 Jahren Mitglied der IAM und ist von der FIDI akkreditiert.<\/p>\n<p>Freys Express bietet Haus-zu-Haus-Umz\u00fcge mit einer l\u00fcckenlosen Kette von der Planung Ihres Umzugs bis zum Auspacken am Zielort. Sie machen eine Bestandsaufnahme Ihres Hab und Guts, um Ihren Bedarf zu ermitteln. Sie bieten einen Verpackungs-, Etikettierungs- und Transportservice an, der daf\u00fcr sorgt, dass Ihr Hab und Gut sicher ankommt, einschlie\u00dflich Zollabfertigung und Auspacken.<\/p>\n<p>Website: <a href=\"http:\/\/gmoving.se\" target=\"_blank\" rel=\"noopener\">http:\/\/gmoving.se<\/a><\/p>\n<h2><span class=\"ez-toc-section\" id=\"4_Future_Mobility\"><\/span><strong>4. K\u00fcnftige Mobilit\u00e4t<\/strong><span class=\"ez-toc-section-end\"><\/span><\/h2>\n<p><img loading=\"lazy\" decoding=\"async\" class=\"alignnone size-full wp-image-10122\" src=\"https:\/\/moverdb.com\/wp-content\/uploads\/Future-Mobility-international-moving-company.png\" alt=\"Future Mobility internationales Umzugsunternehmen\" width=\"1440\" height=\"683\" data-wp-pid=\"10122\" srcset=\"https:\/\/moverdb.com\/wp-content\/uploads\/Future-Mobility-international-moving-company.png 1440w, https:\/\/moverdb.com\/wp-content\/uploads\/Future-Mobility-international-moving-company-300x142.png 300w, https:\/\/moverdb.com\/wp-content\/uploads\/Future-Mobility-international-moving-company-1024x486.png 1024w, https:\/\/moverdb.com\/wp-content\/uploads\/Future-Mobility-international-moving-company-18x9.png 18w, https:\/\/moverdb.com\/wp-content\/uploads\/Future-Mobility-international-moving-company-600x285.png 600w\" sizes=\"auto, (max-width: 1440px) 100vw, 1440px\" \/><\/p>\n<ul>\n<li>Nationale Umz\u00fcge<\/li>\n<li><a href=\"https:\/\/moverdb.com\/de\/international-removals\/\" data-internallinksmanager029f6b8e52c=\"27\" title=\"36 Beste internationale Umzugsunternehmen in Gro\u00dfbritannien\">Internationale Umz\u00fcge<\/a><\/li>\n<li>Umz\u00fcge von Haushalten<\/li>\n<li>Gesch\u00e4ftliche Umz\u00fcge<\/li>\n<li>Mobilit\u00e4t der Arbeitnehmer<\/li>\n<li>Expressversand<\/li>\n<li>Kostenlose Inspektion<\/li>\n<li>Verpackungsservice<\/li>\n<li>Organisation des Transports<\/li>\n<li>Lagereinrichtungen<\/li>\n<\/ul>\n<p>Future Mobility ist ein internationales Umzugsunternehmen mit Sitz in Stockholm. Das Unternehmen ist seit vier Jahren Mitglied der IAM und verf\u00fcgt damit \u00fcber ein internationales Netzwerk von Umzugsagenten, die es bei seinen Umzugsdienstleistungen im Ausland unterst\u00fctzen k\u00f6nnen.<\/p>\n<p>Future Mobility bietet Umz\u00fcge von und nach Schweden an und erstellt nach einer kostenlosen Inspektion ein ma\u00dfgeschneidertes Angebot, das auf Ihrem Volumen und Ihren Bed\u00fcrfnissen basiert. Das Unternehmen k\u00fcmmert sich um jeden Schritt Ihres Umzugs, um Ihnen den Umzug zu erleichtern. Sie bieten Verpackungs- und Montageservices an, um Zeit zu sparen und Ihr Hab und Gut w\u00e4hrend des Transports zu sch\u00fctzen. Sie bieten auch Unterst\u00fctzung bei der Mitarbeitermobilit\u00e4t und helfen Arbeitgebern bei der Verwaltung von Mitarbeiterumz\u00fcgen.<\/p>\n<p>Website: <a href=\"http:\/\/www.futuremobility.nu\" target=\"_blank\" rel=\"noopener\">http:\/\/www.futuremobility.nu<\/a><\/p>\n<h2><span class=\"ez-toc-section\" id=\"5_GLC_Flytt\"><\/span><strong>5. GLC Fliege<\/strong><span class=\"ez-toc-section-end\"><\/span><\/h2>\n<p><img loading=\"lazy\" decoding=\"async\" class=\"alignnone size-full wp-image-10127\" src=\"https:\/\/moverdb.com\/wp-content\/uploads\/GLC-Flytt-international-moving-company.png\" alt=\"GLC Flytt internationales Umzugsunternehmen\" width=\"1440\" height=\"680\" data-wp-pid=\"10127\" srcset=\"https:\/\/moverdb.com\/wp-content\/uploads\/GLC-Flytt-international-moving-company.png 1440w, https:\/\/moverdb.com\/wp-content\/uploads\/GLC-Flytt-international-moving-company-300x142.png 300w, https:\/\/moverdb.com\/wp-content\/uploads\/GLC-Flytt-international-moving-company-1024x484.png 1024w, https:\/\/moverdb.com\/wp-content\/uploads\/GLC-Flytt-international-moving-company-18x9.png 18w, https:\/\/moverdb.com\/wp-content\/uploads\/GLC-Flytt-international-moving-company-600x283.png 600w\" sizes=\"auto, (max-width: 1440px) 100vw, 1440px\" \/><\/p>\n<ul>\n<li>Nationale Umz\u00fcge<\/li>\n<li>Internationale Umz\u00fcge<\/li>\n<li>Umz\u00fcge im Haushalt<\/li>\n<li>B\u00fcro- und Industrieumz\u00fcge<\/li>\n<li>T\u00fcr-zu-T\u00fcr-L\u00f6sungen<\/li>\n<li>Verpackungsdienstleistungen<\/li>\n<li>Modalit\u00e4ten der Bef\u00f6rderung<\/li>\n<li>Zollabfertigung<\/li>\n<li>Versicherung<\/li>\n<li>Lagereinrichtungen<\/li>\n<\/ul>\n<p>GLC Flytt ist ein Umzugsunternehmen mit Sitz in G\u00f6teborg, dessen Wurzeln bis in die fr\u00fchen 1980er Jahre zur\u00fcckreichen, und das Umzugsdienstleistungen f\u00fcr Unternehmen und Privatpersonen anbietet. Sie nutzen ein internationales Netzwerk von Umzugsagenten, die sie bei weltweiten Umz\u00fcgen unterst\u00fctzen. Das Unternehmen ist seit 26 Jahren Mitglied der IAM.<\/p>\n<p>GLC Flytt bietet nationale und internationale Umz\u00fcge von T\u00fcr zu T\u00fcr f\u00fcr Privatpersonen und Unternehmen an. Das Unternehmen bietet Verpackungsoptionen wie Selbstverpackung oder einen kompletten Verpackungsservice, bei dem hochwertiges Verpackungsmaterial und besondere Sorgfalt f\u00fcr empfindliche G\u00fcter verwendet werden. Das Unternehmen plant den Transport und k\u00fcmmert sich um die Zollabfertigung und bietet Reinigungs- und andere Zusatzleistungen an.<\/p>\n<p>Website: <a href=\"http:\/\/www.glcflytt.se\" target=\"_blank\" rel=\"noopener\">http:\/\/www.glcflytt.se<\/a><\/p>\n<h2><span class=\"ez-toc-section\" id=\"6_Mirkka_International_Moving\"><\/span><strong>6. Mirkka Internationaler Umzug<\/strong><span class=\"ez-toc-section-end\"><\/span><\/h2>\n<p><img loading=\"lazy\" decoding=\"async\" class=\"alignnone size-full wp-image-10156\" src=\"https:\/\/moverdb.com\/wp-content\/uploads\/Mirkka-International-Moving-company.png\" alt=\"Mirkka Internationales Umzugsunternehmen\" width=\"1440\" height=\"680\" data-wp-pid=\"10156\" srcset=\"https:\/\/moverdb.com\/wp-content\/uploads\/Mirkka-International-Moving-company.png 1440w, https:\/\/moverdb.com\/wp-content\/uploads\/Mirkka-International-Moving-company-300x142.png 300w, https:\/\/moverdb.com\/wp-content\/uploads\/Mirkka-International-Moving-company-1024x484.png 1024w, https:\/\/moverdb.com\/wp-content\/uploads\/Mirkka-International-Moving-company-18x9.png 18w, https:\/\/moverdb.com\/wp-content\/uploads\/Mirkka-International-Moving-company-600x283.png 600w\" sizes=\"auto, (max-width: 1440px) 100vw, 1440px\" \/><\/p>\n<ul>\n<li>Lokale und nationale Umz\u00fcge<\/li>\n<li>Internationale Umz\u00fcge<\/li>\n<li>Umz\u00fcge von Haushalten<\/li>\n<li>B\u00fcroumz\u00fcge<\/li>\n<li>Ma\u00dfgeschneiderte L\u00f6sungen<\/li>\n<li>Umz\u00fcge von kleinen Gegenst\u00e4nden bis hin zu ganzen H\u00e4usern<\/li>\n<li>Professionelles Umzugsteam<\/li>\n<li>Stra\u00dfen-, Luft- und Seefracht<\/li>\n<li>Hausreinigung<\/li>\n<li>Kurz- und Langzeitlagereinrichtungen<\/li>\n<\/ul>\n<p>Mirkka International Moving ist ein nationales und internationales Umzugsunternehmen mit \u00fcber 40 Jahren Erfahrung und Sitz in J\u00f6nk\u00f6ping. Das Unternehmen ist seit acht Jahren Mitglied der IAM und hat dadurch Zugang zu einem internationalen Netzwerk von Umzugsagenten, die Dienstleistungen in der ganzen Welt anbieten.<\/p>\n<p>Mirkka International Moving bietet ma\u00dfgeschneiderte Umzugsdienste f\u00fcr eine kleine Anzahl von Gegenst\u00e4nden und komplette Hausumz\u00fcge auf lokaler, nationaler und internationaler Ebene. Sie bieten Umzugsdienstleistungen mit einem professionellen Team, das Ihren Umzug per Stra\u00dfe, Luft- und Seefracht organisiert. Sie bieten auch zus\u00e4tzliche Dienstleistungen an, wie z. B. Hausreinigungsdienste.<\/p>\n<p>Website: <a href=\"http:\/\/www.mirkkainternationalmoving.se\" target=\"_blank\" rel=\"noopener\">http:\/\/www.mirkkainternationalmoving.se<\/a><\/p>\n<h2><span class=\"ez-toc-section\" id=\"7_Stadsbudkontoret\"><\/span><strong>7. Stadsbudkontoret<\/strong><span class=\"ez-toc-section-end\"><\/span><\/h2>\n<p><img loading=\"lazy\" decoding=\"async\" class=\"alignnone size-full wp-image-10187\" src=\"https:\/\/moverdb.com\/wp-content\/uploads\/Stadsbudkontoret-international-moving-company.png\" alt=\"Stadsbudkontoret internationales Umzugsunternehmen\" width=\"1440\" height=\"677\" data-wp-pid=\"10187\" srcset=\"https:\/\/moverdb.com\/wp-content\/uploads\/Stadsbudkontoret-international-moving-company.png 1440w, https:\/\/moverdb.com\/wp-content\/uploads\/Stadsbudkontoret-international-moving-company-300x141.png 300w, https:\/\/moverdb.com\/wp-content\/uploads\/Stadsbudkontoret-international-moving-company-1024x481.png 1024w, https:\/\/moverdb.com\/wp-content\/uploads\/Stadsbudkontoret-international-moving-company-18x8.png 18w, https:\/\/moverdb.com\/wp-content\/uploads\/Stadsbudkontoret-international-moving-company-600x282.png 600w\" sizes=\"auto, (max-width: 1440px) 100vw, 1440px\" \/><\/p>\n<ul>\n<li>Nationale Umz\u00fcge<\/li>\n<li>Internationale Umz\u00fcge<\/li>\n<li>Umz\u00fcge im Haushalt<\/li>\n<li>Unternehmen zieht um<\/li>\n<li>Haus-zu-Haus-Dienst<\/li>\n<li>Verpackungsservice<\/li>\n<li>Luft-, See- und LKW-Transport<\/li>\n<li>Umzugsunterlagen<\/li>\n<li>Versicherung<\/li>\n<li>Vor\u00fcbergehende Lagerung<\/li>\n<\/ul>\n<p>Stadsbudkontoret ist ein 1888 gegr\u00fcndeter Umzugsdienst, der Unternehmen und Privatpersonen hilft. Sie haben B\u00fcros in Stockholm, Ornskoldsvik, Malm\u00f6, G\u00f6teborg, Harnosand und Cannes. Das Unternehmen verf\u00fcgt \u00fcber ein gro\u00dfes Netzwerk professioneller Umzugsunternehmen, die ihre Dienstleistungen auch au\u00dferhalb Schwedens anbieten. Das Unternehmen ist seit 135 Jahren Mitglied der IAM und ist von der FIDI akkreditiert.<\/p>\n<p>Der Umzugskoordinator von Stadsbudkontoret k\u00fcmmert sich um alle Aspekte Ihres Umzugs innerhalb Schwedens, nach Schweden und aus Schweden und sorgt daf\u00fcr, dass seine Partner die Dienstleistungen erbringen. Der T\u00fcr-zu-T\u00fcr-Service von Stadsbudkontoret umfasst die Suche nach der kosteng\u00fcnstigsten und schnellsten Umzugsmethode f\u00fcr Ihre Bed\u00fcrfnisse. Sie k\u00fcmmern sich um alle erforderlichen Umzugsdokumente f\u00fcr die Ein- und Ausfuhr.<\/p>\n<p>Website: <a href=\"http:\/\/www.sbkmoving.com\" target=\"_blank\" rel=\"noopener\">http:\/\/www.sbkmoving.com<\/a><\/p>\n<h2><span class=\"ez-toc-section\" id=\"8_TBA_Transporter\"><\/span><strong>8. TBA-Transporter<\/strong><span class=\"ez-toc-section-end\"><\/span><\/h2>\n<p><img loading=\"lazy\" decoding=\"async\" class=\"alignnone size-full wp-image-10192\" src=\"https:\/\/moverdb.com\/wp-content\/uploads\/TBA-Transporter-international-moving-company.png\" alt=\"TBA Transporter internationales Umzugsunternehmen\" width=\"1440\" height=\"628\" data-wp-pid=\"10192\" srcset=\"https:\/\/moverdb.com\/wp-content\/uploads\/TBA-Transporter-international-moving-company.png 1440w, https:\/\/moverdb.com\/wp-content\/uploads\/TBA-Transporter-international-moving-company-300x131.png 300w, https:\/\/moverdb.com\/wp-content\/uploads\/TBA-Transporter-international-moving-company-1024x447.png 1024w, https:\/\/moverdb.com\/wp-content\/uploads\/TBA-Transporter-international-moving-company-18x8.png 18w, https:\/\/moverdb.com\/wp-content\/uploads\/TBA-Transporter-international-moving-company-600x262.png 600w\" sizes=\"auto, (max-width: 1440px) 100vw, 1440px\" \/><\/p>\n<ul>\n<li>Lokale und nationale Umz\u00fcge<\/li>\n<li>Internationale Umz\u00fcge<\/li>\n<li>Umz\u00fcge im Haushalt<\/li>\n<li>Unternehmensverlagerungen<\/li>\n<li>Ma\u00dfgeschneiderter Service<\/li>\n<li>Optionen f\u00fcr die Verpackung<\/li>\n<li>Stra\u00dfen-, See- und Lufttransporte<\/li>\n<li>Auspacken von Optionen<\/li>\n<li>Versicherung<\/li>\n<li>L\u00f6sungen f\u00fcr die Lagerung<\/li>\n<\/ul>\n<p>TBA Transporter ist ein 1995 gegr\u00fcndetes Umzugsunternehmen mit Sitz in Stockholm. Das Unternehmen ist seit 28 Jahren Mitglied der IAM und hat dadurch Zugang zu einem internationalen Netzwerk von Umzugsagenten, die sie unterst\u00fctzen k\u00f6nnen.<\/p>\n<p>TBA Transporter bietet einen ma\u00dfgeschneiderten T\u00fcr-zu-T\u00fcr-Umzugsservice f\u00fcr kleine und gro\u00dfe Umzugsvorhaben. Sie bieten eine Auswahl an Ein- und Auspackoptionen, die es Ihnen erm\u00f6glichen, so viel oder so wenig zu tun, wie Sie m\u00f6chten. TBA Transporter ist auf Exportverpackungen f\u00fcr Luft- und Seetransporte spezialisiert und kann bei Bedarf M\u00f6bel demontieren und montieren.<\/p>\n<p>Website: <a href=\"http:\/\/www.tbatransporter.com\" target=\"_blank\" rel=\"noopener\">http:\/\/www.tbatransporter.com<\/a><\/p>\n<h2><span class=\"ez-toc-section\" id=\"Other_Useful_Guides_to_Sweden\"><\/span>Andere n\u00fctzliche Reisef\u00fchrer f\u00fcr Schweden<span class=\"ez-toc-section-end\"><\/span><\/h2>\n<ul>\n<li> <a href=\"https:\/\/moverdb.com\/de\/containerschifffahrt\/schweden\/\">2024 Seefracht-Container-Tarife von und nach Schweden<\/a><\/li>\n<li> <a href=\"https:\/\/moverdb.com\/de\/moving-to-sweden\/\">Umzug nach Schweden? 2026 Lebenshaltungskosten &amp; Umzugstipps<\/a><\/li>\n<li> <a href=\"https:\/\/moverdb.com\/de\/moving-to-sweden\/best-places-to-live-sweden\/\">Die 13 besten Orte zum Leben in Schweden<\/a><\/li>\n<li> <a href=\"https:\/\/moverdb.com\/de\/moving-to-sweden\/living-in-sweden\/\">21 Geheimnisse \u00fcber das Leben in Schweden, die man vor dem Umzug kennen sollte<\/a><\/li>\n<\/ul>","protected":false},"excerpt":{"rendered":"<p>Are you moving within, to or from Sweden? Then you may want to enlist the services of a moving company that can help you plan your move including packing, transportation and handling customs procedures for international moves. Below we have compiled a list of Swedish moving companies that are members of the International Association of [&hellip;]<\/p>\n","protected":false},"author":4,"featured_media":10073,"parent":190,"menu_order":0,"comment_status":"closed","ping_status":"closed","template":"","meta":{"_genesis_hide_title":false,"_genesis_hide_breadcrumbs":false,"_genesis_hide_singular_image":false,"_genesis_hide_footer_widgets":false,"_genesis_custom_body_class":"","_genesis_custom_post_class":"","_genesis_layout":"","footnotes":""},"class_list":{"0":"post-10219","1":"page","2":"type-page","3":"status-publish","4":"has-post-thumbnail","6":"entry"},"_links":{"self":[{"href":"https:\/\/moverdb.com\/de\/wp-json\/wp\/v2\/pages\/10219","targetHints":{"allow":["GET"]}}],"collection":[{"href":"https:\/\/moverdb.com\/de\/wp-json\/wp\/v2\/pages"}],"about":[{"href":"https:\/\/moverdb.com\/de\/wp-json\/wp\/v2\/types\/page"}],"author":[{"embeddable":true,"href":"https:\/\/moverdb.com\/de\/wp-json\/wp\/v2\/users\/4"}],"replies":[{"embeddable":true,"href":"https:\/\/moverdb.com\/de\/wp-json\/wp\/v2\/comments?post=10219"}],"version-history":[{"count":3,"href":"https:\/\/moverdb.com\/de\/wp-json\/wp\/v2\/pages\/10219\/revisions"}],"predecessor-version":[{"id":17110,"href":"https:\/\/moverdb.com\/de\/wp-json\/wp\/v2\/pages\/10219\/revisions\/17110"}],"up":[{"embeddable":true,"href":"https:\/\/moverdb.com\/de\/wp-json\/wp\/v2\/pages\/190"}],"wp:featuredmedia":[{"embeddable":true,"href":"https:\/\/moverdb.com\/de\/wp-json\/wp\/v2\/media\/10073"}],"wp:attachment":[{"href":"https:\/\/moverdb.com\/de\/wp-json\/wp\/v2\/media?parent=10219"}],"curies":[{"name":"wp","href":"https:\/\/api.w.org\/{rel}","templated":true}]}}