{"id":10217,"date":"2023-06-22T15:53:33","date_gmt":"2023-06-22T15:53:33","guid":{"rendered":"https:\/\/moverdb.com\/?page_id=10217"},"modified":"2026-01-08T15:30:16","modified_gmt":"2026-01-08T15:30:16","slug":"moving-companies-sudan","status":"publish","type":"page","link":"https:\/\/moverdb.com\/de\/moving-companies\/moving-companies-sudan\/","title":{"rendered":"Die besten internationalen Umzugsunternehmen in Sudan"},"content":{"rendered":"<p>Ein Umzug kann eine stressige Zeit sein, da es so viel zu tun und zu organisieren gibt, vor allem, wenn man auswandert. Daher ist die Inanspruchnahme der Dienste eines <a href=\"https:\/\/moverdb.com\/de\/moving-companies\/\" data-internallinksmanager029f6b8e52c=\"79\" title=\"Top 25 Internationale Umzugsunternehmen Online\">Umzugsunternehmen<\/a> kann Ihnen dabei helfen, es viel einfacher zu machen. Im Folgenden haben wir eine Liste der im Sudan ans\u00e4ssigen <a href=\"https:\/\/moverdb.com\/de\/international-removals\/\" data-internallinksmanager029f6b8e52c=\"27\" title=\"36 Beste internationale Umzugsunternehmen in Gro\u00dfbritannien\">Umzugsunternehmen<\/a> die Mitglieder der <a href=\"https:\/\/moverdb.com\/de\/iam\/\" data-internallinksmanager029f6b8e52c=\"23\" title=\"International Association of Movers (IAM) erkl\u00e4rt\">Internationaler Verband der M\u00f6belspediteure<\/a> (IAM) und\/oder <a href=\"https:\/\/moverdb.com\/de\/fidi-faim\/\" data-internallinksmanager029f6b8e52c=\"16\" title=\"FIDI &amp; FAIM (FIDI Accredited International Mover) Erl\u00e4utert\">FIDI<\/a> Accredited International Mover (FAIM), die Ihnen bei Ihrem Umzug helfen k\u00f6nnen.<\/p>\n<h2><strong>Ganbert-Umzug<\/strong><\/h2>\n<p><img loading=\"lazy\" decoding=\"async\" class=\"alignnone size-full wp-image-10124\" src=\"https:\/\/moverdb.com\/wp-content\/uploads\/Ganbert-Relocation-international-moving-company.png\" alt=\"Ganbert Relocation internationales Umzugsunternehmen\" width=\"1440\" height=\"679\" data-wp-pid=\"10124\" srcset=\"https:\/\/moverdb.com\/wp-content\/uploads\/Ganbert-Relocation-international-moving-company.png 1440w, https:\/\/moverdb.com\/wp-content\/uploads\/Ganbert-Relocation-international-moving-company-300x141.png 300w, https:\/\/moverdb.com\/wp-content\/uploads\/Ganbert-Relocation-international-moving-company-1024x483.png 1024w, https:\/\/moverdb.com\/wp-content\/uploads\/Ganbert-Relocation-international-moving-company-18x8.png 18w, https:\/\/moverdb.com\/wp-content\/uploads\/Ganbert-Relocation-international-moving-company-600x283.png 600w\" sizes=\"auto, (max-width: 1440px) 100vw, 1440px\" \/><\/p>\n<ul>\n<li>Nationale Umz\u00fcge<\/li>\n<li>Internationale Verlagerungen<\/li>\n<li>Umz\u00fcge im Haushalt<\/li>\n<li>Stra\u00dfen-, Luft- und Seefracht<\/li>\n<li>Zollabfertigung<\/li>\n<li>Transport von Haustieren und Fahrzeugen<\/li>\n<li>Unterst\u00fctzung bei der Einwanderung<\/li>\n<li>Dienstleistungen am Flughafen<\/li>\n<li>Versicherung<\/li>\n<li>Lagereinrichtungen<\/li>\n<\/ul>\n<p>Ganbert Relocation ist ein Umzugsunternehmen, das 1926 in den Niederlanden gegr\u00fcndet wurde. <a href=\"https:\/\/moverdb.com\/de\/top-49-container-ports\/\" data-internallinksmanager029f6b8e52c=\"80\" title=\"Top 49 der gr\u00f6\u00dften und verkehrsreichsten Containerh\u00e4fen im Jahr 2025\">Hafen<\/a> Sudan. Sie sind seit 39 Jahren Mitglied der IAM und haben dadurch Zugang zu einem internationalen Netz von Umzugsunternehmen, die sie bei Umz\u00fcgen in andere L\u00e4nder unterst\u00fctzen.<\/p>\n<p>Ganbert Relocation bietet nationale und internationale Umz\u00fcge und Umzugsdienstleistungen f\u00fcr pers\u00f6nliche Gegenst\u00e4nde, Kunstgegenst\u00e4nde, Haustiere und Fahrzeuge an. Sie arrangieren den Transport per Stra\u00dfe, Luft- oder Seefracht zu Ihrem Zielort und helfen bei der Zollabfertigung. Sie bieten auch zus\u00e4tzliche Dienstleistungen wie Versicherung, Lagerung, Unterst\u00fctzung bei der Einwanderung und Flughafendienste an.<\/p>\n<p>Website: <a href=\"http:\/\/www.ganbert.com\" target=\"_blank\" rel=\"noopener\">http:\/\/www.ganbert.com<\/a><\/p>","protected":false},"excerpt":{"rendered":"<p>Moving can be a stressful time as there is so much to do and organise especially if you are emigrating. Therefore employing the service of a moving company can assist you in making it much easier. Below we have compiled a list of Sudan based removal companies that are members of the International Association of [&hellip;]<\/p>\n","protected":false},"author":4,"featured_media":10124,"parent":190,"menu_order":0,"comment_status":"closed","ping_status":"closed","template":"","meta":{"_genesis_hide_title":false,"_genesis_hide_breadcrumbs":false,"_genesis_hide_singular_image":false,"_genesis_hide_footer_widgets":false,"_genesis_custom_body_class":"","_genesis_custom_post_class":"","_genesis_layout":"","footnotes":""},"class_list":{"0":"post-10217","1":"page","2":"type-page","3":"status-publish","4":"has-post-thumbnail","6":"entry"},"_links":{"self":[{"href":"https:\/\/moverdb.com\/de\/wp-json\/wp\/v2\/pages\/10217","targetHints":{"allow":["GET"]}}],"collection":[{"href":"https:\/\/moverdb.com\/de\/wp-json\/wp\/v2\/pages"}],"about":[{"href":"https:\/\/moverdb.com\/de\/wp-json\/wp\/v2\/types\/page"}],"author":[{"embeddable":true,"href":"https:\/\/moverdb.com\/de\/wp-json\/wp\/v2\/users\/4"}],"replies":[{"embeddable":true,"href":"https:\/\/moverdb.com\/de\/wp-json\/wp\/v2\/comments?post=10217"}],"version-history":[{"count":1,"href":"https:\/\/moverdb.com\/de\/wp-json\/wp\/v2\/pages\/10217\/revisions"}],"predecessor-version":[{"id":10218,"href":"https:\/\/moverdb.com\/de\/wp-json\/wp\/v2\/pages\/10217\/revisions\/10218"}],"up":[{"embeddable":true,"href":"https:\/\/moverdb.com\/de\/wp-json\/wp\/v2\/pages\/190"}],"wp:featuredmedia":[{"embeddable":true,"href":"https:\/\/moverdb.com\/de\/wp-json\/wp\/v2\/media\/10124"}],"wp:attachment":[{"href":"https:\/\/moverdb.com\/de\/wp-json\/wp\/v2\/media?parent=10217"}],"curies":[{"name":"wp","href":"https:\/\/api.w.org\/{rel}","templated":true}]}}