{"id":10215,"date":"2023-06-22T15:54:43","date_gmt":"2023-06-22T15:54:43","guid":{"rendered":"https:\/\/moverdb.com\/?page_id=10215"},"modified":"2026-01-08T15:29:29","modified_gmt":"2026-01-08T15:29:29","slug":"moving-companies-sri-lanka","status":"publish","type":"page","link":"https:\/\/moverdb.com\/de\/moving-companies\/moving-companies-sri-lanka\/","title":{"rendered":"Die 7 besten internationalen Umzugsunternehmen in Sri Lanka"},"content":{"rendered":"<p>Planen Sie einen Umzug? Dann sollten Sie die Dienste eines Umzugsunternehmens in Anspruch nehmen. <a href=\"https:\/\/moverdb.com\/de\/moving-companies\/\" data-internallinksmanager029f6b8e52c=\"79\" title=\"Top 25 Internationale Umzugsunternehmen Online\">Umzugsunternehmen<\/a> denn sie k\u00f6nnen Ihnen beim Packen, Transportieren und bei der Zollabfertigung helfen, wenn Sie ins Ausland umziehen. Im Folgenden haben wir eine Liste der in Sri Lanka ans\u00e4ssigen <a href=\"https:\/\/moverdb.com\/de\/international-removals\/\" data-internallinksmanager029f6b8e52c=\"27\" title=\"36 Beste internationale Umzugsunternehmen in Gro\u00dfbritannien\">Umzugsunternehmen<\/a> die Mitglieder der <a href=\"https:\/\/moverdb.com\/de\/iam\/\" data-internallinksmanager029f6b8e52c=\"23\" title=\"International Association of Movers (IAM) erkl\u00e4rt\">Internationaler Verband der M\u00f6belspediteure<\/a> (IAM) und\/oder <a href=\"https:\/\/moverdb.com\/de\/fidi-faim\/\" data-internallinksmanager029f6b8e52c=\"16\" title=\"FIDI &amp; FAIM (FIDI Accredited International Mover) Erl\u00e4utert\">FIDI<\/a> Accredited International Mover (FAIM), die Ihnen bei Ihrem Umzug helfen k\u00f6nnen.<\/p>\n<div id=\"ez-toc-container\" class=\"ez-toc-v2_0_82_2 ez-toc-wrap-left counter-hierarchy ez-toc-counter ez-toc-transparent ez-toc-container-direction\">\n<div class=\"ez-toc-title-container\">\n<p class=\"ez-toc-title\" style=\"cursor:inherit\">Rubriken<\/p>\n<span class=\"ez-toc-title-toggle\"><a href=\"#\" class=\"ez-toc-pull-right ez-toc-btn ez-toc-btn-xs ez-toc-btn-default ez-toc-toggle\" aria-label=\"Inhaltsverzeichnis umschalten\"><span class=\"ez-toc-js-icon-con\"><span class=\"\"><span class=\"eztoc-hide\" style=\"display:none;\">Umschalten auf<\/span><span class=\"ez-toc-icon-toggle-span\"><svg style=\"fill: #999;color:#999\" xmlns=\"http:\/\/www.w3.org\/2000\/svg\" class=\"list-377408\" width=\"20px\" height=\"20px\" viewbox=\"0 0 24 24\" fill=\"none\"><path d=\"M6 6H4v2h2V6zm14 0H8v2h12V6zM4 11h2v2H4v-2zm16 0H8v2h12v-2zM4 16h2v2H4v-2zm16 0H8v2h12v-2z\" fill=\"currentColor\"><\/path><\/svg><svg style=\"fill: #999;color:#999\" class=\"arrow-unsorted-368013\" xmlns=\"http:\/\/www.w3.org\/2000\/svg\" width=\"10px\" height=\"10px\" viewbox=\"0 0 24 24\" version=\"1.2\" baseprofile=\"tiny\"><path d=\"M18.2 9.3l-6.2-6.3-6.2 6.3c-.2.2-.3.4-.3.7s.1.5.3.7c.2.2.4.3.7.3h11c.3 0 .5-.1.7-.3.2-.2.3-.5.3-.7s-.1-.5-.3-.7zM5.8 14.7l6.2 6.3 6.2-6.3c.2-.2.3-.5.3-.7s-.1-.5-.3-.7c-.2-.2-.4-.3-.7-.3h-11c-.3 0-.5.1-.7.3-.2.2-.3.5-.3.7s.1.5.3.7z\"\/><\/svg><\/span><\/span><\/span><\/a><\/span><\/div>\n<nav><ul class='ez-toc-list ez-toc-list-level-1 eztoc-toggle-hide-by-default' ><li class='ez-toc-page-1 ez-toc-heading-level-2'><a class=\"ez-toc-link ez-toc-heading-1\" href=\"https:\/\/moverdb.com\/de\/moving-companies\/moving-companies-sri-lanka\/#1_Aitken_Spence\" >1. Aitken Spence<\/a><\/li><li class='ez-toc-page-1 ez-toc-heading-level-2'><a class=\"ez-toc-link ez-toc-heading-2\" href=\"https:\/\/moverdb.com\/de\/moving-companies\/moving-companies-sri-lanka\/#2_Asian_Movers\" >2. Asian Movers<\/a><\/li><li class='ez-toc-page-1 ez-toc-heading-level-2'><a class=\"ez-toc-link ez-toc-heading-3\" href=\"https:\/\/moverdb.com\/de\/moving-companies\/moving-companies-sri-lanka\/#3_Don_Carolis_Sons\" >3. Don Carolis &amp; S\u00f6hne<\/a><\/li><li class='ez-toc-page-1 ez-toc-heading-level-2'><a class=\"ez-toc-link ez-toc-heading-4\" href=\"https:\/\/moverdb.com\/de\/moving-companies\/moving-companies-sri-lanka\/#4_Horizon_Relocations\" >4. Horizontverschiebungen<\/a><\/li><li class='ez-toc-page-1 ez-toc-heading-level-2'><a class=\"ez-toc-link ez-toc-heading-5\" href=\"https:\/\/moverdb.com\/de\/moving-companies\/moving-companies-sri-lanka\/#5_Trans_World_Movers\" >5. Trans World Movers<\/a><\/li><li class='ez-toc-page-1 ez-toc-heading-level-2'><a class=\"ez-toc-link ez-toc-heading-6\" href=\"https:\/\/moverdb.com\/de\/moving-companies\/moving-companies-sri-lanka\/#6_Trans-Global_Relocations\" >6. Trans-globale Verlagerungen<\/a><\/li><li class='ez-toc-page-1 ez-toc-heading-level-2'><a class=\"ez-toc-link ez-toc-heading-7\" href=\"https:\/\/moverdb.com\/de\/moving-companies\/moving-companies-sri-lanka\/#7_Worldwide_Movers\" >7. Weltweite Transporteure<\/a><\/li><\/ul><\/nav><\/div>\n<h2><span class=\"ez-toc-section\" id=\"1_Aitken_Spence\"><\/span><strong>1. Aitken Spence<\/strong><span class=\"ez-toc-section-end\"><\/span><\/h2>\n<p><img loading=\"lazy\" decoding=\"async\" class=\"alignnone size-full wp-image-10071\" src=\"https:\/\/moverdb.com\/wp-content\/uploads\/Aitken-Spence-international-moving-company.png\" alt=\"Aitken Spence internationales Umzugsunternehmen\" width=\"1440\" height=\"676\" data-wp-pid=\"10071\" srcset=\"https:\/\/moverdb.com\/wp-content\/uploads\/Aitken-Spence-international-moving-company.png 1440w, https:\/\/moverdb.com\/wp-content\/uploads\/Aitken-Spence-international-moving-company-300x141.png 300w, https:\/\/moverdb.com\/wp-content\/uploads\/Aitken-Spence-international-moving-company-1024x481.png 1024w, https:\/\/moverdb.com\/wp-content\/uploads\/Aitken-Spence-international-moving-company-18x8.png 18w, https:\/\/moverdb.com\/wp-content\/uploads\/Aitken-Spence-international-moving-company-600x282.png 600w\" sizes=\"auto, (max-width: 1440px) 100vw, 1440px\" \/><\/p>\n<ul>\n<li>Nationale Umz\u00fcge<\/li>\n<li>Internationale Umz\u00fcge<\/li>\n<li>Umz\u00fcge im Haushalt<\/li>\n<li>Unternehmen Logistik<\/li>\n<li>Ausstellungsdienstleistungen<\/li>\n<li>End-to-End-L\u00f6sungen<\/li>\n<li>Luft-, See- und Landfracht<\/li>\n<li>Zollabfertigung<\/li>\n<li>Umz\u00fcge von Haustieren<\/li>\n<li>Lagereinrichtungen<\/li>\n<\/ul>\n<p>Aitken Spence ist ein multisektorales Unternehmen, das seit 1868 t\u00e4tig ist und in acht L\u00e4ndern, darunter Colombo, Sri Lanka, vertreten ist. Zu ihren Speditionsaktivit\u00e4ten geh\u00f6ren Umz\u00fcge und Verlagerungen. Das Unternehmen verf\u00fcgt \u00fcber eigene Niederlassungen und ein weltweites Netz von Handels- und Logistikunternehmen, die es unterst\u00fctzen. Das Unternehmen ist Mitglied der IAM und kann auf 44 Dienstjahre zur\u00fcckblicken.<\/p>\n<p>Aitken Spence bietet mit seiner globalen Pr\u00e4senz integrierte End-to-End-L\u00f6sungen. Sie bieten problemlose Umz\u00fcge und Umzugsdienstleistungen f\u00fcr Haushalte, die irgendwo auf der Welt umziehen. Sie k\u00f6nnen Ihr Hab und Gut und Ihre Haustiere in Ihr neues Zuhause umziehen. Sie organisieren den Transport mit Zollabfertigung.<\/p>\n<p>Website: <a href=\"http:\/\/www.acecargo.lk\" target=\"_blank\" rel=\"noopener\">http:\/\/www.acecargo.lk<\/a><\/p>\n<h2><span class=\"ez-toc-section\" id=\"2_Asian_Movers\"><\/span><strong>2. Asian Movers<\/strong><span class=\"ez-toc-section-end\"><\/span><\/h2>\n<p><img loading=\"lazy\" decoding=\"async\" class=\"alignnone size-full wp-image-10079\" src=\"https:\/\/moverdb.com\/wp-content\/uploads\/Asian-Movers-international-moving-company.png\" alt=\"Asian Movers internationales Umzugsunternehmen\" width=\"1440\" height=\"681\" data-wp-pid=\"10079\" srcset=\"https:\/\/moverdb.com\/wp-content\/uploads\/Asian-Movers-international-moving-company.png 1440w, https:\/\/moverdb.com\/wp-content\/uploads\/Asian-Movers-international-moving-company-300x142.png 300w, https:\/\/moverdb.com\/wp-content\/uploads\/Asian-Movers-international-moving-company-1024x484.png 1024w, https:\/\/moverdb.com\/wp-content\/uploads\/Asian-Movers-international-moving-company-18x9.png 18w, https:\/\/moverdb.com\/wp-content\/uploads\/Asian-Movers-international-moving-company-600x284.png 600w\" sizes=\"auto, (max-width: 1440px) 100vw, 1440px\" \/><\/p>\n<ul>\n<li>Lokale und nationale Umz\u00fcge<\/li>\n<li>Internationale Umz\u00fcge<\/li>\n<li>Umz\u00fcge im Haushalt<\/li>\n<li>Firmen- und B\u00fcroumz\u00fcge<\/li>\n<li>Haus-zu-Haus-Dienst<\/li>\n<li>Verpackungsservice<\/li>\n<li>Stra\u00dfen-, See- und Luftverkehr<\/li>\n<li>Zollabfertigung<\/li>\n<li>Versicherung<\/li>\n<li>L\u00f6sungen f\u00fcr die Lagerung<\/li>\n<\/ul>\n<p>Asian Movers ist ein in Sri Lanka gegr\u00fcndetes Unternehmen f\u00fcr ma\u00dfgeschneiderte Umzugsl\u00f6sungen und die <a href=\"https:\/\/moverdb.com\/de\/moving-to-the-maldives\/\" data-internallinksmanager029f6b8e52c=\"387\" title=\"Umzug auf die Malediven? 2026 Lebenshaltungskosten &amp; Umzugstipps\">Malediven<\/a> im Jahr 2013. Durch ihre Mitgliedschaft in internationalen Umzugsverb\u00e4nden haben sie eine globale Reichweite f\u00fcr ihre Dienstleistungen. Sie sind seit 10 Jahren Mitglied der IAM.<\/p>\n<p>Asian Movers bietet einen ma\u00dfgeschneiderten Umzugsservice, unabh\u00e4ngig davon, ob Sie einen kompletten Umzugsservice oder nur einen Lkw und Umzugshelfer ben\u00f6tigen. Ihr T\u00fcr-zu-T\u00fcr-Service kann das sichere Verpacken all Ihrer Habseligkeiten und die Erstellung eines Inventars, das Beladen, den Transport zu Ihrem Zielort und das Entladen umfassen. Sie helfen Ihnen bei den Fracht- und Zollabfertigungsdokumenten sowie bei der Versicherung.<\/p>\n<p>Website: <a href=\"http:\/\/www.asianmovers.com\/\" target=\"_blank\" rel=\"noopener\">http:\/\/www.asianmovers.com\/<\/a><\/p>\n<h2><span class=\"ez-toc-section\" id=\"3_Don_Carolis_Sons\"><\/span><strong>3. Don Carolis &amp; S\u00f6hne<\/strong><span class=\"ez-toc-section-end\"><\/span><\/h2>\n<p><em><img loading=\"lazy\" decoding=\"async\" class=\"alignnone size-full wp-image-10102\" src=\"https:\/\/moverdb.com\/wp-content\/uploads\/Don-Carolis-Sons-international-moving-company.png\" alt=\"Don Carolis &amp; Sons Internationales Umzugsunternehmen\" width=\"1440\" height=\"679\" data-wp-pid=\"10102\" srcset=\"https:\/\/moverdb.com\/wp-content\/uploads\/Don-Carolis-Sons-international-moving-company.png 1440w, https:\/\/moverdb.com\/wp-content\/uploads\/Don-Carolis-Sons-international-moving-company-300x141.png 300w, https:\/\/moverdb.com\/wp-content\/uploads\/Don-Carolis-Sons-international-moving-company-1024x483.png 1024w, https:\/\/moverdb.com\/wp-content\/uploads\/Don-Carolis-Sons-international-moving-company-18x8.png 18w, https:\/\/moverdb.com\/wp-content\/uploads\/Don-Carolis-Sons-international-moving-company-600x283.png 600w\" sizes=\"auto, (max-width: 1440px) 100vw, 1440px\" \/><\/em><\/p>\n<ul>\n<li>Nationale Umz\u00fcge<\/li>\n<li>Internationale Umz\u00fcge<\/li>\n<li>Umz\u00fcge im Haushalt<\/li>\n<li>Organisatorische Ver\u00e4nderungen<\/li>\n<li>Ma\u00dfgeschneiderter Service<\/li>\n<li>Umzugskoordinator<\/li>\n<li>Verpackungsservice<\/li>\n<li>Vorkehrungen f\u00fcr den Transport<\/li>\n<li>Auspacken von Optionen<\/li>\n<li>Vollwertiger Schutz<\/li>\n<\/ul>\n<p>Don Carolis &amp; Sons ist ein M\u00f6belhersteller, Einzelh\u00e4ndler und Exporteur mit Sitz in Colombo, der seit \u00fcber 150 Jahren t\u00e4tig ist. Das Unternehmen ist Mitglied des IAM und hat dadurch Zugang zu einem internationalen Netzwerk von Umzugsunternehmen, die es bei internationalen Umz\u00fcgen unterst\u00fctzen.<\/p>\n<p>Don Carolis &amp; Sons bietet einen ma\u00dfgeschneiderten Verpackungsservice, der auf Ihre Bed\u00fcrfnisse in Bezug auf Zeitplan, Budget und Habseligkeiten abgestimmt ist, und stellt Ihnen einen Umzugskoordinator zur Seite, der Sie w\u00e4hrend Ihres gesamten Umzugs unterst\u00fctzt. Sie k\u00fcmmern sich um Ihr Hab und Gut, einschlie\u00dflich Beladung, Transport und Entladung, in allen ihren Pl\u00e4nen. Ihre Pl\u00e4ne beinhalten das Auspacken, teilweises Auspacken und Aufstellen von M\u00f6beln sowie das vollst\u00e4ndige Auspacken.<\/p>\n<p>Website: <a href=\"http:\/\/www.doncarolis.com\" target=\"_blank\" rel=\"noopener\">http:\/\/www.doncarolis.com<\/a><\/p>\n<h2><span class=\"ez-toc-section\" id=\"4_Horizon_Relocations\"><\/span><strong>4. Horizontverschiebungen<\/strong><span class=\"ez-toc-section-end\"><\/span><\/h2>\n<p><img loading=\"lazy\" decoding=\"async\" class=\"alignnone size-full wp-image-10136\" src=\"https:\/\/moverdb.com\/wp-content\/uploads\/Horizon-Relocations-international-moving-company.png\" alt=\"Horizon Relocations internationales Umzugsunternehmen\" width=\"1440\" height=\"626\" data-wp-pid=\"10136\" srcset=\"https:\/\/moverdb.com\/wp-content\/uploads\/Horizon-Relocations-international-moving-company.png 1440w, https:\/\/moverdb.com\/wp-content\/uploads\/Horizon-Relocations-international-moving-company-300x130.png 300w, https:\/\/moverdb.com\/wp-content\/uploads\/Horizon-Relocations-international-moving-company-1024x445.png 1024w, https:\/\/moverdb.com\/wp-content\/uploads\/Horizon-Relocations-international-moving-company-18x8.png 18w, https:\/\/moverdb.com\/wp-content\/uploads\/Horizon-Relocations-international-moving-company-600x261.png 600w\" sizes=\"auto, (max-width: 1440px) 100vw, 1440px\" \/><\/p>\n<ul>\n<li>Lokale und nationale Umz\u00fcge<\/li>\n<li>Internationale Verlagerungen<\/li>\n<li>Umz\u00fcge im Haushalt<\/li>\n<li>Lieferung von pers\u00f6nlichen Gegenst\u00e4nden<\/li>\n<li>Haus-zu-Haus-Dienst<\/li>\n<li>Verpackung<\/li>\n<li>Frachtvereinbarungen<\/li>\n<li>Zollabfertigung<\/li>\n<li>Versicherung<\/li>\n<li>Lagereinrichtungen<\/li>\n<\/ul>\n<p>Horizon Relocations ist ein nationales und internationales Umzugs- und Relocation-Unternehmen mit Sitz in Colombo. Das Unternehmen ist Mitglied der IAM und hat dadurch Zugang zu einem internationalen Netzwerk von Umzugsagenten, die ihm bei der Erbringung internationaler Dienstleistungen behilflich sein k\u00f6nnen.<\/p>\n<p>Horizon Relocations bietet Umzugsdienstleistungen von T\u00fcr zu T\u00fcr f\u00fcr lokale, nationale und internationale Umz\u00fcge von pers\u00f6nlichen Gegenst\u00e4nden und Hausrat. Sie bieten Dienstleistungen f\u00fcr kleine bis gro\u00dfe Mengen von Gegenst\u00e4nden an, einschlie\u00dflich Verpackung und Ummantelung, um die Gegenst\u00e4nde w\u00e4hrend des Transports zu sch\u00fctzen, damit sie sicher ankommen. Sie arrangieren den Transport Ihres Umzugsguts per Spedition oder Schiff an Ihren Bestimmungsort mit Zollabfertigung.<\/p>\n<p>Website: <a href=\"http:\/\/www.horizonrelocations.lk\" target=\"_blank\" rel=\"noopener\">http:\/\/www.horizonrelocations.lk<\/a><\/p>\n<h2><span class=\"ez-toc-section\" id=\"5_Trans_World_Movers\"><\/span><strong>5. Trans World Movers<\/strong><span class=\"ez-toc-section-end\"><\/span><\/h2>\n<p><img loading=\"lazy\" decoding=\"async\" class=\"alignnone size-full wp-image-10196\" src=\"https:\/\/moverdb.com\/wp-content\/uploads\/Trans-World-Movers-international-moving-company.png\" alt=\"Trans World Movers internationales Umzugsunternehmen\" width=\"1440\" height=\"675\" data-wp-pid=\"10196\" srcset=\"https:\/\/moverdb.com\/wp-content\/uploads\/Trans-World-Movers-international-moving-company.png 1440w, https:\/\/moverdb.com\/wp-content\/uploads\/Trans-World-Movers-international-moving-company-300x141.png 300w, https:\/\/moverdb.com\/wp-content\/uploads\/Trans-World-Movers-international-moving-company-1024x480.png 1024w, https:\/\/moverdb.com\/wp-content\/uploads\/Trans-World-Movers-international-moving-company-18x8.png 18w, https:\/\/moverdb.com\/wp-content\/uploads\/Trans-World-Movers-international-moving-company-600x281.png 600w\" sizes=\"auto, (max-width: 1440px) 100vw, 1440px\" \/><\/p>\n<ul>\n<li>Lokale Umz\u00fcge<\/li>\n<li>Internationale Umz\u00fcge<\/li>\n<li>Umz\u00fcge im Haushalt<\/li>\n<li>Firmenumz\u00fcge<\/li>\n<li>T\u00fcr-zu-T\u00fcr-L\u00f6sungen<\/li>\n<li>Verpackungsservice<\/li>\n<li>Luft-, See- und Stra\u00dfentransport<\/li>\n<li>Zollabfertigung<\/li>\n<li>Transport von Fahrzeugen und Haustieren<\/li>\n<li>Lagereinrichtungen<\/li>\n<\/ul>\n<p>Trans World Movers ist ein 1973 gegr\u00fcndetes Umzugsunternehmen mit Sitz in Colombo, das Dienstleistungen f\u00fcr Privatpersonen, Diplomaten und Unternehmen anbietet. Das Unternehmen verf\u00fcgt \u00fcber ein etabliertes Netzwerk von Vertretern und Agenten in der ganzen Welt, die es bei internationalen Umz\u00fcgen unterst\u00fctzen. Das Unternehmen ist Mitglied der IAM und kann auf 50 Jahre Erfahrung zur\u00fcckblicken.<\/p>\n<p>Trans World Movers bietet lokale und internationale Umzugsdienste von T\u00fcr zu T\u00fcr an. Sie bieten einen Verpackungsservice an, der den internationalen Standards zum Schutz der Gegenst\u00e4nde w\u00e4hrend des Transports entspricht. Sie arrangieren den Transport Ihrer G\u00fcter auf dem Land-, Luft- und Seeweg mit Zollabfertigung. Das Unternehmen bietet zus\u00e4tzliche Dienstleistungen wie den Umgang mit Haustieren, <a href=\"https:\/\/moverdb.com\/de\/car-transport-shipping\/\" data-internallinksmanager029f6b8e52c=\"2\" title=\"2026 Internationale Autotransporte &amp; Angebote f\u00fcr Fahrzeugtransporte\">Fahrzeugverschiffung<\/a> und Speicherl\u00f6sungen.<\/p>\n<p>Website: <a href=\"http:\/\/www.transworldmovers.com\" target=\"_blank\" rel=\"noopener\">http:\/\/www.transworldmovers.com<\/a><\/p>\n<h2><span class=\"ez-toc-section\" id=\"6_Trans-Global_Relocations\"><\/span><strong>6. Trans-globale Verlagerungen<\/strong><span class=\"ez-toc-section-end\"><\/span><\/h2>\n<p><img loading=\"lazy\" decoding=\"async\" class=\"alignnone size-full wp-image-10197\" src=\"https:\/\/moverdb.com\/wp-content\/uploads\/Trans-Global-Relocations-international-moving-company.png\" alt=\"Trans-Global Relocations internationales Umzugsunternehmen\" width=\"1440\" height=\"681\" data-wp-pid=\"10197\" srcset=\"https:\/\/moverdb.com\/wp-content\/uploads\/Trans-Global-Relocations-international-moving-company.png 1440w, https:\/\/moverdb.com\/wp-content\/uploads\/Trans-Global-Relocations-international-moving-company-300x142.png 300w, https:\/\/moverdb.com\/wp-content\/uploads\/Trans-Global-Relocations-international-moving-company-1024x484.png 1024w, https:\/\/moverdb.com\/wp-content\/uploads\/Trans-Global-Relocations-international-moving-company-18x9.png 18w, https:\/\/moverdb.com\/wp-content\/uploads\/Trans-Global-Relocations-international-moving-company-600x284.png 600w\" sizes=\"auto, (max-width: 1440px) 100vw, 1440px\" \/><\/p>\n<ul>\n<li>Lokale und nationale Umz\u00fcge<\/li>\n<li>Internationale Umz\u00fcge<\/li>\n<li>Umz\u00fcge im Haushalt<\/li>\n<li>Haus-zu-Haus-Dienst<\/li>\n<li>Professionelle Verpackung<\/li>\n<li>See- und Lufttransporte<\/li>\n<li>Zollabfertigung<\/li>\n<li>Umsiedlung von Haustieren<\/li>\n<li>Handhabung des Fahrzeugs<\/li>\n<li>Sichere Lagerung<\/li>\n<\/ul>\n<p>Trans-Global Relocations ist ein Umzugs- und Relocation-Unternehmen mit Sitz in Colombo. Sie sind Mitglied der IAM, die ihnen ein internationales Netzwerk von Umzugsagenten zur Verf\u00fcgung stellt, die an \u00dcberseeumz\u00fcgen arbeiten.<\/p>\n<p>Trans-Global Relocations bietet einen Hausbesuch an, um Ihren Umzugsbedarf zu ermitteln und einen auf Ihre Bed\u00fcrfnisse zugeschnittenen Umzugsplan zu erstellen, der auch Ratschl\u00e4ge f\u00fcr die Vorbereitung und die kosteng\u00fcnstigste Methode des Umzugs enth\u00e4lt. Sie bieten einen T\u00fcr-zu-T\u00fcr-Service an, der auch das professionelle Verpacken Ihres Umzugsguts umfasst, um sicherzustellen, dass es sicher auf dem internationalen See- oder Luftweg transportiert wird, einschlie\u00dflich der Zollabfertigung. Sie bieten auch zus\u00e4tzliche Dienstleistungen an, wie den Umzug von Haustieren, die Abfertigung von Autos und die Lagerung.<\/p>\n<p>Website: <a href=\"http:\/\/www.t-grelo.com\" target=\"_blank\" rel=\"noopener\">http:\/\/www.t-grelo.com<\/a><\/p>\n<h2><span class=\"ez-toc-section\" id=\"7_Worldwide_Movers\"><\/span><strong>7. Weltweite Transporteure<\/strong><span class=\"ez-toc-section-end\"><\/span><\/h2>\n<p><img loading=\"lazy\" decoding=\"async\" class=\"alignnone size-full wp-image-10209\" src=\"https:\/\/moverdb.com\/wp-content\/uploads\/Worldwide-Movers-international-moving-company.png\" alt=\"Worldwide Movers internationales Umzugsunternehmen\" width=\"1440\" height=\"674\" data-wp-pid=\"10209\" srcset=\"https:\/\/moverdb.com\/wp-content\/uploads\/Worldwide-Movers-international-moving-company.png 1440w, https:\/\/moverdb.com\/wp-content\/uploads\/Worldwide-Movers-international-moving-company-300x140.png 300w, https:\/\/moverdb.com\/wp-content\/uploads\/Worldwide-Movers-international-moving-company-1024x479.png 1024w, https:\/\/moverdb.com\/wp-content\/uploads\/Worldwide-Movers-international-moving-company-18x8.png 18w, https:\/\/moverdb.com\/wp-content\/uploads\/Worldwide-Movers-international-moving-company-600x281.png 600w\" sizes=\"auto, (max-width: 1440px) 100vw, 1440px\" \/><\/p>\n<ul>\n<li>Nationale Umz\u00fcge<\/li>\n<li>Internationale Umz\u00fcge<\/li>\n<li>Umz\u00fcge im Haushalt<\/li>\n<li>Umzugsdienste<\/li>\n<li>T\u00fcr-zu-T\u00fcr oder T\u00fcr-zu-T\u00fcr<a href=\"https:\/\/moverdb.com\/de\/top-49-container-ports\/\" data-internallinksmanager029f6b8e52c=\"80\" title=\"Top 49 der gr\u00f6\u00dften und verkehrsreichsten Containerh\u00e4fen im Jahr 2025\">Hafen<\/a> Dienstleistung<\/li>\n<li>Verpackungsservice<\/li>\n<li>Transport auf dem Land-, Luft- oder Seeweg<\/li>\n<li>Zollabfertigung<\/li>\n<li>Umgang mit Haustieren<\/li>\n<li>Fahrzeugtransport<\/li>\n<\/ul>\n<p>Worldwide Movers ist ein Verpackungs- und Umzugsunternehmen, das 2009 gegr\u00fcndet wurde und seinen Sitz in Colombo hat. Das Unternehmen ist seit 15 Jahren Mitglied der IAM und auch Mitglied der Asian Relocation Association. Diese Mitgliedschaften erm\u00f6glichen es ihnen, \u00fcberall auf der Welt Umzugsdienstleistungen anzubieten.<\/p>\n<p>Worldwide Movers bietet Umz\u00fcge von T\u00fcr zu T\u00fcr oder T\u00fcr zu Hafen im In- und Ausland an. Sie bieten einen Verpackungsservice an, der das sichere Verpacken Ihrer Gegenst\u00e4nde, die Demontage und den Wiederaufbau von M\u00f6beln und Einrichtungsgegenst\u00e4nden umfasst. Sie k\u00f6nnen Ihnen auch dabei helfen, Ihre Fahrzeuge und Haustiere mitzunehmen. Der Umzugsservice umfasst Haus- und Schulsuche, Orientierungshilfen, Ortsbesichtigungen und Hausmeisterdienste.<\/p>\n<p>Website: <a href=\"https:\/\/w-movers.com\/\" target=\"_blank\" rel=\"noopener\">https:\/\/w-movers.com\/<\/a><\/p>","protected":false},"excerpt":{"rendered":"<p>Are you planning on moving? Then you may want to enlist the services of a moving company as they can assist you with packing, transportation and handling customs when moving abroad. Below we have compiled a list of Sri Lanka based removal companies that are members of the International Association of Movers (IAM) and\/or FIDI [&hellip;]<\/p>\n","protected":false},"author":4,"featured_media":10071,"parent":190,"menu_order":0,"comment_status":"closed","ping_status":"closed","template":"","meta":{"_genesis_hide_title":false,"_genesis_hide_breadcrumbs":false,"_genesis_hide_singular_image":false,"_genesis_hide_footer_widgets":false,"_genesis_custom_body_class":"","_genesis_custom_post_class":"","_genesis_layout":"","footnotes":""},"class_list":{"0":"post-10215","1":"page","2":"type-page","3":"status-publish","4":"has-post-thumbnail","6":"entry"},"_links":{"self":[{"href":"https:\/\/moverdb.com\/de\/wp-json\/wp\/v2\/pages\/10215","targetHints":{"allow":["GET"]}}],"collection":[{"href":"https:\/\/moverdb.com\/de\/wp-json\/wp\/v2\/pages"}],"about":[{"href":"https:\/\/moverdb.com\/de\/wp-json\/wp\/v2\/types\/page"}],"author":[{"embeddable":true,"href":"https:\/\/moverdb.com\/de\/wp-json\/wp\/v2\/users\/4"}],"replies":[{"embeddable":true,"href":"https:\/\/moverdb.com\/de\/wp-json\/wp\/v2\/comments?post=10215"}],"version-history":[{"count":1,"href":"https:\/\/moverdb.com\/de\/wp-json\/wp\/v2\/pages\/10215\/revisions"}],"predecessor-version":[{"id":10216,"href":"https:\/\/moverdb.com\/de\/wp-json\/wp\/v2\/pages\/10215\/revisions\/10216"}],"up":[{"embeddable":true,"href":"https:\/\/moverdb.com\/de\/wp-json\/wp\/v2\/pages\/190"}],"wp:featuredmedia":[{"embeddable":true,"href":"https:\/\/moverdb.com\/de\/wp-json\/wp\/v2\/media\/10071"}],"wp:attachment":[{"href":"https:\/\/moverdb.com\/de\/wp-json\/wp\/v2\/media?parent=10215"}],"curies":[{"name":"wp","href":"https:\/\/api.w.org\/{rel}","templated":true}]}}