{"id":988,"date":"2017-02-24T08:48:27","date_gmt":"2017-02-24T08:48:27","guid":{"rendered":"http:\/\/moverdb.com\/?page_id=988"},"modified":"2026-01-08T14:40:00","modified_gmt":"2026-01-08T14:40:00","slug":"island-movers","status":"publish","type":"page","link":"https:\/\/moverdb.com\/da\/island-movers\/","title":{"rendered":"Island Movers - International flytning Anmeldelser"},"content":{"rendered":"<p>Island Movers er baseret i Honolulu og tilbyder sine kunder en r\u00e6kke flyttetjenester, som er anf\u00f8rt nedenfor, sammen med en virksomhedsprofil og anmeldelser. <\/p>\n<p><strong>Internationale flytninger - <a href=\"https:\/\/moverdb.com\/da\/moving-to-the-united-states\/\" data-internallinksmanager029f6b8e52c=\"94\" title=\"Flytter du til USA? 2022 Leveomkostninger og flyttetips\">USA<\/a> og verden<\/strong><\/p>\n<ul>\n<li> Personlig flyttekoordinator<\/li>\n<li> D\u00f8r til d\u00f8r-service<\/li>\n<li> Selvpakning eller fuld pakningsservice<\/li>\n<li> Kartoner leveres<\/li>\n<li> Udpakningstjeneste<\/li>\n<li> S\u00f8- og luftfragt<\/li>\n<li> Bistand med told<\/li>\n<li> Forsikring arrangeret<\/li>\n<\/ul>\n<p><strong>Personlige flytninger<\/strong><\/p>\n<ul>\n<li> Inden for samme \u00f8 - omkostninger baseret p\u00e5 tid<\/li>\n<li> Til en anden \u00f8 - prisen afh\u00e6nger af v\u00e6gten<\/li>\n<li> Globalt<\/li>\n<li> Selvpakning eller fuld pakningsservice<\/li>\n<li> Kartoner leveres<\/li>\n<li> Udpakningstjeneste<\/li>\n<li> Lang- og korttidsopbevaring tilg\u00e6ngelig<\/li>\n<li> B\u00e6rbar opbevaring tilg\u00e6ngelig<\/li>\n<\/ul>\n<p><strong>Virksomhedsflytninger<\/strong><\/p>\n<ul>\n<li> Sm\u00e5 eller store flytninger<\/li>\n<li> Det anbefales at medbringe egne dokumenter<\/li>\n<li> Langtids- og korttidsopbevaring tilg\u00e6ngelig<\/li>\n<li> B\u00e6rbar opbevaring tilg\u00e6ngelig<\/li>\n<li> Demontering og genmontering af m\u00f8bler<\/li>\n<\/ul>\n<p><strong>Andre tjenester<\/strong><\/p>\n<ul>\n<li> Opbevaringsfaciliteter og lagerenheder<\/li>\n<li> Lastvognstransport og transport af gods<\/li>\n<li> Konsolideret fragt mellem \u00f8erne<\/li>\n<li> Oplagrings- og distributionstjenester<\/li>\n<li> US Customs and Agriculture - Central Examination Station<\/li>\n<li> Renovering af hotel <\/li>\n<li> Kontraktlige leveringstjenester i hjemmet<\/li>\n<li> Internationale kongresydelser<\/li>\n<li> Pro-File Record Systems<\/li>\n<li> Kurertjenester og pansrede k\u00f8ret\u00f8jer<\/li>\n<li> Opbevaring og salg af containere<\/li>\n<\/ul>\n<h2>Island Movers virksomhedsprofil<\/h2>\n<p>Island Movers Inc er en familieejet virksomhed i <a href=\"https:\/\/moverdb.com\/da\/moving-to-the-united-states\/moving-to-hawaii\/\" data-internallinksmanager029f6b8e52c=\"403\" title=\"Flytter du til Hawaii? 2026 Leveomkostninger og tips til flytning\">Hawaii<\/a> som blev startet i 1958. I 1960'erne blev virksomheden overtaget af Donald Takaki, og den har v\u00e6ret i familiens eje lige siden. Det er en stolt hawaiiansk virksomhed med st\u00e6rke b\u00e5nd til fastlandet og internationalt. Island Movers er blandt de 250 st\u00f8rste virksomheder i staten Hawaii. De er den st\u00f8rste diversificerede transportvirksomhed i regionen. <\/p>\n<p>Island Movers har specialiseret sig i almindelig lastbiltransport, flytning af hjem (b\u00e5de lokalt og internationalt) og levering af varer til hjemmet. Island Movers er en del af Hawktree International Group og besk\u00e6ftiger over 250 medarbejdere. St\u00f8rstedelen af Island Movers' forretning er erhvervsm\u00e6ssig, herunder flytning af medarbejdere til udlandet. Internationale flytninger arrangeres gennem globale partnerskaber. <\/p>\n<p>Island Movers Inc har f\u00f8lgende akkrediteringer og tilknytninger:<\/p>\n<ul>\n<li> Pan American International Movers Association (PAIMA)<\/li>\n<li> <a href=\"https:\/\/moverdb.com\/da\/iam\/\">International Movers Association<\/a> (<a href=\"https:\/\/moverdb.com\/da\/iam\/\" data-internallinksmanager029f6b8e52c=\"23\" title=\"International Association of Movers (IAM) Forklaret\">IAM<\/a>)<\/li>\n<li> <a href=\"https:\/\/moverdb.com\/da\/amsa\/\">Amerikansk sammenslutning af flytte- og opbevaringsfirmaer<\/a> (<a href=\"https:\/\/moverdb.com\/da\/amsa\/\" data-internallinksmanager029f6b8e52c=\"5\" title=\"American Moving &amp; Storage Association (AMSA) Forklaret\">AMSA<\/a>)<\/li>\n<li> Better Business Bureau (BBB)<\/li>\n<\/ul>\n<h2>Island Movers anmeldelser<\/h2>\n<p><strong>Positiv:<\/strong><\/p>\n<ul>\n<li> <em>\"Vores utrolige stress og bekymringer i forbindelse med vores flytning over Atlanterhavet blev lettet, da Island Movers overtog vores flytning og hjalp med at overv\u00e5ge fastlandet. <a href=\"https:\/\/moverdb.com\/da\/moving-companies\/\" data-internallinksmanager029f6b8e52c=\"79\" title=\"Top 25 internationale flyttefirmaer online\">flyttefirma<\/a> samt at give os god r\u00e5dgivning, kompetence, varm kundeservice og rettidighed. Jeg er positivt imponeret ikke kun af Island Movers' professionalisme og trov\u00e6rdighed, men ogs\u00e5 af den varme aloha-\u00e5nd fra alle Island Movers' medarbejdere, som hjalp os med at flytte!\"<\/em> - Jackie <a href=\"http:\/\/www.islandmovers.com\/personal-moves\/customer-testimonials\/\" target=\"_blank\" rel=\"noopener\">kundeudtalelse<\/a><\/li>\n<li> <em>\"Virkelig fremragende service!  Jeg er s\u00e5 glad for at have valgt Hawaii's bedste!\"<\/em> - Gifford via <a href=\"https:\/\/www.yelp.com\/biz\/island-movers-inc-honolulu-4?hrid=Ew3UirYLCqyK2kHDFhwl1A&#038;utm_campaign=www_review_share_popup&#038;utm_medium=copy_link&#038;utm_source=(direct)\" target=\"_blank\" rel=\"noopener\">Yelp<\/a><\/li>\n<\/ul>\n<p><strong>Negativ:<\/strong><\/p>\n<ul>\n<li> <em>\"Jeg tror ikke, at jeg nogensinde ville ringe til dem for at f\u00e5 dem til at levere eller flytte mig, men generelt var oplevelsen ok.\"<\/em> - Angela via <a href=\"https:\/\/www.yelp.com\/biz\/island-movers-inc-honolulu-4?hrid=TFkdEA1IDuuzBJ-Psl0q_w&#038;utm_campaign=www_review_share_popup&#038;utm_medium=copy_link&#038;utm_source=(direct)\" target=\"_blank\" rel=\"noopener\">Yelp<\/a><\/li>\n<\/ul>\n<div itemprop=\"review\" itemscope itemtype=\"http:\/\/schema.org\/Review\">\n<span itemprop=\"author\" itemscope=\"\" itemtype=\"http:\/\/schema.org\/Organization\"><span itemprop=\"name\">MoverDB.com<\/span><\/span> Online website anmeldelse for <span itemprop=\"itemreviewed\" itemscope=\"\" itemtype=\"http:\/\/schema.org\/Brand\"><span itemprop=\"name\">Island Movers<\/span><\/span>:<\/p>\n<ol>\n<li> Tydelige kontaktoplysninger p\u00e5 webstedet (herunder telefonnummer): <strong>Ja<\/strong><\/li>\n<li> Let at f\u00e5 <a href=\"https:\/\/moverdb.com\/da\/citater\/\">flyttetilbud<\/a>? (Formular til anmodning om online overslag): <strong>Ja<\/strong><\/li>\n<li> Klare oplysninger p\u00e5 webstedet: <strong>Ja,<\/strong> P\u00e5 hjemmesiden er der en liste over de tjenester, de tilbyder, men den er ikke s\u00e6rlig detaljeret.<\/li>\n<li> Medlemskab af internationalt anerkendte flytteorganisationer: <strong>Ja<\/strong>, (se ovenfor)<\/li>\n<li> Liste over kunder og\/eller tidligere kundeudtalelser: <strong>Ja,<\/strong> dog kun nogle f\u00e5 p\u00e5 deres vandt website. Anmeldelser fra hele nettet er generelt positive.<\/li>\n<\/ol>\n<div itemprop=\"reviewRating\" itemscope itemtype=\"http:\/\/schema.org\/Rating\"><meta itemprop=\"worstRating\" content = \"0\" \/><meta itemprop=\"bestRating\" content=\"5\" \/><meta itemprop=\"ratingValue\" content=\"4.5\"><\/div>\n<p><strong>Samlet score: 4.5\/5<\/strong><br \/>\n<strong>Dato for gennemgang:<\/strong> <span itemprop=\"datePublished\" content=\"2017-02-24\">24\/02\/2017<\/span>\n<\/div>\n<p>L\u00e6s mere om <a href=\"https:\/\/moverdb.com\/da\/flyttefirmaer\/\">internationale flyttefirmaer<\/a> og vores <a href=\"https:\/\/moverdb.com\/da\/anmeldelser\/\">gennemgangsproces<\/a>.<\/p>\n<p><strong>Hjemmeside:<\/strong> <a href=\"http:\/\/www.islandmovers.com\/\" target=\"_blank\" rel=\"noopener\">http:\/\/www.islandmovers.com\/<\/a><\/p>","protected":false},"excerpt":{"rendered":"<p>Island Movers is based in Honolulu and offers its customers a range of moving services which are list below, together with a company profile and reviews. International Moves &#8211; US and the World Personal move coordinator Door to door service Self-packing or full packing service Cartons provided Unpacking service Sea freight and air freight Assistance [&hellip;]<\/p>\n","protected":false},"author":1,"featured_media":0,"parent":0,"menu_order":0,"comment_status":"closed","ping_status":"closed","template":"","meta":{"_genesis_hide_title":false,"_genesis_hide_breadcrumbs":false,"_genesis_hide_singular_image":false,"_genesis_hide_footer_widgets":false,"_genesis_custom_body_class":"","_genesis_custom_post_class":"","_genesis_layout":"","footnotes":""},"class_list":{"0":"post-988","1":"page","2":"type-page","3":"status-publish","5":"entry"},"_links":{"self":[{"href":"https:\/\/moverdb.com\/da\/wp-json\/wp\/v2\/pages\/988","targetHints":{"allow":["GET"]}}],"collection":[{"href":"https:\/\/moverdb.com\/da\/wp-json\/wp\/v2\/pages"}],"about":[{"href":"https:\/\/moverdb.com\/da\/wp-json\/wp\/v2\/types\/page"}],"author":[{"embeddable":true,"href":"https:\/\/moverdb.com\/da\/wp-json\/wp\/v2\/users\/1"}],"replies":[{"embeddable":true,"href":"https:\/\/moverdb.com\/da\/wp-json\/wp\/v2\/comments?post=988"}],"version-history":[{"count":4,"href":"https:\/\/moverdb.com\/da\/wp-json\/wp\/v2\/pages\/988\/revisions"}],"predecessor-version":[{"id":13166,"href":"https:\/\/moverdb.com\/da\/wp-json\/wp\/v2\/pages\/988\/revisions\/13166"}],"wp:attachment":[{"href":"https:\/\/moverdb.com\/da\/wp-json\/wp\/v2\/media?parent=988"}],"curies":[{"name":"wp","href":"https:\/\/api.w.org\/{rel}","templated":true}]}}