{"id":9523,"date":"2023-06-08T12:38:02","date_gmt":"2023-06-08T12:38:02","guid":{"rendered":"https:\/\/moverdb.com\/?page_id=9523"},"modified":"2026-01-08T15:30:15","modified_gmt":"2026-01-08T15:30:15","slug":"moving-companies-slovakia","status":"publish","type":"page","link":"https:\/\/moverdb.com\/da\/moving-companies\/moving-companies-slovakia\/","title":{"rendered":"De bedste internationale flyttefirmaer i Slovakiet"},"content":{"rendered":"<p>Overvejer du at flytte dit hjem eller din virksomhed inden for, til eller fra <a href=\"https:\/\/moverdb.com\/da\/moving-to-slovakia\/\" data-internallinksmanager029f6b8e52c=\"338\" title=\"Flytter du til Slovakiet? 2026 Leveomkostninger og tips til flytning\">Slovakiet<\/a>? S\u00e5 kan det v\u00e6re en god id\u00e9 at f\u00e5 hj\u00e6lp af en flytteagent for at reducere arbejdet og stressen. Nedenfor har vi samlet en liste over slovakiske <a href=\"https:\/\/moverdb.com\/da\/international-removals\/\" data-internallinksmanager029f6b8e52c=\"27\" title=\"De 36 bedste internationale flyttefirmaer i Storbritannien\">flyttefirmaer<\/a> der er medlemmer af den <a href=\"https:\/\/moverdb.com\/da\/iam\/\" data-internallinksmanager029f6b8e52c=\"23\" title=\"International Association of Movers (IAM) Forklaret\">Den internationale sammenslutning af flyttefirmaer<\/a> (IAM) og\/eller <a href=\"https:\/\/moverdb.com\/da\/fidi-faim\/\" data-internallinksmanager029f6b8e52c=\"16\" title=\"FIDI &amp; FAIM (FIDI Accredited International Mover) forklaret\">FIDI<\/a> akkrediteret international flyttevirksomhed (FAIM), som kan hj\u00e6lpe dig med din flytning.<\/p>\n<h2><strong>Flytning i Santa Fe<\/strong><\/h2>\n<p><img loading=\"lazy\" decoding=\"async\" class=\"alignnone size-full wp-image-9422\" src=\"https:\/\/moverdb.com\/wp-content\/uploads\/Santa-Fe-Relocation-Slovakia-international-moving-company.png\" alt=\"Santa Fe Relocation Slovakiet internationalt flyttefirma\" width=\"1440\" height=\"677\" data-wp-pid=\"9422\" srcset=\"https:\/\/moverdb.com\/wp-content\/uploads\/Santa-Fe-Relocation-Slovakia-international-moving-company.png 1440w, https:\/\/moverdb.com\/wp-content\/uploads\/Santa-Fe-Relocation-Slovakia-international-moving-company-300x141.png 300w, https:\/\/moverdb.com\/wp-content\/uploads\/Santa-Fe-Relocation-Slovakia-international-moving-company-1024x481.png 1024w, https:\/\/moverdb.com\/wp-content\/uploads\/Santa-Fe-Relocation-Slovakia-international-moving-company-18x8.png 18w, https:\/\/moverdb.com\/wp-content\/uploads\/Santa-Fe-Relocation-Slovakia-international-moving-company-600x282.png 600w\" sizes=\"auto, (max-width: 1440px) 100vw, 1440px\" \/><\/p>\n<ul>\n<li>National flytning<\/li>\n<li>Internationale flytninger<\/li>\n<li>Flytning af husstande<\/li>\n<li>Flytning af virksomheder<\/li>\n<li>Emballage service<\/li>\n<li>Luft-, s\u00f8- og vejtransport<\/li>\n<li>Toldklarering<\/li>\n<li>Flytning af k\u00e6ledyr<\/li>\n<li>Visum og indvandring<\/li>\n<li>Kort- og langtidsopbevaring<\/li>\n<\/ul>\n<p>Santa Fe Relocation er et internationalt udstationeringsfirma, der har 64 kontorer i 38 lande. De \u00e5bnede deres kontor i Slovakiet i 2002 i Bratislava. De er medlem af IAM med 21 \u00e5rs erfaring og er akkrediteret af FIDI.<\/p>\n<p>Santa Fe Relocation tilbyder en opm\u00e5ling i hjemmet eller p\u00e5 video og en konsultation f\u00f8r flytningen for at finde frem til dine behov. De tilbyder en pakkeservice til dine ting og m\u00f8bler og arrangerer transport med fly, skib eller bil med toldklarering.  De tilbyder en r\u00e6kke tilf\u00f8jelser, herunder beskyttelse af forsendelsen, opbevaring, bolig- og skoles\u00f8gning, indflytningsservice, st\u00f8tte ved afrejse og flytning af k\u00e6ledyr, <a href=\"https:\/\/moverdb.com\/da\/car-transport-shipping\/\" data-internallinksmanager029f6b8e52c=\"2\" title=\"2026 tilbud p\u00e5 international biltransport og forsendelse af k\u00f8ret\u00f8jer\">transport af k\u00f8ret\u00f8jer<\/a>og hj\u00e6lp til visum og immigration.<\/p>\n<p>Hjemmeside: <a href=\"https:\/\/www.santaferelo.com\/en\/contact\/our-offices\/slovakia-bratislava\/\" target=\"_blank\" rel=\"noopener\">https:\/\/www.santaferelo.com\/en\/contact\/our-offices\/slovakia-bratislava\/<\/a><\/p>\n<h2>Andre nyttige guider til Slovakiet<\/h2>\n<ul>\n<li> <a href=\"https:\/\/moverdb.com\/da\/moving-to-slovakia\/moving-to-slovakia-from-the-uk\/\">Flytter til Slovakiet fra Storbritannien<\/a><\/li>\n<li> <a href=\"https:\/\/moverdb.com\/da\/moving-to-slovakia\/\">Skal du flytte til Slovakiet? 2024 Leveomkostninger og tips til flytning<\/a><\/li>\n<\/ul>","protected":false},"excerpt":{"rendered":"<p>Are you thinking of moving home or your business within, to or from Slovakia? If you are then you may want to enlist the services of a moving agent to reduce the work involved and the stress. Below we have compiled a list of Slovakian removal companies that are members of the International Association of [&hellip;]<\/p>\n","protected":false},"author":4,"featured_media":9422,"parent":190,"menu_order":0,"comment_status":"closed","ping_status":"closed","template":"","meta":{"_genesis_hide_title":false,"_genesis_hide_breadcrumbs":false,"_genesis_hide_singular_image":false,"_genesis_hide_footer_widgets":false,"_genesis_custom_body_class":"","_genesis_custom_post_class":"","_genesis_layout":"","footnotes":""},"class_list":{"0":"post-9523","1":"page","2":"type-page","3":"status-publish","4":"has-post-thumbnail","6":"entry"},"_links":{"self":[{"href":"https:\/\/moverdb.com\/da\/wp-json\/wp\/v2\/pages\/9523","targetHints":{"allow":["GET"]}}],"collection":[{"href":"https:\/\/moverdb.com\/da\/wp-json\/wp\/v2\/pages"}],"about":[{"href":"https:\/\/moverdb.com\/da\/wp-json\/wp\/v2\/types\/page"}],"author":[{"embeddable":true,"href":"https:\/\/moverdb.com\/da\/wp-json\/wp\/v2\/users\/4"}],"replies":[{"embeddable":true,"href":"https:\/\/moverdb.com\/da\/wp-json\/wp\/v2\/comments?post=9523"}],"version-history":[{"count":3,"href":"https:\/\/moverdb.com\/da\/wp-json\/wp\/v2\/pages\/9523\/revisions"}],"predecessor-version":[{"id":17867,"href":"https:\/\/moverdb.com\/da\/wp-json\/wp\/v2\/pages\/9523\/revisions\/17867"}],"up":[{"embeddable":true,"href":"https:\/\/moverdb.com\/da\/wp-json\/wp\/v2\/pages\/190"}],"wp:featuredmedia":[{"embeddable":true,"href":"https:\/\/moverdb.com\/da\/wp-json\/wp\/v2\/media\/9422"}],"wp:attachment":[{"href":"https:\/\/moverdb.com\/da\/wp-json\/wp\/v2\/media?parent=9523"}],"curies":[{"name":"wp","href":"https:\/\/api.w.org\/{rel}","templated":true}]}}