{"id":943,"date":"2016-09-03T18:19:36","date_gmt":"2016-09-03T18:19:36","guid":{"rendered":"http:\/\/moverdb.com\/?page_id=943"},"modified":"2026-01-08T15:20:36","modified_gmt":"2026-01-08T15:20:36","slug":"robinsons","status":"publish","type":"page","link":"https:\/\/moverdb.com\/da\/robinsons\/","title":{"rendered":"Robinsons Flytning: International flytning og flytning Anmeldelser"},"content":{"rendered":"<p>Robinsons Relocation er en international <a href=\"https:\/\/moverdb.com\/da\/international-removals\/\" data-internallinksmanager029f6b8e52c=\"27\" title=\"De 36 bedste internationale flyttefirmaer i Storbritannien\">flyttefirma<\/a> som tilbyder deres kunder mange tjenester for at hj\u00e6lpe dem med at flytte til udlandet. Tjenesterne er anf\u00f8rt nedenfor sammen med en virksomhedsprofil og anmeldelser.<\/p>\n<p><strong>Internationale flytninger<\/strong><\/p>\n<ul>\n<li> Dedikeret flytteansvarlig<\/li>\n<li> Fra d\u00f8r til d\u00f8r<\/li>\n<li> Selvpakkende eller professionelt pakket<\/li>\n<li> Luftfragt eller s\u00f8fragt <a href=\"https:\/\/moverdb.com\/da\/containerforsendelse\/\">international containertransport<\/a><\/li>\n<li> muligheder for fuld last og dellast<\/li>\n<li> Udpakning og samling<\/li>\n<li> Toldbistand<\/li>\n<li> Forsikring arrangeret<\/li>\n<li> Transport af biler<\/li>\n<li> Forsendelse af k\u00e6ledyr<\/li>\n<li> Forsendelse af kunst og antikviteter<\/li>\n<li> Flytning af virksomheder<\/li>\n<\/ul>\n<p><strong>Flytningstjenester<\/strong><\/p>\n<ul>\n<li> Omr\u00e5deorientering<\/li>\n<li> S\u00f8gning i hjemmet<\/li>\n<li> S\u00f8gning efter en skole<\/li>\n<li> Indflytningstjenester<\/li>\n<li> L\u00f8bende st\u00f8tte og forvaltning af lejem\u00e5l<\/li>\n<li> Afgangstjenester<\/li>\n<li> Visum og indvandring<\/li>\n<li> Interkulturelt og sprog<\/li>\n<li> Underholdsbidrag til \u00e6gtef\u00e6ller<\/li>\n<\/ul>\n<p><strong>Opbevaring<\/strong><\/p>\n<ul>\n<li> P\u00e5 lang og kort sigt<\/li>\n<li> Opbevaring af m\u00f8bler<\/li>\n<li> Opbevaring af k\u00f8ret\u00f8jer<\/li>\n<li> Kommerciel opbevaring<\/li>\n<li> Opbevaring af dokumenter<\/li>\n<li> 8 grene at v\u00e6lge imellem<\/li>\n<li> Professionelt pakket<\/li>\n<li> Automatisk forsikring<\/li>\n<li> 24-timers CCTV<\/li>\n<\/ul>\n<p><strong><a href=\"https:\/\/moverdb.com\/da\/moving-to-the-uk\/\" data-internallinksmanager029f6b8e52c=\"93\" title=\"Flytter du til Det Forenede Kongerige? 2022 Leveomkostninger og flyttetips\">UK<\/a> Flytning af huse<\/strong><\/p>\n<ul>\n<li> Fra d\u00f8r til d\u00f8r<\/li>\n<li> Komplet service<\/li>\n<li> Flytning af virksomheder<\/li>\n<\/ul>\n<h2>Robinsons Relocation Virksomhedsprofil<\/h2>\n<p>Robinsons blev grundlagt i 1895 af Alfred Robinson, og virksomheden startede med at flytte kul. Konkurrencen var stor, s\u00e5 Alfred Robinson besluttede at g\u00e5 over til flyttevirksomhed. <\/p>\n<p>Virksomheden udvidede sine aktiviteter til internationale flytninger i 1960'erne med masseudvandringen til <a href=\"https:\/\/moverdb.com\/da\/moving-to-australia\/living-in-australia\/\" data-internallinksmanager029f6b8e52c=\"240\" title=\"21 hemmeligheder om at bo i Australien, som du skal vide, f\u00f8r du flytter\">Australien<\/a>. Alfred Robinsons barnebarn er i dag formand for virksomheden.<\/p>\n<p>Robinsons er en af de fem st\u00f8rste eksport\u00f8rer af personlige varer i Det Forenede Kongerige. Deres m\u00e5l er at give deres kunder, b\u00e5de private og virksomheder, en skr\u00e6ddersyet plan for at sikre, at deres flytning er ubesv\u00e6ret og ikke har nogen skjulte omkostninger. <\/p>\n<p>Virksomheden har seks specialbyggede lagerhuse i de st\u00f8rste centre i Storbritannien. Virksomheden har ogs\u00e5 en fl\u00e5de p\u00e5 60 k\u00f8ret\u00f8jer og en arbejdsstyrke p\u00e5 over 150 h\u00f8jtuddannede medarbejdere.<\/p>\n<p>En liste over Robinsons tilknytninger og akkrediteringer:<\/p>\n<ul>\n<li> <a href=\"https:\/\/moverdb.com\/da\/british-association-of-removers\/\">Den britiske sammenslutning af flyttefirmaer<\/a> (<a href=\"https:\/\/moverdb.com\/da\/british-association-of-removers\/\" data-internallinksmanager029f6b8e52c=\"9\" title=\"British Association of Removers (BAR) Forklaret\">BAR<\/a>)<\/li>\n<li> <a href=\"https:\/\/moverdb.com\/da\/bar-overseas\/\">Den britiske sammenslutning af flyttefolk i udlandet<\/a><\/li>\n<li> British International Freight Association (BIFA)<\/li>\n<li> Verdens forsikring<\/li>\n<li> <a href=\"https:\/\/moverdb.com\/da\/fidi-faim\/\">Den internationale sammenslutning af internationale m\u00f8belflyttere<\/a> (<a href=\"https:\/\/moverdb.com\/da\/fidi-faim\/\" data-internallinksmanager029f6b8e52c=\"16\" title=\"FIDI &amp; FAIM (FIDI Accredited International Mover) forklaret\">FIDI<\/a>)<\/li>\n<li> Overseas Moving Network Incorporated (OMNI)<\/li>\n<li> FAIM Plus<\/li>\n<li> <a href=\"https:\/\/moverdb.com\/da\/eura\/\">EuRA<\/a><\/li>\n<li> ISO 9901:2008<\/li>\n<li> ISO 14001 :2004<\/li>\n<li> Sammenslutningen af kunst- og antikvitetshandlere (LAPADA)<\/li>\n<li> Britiske m\u00f8belproducenter (BFM)<\/li>\n<\/ul>\n<h2>Anmeldelser af Robinsons Relocation<\/h2>\n<p><strong>Positiv:<\/strong><\/p>\n<ul>\n<li> <em>\"Robinsons var meget t\u00e5lmodige med vores til tider \"vanskelige\" rejse til en egentlig flyttedato og koordinerede gerne med mig selv. Det kontorbaserede personale var hj\u00e6lpsomme, sympatiske og venlige. Da dagen s\u00e5 kom, var de gutter, der kom for at pakke huset til <a href=\"https:\/\/moverdb.com\/da\/moving-to-the-united-states\/\" data-internallinksmanager029f6b8e52c=\"94\" title=\"Flytter du til USA? 2022 Leveomkostninger og flyttetips\">os<\/a> var venlige, professionelle, men frem for alt samvittighedsfulde.\"<\/em> - Charlie K Brisker via <a href=\"https:\/\/uk.trustpilot.com\/reviews\/57c6b04b0000ff000982140f\" target=\"_blank\" rel=\"noopener\">Trustpilot<\/a><\/li>\n<li> <em>\"Vi havde en fremragende oplevelse med Robinsons og blev derfor ret overrasket, da jeg s\u00e5 en tidligere anmeldelse, der sagde det modsatte. Af egen erfaring har vi flyttet flere gange til forskellige dele af verden og har hver gang f\u00e5et tillid til Robinsons med vores flytning, siden vi brugte dem f\u00f8rste gang tilbage i 90'erne.\"<\/em> - Aiden Roberts via <a href=\"http:\/\/www.removalreviews.co.uk\/movingreviews\/really-great-service-thank-you-robinsons-6974\" target=\"_blank\" rel=\"noopener\">Anmeldelser af flytning<\/a> <\/li>\n<\/ul>\n<p><strong>Negativ:<\/strong><\/p>\n<ul>\n<li> <em>\"De f\u00f8rste to fyre, der ankom, var fantastiske. S\u00e5 kom der tre andre! Satte deres mobiltelefoner i vores stikkontakter for at sende musik ud!!!! Pakningen af mindre ting var fantastisk! Ingen brud! Men manglen p\u00e5 omhu og respekt for st\u00f8rre genstande var chokerende! \"<\/em> - Sharon Card via <a href=\"https:\/\/www.trustpilot.com\/users\/55ed817e0000ff0001d9df65\" target=\"_blank\" rel=\"noopener\">Trustpilot<\/a> <\/li>\n<li> \"<em>Efter lidt research troede jeg, at jeg havde valgt et velrenommeret firma til at h\u00e5ndtere min internationale flytning. Jeg kunne ikke have taget mere fejl.\" <\/em>Eric via <a href=\"http:\/\/www.removalreviews.co.uk\/movingreviews\/absolute-disgrace-2741\" target=\"_blank\" rel=\"noopener\">Anmeldelser af flytning<\/a> <\/li>\n<\/ul>\n<div itemprop=\"review\" itemscope itemtype=\"http:\/\/schema.org\/Review\">\n<span itemprop=\"author\" itemscope=\"\" itemtype=\"http:\/\/schema.org\/Organization\"><span itemprop=\"name\">MoverDB.com<\/span><\/span> Online website anmeldelse for <span itemprop=\"itemreviewed\" itemscope=\"\" itemtype=\"http:\/\/schema.org\/Brand\"><span itemprop=\"name\">Robinsons flytning<\/span><\/span>:<\/p>\n<ol>\n<li> Tydelige kontaktoplysninger p\u00e5 webstedet (herunder telefonnummer): <strong>Ja<\/strong><\/li>\n<li> Let at f\u00e5 <a href=\"https:\/\/moverdb.com\/da\/citater\/\">citater for internationale flytninger<\/a>? (Formular til anmodning om online overslag): <strong>Ja<\/strong><\/li>\n<li> Klare oplysninger p\u00e5 webstedet: <strong>Ja,<\/strong> en god m\u00e6ngde oplysninger om alle de tjenester, de tilbyder.<\/li>\n<li> Medlemskab af internationalt anerkendte flytteorganisationer: <strong>Ja<\/strong>, mange se ovenfor.<\/li>\n<li> Liste over kunder og\/eller tidligere kundeudtalelser: <strong>Ja,<\/strong> men ikke p\u00e5 deres hjemmeside, men i stedet for at kunderne efterlader anmeldelser p\u00e5 TrustPilot, hvor de har en meget positiv bed\u00f8mmelse.<\/li>\n<\/ol>\n<div itemprop=\"reviewRating\" itemscope itemtype=\"http:\/\/schema.org\/Rating\"><meta itemprop=\"worstRating\" content = \"0\" \/><meta itemprop=\"bestRating\" content=\"5\" \/><meta itemprop=\"ratingValue\" content=\"5\"><\/div>\n<p><strong>Samlet score: 5\/5<\/strong><br \/>\n<strong>Dato for gennemgang:<\/strong> <span itemprop=\"datePublished\" content=\"2016-09-03\">03\/09\/2016<\/span>\n<\/div>\n<p>F\u00e5 mere at vide om <a href=\"https:\/\/moverdb.com\/da\/internationale-flytninger\/\">internationale flyttefirmaer<\/a> og vores <a href=\"https:\/\/moverdb.com\/da\/anmeldelser\/\">gennemgangsproces<\/a>.<\/p>\n<p><strong>Hjemmeside:<\/strong> <a href=\"http:\/\/www.robinsonsrelo.com\" target=\"_blank\" rel=\"noopener\">http:\/\/www.robinsonsrelo.com<\/a><\/p>","protected":false},"excerpt":{"rendered":"<p>Robinsons Relocation are an international removal company which offer their clients many services to assist them in relocating abroad. The services are listed below together with a company profile and reviews. International Removals Dedicated move manager Door to door Self-packing or professionally packed Air freight or sea freight international container shipping full load and part [&hellip;]<\/p>\n","protected":false},"author":1,"featured_media":0,"parent":0,"menu_order":0,"comment_status":"closed","ping_status":"closed","template":"","meta":{"_genesis_hide_title":false,"_genesis_hide_breadcrumbs":false,"_genesis_hide_singular_image":false,"_genesis_hide_footer_widgets":false,"_genesis_custom_body_class":"","_genesis_custom_post_class":"","_genesis_layout":"","footnotes":""},"class_list":{"0":"post-943","1":"page","2":"type-page","3":"status-publish","5":"entry"},"_links":{"self":[{"href":"https:\/\/moverdb.com\/da\/wp-json\/wp\/v2\/pages\/943","targetHints":{"allow":["GET"]}}],"collection":[{"href":"https:\/\/moverdb.com\/da\/wp-json\/wp\/v2\/pages"}],"about":[{"href":"https:\/\/moverdb.com\/da\/wp-json\/wp\/v2\/types\/page"}],"author":[{"embeddable":true,"href":"https:\/\/moverdb.com\/da\/wp-json\/wp\/v2\/users\/1"}],"replies":[{"embeddable":true,"href":"https:\/\/moverdb.com\/da\/wp-json\/wp\/v2\/comments?post=943"}],"version-history":[{"count":5,"href":"https:\/\/moverdb.com\/da\/wp-json\/wp\/v2\/pages\/943\/revisions"}],"predecessor-version":[{"id":6233,"href":"https:\/\/moverdb.com\/da\/wp-json\/wp\/v2\/pages\/943\/revisions\/6233"}],"wp:attachment":[{"href":"https:\/\/moverdb.com\/da\/wp-json\/wp\/v2\/media?parent=943"}],"curies":[{"name":"wp","href":"https:\/\/api.w.org\/{rel}","templated":true}]}}