{"id":942,"date":"2016-09-04T17:22:17","date_gmt":"2016-09-04T17:22:17","guid":{"rendered":"http:\/\/moverdb.com\/?page_id=942"},"modified":"2026-01-08T14:47:57","modified_gmt":"2026-01-08T14:47:57","slug":"city-moving-storage","status":"publish","type":"page","link":"https:\/\/moverdb.com\/da\/city-moving-storage\/","title":{"rendered":"City Moving and Storage: Internationale flytninger Anmeldelser"},"content":{"rendered":"<p>City Moving and Storage tilbyder b\u00e5de overs\u00f8iske og lokale flytninger til b\u00e5de erhvervskunder og private kunder. Her f\u00f8lger en liste over disse tjenester sammen med en virksomhedsprofil og anmeldelser.<\/p>\n<p><strong>Bem\u00e6rk:<\/strong> City Moving and Storage b\u00f8r ikke forveksles med City Removals, som er et separat selskab, der ogs\u00e5 til forveksling tilbyder <a href=\"https:\/\/moverdb.com\/da\/internationale-flytninger\/\">internationale flytninger<\/a>.<\/p>\n<p><strong>Flyttetjenester<\/strong><\/p>\n<ul>\n<li> Udpakning og fjernelse af affald Fuld pakningsservice<\/li>\n<li> Indpakning af antikviteter og kunstgenstande<\/li>\n<li> S\u00f8transporttjenester med LCL (mindre end containerlast) eller FCL (fuld containerlast) <a href=\"https:\/\/moverdb.com\/da\/containerforsendelse\/\">containertransport<\/a>.<\/li>\n<li> Ugentlige flytningstransportbiler til Europa<\/li>\n<li> Toldklarering og formaliteter<\/li>\n<li> Udpakning og fjernelse af affald<\/li>\n<\/ul>\n<p><strong>Opbevaringstjenester<\/strong><\/p>\n<ul>\n<li> Lastning af containere<\/li>\n<li> Emballeringsbeholdere<\/li>\n<li> Forsegling af beholdere<\/li>\n<li> Opbevaring af containere<\/li>\n<\/ul>\n<h2>City Moving and Storage Virksomhedsprofil<\/h2>\n<p>City Moving and Storage er et privat aktieselskab, som startede sin virksomhed i 1986. Virksomhedens hovedkontor ligger i <a href=\"https:\/\/moverdb.com\/da\/moving-to-london\/\">London<\/a> med globale forretningspartnere rundt om i verden. Virksomheden sender personlige og erhvervsm\u00e6ssige effekter til hele verden og er stolt af at have professionelle, veluddannede medarbejdere, som f\u00f8lger processen fra d\u00f8r til d\u00f8r.<\/p>\n<p>Virksomheden har specialiseret sig i forsendelse af antikviteter, kunstv\u00e6rker, klaverer og biler rundt om i verden. De har en specialafdeling for Skandinavien med ugentlige afgange fra London. Kunderne holdes fuldt opdateret om deres forsendelser med meddelelser p\u00e5 alle stadier af rejsen. <\/p>\n<p>City Moving and Storage har akkrediteringer fra:<\/p>\n<ul>\n<li> <a href=\"https:\/\/moverdb.com\/da\/british-association-of-removers\/\">Den britiske sammenslutning af flyttefirmaer<\/a> (<a href=\"https:\/\/moverdb.com\/da\/british-association-of-removers\/\" data-internallinksmanager029f6b8e52c=\"9\" title=\"British Association of Removers (BAR) Forklaret\">BAR<\/a>)<\/li>\n<li> <a href=\"https:\/\/moverdb.com\/da\/fidi-faim\/\">Sammenslutningen af internationale flyttefirmaer<\/a> (<a href=\"https:\/\/moverdb.com\/da\/fidi-faim\/\" data-internallinksmanager029f6b8e52c=\"16\" title=\"FIDI &amp; FAIM (FIDI Accredited International Mover) forklaret\">FIDI<\/a>)<\/li>\n<li> Standard for kvalitetssikret service - BS EN 12522<\/li>\n<\/ul>\n<p><strong>City Moving and Storage Anmeldelser<\/strong><\/p>\n<p>Vi kunne ikke finde nogen positive eller negative anmeldelser af City Moving and Storage p\u00e5 nettet.<\/p>\n<div itemprop=\"review\" itemscope itemtype=\"http:\/\/schema.org\/Review\">\n<span itemprop=\"author\" itemscope=\"\" itemtype=\"http:\/\/schema.org\/Organization\"><span itemprop=\"name\">MoverDB.com<\/span><\/span> Online website anmeldelse for <span itemprop=\"itemreviewed\" itemscope=\"\" itemtype=\"http:\/\/schema.org\/Brand\"><span itemprop=\"name\">City Moving and Storage<\/span><\/span>:<\/p>\n<ol>\n<li> Tydelige kontaktoplysninger p\u00e5 webstedet (herunder telefonnummer): <strong>Ja<\/strong><\/li>\n<li> Let at f\u00e5 <a href=\"https:\/\/moverdb.com\/da\/citater\/\">citater for international flytning<\/a>? (Formular til anmodning om online overslag): <strong>Grundl\u00e6ggende<\/strong>, de har en kontaktformular p\u00e5 deres hjemmeside, men de angiver ikke, om de tilbyder tilbud.<\/li>\n<li> Klare oplysninger p\u00e5 webstedet: <strong>Nej,<\/strong> Hjemmesiden blev oprettet i 2008 og fort\u00e6ller meget lidt om virksomheden eller om deres tilbud.<\/li>\n<li> Medlemskab af internationalt anerkendte flytteorganisationer: <strong>Ja<\/strong>, se ovenfor.<\/li>\n<li> Liste over kunder og\/eller tidligere kundeudtalelser: <strong>Nej,<\/strong> Igen er indholdet p\u00e5 hjemmesiden minimalt og indeholder ingen kundeudsagn eller kundelister, og der synes ikke at v\u00e6re nogen anmeldelser online.<\/li>\n<\/ol>\n<div itemprop=\"reviewRating\" itemscope itemtype=\"http:\/\/schema.org\/Rating\"><meta itemprop=\"worstRating\" content = \"0\" \/><meta itemprop=\"bestRating\" content=\"5\" \/><meta itemprop=\"ratingValue\" content=\"2.5\"><\/div>\n<p><strong>Samlet score: 2.5\/5<\/strong><br \/>\n<strong>Dato for gennemgang:<\/strong> <span itemprop=\"datePublished\" content=\"2016-09-04\">04\/09\/2016<\/span>\n<\/div>\n<p>Mere om <a href=\"https:\/\/moverdb.com\/da\/flyttefirmaer\/\">internationale flyttefirmaer<\/a> og vores <a href=\"https:\/\/moverdb.com\/da\/anmeldelser\/\">gennemgangsproces<\/a>.<\/p>\n<p><strong>Hjemmeside:<\/strong> <a href=\"http:\/\/www.citymoving.co.uk\" target=\"_blank\" rel=\"noopener\">http:\/\/www.citymoving.co.uk<\/a><\/p>","protected":false},"excerpt":{"rendered":"<p>City Moving and Storage offer both overseas and local moves to both business and private clients. There follows a list of these services, together with a company profile and reviews. Note: City Moving and Storage, should not be confused with City Removals, which is a separate company that also confusingly offers international removals. Moving Services [&hellip;]<\/p>\n","protected":false},"author":1,"featured_media":0,"parent":0,"menu_order":0,"comment_status":"closed","ping_status":"closed","template":"","meta":{"_genesis_hide_title":false,"_genesis_hide_breadcrumbs":false,"_genesis_hide_singular_image":false,"_genesis_hide_footer_widgets":false,"_genesis_custom_body_class":"","_genesis_custom_post_class":"","_genesis_layout":"","footnotes":""},"class_list":{"0":"post-942","1":"page","2":"type-page","3":"status-publish","5":"entry"},"_links":{"self":[{"href":"https:\/\/moverdb.com\/da\/wp-json\/wp\/v2\/pages\/942","targetHints":{"allow":["GET"]}}],"collection":[{"href":"https:\/\/moverdb.com\/da\/wp-json\/wp\/v2\/pages"}],"about":[{"href":"https:\/\/moverdb.com\/da\/wp-json\/wp\/v2\/types\/page"}],"author":[{"embeddable":true,"href":"https:\/\/moverdb.com\/da\/wp-json\/wp\/v2\/users\/1"}],"replies":[{"embeddable":true,"href":"https:\/\/moverdb.com\/da\/wp-json\/wp\/v2\/comments?post=942"}],"version-history":[{"count":5,"href":"https:\/\/moverdb.com\/da\/wp-json\/wp\/v2\/pages\/942\/revisions"}],"predecessor-version":[{"id":6191,"href":"https:\/\/moverdb.com\/da\/wp-json\/wp\/v2\/pages\/942\/revisions\/6191"}],"wp:attachment":[{"href":"https:\/\/moverdb.com\/da\/wp-json\/wp\/v2\/media?parent=942"}],"curies":[{"name":"wp","href":"https:\/\/api.w.org\/{rel}","templated":true}]}}