{"id":941,"date":"2016-07-25T11:02:02","date_gmt":"2016-07-25T11:02:02","guid":{"rendered":"http:\/\/moverdb.com\/?page_id=941"},"modified":"2026-01-08T15:30:36","modified_gmt":"2026-01-08T15:30:36","slug":"united-van-lines","status":"publish","type":"page","link":"https:\/\/moverdb.com\/da\/united-van-lines\/","title":{"rendered":"United Van Lines: International Flyttetjenester &amp; Anmeldelser"},"content":{"rendered":"<p>United Van Lines tilbyder sine kunder mange flyttetjenester b\u00e5de internationalt og inden for EU. <a href=\"https:\/\/moverdb.com\/da\/moving-to-the-united-states\/\" data-internallinksmanager029f6b8e52c=\"94\" title=\"Flytter du til USA? 2022 Leveomkostninger og flyttetips\">USA<\/a>. Nedenfor finder du en liste over disse tjenester samt en virksomhedsprofil og anmeldelser.<\/p>\n<p><strong>Internationale flytninger<\/strong><\/p>\n<ul>\n<li> Planl\u00e6gning og forberedelse af flytning<\/li>\n<li> Behovsvurdering og sk\u00f8n<\/li>\n<li> Visningsrejse til en destination<\/li>\n<li> Sprogundervisning og kulturel orientering<\/li>\n<li> Forvaltning af flytning<\/li>\n<li> Planl\u00e6gningstjenester<\/li>\n<li> International transit<\/li>\n<li> Sporing og levering<\/li>\n<li> Indk\u00f8ringstjenester - banker, l\u00e6ger osv.<\/li>\n<li> Visum og indvandringstjenester<\/li>\n<li> Processer for virksomhedsindvandring<\/li>\n<li> Individuelle indvandringsprocesser<\/li>\n<li> Boligst\u00f8tte - midlertidig eller permanent<\/li>\n<li> Tjenester til at finde et hus<\/li>\n<li> Midlertidig indkvartering<\/li>\n<li> Forvaltning af ejendomme og lejem\u00e5l<\/li>\n<li> St\u00f8tte til flytning af familier<\/li>\n<li> Visum- og pasproces<\/li>\n<li> St\u00f8tte fra partner\/\u00e6gtef\u00e6lle<\/li>\n<li> Skolebistand<\/li>\n<li> Kulturel og sproglig uddannelse<\/li>\n<li> Flytning af k\u00e6ledyr<\/li>\n<li> Forsikring<\/li>\n<\/ul>\n<p><strong>Flyt med United<\/strong><\/p>\n<ul>\n<li> Lokale flytninger<\/li>\n<li> Internationale flytninger<\/li>\n<li> Flytning over lange afstande<\/li>\n<li> Flytning af virksomheder<\/li>\n<li> Milit\u00e6re og statslige flytninger<\/li>\n<li> Automobilindustrien flytter<\/li>\n<\/ul>\n<p><strong>Pakning og opbevaring<\/strong><\/p>\n<ul>\n<li> Selvpakkende<\/li>\n<li> Tilpasset pakning<\/li>\n<li> Full-service pakning<\/li>\n<li> Pak selv ud<\/li>\n<li> Skr\u00e6ddersyet udpakning<\/li>\n<li> Fuldst\u00e6ndig udpakning<\/li>\n<li> 90 dages opbevaring under transport<\/li>\n<li> Opbevaring i hv\u00e6lving<\/li>\n<li> Kort og lang opbevaring og oplagring<\/li>\n<\/ul>\n<h2>United Van Lines virksomhedsprofil<\/h2>\n<p>United Van Lines \u00e5bnede i 1928 som Return Loads Service i Cleveland, <a href=\"https:\/\/moverdb.com\/da\/moving-to-the-united-states\/moving-to-ohio\/\" data-internallinksmanager029f6b8e52c=\"409\" title=\"Flytter du til Ohio? 2026 Leveomkostninger og tips til flytning\">Ohio<\/a>. Virksomheden er g\u00e5et fra styrke til styrke og har udvidet til ogs\u00e5 at omfatte det internationale marked. I 1995 havde den sin f\u00f8rste milliardoms\u00e6tning. <\/p>\n<p>United Van Lines er #1 i markedsandel af flyttefirmaer i landet.<\/p>\n<p>United har 340 lokale agenter rundt om i landet, som tilbyder flytninger og opbevaringsfaciliteter. Virksomheden bruger over 1000 professionelle agenter i 128 lande til internationale flytninger.<\/p>\n<p>United Van Lines har f\u00f8lgende akkrediteringer og tilknytninger:<\/p>\n<ul>\n<li> <a href=\"https:\/\/moverdb.com\/da\/amsa\/\">Amerikansk sammenslutning for flytning og opbevaring<\/a> (<a href=\"https:\/\/moverdb.com\/da\/amsa\/\" data-internallinksmanager029f6b8e52c=\"5\" title=\"American Moving &amp; Storage Association (AMSA) Forklaret\">AMSA<\/a>)<\/li>\n<li> <a href=\"https:\/\/moverdb.com\/da\/faelge-promover\/\">ProMover<\/a> (AMSA)<\/li>\n<li> National Quality Assurance USA ISO 9001 2008<\/li>\n<li> <a href=\"https:\/\/moverdb.com\/da\/canadian-association-of-movers\/\">Den canadiske sammenslutning af flyttefirmaer<\/a> (<a href=\"https:\/\/moverdb.com\/da\/canadian-association-of-movers\/\" data-internallinksmanager029f6b8e52c=\"11\" title=\"Den canadiske sammenslutning af flyttefirmaer (CAM) forklaret\">CAM<\/a>)<\/li>\n<\/ul>\n<h2>United Van Lines anmeldelser<\/h2>\n<p><strong>Positiv:<\/strong><\/p>\n<ul>\n<li> \"<em>United Van Lines og deres lokale partnere var fantastiske.\"<\/em> - Julia via <a href=\"http:\/\/www.yelp.com\/user_details?userid=nPUhNLstAOJEWjHLAb1rpA\" target=\"_blank\" rel=\"noopener\">Yelp<\/a><\/li>\n<li> \"<em>Hvis du flytter til Omaha, skylder du dig selv at bruge dette firma.\"<\/em> - Dean S via <a href=\"http:\/\/www.movingcompanyreviews.com\/MO\/Fenton\/united-van-lines-llc-61144\" target=\"_blank\" rel=\"noopener\">FlyttefirmaReviews.com<\/a><\/li>\n<\/ul>\n<p><strong>Negativ:<\/strong><\/p>\n<ul>\n<li> \"<em>Forf\u00e6rdelig kundeservice.\"<\/em> - Ally via <a href=\"http:\/\/www.yelp.com\/user_details?userid=ab4N7Z9Che1cq3g-QrONUw\" target=\"_blank\" rel=\"noopener\">Yelp<\/a> <\/li>\n<li> \"<em>Et mareridt. Vi arbejdede sammen med John Silvernail fra Corrigan United om at flytte vores familie fra <a href=\"https:\/\/moverdb.com\/da\/moving-to-the-united-states\/moving-to-colorado\/\" data-internallinksmanager029f6b8e52c=\"399\" title=\"Flytter du til Colorado? 2026 Leveomkostninger og tips til flytning\">Colorado<\/a> til <a href=\"https:\/\/moverdb.com\/da\/moving-to-the-united-states\/moving-to-california\/\" data-internallinksmanager029f6b8e52c=\"330\" title=\"Flytning til Californien? 2026 Leveomkostninger og tips til flytning\">Californien<\/a> i juni 2014.\"<\/em> - Gaea M via <a href=\"http:\/\/www.movingcompanyreviews.com\/MO\/Fenton\/united-van-lines-llc-61144\" target=\"_blank\" rel=\"noopener\">FlyttefirmaReviews.com<\/a><\/li>\n<\/ul>\n<div itemprop=\"review\" itemscope itemtype=\"http:\/\/schema.org\/Review\">\n<span itemprop=\"author\" itemscope=\"\" itemtype=\"http:\/\/schema.org\/Organization\"><span itemprop=\"name\">MoverDB.com<\/span><\/span> Online website anmeldelse for <span itemprop=\"itemreviewed\" itemscope=\"\" itemtype=\"http:\/\/schema.org\/Brand\"><span itemprop=\"name\">United Van Lines<\/span><\/span>:<\/p>\n<ol>\n<li> Tydelige kontaktoplysninger p\u00e5 webstedet (herunder telefonnummer): <strong>Ja<\/strong><\/li>\n<li> Let at f\u00e5 <a href=\"https:\/\/moverdb.com\/da\/citater\/\">citater for international flytning<\/a>? (Formular til anmodning om online overslag): <strong>Ja<\/strong><\/li>\n<li> Klare oplysninger p\u00e5 webstedet: <strong>Ja.<\/strong> Websiden beskriver tydeligt alle de tjenester, som virksomheden tilbyder.<\/li>\n<li> Medlemskab af internationalt anerkendte flytteorganisationer: <strong>Ja<\/strong>, (se ovenfor)<\/li>\n<li> Liste over kunder og\/eller tidligere kundeudtalelser. <strong>Ja,<\/strong> Burke Inc. har uafh\u00e6ngigt revideret virksomhedens kundetilfredshedsblade, og p\u00e5 baggrund heraf har virksomheden en kundetilfredshedsprocent p\u00e5 4,22 ud af 5.<\/li>\n<\/ol>\n<div itemprop=\"reviewRating\" itemscope itemtype=\"http:\/\/schema.org\/Rating\"><meta itemprop=\"worstRating\" content = \"0\" \/><meta itemprop=\"bestRating\" content=\"5\" \/><meta itemprop=\"ratingValue\" content=\"5\"><\/div>\n<p><strong>Samlet score: 5\/5<\/strong><br \/>\n<strong>Dato for gennemgang:<\/strong> <span itemprop=\"datePublished\" content=\"2016-07-25\">25\/07\/2016<\/span>\n<\/div>\n<p>L\u00e6s mere om <a href=\"https:\/\/moverdb.com\/da\/flyttefirmaer\/\">internationale flyttefirmaer<\/a>, <a href=\"https:\/\/moverdb.com\/da\/us-canada-movers\/\">indenlandske flyttefirmaer<\/a> og vores <a href=\"https:\/\/moverdb.com\/da\/anmeldelser\/\">gennemgangsprocessen forklaret<\/a>.<\/p>\n<p><strong>Websteder:<\/strong> USA: <a href=\"http:\/\/www.unitedvanlines.com\/\" target=\"_blank\" rel=\"noopener\">http:\/\/www.unitedvanlines.com\/<\/a>; <a href=\"https:\/\/moverdb.com\/da\/moving-to-canada\/\" data-internallinksmanager029f6b8e52c=\"265\" title=\"Flytte til Canada? 2026 Leveomkostninger og flyttetips\">Canada<\/a>: <a href=\"http:\/\/www.uvl.ca\/\" target=\"_blank\" rel=\"noopener\">http:\/\/www.uvl.ca\/<\/a> <\/p>","protected":false},"excerpt":{"rendered":"<p>United Van Lines offers its clients many moving services both international and within the US. Below is a list of these services, plus a company profile and reviews. International Moves Move planning and preparation Needs assessment and estimate Destination preview trip Language training and cultural orientation Move management Planning services International transit Tracking and delivery [&hellip;]<\/p>\n","protected":false},"author":1,"featured_media":0,"parent":0,"menu_order":0,"comment_status":"closed","ping_status":"closed","template":"","meta":{"_genesis_hide_title":false,"_genesis_hide_breadcrumbs":false,"_genesis_hide_singular_image":false,"_genesis_hide_footer_widgets":false,"_genesis_custom_body_class":"","_genesis_custom_post_class":"","_genesis_layout":"","footnotes":""},"class_list":{"0":"post-941","1":"page","2":"type-page","3":"status-publish","5":"entry"},"_links":{"self":[{"href":"https:\/\/moverdb.com\/da\/wp-json\/wp\/v2\/pages\/941","targetHints":{"allow":["GET"]}}],"collection":[{"href":"https:\/\/moverdb.com\/da\/wp-json\/wp\/v2\/pages"}],"about":[{"href":"https:\/\/moverdb.com\/da\/wp-json\/wp\/v2\/types\/page"}],"author":[{"embeddable":true,"href":"https:\/\/moverdb.com\/da\/wp-json\/wp\/v2\/users\/1"}],"replies":[{"embeddable":true,"href":"https:\/\/moverdb.com\/da\/wp-json\/wp\/v2\/comments?post=941"}],"version-history":[{"count":10,"href":"https:\/\/moverdb.com\/da\/wp-json\/wp\/v2\/pages\/941\/revisions"}],"predecessor-version":[{"id":6249,"href":"https:\/\/moverdb.com\/da\/wp-json\/wp\/v2\/pages\/941\/revisions\/6249"}],"wp:attachment":[{"href":"https:\/\/moverdb.com\/da\/wp-json\/wp\/v2\/media?parent=941"}],"curies":[{"name":"wp","href":"https:\/\/api.w.org\/{rel}","templated":true}]}}