{"id":940,"date":"2016-09-04T19:16:26","date_gmt":"2016-09-04T19:16:26","guid":{"rendered":"http:\/\/moverdb.com\/?page_id=940"},"modified":"2026-01-08T14:47:53","modified_gmt":"2026-01-08T14:47:53","slug":"btr-international","status":"publish","type":"page","link":"https:\/\/moverdb.com\/da\/btr-international\/","title":{"rendered":"BTR International: Mobilitet af arbejdskraft: Relocation og flytning Anmeldelser"},"content":{"rendered":"<p>BTR International tilbyder erhvervslivet mange tjenester, s\u00e5 de kan flytte deres personale eller deres virksomhed til udlandet.<\/p>\n<p><strong>Internationale flytningstjenester<\/strong><\/p>\n<ul type=\"circle\">\n<li class=\"m_7262227758002368167MsoListParagraph\"><b>R\u00e5dgivningstjenester<\/b><u><\/u><u><\/u>\n<ul type=\"square\">\n<li class=\"m_7262227758002368167MsoListParagraph\">Udformning og udvikling af politikker<u><\/u><u><\/u><\/li>\n<li class=\"m_7262227758002368167MsoListParagraph\">Benchmarking<u><\/u><u><\/u><\/li>\n<li class=\"m_7262227758002368167MsoListParagraph\">R\u00e5dgivning<u><\/u><u><\/u><\/li>\n<\/ul>\n<\/li>\n<li class=\"m_7262227758002368167MsoListParagraph\"><b>Tjenester forud for opgavebestilling<u><\/u><u><\/u><\/b>\n<ul type=\"square\">\n<li class=\"m_7262227758002368167MsoListParagraph\">R\u00e5dgivning forud for opgaven<u><\/u><u><\/u><\/li>\n<li class=\"m_7262227758002368167MsoListParagraph\">Planl\u00e6gning af kompensation<u><\/u><u><\/u><\/li>\n<li class=\"m_7262227758002368167MsoListParagraph\">Fremskrivninger af omkostninger til opgaverne<u><\/u><u><\/u><\/li>\n<li class=\"m_7262227758002368167MsoListParagraph\">Udarbejdelse af opgavebrev<u><\/u><u><\/u><\/li>\n<li class=\"m_7262227758002368167MsoListParagraph\">Skatteplanl\u00e6gning og -strategi<u><\/u><u><\/u><\/li>\n<li class=\"m_7262227758002368167MsoListParagraph\">Beregning af den oprindelige kompensation p\u00e5 regnearket<u><\/u><u><\/u><\/li>\n<li class=\"m_7262227758002368167MsoListParagraph\">Koordinering af visum\/indvandring<u><\/u><u><\/u><\/li>\n<li class=\"m_7262227758002368167MsoListParagraph\">Rapportering af leveomkostningstill\u00e6g<u><\/u><u><\/u><\/li>\n<li class=\"m_7262227758002368167MsoListParagraph\">Kulturel og sproglig uddannelse<u><\/u><u><\/u><\/li>\n<li class=\"m_7262227758002368167MsoListParagraph\">Uddannelsesr\u00e5dgivning og praktik<u><\/u><u><\/u><\/li>\n<li class=\"m_7262227758002368167MsoListParagraph\">Hj\u00e6lp til markedsf\u00f8ring af hjemmet<u><\/u><u><\/u><\/li>\n<\/ul>\n<\/li>\n<li class=\"m_7262227758002368167MsoListParagraph\"><b>Udgiftsstyring<\/b><u><\/u><u><\/u>\n<ul type=\"square\">\n<li class=\"m_7262227758002368167MsoListParagraph\">Revision og udbetaling af udgifter<u><\/u><u><\/u><\/li>\n<li class=\"m_7262227758002368167MsoListParagraph\">Direkte betaling af udgifter<u><\/u><u><\/u><\/li>\n<li class=\"m_7262227758002368167MsoListParagraph\">Detaljeret afstemning og rapportering<u><\/u><u><\/u><\/li>\n<li class=\"m_7262227758002368167MsoListParagraph\">Overholdelse af politikker for global mobilitet<u><\/u><u><\/u><\/li>\n<li class=\"m_7262227758002368167MsoListParagraph\">Undtagelse fra politikken om omkostningsrapportering<u><\/u><u><\/u><\/li>\n<\/ul>\n<\/li>\n<li class=\"m_7262227758002368167MsoListParagraph\"><b>Flytning af administration<\/b><u><\/u><u><\/u>\n<ul type=\"square\">\n<li class=\"m_7262227758002368167MsoListParagraph\">Forvaltning af gruppebev\u00e6gelser<u><\/u><u><\/u><\/li>\n<li class=\"m_7262227758002368167MsoListParagraph\">L\u00f8sning med et fast bel\u00f8b<u><\/u><u><\/u><\/li>\n<li class=\"m_7262227758002368167MsoListParagraph\">Opbevaringstjenester<u><\/u><u><\/u><\/li>\n<li class=\"m_7262227758002368167MsoListParagraph\">Globalt mobilitetsprogram<u><\/u><u><\/u><\/li>\n<li class=\"m_7262227758002368167MsoListParagraph\">International spedition<u><\/u><u><\/u><\/li>\n<li class=\"m_7262227758002368167MsoListParagraph\">Forsikringsprogram<u><\/u><u><\/u><\/li>\n<li class=\"m_7262227758002368167MsoListParagraph\">VIP-tjenester<u><\/u><u><\/u><\/li>\n<li class=\"m_7262227758002368167MsoListParagraph\">Forvaltning af lagerbeholdning<u><\/u><u><\/u><\/li>\n<li class=\"m_7262227758002368167MsoListParagraph\">Kommerciel flytning<u><\/u><u><\/u><\/li>\n<li class=\"m_7262227758002368167MsoListParagraph\">Flytning af k\u00e6ledyr<u><\/u><u><\/u><\/li>\n<\/ul>\n<\/li>\n<li class=\"m_7262227758002368167MsoListParagraph\"><b>Destinationstjenester<\/b><u><\/u><u><\/u>\n<ul type=\"square\">\n<li class=\"m_7262227758002368167MsoListParagraph\">Hj\u00e6lp til s\u00f8gning efter hjem<u><\/u><u><\/u><\/li>\n<li class=\"m_7262227758002368167MsoListParagraph\">Hj\u00e6lp til at finde en udlejning<u><\/u><u><\/u><\/li>\n<li class=\"m_7262227758002368167MsoListParagraph\">Hj\u00e6lp til s\u00f8gning efter en skole<u><\/u><u><\/u><\/li>\n<li class=\"m_7262227758002368167MsoListParagraph\">Midlertidigt ophold<u><\/u><u><\/u><\/li>\n<li class=\"m_7262227758002368167MsoListParagraph\">Karrierevejledning for \u00e6gtef\u00e6ller<u><\/u><u><\/u><\/li>\n<li class=\"m_7262227758002368167MsoListParagraph\">Forvaltning af lejem\u00e5l<u><\/u><u><\/u><\/li>\n<li class=\"m_7262227758002368167MsoListParagraph\">Ejendomsadministration<u><\/u><u><\/u><\/li>\n<li class=\"m_7262227758002368167MsoListParagraph\">Indskolingstjenester<u><\/u><u><\/u><\/li>\n<\/ul>\n<\/li>\n<li class=\"m_7262227758002368167MsoListParagraph\"><b>Rapporteringstjenester<\/b><u><\/u><u><\/u>\n<ul type=\"square\">\n<li class=\"m_7262227758002368167MsoListParagraph\">Skr\u00e6ddersyet rapportering af opgaver<u><\/u><u><\/u><\/li>\n<li class=\"m_7262227758002368167MsoListParagraph\">Omkostningsstyring og skat ved regnskabs\u00e5rets afslutning<u><\/u><u><\/u><\/li>\n<li class=\"m_7262227758002368167MsoListParagraph\">Undtagelse fra politikken for sporing<u><\/u><u><\/u><\/li>\n<li class=\"m_7262227758002368167MsoListParagraph\">Sporing og rapportering af forretningsrejsende<u><\/u><u><\/u><\/li>\n<li class=\"m_7262227758002368167MsoListParagraph\">Kvartalsvise og \u00e5rlige kundeanmeldelser<\/li>\n<\/ul>\n<\/li>\n<\/ul>\n<h2>BTR International virksomhedsprofil<\/h2>\n<p>BTR International er en prisvindende international relocation management-virksomhed med mere end 35 \u00e5rs erfaring inden for arbejdskraftens mobilitet. BTR International har til form\u00e5l at aflaste en virksomheds HR-afdeling ved at arrangere s\u00e5 meget som muligt af flytningen og st\u00f8tte b\u00e5de virksomheden og de medarbejdere, der flytter.<\/p>\n<p>BTR blev i 2019 opk\u00f8bt af Writer Corporation, en global organisation med over 60 \u00e5rs erfaring inden for relocationbranchen. Samarbejdet har styrket deres globale netv\u00e6rk og servicekvalitet.<\/p>\n<p>Her er en liste over BTR International akkrediteringer og tilknytninger:<\/p>\n<ul>\n<li><a href=\"https:\/\/moverdb.com\/da\/british-association-of-removers\/\">Den britiske sammenslutning af flyttefirmaer<\/a> (<a href=\"https:\/\/moverdb.com\/da\/british-association-of-removers\/\" data-internallinksmanager029f6b8e52c=\"9\" title=\"British Association of Removers (BAR) Forklaret\">BAR<\/a>)<\/li>\n<li><a href=\"https:\/\/moverdb.com\/da\/bar-overseas\/\">Den britiske sammenslutning af flyttefolk i udlandet<\/a><\/li>\n<li><a href=\"https:\/\/moverdb.com\/da\/fidi-faim\/\">Sammenslutningen af internationale flyttefirmaer<\/a> (<a href=\"https:\/\/moverdb.com\/da\/fidi-faim\/\" data-internallinksmanager029f6b8e52c=\"16\" title=\"FIDI &amp; FAIM (FIDI Accredited International Mover) forklaret\">FIDI<\/a>)<\/li>\n<li><a href=\"https:\/\/moverdb.com\/da\/fidi-faim\/\">FAIM Plus<\/a><\/li>\n<li><a href=\"https:\/\/moverdb.com\/da\/iam\/\">Den internationale sammenslutning af flyttefirmaer<\/a> (<a href=\"https:\/\/moverdb.com\/da\/iam\/\" data-internallinksmanager029f6b8e52c=\"23\" title=\"International Association of Movers (IAM) Forklaret\">IAM<\/a>)<\/li>\n<li><a href=\"https:\/\/moverdb.com\/da\/fedemac\/\">FEDEMAC<\/a><\/li>\n<li><a href=\"https:\/\/moverdb.com\/da\/lacma\/\">LACMA<\/a><\/li>\n<li><a href=\"https:\/\/moverdb.com\/da\/mtc\/\">The Movers Trading Club<\/a> (<a href=\"https:\/\/moverdb.com\/da\/mtc\/\" data-internallinksmanager029f6b8e52c=\"30\" title=\"Movers Trading Club (MTC) Forklaret\">MTC<\/a>)<\/li>\n<li><a href=\"https:\/\/moverdb.com\/da\/medarbejderflytningsrad\/\">Verdensd\u00e6kkende ERC<\/a><\/li>\n<li><a href=\"https:\/\/moverdb.com\/da\/sammenslutning-af-flyttefaglige-personer\/\">Sammenslutningen af professionelle flyttefolk<\/a> (<a href=\"https:\/\/moverdb.com\/da\/association-relocation-professionals\/\" data-internallinksmanager029f6b8e52c=\"6\" title=\"Forklaring af Association of Relocation Professionals (ARP)\">ARP<\/a>)<\/li>\n<li><a href=\"https:\/\/moverdb.com\/da\/eura\/\">Den europ\u00e6iske sammenslutning for flytning<\/a> (<a href=\"https:\/\/moverdb.com\/da\/eura\/\" data-internallinksmanager029f6b8e52c=\"13\" title=\"Den europ\u00e6iske forening for flytning (EuRA) forklaret\">EuRA<\/a>)<\/li>\n<li>Forum for ledelse af udstationerede medarbejdere<\/li>\n<li>ISO 9001<\/li>\n<li>ISO 14001<\/li>\n<\/ul>\n<p><strong>BTR International Anmeldelser<\/strong><\/p>\n<p>Virksomheden har flere positive anmeldelser <a href=\"https:\/\/www.google.com\/search?q=btr+international&#038;rlz=1C1GCEU_en-GBGB955GB973&#038;oq=btr+international&#038;aqs=chrome.0.0i355i512j46i175i199i512j69i59l3j69i60l3.8906j0j7&#038;sourceid=chrome&#038;ie=UTF-8#lrd=0x48764eb31a41d6d7:0xb3d5c304f795d7ad,1,,,\" target=\"_blank\" rel=\"noopener\">du kan se her<\/a>.<\/p>\n<p><strong>Positiv<\/strong><\/p>\n<p><em>\"Vi kunne ikke have \u00f8nsket os en bedre oplevelse med vores internationale flytning med BTR. Flyttefolk p\u00e5 begge sider var omhyggelige, behagelige og meget dygtige. Alle genstande blev omhyggeligt pakket, opbevaret og pakket ud\/samlet p\u00e5 bestemmelsesstedet til tiden som lovet. Vores flyttekoordinator, Sarah, var yderst proaktiv, lydh\u00f8r og bet\u00e6nksom. Kan varmt anbefales!\"<\/em> - Tina Cachules<\/p>\n<p><em>\"Vi har brugt dette firma til begge vores flytninger i \u00e5renes l\u00f8b. Vi har fundet deres service fremragende. Konkurrencedygtige priser begge gange. Deres kundeservice er meget tilg\u00e6ngelig, og deres flyttehold er meget fleksible og effektive. Jeg har ingen t\u00f8ven med at anbefale BTR.\"<\/em> - Geoff White<\/p>\n<p><em>\"Da min flytning var med kort varsel og p\u00e5 bestemte datoer, kunne jeg ikke bestille den hos BTR. Men agenten var s\u00e5 hj\u00e6lpsom og fuld af information og r\u00e5d. Ville helt sikkert bruge i fremtiden.\"<\/em> - Rachael<\/p>\n<p><strong>Negativ:<\/strong><\/p>\n<ul>\n<li><em>\"Vi havde en god f\u00f8rste oplevelse med BTR som leveringsagent for vores forsendelse af husholdningsgods fra <a href=\"https:\/\/moverdb.com\/da\/moving-to-the-united-states\/\" data-internallinksmanager029f6b8e52c=\"94\" title=\"Flytter du til USA? 2022 Leveomkostninger og flyttetips\">USA<\/a> i maj 2011, men de var et mareridt ved en lokal flytning i december 2012.\"<\/em> - Tim Emrich via <a href=\"http:\/\/www.removalreviews.co.uk\/movingreviews\/avoid-these-movers-1874\" target=\"_blank\" rel=\"noopener\">Anmeldelser af flytning<\/a><\/li>\n<\/ul>\n<div>\n<p>MoverDB.com Online Website Review for BTR International:<\/p>\n<ol>\n<li>Tydelige kontaktoplysninger p\u00e5 webstedet (herunder telefonnummer): <strong>Ja<\/strong><\/li>\n<li>Let at f\u00e5 <a href=\"https:\/\/moverdb.com\/da\/citater\/\">citater for internationale flytninger<\/a>? (Formular til anmodning om online overslag): <strong>Ja<\/strong><\/li>\n<li>Klare oplysninger p\u00e5 webstedet: <strong>Nogle,<\/strong> Hjemmesiden indeholder ikke mange detaljerede oplysninger og er lidt sv\u00e6r at navigere p\u00e5, men de grundl\u00e6ggende oplysninger er klart pr\u00e6senteret.<\/li>\n<li>Medlemskab af internationalt anerkendte flytteorganisationer: <strong>Ja<\/strong>, se ovenfor.<\/li>\n<li>Liste over kunder og\/eller tidligere kundeudtalelser: <strong>Ja,<\/strong> Webstedet indeholder udtalelser<\/li>\n<\/ol>\n<div>&nbsp;<\/div>\n<p><strong>Samlet score: 4.5\/5<\/strong><br \/>\n<strong>Dato for gennemgang:<\/strong>03\/04\/2023<\/p>\n<\/div>\n<p>Mere om <a href=\"https:\/\/moverdb.com\/da\/internationale-flytninger\/\">internationale flyttefirmaer<\/a> og vores <a href=\"https:\/\/moverdb.com\/da\/anmeldelser\/\">gennemgangsproces<\/a>.<\/p>\n<p><strong>Hjemmeside:<\/strong> <a href=\"https:\/\/www.btrinternational.com\/\" target=\"_blank\" rel=\"noopener\">https:\/\/www.btrinternational.com\/<\/a><\/p>","protected":false},"excerpt":{"rendered":"<p>BTR International offers the corporate world many services in order for them to relocate their staff or their business abroad. International Moving Services Consulting Services Policy Design &amp; Development Benchmarking Counselling Pre-Assignment Services Pre-Assignment Counselling Compensation Planning Assignment Cost Projections Assignment Letter Preparation Tax Planning &amp; Strategy Initial Compensation Worksheet Calculation Visa\/Immigration Co-ordination Cost Of [&hellip;]<\/p>\n","protected":false},"author":1,"featured_media":0,"parent":0,"menu_order":0,"comment_status":"closed","ping_status":"closed","template":"","meta":{"_genesis_hide_title":false,"_genesis_hide_breadcrumbs":false,"_genesis_hide_singular_image":false,"_genesis_hide_footer_widgets":false,"_genesis_custom_body_class":"","_genesis_custom_post_class":"","_genesis_layout":"","footnotes":""},"class_list":{"0":"post-940","1":"page","2":"type-page","3":"status-publish","5":"entry"},"_links":{"self":[{"href":"https:\/\/moverdb.com\/da\/wp-json\/wp\/v2\/pages\/940","targetHints":{"allow":["GET"]}}],"collection":[{"href":"https:\/\/moverdb.com\/da\/wp-json\/wp\/v2\/pages"}],"about":[{"href":"https:\/\/moverdb.com\/da\/wp-json\/wp\/v2\/types\/page"}],"author":[{"embeddable":true,"href":"https:\/\/moverdb.com\/da\/wp-json\/wp\/v2\/users\/1"}],"replies":[{"embeddable":true,"href":"https:\/\/moverdb.com\/da\/wp-json\/wp\/v2\/comments?post=940"}],"version-history":[{"count":8,"href":"https:\/\/moverdb.com\/da\/wp-json\/wp\/v2\/pages\/940\/revisions"}],"predecessor-version":[{"id":8598,"href":"https:\/\/moverdb.com\/da\/wp-json\/wp\/v2\/pages\/940\/revisions\/8598"}],"wp:attachment":[{"href":"https:\/\/moverdb.com\/da\/wp-json\/wp\/v2\/media?parent=940"}],"curies":[{"name":"wp","href":"https:\/\/api.w.org\/{rel}","templated":true}]}}