{"id":938,"date":"2016-09-23T07:14:51","date_gmt":"2016-09-23T07:14:51","guid":{"rendered":"http:\/\/moverdb.com\/?page_id=938"},"modified":"2026-01-08T14:40:14","modified_gmt":"2026-01-08T14:40:14","slug":"ojeblikkelig-flytning","status":"publish","type":"page","link":"https:\/\/moverdb.com\/da\/momentous-relocation\/","title":{"rendered":"En betydningsfuld flytning: International flytning og flytning Anmeldelser"},"content":{"rendered":"<p>Momentous Relocation er en international flytte- og flytningsspecialist med base i <a href=\"https:\/\/moverdb.com\/da\/moving-to-london\/\">London<\/a>. Virksomheden tilbyder sine kunder mange tjenester, som er anf\u00f8rt nedenfor, sammen med en virksomhedsprofil og anmeldelser.<\/p>\n<p><strong>Flyttetjenester<\/strong><\/p>\n<ul>\n<li> Unders\u00f8gelse f\u00f8r flytning<\/li>\n<li> <a href=\"https:\/\/moverdb.com\/da\/containerforsendelse\/\">Forsendelse og luftfragt<\/a><\/li>\n<li> Destinationstjenester<\/li>\n<li> Forsikringstjenester<\/li>\n<li> Indenlandske flytninger<\/li>\n<li> Forsendelse af kunstv\u00e6rker<\/li>\n<li> Flytning af k\u00e6ledyr<\/li>\n<li> Flytte hjem landeguider<\/li>\n<\/ul>\n<p><strong>Flytningstjenester<\/strong><\/p>\n<ul>\n<li> Global flytning og opbevaring<\/li>\n<li> Visum og indvandring<\/li>\n<li> Sproglig og kulturel st\u00f8tte<\/li>\n<li> <a href=\"https:\/\/moverdb.com\/da\/flytteudgifter\/\">Leveomkostninger<\/a> analyse<\/li>\n<li> St\u00f8tte til flytning af partnere<\/li>\n<li> Omr\u00e5deorientering<\/li>\n<li> S\u00f8gning efter en skole<\/li>\n<li> Midlertidige boliger<\/li>\n<li> Hj\u00e6lpetelefon<\/li>\n<li> Hjemmefinding<\/li>\n<li> Hj\u00e6lp til indflytning<\/li>\n<li> Forvaltning af flytning<\/li>\n<li> Afgangstjenester<\/li>\n<\/ul>\n<p><strong>Opbevaringstjenester<\/strong><\/p>\n<ul>\n<li> Opbevaring p\u00e5 kort og lang sigt<\/li>\n<li> International oplagring<\/li>\n<li> Opbevaring i den <a href=\"https:\/\/moverdb.com\/da\/moving-to-the-uk\/\" data-internallinksmanager029f6b8e52c=\"93\" title=\"Flytter du til Det Forenede Kongerige? 2022 Leveomkostninger og flyttetips\">UK<\/a><\/li>\n<li> Opbevaring af erhvervsmateriel<\/li>\n<li> 24-timers CCTV<\/li>\n<\/ul>\n<p><strong>Flytning af kontorer og flytning<\/strong><\/p>\n<ul>\n<li> Projektstyring<\/li>\n<li> Udlejning af kasser<\/li>\n<li> Porterage<\/li>\n<li> Planl\u00e6gning og logistik<\/li>\n<li> Skr\u00e6ddersyede forsikringspakker<\/li>\n<li> Opbevaring af kontorm\u00f8bler<\/li>\n<li> Opbevaring af dokumenter<\/li>\n<li> Opbevaring af arkiver<\/li>\n<li> Specialiseret opbevaring<\/li>\n<li> Virksomhedernes sociale ansvar<\/li>\n<li> Bortskaffelse af affald<\/li>\n<li> Sikker makulering<\/li>\n<li> Reng\u00f8ringstjenester<\/li>\n<li> Kontorafklaringer<\/li>\n<\/ul>\n<p><strong>Pakning og forsendelse af kunstv\u00e6rker<\/strong><\/p>\n<ul>\n<li> Fremstilling og pakning af kasser<\/li>\n<li> Forsendelse ad vej, luft eller s\u00f8<\/li>\n<li> Opbevaring<\/li>\n<li> Pakning med hvide handsker<\/li>\n<li> Udstillingstjenester<\/li>\n<\/ul>\n<p><strong>S\u00e6rlige projekter<\/strong><\/p>\n<ul>\n<li> Transport af servere<\/li>\n<li> Flytning af internationale kontorer<\/li>\n<li> Specialiserede bev\u00e6gelser<\/li>\n<li> Skr\u00e6ddersyet forsikring<\/li>\n<\/ul>\n<h2>Momentous Relocation virksomhedsprofil<\/h2>\n<p>Momentous Relocation begyndte sin internationale virksomhed i 1978. Virksomhedens hovedkontor ligger i Baker Street, London, og den har to lager- og kontorfaciliteter i det nordvestlige London (hovedkontor) og Aylesbury. <\/p>\n<p>Firmaet og dets personale siger, at de altid s\u00e6tter deres kunder i f\u00f8rste r\u00e6kke og bestr\u00e6ber sig p\u00e5 at f\u00e5 hver enkelt flytning til at fungere hurtigt og smertefrit for kunden.<\/p>\n<p>Momentous Relocation har et omfattende program for virksomhedens sociale ansvarlighed, som omfatter personale, kunder, milj\u00f8 og samfund.<\/p>\n<p>Momentous Relocation's tilknytninger og akkrediteringer:<\/p>\n<ul>\n<li> <a href=\"https:\/\/moverdb.com\/da\/fidi-faim\/\">FIDI<\/a><\/li>\n<li> <a href=\"https:\/\/moverdb.com\/da\/fidi-faim\/\">FAIM Plus<\/a><\/li>\n<li> <a href=\"https:\/\/moverdb.com\/da\/british-association-of-removers\/\">Den britiske sammenslutning af flyttefirmaer<\/a> (<a href=\"https:\/\/moverdb.com\/da\/british-association-of-removers\/\" data-internallinksmanager029f6b8e52c=\"9\" title=\"British Association of Removers (BAR) Forklaret\">BAR<\/a>)<\/li>\n<li> <a href=\"https:\/\/moverdb.com\/da\/bar-overseas\/\">Den britiske sammenslutning af flyttefolk i udlandet Gruppe<\/a><\/li>\n<li> <a href=\"https:\/\/moverdb.com\/da\/mtc\/\">The Movers Trading Club<\/a> (<a href=\"https:\/\/moverdb.com\/da\/mtc\/\" data-internallinksmanager029f6b8e52c=\"30\" title=\"Movers Trading Club (MTC) Forklaret\">MTC<\/a>)<\/li>\n<li> <a href=\"https:\/\/moverdb.com\/da\/eura\/\">EuRA<\/a><\/li>\n<li> ISO-akkrediteringer<\/li>\n<\/ul>\n<h2>Momentous Relocation Anmeldelser<\/h2>\n<p><strong>Positiv:<\/strong><\/p>\n<ul>\n<li> \"<em>Fremragende flytning i alle henseender, og jeg kan ikke tale h\u00f8jt nok om servicen. Vil anbefale til alle, der sp\u00f8rger i fremtiden. Cikis og Scott var geniale!\"<\/em> via <a href=\"http:\/\/www.momentousrelocation.com\/about-us\/what-our-customers-say-momentous-relocation-reviews\/\" target=\"_blank\" rel=\"noopener\">Momentous Hvad vores kunder siger Side<\/a><\/li>\n<li> <em>\"Det er anden gang, at Momentous har flyttet mig, og jeg kan ikke anbefale dem st\u00e6rkt nok.\"<\/em> - via <a href=\"http:\/\/moveaide.com\/movers\/momentous-relocation-london-uk-mover-review\" target=\"_blank\" rel=\"noopener\">MoveAid.com<\/a><\/li>\n<li> <em>\"Jeg flyttede fra Storbritannien til <a href=\"https:\/\/moverdb.com\/da\/moving-to-germany\/\" data-internallinksmanager029f6b8e52c=\"321\" title=\"Flytter du til Tyskland? 2026 Leveomkostninger og flyttetips\">Tyskland<\/a>. Servicen var meget professionel, og det organiserende team i Storbritannien var im\u00f8dekommende og fleksibelt.\"<\/em> - Ursula via <a href=\"https:\/\/www.facebook.com\/pg\/momentousltd\/reviews\/\" target=\"_blank\" rel=\"noopener\">Facebook<\/a><\/li>\n<li> <em>\"Fantastisk service! Mandskabet, Scott og Darren var h\u00f8flige og meget professionelle, de pakkede alting meget effektivt sammen, de brugte endda gulvbeskyttere, s\u00e5 mine t\u00e6pper var fuldt beskyttet.\"<\/em> - Evelynn via <a href=\"http:\/\/www.removalreviews.co.uk\/movers\/momentous-relocation-215#8293\" target=\"_blank\" rel=\"noopener\">FjernelseReviews.com<\/a><\/li>\n<\/ul>\n<p><strong>Negativ<\/strong><\/p>\n<ul>\n<li> <em>\"Havde en forf\u00e6rdelig oplevelse med denne virksomhed, der tog mine penge og derefter leverede en forf\u00e6rdelig service (hvoraf nogle var deres partners skyld), men de n\u00e6gtede at tage ansvar eller ejerskab eller begivenheder, som omfattede en alvorlig ulykke, der skete for et familiemedlem fra m\u00f8bler, der var forkert installeret.\"<\/em> - James via <a href=\"http:\/\/moveaide.com\/movers\/momentous-relocation-london-uk-mover-review\" target=\"_blank\" rel=\"noopener\">MoveAid.com<\/a><\/li>\n<li> <em>De st\u00f8rste flytninger er de v\u00e6rste <a href=\"https:\/\/moverdb.com\/da\/international-removals\/\" data-internallinksmanager029f6b8e52c=\"27\" title=\"De 36 bedste internationale flyttefirmaer i Storbritannien\">flyttefirma<\/a> i dette land. Jeg er flyttet 6 gange p\u00e5 mindre end 8 \u00e5r, s\u00e5 jeg tror, at jeg har erfaring med dette nu.<\/em> via <a href=\"http:\/\/www.removalreviews.co.uk\/movers\/momentous-relocation-215#714\" target=\"_blank\" rel=\"noopener\">FjernelseReviews.com<\/a><\/li>\n<\/ul>\n<div itemprop=\"review\" itemscope itemtype=\"http:\/\/schema.org\/Review\">\n<span itemprop=\"author\" itemscope=\"\" itemtype=\"http:\/\/schema.org\/Organization\"><span itemprop=\"name\">MoverDB.com<\/span><\/span> Online website anmeldelse for <span itemprop=\"itemreviewed\" itemscope=\"\" itemtype=\"http:\/\/schema.org\/Brand\"><span itemprop=\"name\">En betydningsfuld flytning<\/span><\/span>:<\/p>\n<ol>\n<li> Tydelige kontaktoplysninger p\u00e5 webstedet (herunder telefonnummer): <strong>Ja<\/strong><\/li>\n<li> Let at f\u00e5 <a href=\"https:\/\/moverdb.com\/da\/citater\/\">citater for internationale flytninger<\/a>? (Formular til anmodning om online overslag): <strong>Ja<\/strong><\/li>\n<li> Klare oplysninger p\u00e5 webstedet: <strong>Ja<\/strong>, Hjemmesiden beskriver de tjenester, der tilbydes, men giver ikke mange detaljerede oplysninger<\/li>\n<li> medlemskab af internationalt anerkendte flytteorganisationer: <strong>Ja<\/strong><\/li>\n<li> Liste over kunder og\/eller tidligere kundeudtalelser: <strong>Ja,<\/strong> Der er flere positive udtalelser fra kunder, men der er ingen kundeliste. Virksomheden modtager ogs\u00e5 generelt overvejende positive anmeldelser p\u00e5 nettet.<\/li>\n<\/ol>\n<div itemprop=\"reviewRating\" itemscope itemtype=\"http:\/\/schema.org\/Rating\"><meta itemprop=\"worstRating\" content = \"0\" \/><meta itemprop=\"bestRating\" content=\"5\" \/><meta itemprop=\"ratingValue\" content=\"4.5\"><\/div>\n<p><strong>Samlet score: 4.5\/5<\/strong><br \/>\n<strong>Dato for gennemgang:<\/strong> <span itemprop=\"datePublished\" content=\"2016-09-23\">23\/09\/16<\/span>\n<\/div>\n<p>Mere om <a href=\"https:\/\/moverdb.com\/da\/internationale-flytninger\/\">flyttefirmaer<\/a> og vores <a href=\"https:\/\/moverdb.com\/da\/anmeldelser\/\">gennemgangsproces<\/a>.<\/p>\n<p><strong>Hjemmeside:<\/strong> <a href=\"http:\/\/www.momentousrelocation.com\/\" target=\"_blank\" rel=\"noopener\">http:\/\/www.momentousrelocation.com<\/a><\/p>","protected":false},"excerpt":{"rendered":"<p>Momentous Relocation is an international removal and relocation specialist company based in London. It offers its clients many services which are listed below, together with a company profile and reviews. Moving Services Pre move survey Shipping and airfreight Destination services Insurance services Domestic moving Fine art shipping Pet moving service Moving home country guides Relocation [&hellip;]<\/p>\n","protected":false},"author":1,"featured_media":0,"parent":0,"menu_order":0,"comment_status":"closed","ping_status":"closed","template":"","meta":{"_genesis_hide_title":false,"_genesis_hide_breadcrumbs":false,"_genesis_hide_singular_image":false,"_genesis_hide_footer_widgets":false,"_genesis_custom_body_class":"","_genesis_custom_post_class":"","_genesis_layout":"","footnotes":""},"class_list":{"0":"post-938","1":"page","2":"type-page","3":"status-publish","5":"entry"},"_links":{"self":[{"href":"https:\/\/moverdb.com\/da\/wp-json\/wp\/v2\/pages\/938","targetHints":{"allow":["GET"]}}],"collection":[{"href":"https:\/\/moverdb.com\/da\/wp-json\/wp\/v2\/pages"}],"about":[{"href":"https:\/\/moverdb.com\/da\/wp-json\/wp\/v2\/types\/page"}],"author":[{"embeddable":true,"href":"https:\/\/moverdb.com\/da\/wp-json\/wp\/v2\/users\/1"}],"replies":[{"embeddable":true,"href":"https:\/\/moverdb.com\/da\/wp-json\/wp\/v2\/comments?post=938"}],"version-history":[{"count":6,"href":"https:\/\/moverdb.com\/da\/wp-json\/wp\/v2\/pages\/938\/revisions"}],"predecessor-version":[{"id":13178,"href":"https:\/\/moverdb.com\/da\/wp-json\/wp\/v2\/pages\/938\/revisions\/13178"}],"wp:attachment":[{"href":"https:\/\/moverdb.com\/da\/wp-json\/wp\/v2\/media?parent=938"}],"curies":[{"name":"wp","href":"https:\/\/api.w.org\/{rel}","templated":true}]}}