{"id":927,"date":"2016-09-23T21:57:09","date_gmt":"2016-09-23T21:57:09","guid":{"rendered":"http:\/\/moverdb.com\/?page_id=927"},"modified":"2026-01-08T13:19:00","modified_gmt":"2026-01-08T13:19:00","slug":"imove-international","status":"publish","type":"page","link":"https:\/\/moverdb.com\/da\/imove-international\/","title":{"rendered":"IMove International: Flytning og flytning Anmeldelser"},"content":{"rendered":"<p>IMove International er baseret i Surrey. Virksomheden tilbyder sine kunder en r\u00e6kke tjenester til at hj\u00e6lpe dem med at flytte til udlandet. Disse er anf\u00f8rt nedenfor sammen med en virksomhedsprofil og anmeldelser.<\/p>\n<p><strong><a href=\"https:\/\/moverdb.com\/da\/international-removals\/\" data-internallinksmanager029f6b8e52c=\"27\" title=\"De 36 bedste internationale flyttefirmaer i Storbritannien\">Internationale flytninger<\/a><\/strong><\/p>\n<ul>\n<li> Personlig flyttekoordinator<\/li>\n<li> Fra d\u00f8r til d\u00f8r<\/li>\n<li> D\u00f8r til <a href=\"https:\/\/moverdb.com\/da\/top-49-container-ports\/\" data-internallinksmanager029f6b8e52c=\"80\" title=\"Top 49 st\u00f8rste og travleste containerhavne i 2025\">port<\/a><\/li>\n<li> Luft, s\u00f8 eller vej<\/li>\n<li> Flytning af virksomheder<\/li>\n<li> <a href=\"https:\/\/moverdb.com\/da\/biltransport-forsendelse\/\">Motork\u00f8ret\u00f8jer<\/a><\/li>\n<li> Fuld pakningsservice<\/li>\n<li> Selvpakkende<\/li>\n<li> Skr\u00f8belig indpakning<\/li>\n<li> Gratis levering af kartoner, tape og emballage<\/li>\n<li> Udpakningstjeneste<\/li>\n<li> Lang- og kortsigtet opbevaring <\/li>\n<li> <a href=\"https:\/\/moverdb.com\/da\/containerforsendelse\/\">Containertransport<\/a><\/li>\n<li> Forsendelse af overdreven meget bagage<\/li>\n<li> Forsyning<\/li>\n<li> Hj\u00e6lp med told og dokumentation<\/li>\n<\/ul>\n<p><strong>Andre tjenester<\/strong><\/p>\n<ul>\n<li> Lang- og kortsigtet opbevaring<\/li>\n<li> Forsendelse og opbevaring af studerende<\/li>\n<li> <a href=\"https:\/\/moverdb.com\/da\/car-transport-shipping\/\" data-internallinksmanager029f6b8e52c=\"2\" title=\"2026 tilbud p\u00e5 international biltransport og forsendelse af k\u00f8ret\u00f8jer\">Transport af biler<\/a><\/li>\n<li> F\u00e6lles beholder<\/li>\n<li> Eksportemballeringstjeneste<\/li>\n<li> Kasser og kassefremstilling<\/li>\n<\/ul>\n<h2>IMove International virksomhedsprofil<\/h2>\n<p>IMove International er en ung, privatejet virksomhed og blev grundlagt i maj 2011. Det er et specialiseret firma <a href=\"https:\/\/moverdb.com\/da\/internationale-flytninger\/\">international flytning<\/a>, shipping- og flyttefirma. <\/p>\n<p>IMove organiserer flytninger for familier, virksomheder og enkeltpersoner fra <a href=\"https:\/\/moverdb.com\/da\/moving-to-the-uk\/\" data-internallinksmanager029f6b8e52c=\"93\" title=\"Flytter du til Det Forenede Kongerige? 2022 Leveomkostninger og flyttetips\">UK<\/a> til de fleste destinationer rundt om i verden.<\/p>\n<p>IMove sender alt fra den mindste pakke til en hel husstand af m\u00f8bler. Virksomheden giver hver enkelt kunde en personlig flyttekoordinator, som er deres kontaktperson under hele flytteprocessen.<\/p>\n<p>IMove International har f\u00f8lgende akkrediteringer og tilknytninger:<\/p>\n<ul>\n<li> ISO 9001<\/li>\n<\/ul>\n<h2>IMove International Anmeldelser<\/h2>\n<p><strong>Positiv:<\/strong><\/p>\n<ul>\n<li> <em>\"Alt forl\u00f8b glat og effektivt. Jeg vil helt sikkert anbefale firmaet for dets service og v\u00e6rdi for pengene.\"<\/em> - H Fowler via <a href=\"http:\/\/www.imoveintl.com\/testimonials.htm\" target=\"_blank\" rel=\"noopener\">Side med kundeanmeldelser<\/a><\/li>\n<li> \"<em>Jeg vil gerne lyk\u00f8nske IMove for den punktlighed, hurtighed og professionalisme, hvormed min flytning fra Orlando <a href=\"https:\/\/moverdb.com\/da\/moving-to-the-united-states\/moving-to-florida\/\" data-internallinksmanager029f6b8e52c=\"331\" title=\"Flytning til Florida? 2026 Leveomkostninger og tips til flytning\">Florida<\/a> til Kent, blev udf\u00f8rt.<\/em> - Annette <a href=\"http:\/\/www.removalreviews.co.uk\/movers\/imove-international-191#11473\" target=\"_blank\" rel=\"noopener\">FjernelseReviews.com<\/a> <\/li>\n<li> \"<em>Vi kan fuldt ud anbefale dette firma - meget rimelige omkostninger, ekstremt hurtig flytning og god service\"<\/em> - Johathan via <a href=\"http:\/\/www.reviews.co.uk\/company-reviews\/store\/imove-international-removals-ltd\" target=\"_blank\" rel=\"noopener\">Anmeldelser.co.uk<\/a> <\/li>\n<\/ul>\n<p><strong>Negativ<\/strong><\/p>\n<ul>\n<li> \"<em>Selv om leveringstiden fra <a href=\"https:\/\/moverdb.com\/da\/moving-to-london\/\">London<\/a> til <a href=\"https:\/\/moverdb.com\/da\/moving-to-switzerland\/\" data-internallinksmanager029f6b8e52c=\"327\" title=\"Flytter du til Schweiz? 2026 Leveomkostninger og flyttetips\">Schweiz<\/a> var hurtig, vil jeg kraftigt frar\u00e5de nogen at bruge dette firma, da en af de mere v\u00e6rdifulde genstande aldrig blev leveret og \"tabt\". Der syntes ikke at v\u00e6re nogen \u00e6gte overraskelse, bekymring eller undskyldning for tabet af denne vare.\"<\/em> - Fru Laurens via <a href=\"http:\/\/www.removalreviews.co.uk\/movingreviews\/stolen-item-1264\" target=\"_blank\" rel=\"noopener\">RemovalReviews.co.uk<\/a> <\/li>\n<li> \"<em>Vores varer blev indsamlet p\u00e5 indsamlingsdatoen (02.11.2015), hvilket var godt, men nu er vi i marts, og vi har stadig ikke modtaget vores kasser.\"<\/em> - Samantha via <a href=\"http:\/\/www.reviews.co.uk\/company-reviews\/store\/imove-international-removals-ltd\" target=\"_blank\" rel=\"noopener\">Anmeldelser.co.uk<\/a> <\/li>\n<\/ul>\n<div itemprop=\"review\" itemscope itemtype=\"http:\/\/schema.org\/Review\">\n<span itemprop=\"author\" itemscope=\"\" itemtype=\"http:\/\/schema.org\/Organization\"><span itemprop=\"name\">MoverDB.com<\/span><\/span> Online website anmeldelse for <span itemprop=\"itemreviewed\" itemscope=\"\" itemtype=\"http:\/\/schema.org\/Brand\"><span itemprop=\"name\">IMove International<\/span><\/span>:<\/p>\n<ol>\n<li> Tydelige kontaktoplysninger p\u00e5 webstedet (herunder telefonnummer): <strong>Ja<\/strong><\/li>\n<li> Let at f\u00e5 <a href=\"https:\/\/moverdb.com\/da\/citater\/\">citater for internationale flytninger<\/a>? (Formular til anmodning om online overslag): <strong>Ja<\/strong><\/li>\n<li> Klare oplysninger p\u00e5 webstedet: <strong>Ja<\/strong>, Webstedet indeholder en masse oplysninger om flytning til forskellige lande rundt om i verden, herunder om den n\u00f8dvendige dokumentation.<\/li>\n<li> medlemskab af internationalt anerkendte flytteorganisationer: <strong>Delvis<\/strong>, selv om de er ISO-registreret, synes de at mangle andre akkrediteringer.<\/li>\n<li> Liste over kunder og\/eller tidligere kundeudtalelser: <strong>Ja,<\/strong> Der er masser af positive kundeanmeldelser p\u00e5 siden.<\/li>\n<\/ol>\n<div itemprop=\"reviewRating\" itemscope itemtype=\"http:\/\/schema.org\/Rating\"><meta itemprop=\"worstRating\" content = \"0\" \/><meta itemprop=\"bestRating\" content=\"5\" \/><meta itemprop=\"ratingValue\" content=\"4\"><\/div>\n<p><strong>Samlet score: 4\/5<\/strong><br \/>\n<strong>Dato for gennemgang:<\/strong> <span itemprop=\"datePublished\" content=\"2016-09-23\">23\/09\/16<\/span>\n<\/div>\n<p>L\u00e6s mere om <a href=\"https:\/\/moverdb.com\/da\/internationale-flytninger\/\">flyttefirmaer<\/a> og vores <a href=\"https:\/\/moverdb.com\/da\/anmeldelser\/\">gennemgangsproces<\/a>.<\/p>\n<p><strong>Hjemmeside:<\/strong> <a href=\"http:\/\/www.imoveintl.com\/\" target=\"_blank\" rel=\"noopener\">http:\/\/www.imoveintl.com\/<\/a><\/p>","protected":false},"excerpt":{"rendered":"<p>IMove International is based in Surrey. It offers its customers a range of services to assist with their move abroad. These are listed below, together with a company profile and reviews. International Removals Personal move coordinator Door to door Door to port Air, sea or road Company relocations Motor vehicles Full packing service Self-packing Fragile [&hellip;]<\/p>\n","protected":false},"author":1,"featured_media":0,"parent":0,"menu_order":0,"comment_status":"closed","ping_status":"closed","template":"","meta":{"_genesis_hide_title":false,"_genesis_hide_breadcrumbs":false,"_genesis_hide_singular_image":false,"_genesis_hide_footer_widgets":false,"_genesis_custom_body_class":"","_genesis_custom_post_class":"","_genesis_layout":"","footnotes":""},"class_list":{"0":"post-927","1":"page","2":"type-page","3":"status-publish","5":"entry"},"_links":{"self":[{"href":"https:\/\/moverdb.com\/da\/wp-json\/wp\/v2\/pages\/927","targetHints":{"allow":["GET"]}}],"collection":[{"href":"https:\/\/moverdb.com\/da\/wp-json\/wp\/v2\/pages"}],"about":[{"href":"https:\/\/moverdb.com\/da\/wp-json\/wp\/v2\/types\/page"}],"author":[{"embeddable":true,"href":"https:\/\/moverdb.com\/da\/wp-json\/wp\/v2\/users\/1"}],"replies":[{"embeddable":true,"href":"https:\/\/moverdb.com\/da\/wp-json\/wp\/v2\/comments?post=927"}],"version-history":[{"count":6,"href":"https:\/\/moverdb.com\/da\/wp-json\/wp\/v2\/pages\/927\/revisions"}],"predecessor-version":[{"id":13160,"href":"https:\/\/moverdb.com\/da\/wp-json\/wp\/v2\/pages\/927\/revisions\/13160"}],"wp:attachment":[{"href":"https:\/\/moverdb.com\/da\/wp-json\/wp\/v2\/media?parent=927"}],"curies":[{"name":"wp","href":"https:\/\/api.w.org\/{rel}","templated":true}]}}