{"id":925,"date":"2016-09-27T05:35:52","date_gmt":"2016-09-27T05:35:52","guid":{"rendered":"http:\/\/moverdb.com\/?page_id=925"},"modified":"2026-01-08T14:40:05","modified_gmt":"2026-01-08T14:40:05","slug":"lopa-removals","status":"publish","type":"page","link":"https:\/\/moverdb.com\/da\/lopa-removals\/","title":{"rendered":"Lopa Flyttevirksomhed: Internationale flytning anmeldelser"},"content":{"rendered":"<p>Lopa Removals er baseret i Romford og tilbyder sine kunder en r\u00e6kke tjenester, som er anf\u00f8rt nedenfor, sammen med en virksomhedsprofil og anmeldelser.<\/p>\n<p><strong>Europ\u00e6iske og internationale flytninger<\/strong><\/p>\n<ul>\n<li> Dedikeret flytteansvarlig<\/li>\n<li> Fuldst\u00e6ndige flytninger af huse gennemf\u00f8res p\u00e5 2-5 dage<\/li>\n<li> Forsikring arrangeret<\/li>\n<li> GPS-k\u00f8ret\u00f8jssporing<\/li>\n<li> Fuld indpakning, skr\u00f8belig indpakning eller g\u00f8r det selv<\/li>\n<li> Gratis kasser og emballagemateriale<\/li>\n<li> Garanti for skadesfrihed<\/li>\n<li> Kasser<\/li>\n<li> Eksterne elevatorer til genstande som f.eks. klaverer<\/li>\n<li> Delvis belastning og fuld belastning<\/li>\n<li> Udpakningstjeneste<\/li>\n<li> Opbevaring p\u00e5 kort og lang sigt<\/li>\n<\/ul>\n<p><strong>Opbevaring<\/strong><\/p>\n<ul>\n<li> P\u00e5 kort og lang sigt<\/li>\n<li> Sikker og lukket<\/li>\n<li> Forsikret<\/li>\n<li> Professionelt stablet<\/li>\n<li> Tilh\u00f8rende korrekt beskyttet mod skader og snavs<\/li>\n<\/ul>\n<p><strong>Specialist flytninger<\/strong><\/p>\n<ul>\n<li> Kunstgallerier<\/li>\n<li> Udstillinger<\/li>\n<\/ul>\n<h2>Lopa Removals virksomhedsprofil<\/h2>\n<p>Lopa Removals har specialiseret sig i internationale flytninger og is\u00e6r flytninger inden for Europa. Virksomheden er baseret i Romford. Der er tale om et ungt firma, hvis hovedform\u00e5l er at forbedre eksisterende flytninger mellem europ\u00e6iske lande. <\/p>\n<p>Den har en lang liste af fremtr\u00e6dende tilfredse kunder. Lopa Removals tilbyder et h\u00f8jt niveau af kundeservice b\u00e5de f\u00f8r, under og efter flytningen. P\u00e5 grund af positiv feedback fra kunderne koncentrerer virksomheden sig i \u00f8jeblikket om flytninger mellem <a href=\"https:\/\/moverdb.com\/da\/moving-to-london\/\">London<\/a>, <a href=\"https:\/\/moverdb.com\/da\/moving-to-france\/moving-to-paris\/\" data-internallinksmanager029f6b8e52c=\"407\" title=\"Flytter du til Paris? 2026 Leveomkostninger og tips til flytning\">Paris<\/a> og Bruxelles og g\u00f8re disse bev\u00e6gelser til de bedste p\u00e5 markedet.<\/p>\n<p>Lopa Removals har f\u00f8lgende akkrediteringer og tilknytninger:<\/p>\n<ul>\n<li> Kvalitetsstandard ISO 9001<\/li>\n<li> <a href=\"https:\/\/moverdb.com\/da\/british-association-of-removers\/\">British Association of Removers<\/a> (<a href=\"https:\/\/moverdb.com\/da\/british-association-of-removers\/\" data-internallinksmanager029f6b8e52c=\"9\" title=\"British Association of Removers (BAR) Forklaret\">BAR<\/a>)<\/li>\n<\/ul>\n<h2>Anmeldelser af Lopa Flyttefirmaer<\/h2>\n<p><strong>Positiv:<\/strong><\/p>\n<ul>\n<li> \"Lopa flyttetransport leverede en rigtig god service og gjorde vores flytning fra London til Paris glat og stressfri.\" - S. Gerber via <a href=\"https:\/\/uk.trustpilot.com\/reviews\/57b199dc0000ff00097bf54d\" target=\"_blank\" rel=\"noopener\">Trustpilot<\/a><\/li>\n<\/ul>\n<p><strong>Negativ:<\/strong><\/p>\n<ul>\n<li> \"<em>Jeg var ved at flytte fra <a href=\"https:\/\/moverdb.com\/da\/moving-to-belgium\/\" data-internallinksmanager029f6b8e52c=\"323\" title=\"Flytter du til Belgien? 2026 Leveomkostninger og flyttetips\">Belgien<\/a> og var begejstret for at finde disse fyre, rimeligt prissat, meget gode anmeldelser her p\u00e5 siden og annonceret som familieejet og meget forst\u00e5ende. Jeg burde have vidst bedre.\"<\/em> Andrei via <a href=\"https:\/\/uk.trustpilot.com\/reviews\/53ce415d0000640002999120\" target=\"_blank\" rel=\"noopener\">Trustpilot<\/a> <\/li>\n<\/ul>\n<div itemprop=\"review\" itemscope itemtype=\"http:\/\/schema.org\/Review\">\n<span itemprop=\"author\" itemscope=\"\" itemtype=\"http:\/\/schema.org\/Organization\"><span itemprop=\"name\">MoverDB.com<\/span><\/span> Online website anmeldelse for <span itemprop=\"itemreviewed\" itemscope=\"\" itemtype=\"http:\/\/schema.org\/Brand\"><span itemprop=\"name\">Lopa Flyttevirksomhed<\/span><\/span>:<\/p>\n<ol>\n<li> Tydelige kontaktoplysninger p\u00e5 webstedet (herunder telefonnummer): <strong>Ja<\/strong><\/li>\n<li> Let at f\u00e5 <a href=\"https:\/\/moverdb.com\/da\/citater\/\">citater for flytning<\/a>? (Formular til anmodning om online overslag): <strong>Ja<\/strong><\/li>\n<li> Klare oplysninger p\u00e5 webstedet: <strong>Nogle,<\/strong> men generelt indeholder webstedet relativt f\u00e5 oplysninger<\/li>\n<li> medlemskab af internationalt anerkendte flytteorganisationer: <strong>Ja<\/strong><\/li>\n<li> Liste over kunder og\/eller tidligere kundeudtalelser: <strong>Delvis,<\/strong> Selv om de ikke er hostet p\u00e5 stedet, har de en positiv bed\u00f8mmelse p\u00e5 Trustpilot.<\/li>\n<\/ol>\n<div itemprop=\"reviewRating\" itemscope itemtype=\"http:\/\/schema.org\/Rating\"><meta itemprop=\"worstRating\" content = \"0\" \/><meta itemprop=\"bestRating\" content=\"5\" \/><meta itemprop=\"ratingValue\" content=\"4\"><\/div>\n<p><strong>Samlet score: 4\/5<\/strong><br \/>\n<strong>Dato for gennemgang:<\/strong> <span itemprop=\"datePublished\" content=\"2016-09-27\">27\/08\/16<\/span>\n<\/div>\n<p>L\u00e6s mere om <a href=\"https:\/\/moverdb.com\/da\/internationale-flytninger\/\">internationale flytninger<\/a> og vores <a href=\"https:\/\/moverdb.com\/da\/anmeldelser\/\">gennemgangsproces<\/a>.<\/p>\n<p><strong>Hjemmeside:<\/strong> <a href=\"http:\/\/new.loparemovals.com\/\" target=\"_blank\" rel=\"noopener\">http:\/\/new.loparemovals.com\/<\/a><\/p>","protected":false},"excerpt":{"rendered":"<p>Lopa Removals is based in Romford and offers its customers a range of services which are listed below, together with a company profile and reviews. European and International Moves Dedicated move manager Full house moves complete in 2-5 days Insurance arranged GPS vehicle tracking Full packing, fragile packing or do it yourself Free boxes and [&hellip;]<\/p>\n","protected":false},"author":1,"featured_media":0,"parent":0,"menu_order":0,"comment_status":"closed","ping_status":"closed","template":"","meta":{"_genesis_hide_title":false,"_genesis_hide_breadcrumbs":false,"_genesis_hide_singular_image":false,"_genesis_hide_footer_widgets":false,"_genesis_custom_body_class":"","_genesis_custom_post_class":"","_genesis_layout":"","footnotes":""},"class_list":{"0":"post-925","1":"page","2":"type-page","3":"status-publish","5":"entry"},"_links":{"self":[{"href":"https:\/\/moverdb.com\/da\/wp-json\/wp\/v2\/pages\/925","targetHints":{"allow":["GET"]}}],"collection":[{"href":"https:\/\/moverdb.com\/da\/wp-json\/wp\/v2\/pages"}],"about":[{"href":"https:\/\/moverdb.com\/da\/wp-json\/wp\/v2\/types\/page"}],"author":[{"embeddable":true,"href":"https:\/\/moverdb.com\/da\/wp-json\/wp\/v2\/users\/1"}],"replies":[{"embeddable":true,"href":"https:\/\/moverdb.com\/da\/wp-json\/wp\/v2\/comments?post=925"}],"version-history":[{"count":7,"href":"https:\/\/moverdb.com\/da\/wp-json\/wp\/v2\/pages\/925\/revisions"}],"predecessor-version":[{"id":13171,"href":"https:\/\/moverdb.com\/da\/wp-json\/wp\/v2\/pages\/925\/revisions\/13171"}],"wp:attachment":[{"href":"https:\/\/moverdb.com\/da\/wp-json\/wp\/v2\/media?parent=925"}],"curies":[{"name":"wp","href":"https:\/\/api.w.org\/{rel}","templated":true}]}}