{"id":924,"date":"2016-09-03T21:30:31","date_gmt":"2016-09-03T21:30:31","guid":{"rendered":"http:\/\/moverdb.com\/?page_id=924"},"modified":"2026-01-08T14:48:13","modified_gmt":"2026-01-08T14:48:13","slug":"eagle-relocations","status":"publish","type":"page","link":"https:\/\/moverdb.com\/da\/eagle-relocations\/","title":{"rendered":"Eagle Relocations: International flytning og flytninger Anmeldelser"},"content":{"rendered":"<p>Eagle Relocations er en <a href=\"https:\/\/moverdb.com\/da\/international-removals\/\" data-internallinksmanager029f6b8e52c=\"27\" title=\"De 36 bedste internationale flyttefirmaer i Storbritannien\">flyttefirma<\/a> med base i Watford, <a href=\"https:\/\/moverdb.com\/da\/moving-to-the-uk\/\" data-internallinksmanager029f6b8e52c=\"93\" title=\"Flytter du til Det Forenede Kongerige? 2022 Leveomkostninger og flyttetips\">UK<\/a>. Virksomheden tilbyder sine kunder en r\u00e6kke flyttetjenester, som er anf\u00f8rt nedenfor, sammen med en virksomhedsprofil og anmeldelser.<\/p>\n<p><strong>Internationale flytninger<\/strong><\/p>\n<ul>\n<li> D\u00f8r til d\u00f8r-service<\/li>\n<li> Service fra d\u00f8r til kantsten<\/li>\n<li> D\u00f8r til <a href=\"https:\/\/moverdb.com\/da\/top-49-container-ports\/\" data-internallinksmanager029f6b8e52c=\"80\" title=\"Top 49 st\u00f8rste og travleste containerhavne i 2025\">port<\/a> service<\/li>\n<li> Fuld pakningsservice<\/li>\n<li> Fragile eller delvise pakker<\/li>\n<li> Ejerpakket service<\/li>\n<li> Demontering og genmontering af m\u00f8bler<\/li>\n<li> Medf\u00f8lgende emballagematerialer<\/li>\n<li> Vej-, luft- og s\u00f8transport<\/li>\n<li> Toldklarering<\/li>\n<li> Fjernelse af affald<\/li>\n<li> Concierge-service<\/li>\n<li> Stuepige service<\/li>\n<\/ul>\n<p><strong>Flytning af virksomheder<\/strong><\/p>\n<ul>\n<li> Personlig leder af virksomhedsflytninger<\/li>\n<li> Unders\u00f8gelse af eksisterende og nye lokaler<\/li>\n<li> Demontering og genmontering af m\u00f8bler<\/li>\n<li> IT-specialister til flytning af computere<\/li>\n<li> Flyttekasser beregnet til kontorer<\/li>\n<li> M\u00e6rkede kasser<\/li>\n<li> Move manager er konstant p\u00e5 stedet under flytningen<\/li>\n<li> Forsikring arrangeret<\/li>\n<\/ul>\n<p><strong>Flytning af hjem i Storbritannien<\/strong><\/p>\n<ul>\n<li> samarbejde med flytteadministrator<\/li>\n<li> Unders\u00f8gelse f\u00f8r flytning<\/li>\n<li> Dedikeret flyttekoordinator<\/li>\n<li> Fra d\u00f8r til d\u00f8r<\/li>\n<li> Komplet pakning, delvis pakning eller g\u00f8r det selv<\/li>\n<li> Demontering og genmontering af m\u00f8bler<\/li>\n<li> Forsikring arrangeret<\/li>\n<li> Fjernelse af affald<\/li>\n<\/ul>\n<h2>Eagle Relocations virksomhedsprofil<\/h2>\n<p>Eagle Relocations blev etableret som en familievirksomhed i 1967 og var dengang kendt som Eagle Shipping. Den blev et aktieselskab i 2002 og \u00e6ndrede sit navn til Eagle Relocations. Virksomheden tilbyder sine kunder en fuld service i forbindelse med flytning lokalt, nationalt og internationalt.<\/p>\n<p>Eagle Relocations flyttede over 3.500 personer i 2015. De tilbyder en r\u00e6kke forskellige pakker, der passer til folks behov og pengepung. De tror p\u00e5 st\u00e6rk kundeservice og engagement.<\/p>\n<p>Eagle Relocations har f\u00f8lgende akkrediteringer og tilknytninger:<\/p>\n<ul>\n<li> <a href=\"https:\/\/moverdb.com\/da\/british-association-of-removers\/\">British Association of Removers<\/a> (<a href=\"https:\/\/moverdb.com\/da\/british-association-of-removers\/\" data-internallinksmanager029f6b8e52c=\"9\" title=\"British Association of Removers (BAR) Forklaret\">BAR<\/a>)<\/li>\n<li> <a href=\"https:\/\/moverdb.com\/da\/fedemac\/\">Sammenslutningen af europ\u00e6iske flytteforeninger<\/a> (<a href=\"https:\/\/moverdb.com\/da\/fedemac\/\" data-internallinksmanager029f6b8e52c=\"15\" title=\"Federation of European Movers Association (FEDEMAC) Forklaret\">FEDEMAC<\/a>)<\/li>\n<li> <a href=\"https:\/\/moverdb.com\/da\/iam\/\">Den internationale sammenslutning af flyttefirmaer<\/a> (<a href=\"https:\/\/moverdb.com\/da\/iam\/\" data-internallinksmanager029f6b8e52c=\"23\" title=\"International Association of Movers (IAM) Forklaret\">IAM<\/a>)<\/li>\n<li> <a href=\"https:\/\/moverdb.com\/da\/hgfaa\/\">Household Goods Forwarders Association of America<\/a><\/li>\n<li> British International Freight Association (BIFA)<\/li>\n<li> <a href=\"https:\/\/moverdb.com\/da\/bar-overseas\/\">British Association of Removers (BAR) Overs\u00f8isk<\/a><\/li>\n<\/ul>\n<h2>Anmeldelser af Eagle Relocations<\/h2>\n<p><strong>Positiv:<\/strong><\/p>\n<ul>\n<li> <em>Drengene var fantastiske... Super hj\u00e6lpsomme, effektive, professionelle og alle med et stort smil p\u00e5 deres ansigter...<\/em> - Ross via <a href=\"http:\/\/www.eaglerelocations.com\/testimonials\/\" target=\"_blank\" rel=\"noopener\">side med kundeudtalelser<\/a><\/li>\n<li> <em>\"De var trov\u00e6rdige, professionelle, joviale, arbejdsomme og omhyggelige og gjorde en yderst stressende periode til en let periode. De giver fremragende v\u00e6rdi for pengene, og jeg er glad for, at jeg ikke valgte et firma, der tilb\u00f8d mig en \"for god til at v\u00e6re sand\" flyttepris pr. e-mail, uden at have bes\u00f8gt vores hjem. De er efter min mening f\u00f8rende p\u00e5 markedet, og jeg vil for evigt v\u00e6re Eagle Relocations taknemmelig.\"<\/em> - Karen via <a href=\"https:\/\/www.trustpilot.com\/reviews\/56fe57450000ff00094ba791\" target=\"_blank\" rel=\"noopener\">TrustPilot<\/a> <\/li>\n<li> <em>\"Jeg har lige Eagle Relocations ved 3 forskellige lejligheder. Jeg flyttede fra Hendon til Borhamwood, Borhamwood til Storage og derefter til Bali. Ved hver lejlighed fandt jeg dem til at v\u00e6re ekstremt professionelle.\"<\/em> - Pankesh P via <a href=\"https:\/\/www.yell.com\/reviews\/user\/PankeshP\" target=\"_blank\" rel=\"noopener\">R\u00e5b<\/a><\/li>\n<\/ul>\n<p><strong>Negativ:<\/strong><\/p>\n<ul>\n<li> <em>\"Brug ikke dette firma, de har mistet alle mine verdslige goder.\"<\/em> - Adrienne via <a href=\"https:\/\/www.trustpilot.com\/reviews\/587ecbbc0dc2f609f06be069\" target=\"_blank\" rel=\"noopener\">Trustpilot<\/a><\/li>\n<\/ul>\n<div itemprop=\"review\" itemscope itemtype=\"http:\/\/schema.org\/Review\">\n<span itemprop=\"author\" itemscope=\"\" itemtype=\"http:\/\/schema.org\/Organization\"><span itemprop=\"name\">MoverDB.com<\/span><\/span> Online website anmeldelse for <span itemprop=\"itemreviewed\" itemscope=\"\" itemtype=\"http:\/\/schema.org\/Brand\"><span itemprop=\"name\">Eagle flytninger<\/span><\/span>:<\/p>\n<ol>\n<li> Tydelige kontaktoplysninger p\u00e5 webstedet (herunder telefonnummer): <strong>Ja<\/strong><\/li>\n<li> Let at f\u00e5 <a href=\"https:\/\/moverdb.com\/da\/citater\/\">citater for internationale flytninger<\/a>? (Formular til anmodning om online overslag): <strong>Ja<\/strong><\/li>\n<li> Klare oplysninger p\u00e5 webstedet: <strong>Ja,<\/strong> indeholder landeguider og en blog med nyttige oplysninger om at flytte til udlandet.<\/li>\n<li> Medlemskab af internationalt anerkendte flytteorganisationer: <strong>Ja<\/strong>, se ovenfor.<\/li>\n<li> Liste over kunder og\/eller tidligere kundeudtalelser: <strong>Nogle,<\/strong> Der er kundeunders\u00f8gelser p\u00e5 webstedet, men mange af dem ligner hinanden, og der er kun f\u00e5 anmeldelser andre steder p\u00e5 nettet. De anmeldelser, der er tilg\u00e6ngelige, er dog for det meste positive.<\/li>\n<\/ol>\n<div itemprop=\"reviewRating\" itemscope itemtype=\"http:\/\/schema.org\/Rating\"><meta itemprop=\"worstRating\" content = \"0\" \/><meta itemprop=\"bestRating\" content=\"5\" \/><meta itemprop=\"ratingValue\" content=\"4.5\"><\/div>\n<p><strong>Samlet score: 4.5\/5<\/strong><br \/>\n<strong>Dato for gennemgang:<\/strong> <span itemprop=\"datePublished\" content=\"2016-09-03\">03\/09\/2016<\/span>\n<\/div>\n<p>F\u00e5 mere at vide om mere at vide om <a href=\"https:\/\/moverdb.com\/da\/internationale-flytninger\/\">internationale flytninger<\/a> og vores <a href=\"https:\/\/moverdb.com\/da\/anmeldelser\/\">gennemgangsproces<\/a>.<\/p>\n<p><strong>Hjemmeside:<\/strong> <a href=\"http:\/\/www.eaglerelocations.com\" target=\"_blank\" rel=\"noopener\">http:\/\/www.eaglerelocations.com<\/a><\/p>","protected":false},"excerpt":{"rendered":"<p>Eagle Relocations is a removals company based in Watford, UK. It offers its clients a range of removals services which are listed below, together with a company profile and reviews. International Removals Door to door service Door to kerbside service Door to port service Full packing service Fragile or part pack service Owner packed service [&hellip;]<\/p>\n","protected":false},"author":1,"featured_media":0,"parent":0,"menu_order":0,"comment_status":"closed","ping_status":"closed","template":"","meta":{"_genesis_hide_title":false,"_genesis_hide_breadcrumbs":false,"_genesis_hide_singular_image":false,"_genesis_hide_footer_widgets":false,"_genesis_custom_body_class":"","_genesis_custom_post_class":"","_genesis_layout":"","footnotes":""},"class_list":{"0":"post-924","1":"page","2":"type-page","3":"status-publish","5":"entry"},"_links":{"self":[{"href":"https:\/\/moverdb.com\/da\/wp-json\/wp\/v2\/pages\/924","targetHints":{"allow":["GET"]}}],"collection":[{"href":"https:\/\/moverdb.com\/da\/wp-json\/wp\/v2\/pages"}],"about":[{"href":"https:\/\/moverdb.com\/da\/wp-json\/wp\/v2\/types\/page"}],"author":[{"embeddable":true,"href":"https:\/\/moverdb.com\/da\/wp-json\/wp\/v2\/users\/1"}],"replies":[{"embeddable":true,"href":"https:\/\/moverdb.com\/da\/wp-json\/wp\/v2\/comments?post=924"}],"version-history":[{"count":6,"href":"https:\/\/moverdb.com\/da\/wp-json\/wp\/v2\/pages\/924\/revisions"}],"predecessor-version":[{"id":6202,"href":"https:\/\/moverdb.com\/da\/wp-json\/wp\/v2\/pages\/924\/revisions\/6202"}],"wp:attachment":[{"href":"https:\/\/moverdb.com\/da\/wp-json\/wp\/v2\/media?parent=924"}],"curies":[{"name":"wp","href":"https:\/\/api.w.org\/{rel}","templated":true}]}}