{"id":923,"date":"2016-08-25T14:59:50","date_gmt":"2016-08-25T14:59:50","guid":{"rendered":"http:\/\/moverdb.com\/?page_id=923"},"modified":"2026-01-08T14:40:15","modified_gmt":"2026-01-08T14:40:15","slug":"movecorp","status":"publish","type":"page","link":"https:\/\/moverdb.com\/da\/movecorp\/","title":{"rendered":"Movecorp: International flytning og flytning Anmeldelser"},"content":{"rendered":"<p>Movecorp er baseret i West Midlands og tilbyder sine kunder forskellige <a href=\"https:\/\/moverdb.com\/da\/international-removals\/\" data-internallinksmanager029f6b8e52c=\"27\" title=\"De 36 bedste internationale flyttefirmaer i Storbritannien\">internationale flytninger<\/a> tjenester, som er anf\u00f8rt nedenfor, sammen med en virksomhedsprofil og anmeldelser.<\/p>\n<p><strong>Internationale flytninger<\/strong><\/p>\n<ul>\n<li> Dedikeret flyttekoordinator<\/li>\n<li> Fra d\u00f8r til d\u00f8r<\/li>\n<li> Pakning - fuld service, skr\u00f8belige genstande eller g\u00f8r det selv<\/li>\n<li> Medf\u00f8lgende emballagematerialer<\/li>\n<li> Hj\u00e6lp med papirarbejde<\/li>\n<li> Delvis lastforsendelse - delt container<\/li>\n<li> Dedikeret <a href=\"https:\/\/moverdb.com\/da\/containerforsendelse\/\">international containertransport<\/a><\/li>\n<li> Gratis opbevaring i op til en m\u00e5ned<\/li>\n<li> Udpakning<\/li>\n<li> Forsikring arrangeret<\/li>\n<li> Service for flytning af personale<\/li>\n<\/ul>\n<p><strong>Europ\u00e6iske flytninger<\/strong><\/p>\n<ul>\n<li> D\u00f8r til d\u00f8r-service<\/li>\n<li> Dedikeret flyttekoordinator<\/li>\n<li> Fuld servicepakning tilg\u00e6ngelig<\/li>\n<li> Medf\u00f8lgende emballagematerialer<\/li>\n<li> Hj\u00e6lp med papirarbejde<\/li>\n<li> Delvis lastforsendelse (LCL)<\/li>\n<li> Dedikeret skibscontainer<\/li>\n<li> Gratis opbevaring i op til en m\u00e5ned<\/li>\n<li> Fuld service udpakning tilg\u00e6ngelig<\/li>\n<li> Forsikring arrangeret<\/li>\n<\/ul>\n<p><strong>Flytning af huse<\/strong><\/p>\n<ul>\n<li> D\u00f8r til d\u00f8r-service<\/li>\n<li> Fuld indpakning og pakningsservice <\/li>\n<li> Opbevaring - den f\u00f8rste m\u00e5ned er gratis<\/li>\n<li> Forsikring arrangeret<\/li>\n<li> Delvis belastning (LCL)<\/li>\n<li> Fuld belastning (FCL)<\/li>\n<li> Udpakningsservice ved levering<\/li>\n<\/ul>\n<h2>Movecorp virksomhedsprofil<\/h2>\n<p>Movecorp er en <a href=\"https:\/\/moverdb.com\/da\/moving-to-the-uk\/\" data-internallinksmanager029f6b8e52c=\"93\" title=\"Flytter du til Det Forenede Kongerige? 2022 Leveomkostninger og flyttetips\">UK<\/a> baseret flyttefirma, der har specialiseret sig i internationale og europ\u00e6iske flytninger. Virksomhedens hovedkontor ligger i West Midlands, hvilket giver virksomheden gode muligheder for at betjene hele Storbritannien. <\/p>\n<p>Movecorp flytter folk inden for Storbritannien hver dag i ugen og har ugentlige leverancer til alle st\u00f8rre europ\u00e6iske destinationer.<\/p>\n<p>Movecorp tilbyder en personlig service til alle deres kunder og holder dem informeret om hvert eneste skridt, de tager. De er stolte af deres venlige og effektive tilgang til hver eneste flytning, de udf\u00f8rer.<\/p>\n<p>Movecorp har f\u00f8lgende tilknytninger og akkrediteringer:<\/p>\n<ul>\n<li> <a href=\"https:\/\/moverdb.com\/da\/iam\/\">Den internationale sammenslutning af flyttefirmaer<\/a> (<a href=\"https:\/\/moverdb.com\/da\/iam\/\" data-internallinksmanager029f6b8e52c=\"23\" title=\"International Association of Movers (IAM) Forklaret\">IAM<\/a>)<\/li>\n<li> <a href=\"https:\/\/moverdb.com\/da\/rios\/\">Ombudsmandsordningen for flyttebranchen<\/a><\/li>\n<li> <a href=\"https:\/\/moverdb.com\/da\/fedemac\/\">Sammenslutningen af europ\u00e6iske flytteforeninger<\/a> (<a href=\"https:\/\/moverdb.com\/da\/fedemac\/\" data-internallinksmanager029f6b8e52c=\"15\" title=\"Federation of European Movers Association (FEDEMAC) Forklaret\">FEDEMAC<\/a>)<\/li>\n<li> <a href=\"https:\/\/moverdb.com\/da\/freight-transport-association\/\">Sammenslutningen for godstransport<\/a> (<a href=\"https:\/\/moverdb.com\/da\/freight-transport-association\/\" data-internallinksmanager029f6b8e52c=\"18\" title=\"Forklaring af Freight Transport Association (FTA)\">FTA<\/a>)<\/li>\n<li> <a href=\"https:\/\/moverdb.com\/da\/mtc\/\">Movers Trading Club<\/a> (<a href=\"https:\/\/moverdb.com\/da\/mtc\/\" data-internallinksmanager029f6b8e52c=\"30\" title=\"Movers Trading Club (MTC) Forklaret\">MTC<\/a>)<\/li>\n<li> <a href=\"https:\/\/moverdb.com\/da\/eurovan-movers\/\">Eurovan<\/a><\/li>\n<li> <a href=\"https:\/\/moverdb.com\/da\/ngrs\/\">National Guild of Removers and Storers<\/a> (<a href=\"https:\/\/moverdb.com\/da\/ngrs\/\" data-internallinksmanager029f6b8e52c=\"74\" title=\"National Guild of Removers and Storers (NGRS) Forklaret\">NGRS<\/a>)<\/li>\n<li> Hvilken? Trusted Trader<\/li>\n<li> Standarder for kvalitetsservice - BS 8564<\/li>\n<li> CHAS<\/li>\n<\/ul>\n<h2>Anmeldelser af MoveCorp<\/h2>\n<p><strong>Positiv:<\/strong><\/p>\n<ul>\n<li> <em>\"Jeg kan varmt anbefale Movecorp. Servicen var fremragende og venlig.\"<\/em> - Ella Dennett via Movecorp <a href=\"http:\/\/www.movecorp.co.uk\/reviews\/\" target=\"_blank\" rel=\"noopener\">side med anmeldelser og kunderapporter<\/a>.<\/li>\n<li> <em>\"Meget effektivt, alt var fremragende pakket og ankom i god stand.\"<\/em> - Stan via <a href=\"https:\/\/www.trustpilot.com\/reviews\/579606ae0000ff00097414e9\" target=\"_blank\" rel=\"noopener\">TrustPilot<\/a> <\/li>\n<li> <em>\"Vores oplevelse var fantastisk. Vores flyttekoordinator Emma var meget hj\u00e6lpsom, og hun behandlede vores henvendelser rettidigt. En stor tak for hendes hj\u00e6lp!\"<\/em> Andrea via <a href=\"http:\/\/www.removalreviews.co.uk\/movingreviews\/great-service-11241\" target=\"_blank\" rel=\"noopener\">Anmeldelser af flytning<\/a><\/li>\n<li> <em>\"Det var nemt at navigere p\u00e5 Movecorps hjemmeside, og jeg fandt nyttige oplysninger, der kunne hj\u00e6lpe mig med at organisere min flytning.\"<\/em> - LisaM1983 via <a href=\"http:\/\/www.reviewcentre.com\/Removal-Companies\/MoveCorp-International-Removals-www-movecorp-co-uk-review_2305958\" target=\"_blank\" rel=\"noopener\">Anmeldelsescenter<\/a><\/li>\n<li> <em>\"Holdet hos Movecorp var fantastisk fra start til slut.\"<\/em> - via <a href=\"http:\/\/www.referenceline.com\/removers_removals-in-walsall-movecorpcouk-21956#GOTO178308\" target=\"_blank\" rel=\"noopener\">Referencelinje<\/a><\/li>\n<\/ul>\n<p><strong>Negativ:<\/strong><\/p>\n<ul>\n<li> <em>\"De har haft indholdet af min flytning i mere end tre m\u00e5neder, og den har f\u00f8rst lige forladt Storbritannien i sidste uge.\"<\/em> - Chuck via <a href=\"https:\/\/www.trustpilot.com\/reviews\/55f4a26f0000ff000907c3df\" target=\"_blank\" rel=\"noopener\">TrustPilot<\/a><\/li>\n<li> <em>\"Selv om jeg s\u00e5 nogle gode anmeldelser p\u00e5 nettet, var min oplevelse desv\u00e6rre ret d\u00e5rlig.\"<\/em> - Steven Johnson via <a href=\"http:\/\/www.removalreviews.co.uk\/movingreviews\/use-at-own-risk-11126\" target=\"_blank\" rel=\"noopener\">Anmeldelser af flytning<\/a> <\/li>\n<li> <em>\"V\u00e6rste flytteoplevelse - f\u00f8lte mig snydt og snydt\"<\/em> - MayVisR42 via <a href=\"http:\/\/www.reviewcentre.com\/Removal-Companies\/MoveCorp-International-Removals-www-movecorp-co-uk-review_3464277\" target=\"_blank\" rel=\"noopener\">Anmeldelsescenter<\/a> <\/li>\n<\/ul>\n<div itemprop=\"review\" itemscope itemtype=\"http:\/\/schema.org\/Review\">\n<span itemprop=\"author\" itemscope=\"\" itemtype=\"http:\/\/schema.org\/Organization\"><span itemprop=\"name\">MoverDB.com<\/span><\/span> Online website anmeldelse for <span itemprop=\"itemreviewed\" itemscope=\"\" itemtype=\"http:\/\/schema.org\/Brand\"><span itemprop=\"name\">MoveCorp<\/span><\/span>:<\/p>\n<ol>\n<li> Tydelige kontaktoplysninger p\u00e5 webstedet (herunder telefonnummer)? <strong>Ja<\/strong><\/li>\n<li> Let at f\u00e5 <a href=\"https:\/\/moverdb.com\/da\/citater\/\">citater for internationale flytninger<\/a>? (Formular til anmodning om online overslag): <strong>Ja<\/strong><\/li>\n<li> Klare oplysninger p\u00e5 webstedet: <strong>Nej,<\/strong> Hjemmesiden indeholder meget f\u00e5 oplysninger om, hvordan man f\u00e5r et tilbud og om de destinationer, der betjenes.<\/li>\n<li> Medlemskab af internationalt anerkendte flytteorganisationer: <strong>Ja,<\/strong> mange - se ovenfor<\/li>\n<li> Liste over kunder og\/eller tidligere kundeudtalelser: <strong>Ja,<\/strong> der er mange positive kundeudtalelser p\u00e5 webstedet.<\/li>\n<\/ol>\n<div itemprop=\"reviewRating\" itemscope itemtype=\"http:\/\/schema.org\/Rating\"><meta itemprop=\"worstRating\" content = \"0\" \/><meta itemprop=\"bestRating\" content=\"5\" \/><meta itemprop=\"ratingValue\" content=\"4.5\"><\/div>\n<p><strong>Samlet score: 4.5\/5<\/strong><br \/>\n<strong>Dato for gennemgang:<\/strong> <span itemprop=\"datePublished\" content=\"2016-08-25\">25\/08\/2016<\/span>\n<\/div>\n<p>F\u00e5 mere at vide om <a href=\"https:\/\/moverdb.com\/da\/internationale-flytninger\/\">internationale flytninger<\/a> og vores <a href=\"https:\/\/moverdb.com\/da\/anmeldelser\/\">gennemgangsproces<\/a>.<\/p>\n<p><strong>Hjemmeside:<\/strong> <a href=\"http:\/\/www.movecorp.co.uk\" target=\"_blank\" rel=\"noopener\">http:\/\/www.movecorp.co.uk<\/a><\/p>","protected":false},"excerpt":{"rendered":"<p>Movecorp is based in the West Midlands and offers its customers various international removals services which are listed below, together with a company profile and reviews. International Removals Dedicated move coordinator Door to door Packing &#8211; full service, fragile items or do it yourself Packing materials supplied Assistance with paperwork Part load shipping &#8211; shared [&hellip;]<\/p>\n","protected":false},"author":1,"featured_media":0,"parent":0,"menu_order":0,"comment_status":"closed","ping_status":"closed","template":"","meta":{"_genesis_hide_title":false,"_genesis_hide_breadcrumbs":false,"_genesis_hide_singular_image":false,"_genesis_hide_footer_widgets":false,"_genesis_custom_body_class":"","_genesis_custom_post_class":"","_genesis_layout":"","footnotes":""},"class_list":{"0":"post-923","1":"page","2":"type-page","3":"status-publish","5":"entry"},"_links":{"self":[{"href":"https:\/\/moverdb.com\/da\/wp-json\/wp\/v2\/pages\/923","targetHints":{"allow":["GET"]}}],"collection":[{"href":"https:\/\/moverdb.com\/da\/wp-json\/wp\/v2\/pages"}],"about":[{"href":"https:\/\/moverdb.com\/da\/wp-json\/wp\/v2\/types\/page"}],"author":[{"embeddable":true,"href":"https:\/\/moverdb.com\/da\/wp-json\/wp\/v2\/users\/1"}],"replies":[{"embeddable":true,"href":"https:\/\/moverdb.com\/da\/wp-json\/wp\/v2\/comments?post=923"}],"version-history":[{"count":8,"href":"https:\/\/moverdb.com\/da\/wp-json\/wp\/v2\/pages\/923\/revisions"}],"predecessor-version":[{"id":13179,"href":"https:\/\/moverdb.com\/da\/wp-json\/wp\/v2\/pages\/923\/revisions\/13179"}],"wp:attachment":[{"href":"https:\/\/moverdb.com\/da\/wp-json\/wp\/v2\/media?parent=923"}],"curies":[{"name":"wp","href":"https:\/\/api.w.org\/{rel}","templated":true}]}}