{"id":921,"date":"2016-08-29T20:53:00","date_gmt":"2016-08-29T20:53:00","guid":{"rendered":"http:\/\/moverdb.com\/?page_id=921"},"modified":"2026-01-08T15:20:42","modified_gmt":"2026-01-08T15:20:42","slug":"simpsons-removals","status":"publish","type":"page","link":"https:\/\/moverdb.com\/da\/simpsons-removals\/","title":{"rendered":"Simpsons Flytte- og opbevaringsfirmaer: International Flytning Anmeldelser"},"content":{"rendered":"<p>Simpsons Removals and Storage Ltd er baseret i Kent og tilbyder sine kunder en r\u00e6kke <a href=\"https:\/\/moverdb.com\/da\/international-removals\/\" data-internallinksmanager029f6b8e52c=\"27\" title=\"De 36 bedste internationale flyttefirmaer i Storbritannien\">internationale flytninger<\/a> tjenester, som er anf\u00f8rt nedenfor. Der f\u00f8lger ogs\u00e5 en virksomhedsprofil og anmeldelser.<\/p>\n<p><strong>Internationale flytninger<\/strong><\/p>\n<ul>\n<li> Fra d\u00f8r til d\u00f8r eller lufthavn p\u00e5 bestemmelsesstedet<\/li>\n<li> Fuld service, skr\u00f8belige genstande eller g\u00f8r-det-selv-pakning<\/li>\n<li> Emballeringsmaterialer kan leveres<\/li>\n<li> Luftfragt eller s\u00f8fragt - <a href=\"https:\/\/moverdb.com\/da\/containerforsendelse\/\">international containertransport<\/a><\/li>\n<li> Overv\u00e6gt af bagage for sm\u00e5 laster<\/li>\n<li> Forsikring arrangeret<\/li>\n<li> Terminal h\u00e5ndtering\/<a href=\"https:\/\/moverdb.com\/da\/top-49-container-ports\/\" data-internallinksmanager029f6b8e52c=\"80\" title=\"Top 49 st\u00f8rste og travleste containerhavne i 2025\">port<\/a> afgifter<\/li>\n<li> Toldklarering<\/li>\n<li> Levering og udpakning<\/li>\n<li> Fjernelse af affald<\/li>\n<li> H\u00e5ndv\u00e6rkere tjenester<\/li>\n<li> Stuepige service<\/li>\n<\/ul>\n<p><strong>Emballeringsmaterialer<\/strong><\/p>\n<ul>\n<li> Emballerings\u00e6sker i en r\u00e6kke forskellige st\u00f8rrelser<\/li>\n<li> H\u00e6ngende garderobekasser<\/li>\n<li> Pakningstape<\/li>\n<li> Pakningspapir<\/li>\n<li> T\u00e6pper af papir<\/li>\n<li> Transitt\u00e6pper af stof<\/li>\n<li> Madrasposer<\/li>\n<li> Arkivkasser<\/li>\n<li> Skr\u00e6ddersyede tr\u00e6kasser f\u00e5s efter anmodning - 7 dages varsel er p\u00e5kr\u00e6vet.<\/li>\n<\/ul>\n<p><strong>Europ\u00e6iske flytninger<\/strong><\/p>\n<ul>\n<li> Luft, s\u00f8 eller vej<\/li>\n<li> Dedikeret belastningstjeneste<\/li>\n<li> Delbelastninger til r\u00e5dighed<\/li>\n<li> D\u00f8r til d\u00f8r service tilg\u00e6ngelig<\/li>\n<li> Fuld service, skr\u00f8belige genstande eller g\u00f8r-det-selv-pakning<\/li>\n<li> Emballeringsmaterialer kan leveres<\/li>\n<li> Forsikring arrangeret<\/li>\n<li> Udpakningsservice tilg\u00e6ngelig<\/li>\n<li> Fjernelse af affald<\/li>\n<\/ul>\n<p><strong><a href=\"https:\/\/moverdb.com\/da\/moving-to-the-uk\/\" data-internallinksmanager029f6b8e52c=\"93\" title=\"Flytter du til Det Forenede Kongerige? 2022 Leveomkostninger og flyttetips\">UK<\/a> Flytning<\/strong><\/p>\n<ul>\n<li> Fra d\u00f8r til d\u00f8r<\/li>\n<li> Personlige flytninger<\/li>\n<li> Flytning af virksomheder<\/li>\n<li> Fuld service, skr\u00f8belige genstande eller g\u00f8r-det-selv-pakning<\/li>\n<li> Emballeringsmaterialer kan leveres<\/li>\n<li> Forsikring arrangeret<\/li>\n<li> Udpakningsservice tilg\u00e6ngelig<\/li>\n<li> Fjernelse af affald<\/li>\n<\/ul>\n<p><strong>Flytning af virksomheder<\/strong><\/p>\n<ul>\n<li> Flytning af kontoret<\/li>\n<li> Firmaflytninger i hele verden<\/li>\n<li> Eksklusiv flytning af hjem p\u00e5 verdensplan<\/li>\n<li> IT-relocation-l\u00f8sninger<\/li>\n<li> Flytning af fabrikker og laboratorier<\/li>\n<li> Detailhandel med kontorm\u00f8bler<\/li>\n<\/ul>\n<p><strong>Opbevaring<\/strong><\/p>\n<ul>\n<li> Selvopbevaring<\/li>\n<li> Opbevaring i hjemmet<\/li>\n<li> Opbevaring af arkiver<\/li>\n<li> Ekstern lagring<\/li>\n<li> 24\/7 CCTV<\/li>\n<\/ul>\n<h2>Simpsons flytning og opbevaring<\/h2>\n<p>Simpsons Removals and Storage Ltd blev grundlagt i 1979 af Barry Simpson. I dag er dette Kent-baserede flyttefirma stadig familieejet og drives af Barry Simpson's s\u00f8n og datter. <\/p>\n<p>Virksomhedens m\u00e5l er at tilbyde en professionel og effektiv service til privatpersoner, virksomheder og erhvervskunder, der flytter lokalt eller internationalt. <\/p>\n<p>Simpsons har en fl\u00e5de p\u00e5 20 k\u00f8ret\u00f8jer, der passer til behovene i forbindelse med enhver flytning. De har ogs\u00e5 100.000 kvadratfod lagerplads og yderligere 20.000 kvadratfod plads, som kan bruges til containeropbevaring. <\/p>\n<p>Virksomheden har nu 36 \u00e5rs erfaring inden for flyttebranchen og f\u00f8ler sig rustet til at gennemf\u00f8re enhver flytning, uanset hvor stor eller lille den er, hvor som helst i verden.<\/p>\n<p>Simpsons Flytte- og opbevaringsfirmaer har f\u00f8lgende akkrediteringer og tilknytninger:<\/p>\n<ul>\n<li> <a href=\"https:\/\/moverdb.com\/da\/british-association-of-removers\/\">British Association of Removers<\/a> (<a href=\"https:\/\/moverdb.com\/da\/british-association-of-removers\/\" data-internallinksmanager029f6b8e52c=\"9\" title=\"British Association of Removers (BAR) Forklaret\">BAR<\/a>)<\/li>\n<li> <a href=\"https:\/\/moverdb.com\/da\/bar-overseas\/\">British Association of Removers - Udlandshj\u00e6lp<\/a><\/li>\n<li> British Association of Removers - Gruppen for kommercielle flytninger<\/li>\n<li> <a href=\"https:\/\/moverdb.com\/da\/iam\/\">Den internationale sammenslutning af flyttefirmaer<\/a> - <a href=\"https:\/\/moverdb.com\/da\/iam\/\" data-internallinksmanager029f6b8e52c=\"23\" title=\"International Association of Movers (IAM) Forklaret\">IAM<\/a><\/li>\n<li> <a href=\"https:\/\/moverdb.com\/da\/fedemac\/\">Sammenslutningen af europ\u00e6iske flytteforeninger<\/a> - <a href=\"https:\/\/moverdb.com\/da\/fedemac\/\" data-internallinksmanager029f6b8e52c=\"15\" title=\"Federation of European Movers Association (FEDEMAC) Forklaret\">FEDEMAC<\/a><\/li>\n<li> Kvalitetssikret servicestandard BS8564<\/li>\n<li> Kvalitetssikret servicestandard BS8522 - kommercielle flytninger<\/li>\n<li> Sammenslutningen af kunst- og antikvitetshandlere - LAPADA<\/li>\n<li> Movers Traders Club (<a href=\"https:\/\/moverdb.com\/da\/mtc\/\" data-internallinksmanager029f6b8e52c=\"30\" title=\"Movers Trading Club (MTC) Forklaret\">MTC<\/a>)<\/li>\n<\/ul>\n<h2>Anmeldelser af Simpsons flytning og opbevaring<\/h2>\n<p><strong>Positiv:<\/strong><\/p>\n<ul>\n<li> <em>\"Jeg ville bare sige, at jeg var s\u00e5 glad for den service, Simpsons leverede mine skatte i g\u00e5r! Hele flytningen af mine ejendele fra <a href=\"https:\/\/moverdb.com\/da\/moving-to-canada\/\" data-internallinksmanager029f6b8e52c=\"265\" title=\"Flytte til Canada? 2026 Leveomkostninger og flyttetips\">Canada<\/a> til Storbritannien har v\u00e6ret fantastisk.\"<\/em> - Jane via<a href=\"http:\/\/www.simpsons-uk.com\/testimonials\" target=\"_blank\" rel=\"noopener\"> Vidnesbyrd om Simpsons<\/a><\/li>\n<li> <em>\"Efter at have mistet vores slot med vores oprindelige flyttefirma, shoppede vi rundt efter et andet. Simpsons var det mest opm\u00e6rksomme og sendte ejeren ud for at se <a href=\"https:\/\/moverdb.com\/da\/moving-to-the-united-states\/\" data-internallinksmanager029f6b8e52c=\"94\" title=\"Flytter du til USA? 2022 Leveomkostninger og flyttetips\">os<\/a> og priss\u00e6tte opgaven.\"<\/em> - Dan via <a href=\"http:\/\/www.removalreviews.co.uk\/movingreviews\/surprisingly-good-2361\" target=\"_blank\" rel=\"noopener\">Anmeldelser af flytning<\/a><\/li>\n<li> <em>\"Meget professionelt og meget venligt og hj\u00e6lpsomt personale.\"<\/em> - Eros via <a href=\"https:\/\/www.reallymoving.com\/international-removals\/directory\/216\/simpsons-removals-limited\" target=\"_blank\" rel=\"noopener\">ReallyMoving.com<\/a><\/li>\n<li> <em>\"Jeg var meget tilfreds med hele processen. Personalet var venlige og hj\u00e6lpsomme, og jeg blev holdt godt informeret om status for min forsendelse hele vejen igennem.\"<\/em> - K Pryce via <a href=\"http:\/\/www.reviewcentre.com\/Removal-Companies\/Simpsons-Removals-and-Storage-Ltd-www-simpsons-uk-com-review_2646331\" target=\"_blank\" rel=\"noopener\">Anmeldelsescenter<\/a> <\/li>\n<\/ul>\n<p><strong>Negativ:<\/strong><\/p>\n<ul>\n<li> \"<em>Brug aldrig, jeg gentager ALDRIG, Simpsons flytninger.\"<\/em> - Ruth via <a href=\"http:\/\/www.removalreviews.co.uk\/movingreviews\/poor-delivery-men-and-customer-service-2658\" target=\"_blank\" rel=\"noopener\">Anmeldelser af flytning<\/a> <\/li>\n<li> \"<em>Virksomheden undlod at udf\u00f8re fjernelsen og gav kontrakten videre til et andet firma.\"<\/em> - Mistral via <a href=\"https:\/\/www.reallymoving.com\/international-removals\/directory\/216\/simpsons-removals-limited\" target=\"_blank\" rel=\"noopener\">ReallyMoving.com<\/a> <\/li>\n<li> <em>\"Denne virksomhed er en sk\u00e6ndsel.\"<\/em> - via <a href=\"http:\/\/www.reviewcentre.com\/Removal-Companies\/Simpsons-Removals-and-Storage-Ltd-www-simpsons-uk-com-review_4006517\" target=\"_blank\" rel=\"noopener\">Anmeldelsescenter<\/a> <\/li>\n<\/ul>\n<div itemprop=\"review\" itemscope itemtype=\"http:\/\/schema.org\/Review\">\n<span itemprop=\"author\" itemscope=\"\" itemtype=\"http:\/\/schema.org\/Organization\"><span itemprop=\"name\">MoverDB.com<\/span><\/span> Online website anmeldelse for <span itemprop=\"itemreviewed\" itemscope=\"\" itemtype=\"http:\/\/schema.org\/Brand\"><span itemprop=\"name\">Simpsons flytning og opbevaring<\/span><\/span>:<\/p>\n<ol>\n<li> Tydelige kontaktoplysninger p\u00e5 webstedet (herunder telefonnummer): <strong>Ja<\/strong><\/li>\n<li> Let at f\u00e5 <a href=\"https:\/\/moverdb.com\/da\/citater\/\">citater for internationale flytninger<\/a>? (Formular til anmodning om online overslag): <strong>Ja<\/strong><\/li>\n<li> Klare oplysninger p\u00e5 webstedet: <strong>Ja<\/strong>, kontaktoplysninger og grundl\u00e6ggende vejledninger online.<\/li>\n<li> Medlemskab af internationalt anerkendte flytteorganisationer: <strong>Ja<\/strong>, se ovenfor.<\/li>\n<li> Liste over kunder og\/eller tidligere kundeudtalelser: <strong>Ja<\/strong>, der er positive kundeudtalelser p\u00e5 webstedet.<\/li>\n<\/ol>\n<div itemprop=\"reviewRating\" itemscope itemtype=\"http:\/\/schema.org\/Rating\"><meta itemprop=\"worstRating\" content = \"0\" \/><meta itemprop=\"bestRating\" content=\"5\" \/><meta itemprop=\"ratingValue\" content=\"4.5\"><\/div>\n<p><strong>Samlet score: 4.5\/5<\/strong><br \/>\n<strong>Dato for gennemgang:<\/strong> <span itemprop=\"datePublished\" content=\"2016-08-29\">29\/08\/2016<\/span>\n<\/div>\n<p>Mere om <a href=\"https:\/\/moverdb.com\/da\/internationale-flytninger\/\">internationale flytninger<\/a> og vores <a href=\"https:\/\/moverdb.com\/da\/anmeldelser\/\">gennemgangsproces<\/a>.<\/p>\n<p><strong>Hjemmeside:<\/strong> <a href=\"http:\/\/www.simpsons-uk.com\/\" target=\"_blank\" rel=\"noopener\">http:\/\/www.simpsons-uk.com<\/a><\/p>","protected":false},"excerpt":{"rendered":"<p>Simpsons Removals and Storage Ltd is based in Kent and offers its customers a range of international removals services which are listed below. There also follows a company profile and reviews. International Removals Door to door or airport at destination Full service, fragile items or do-it-yourself packing Packing materials can be provided Air freight or [&hellip;]<\/p>\n","protected":false},"author":1,"featured_media":0,"parent":0,"menu_order":0,"comment_status":"closed","ping_status":"closed","template":"","meta":{"_genesis_hide_title":false,"_genesis_hide_breadcrumbs":false,"_genesis_hide_singular_image":false,"_genesis_hide_footer_widgets":false,"_genesis_custom_body_class":"","_genesis_custom_post_class":"","_genesis_layout":"","footnotes":""},"class_list":{"0":"post-921","1":"page","2":"type-page","3":"status-publish","5":"entry"},"_links":{"self":[{"href":"https:\/\/moverdb.com\/da\/wp-json\/wp\/v2\/pages\/921","targetHints":{"allow":["GET"]}}],"collection":[{"href":"https:\/\/moverdb.com\/da\/wp-json\/wp\/v2\/pages"}],"about":[{"href":"https:\/\/moverdb.com\/da\/wp-json\/wp\/v2\/types\/page"}],"author":[{"embeddable":true,"href":"https:\/\/moverdb.com\/da\/wp-json\/wp\/v2\/users\/1"}],"replies":[{"embeddable":true,"href":"https:\/\/moverdb.com\/da\/wp-json\/wp\/v2\/comments?post=921"}],"version-history":[{"count":5,"href":"https:\/\/moverdb.com\/da\/wp-json\/wp\/v2\/pages\/921\/revisions"}],"predecessor-version":[{"id":6238,"href":"https:\/\/moverdb.com\/da\/wp-json\/wp\/v2\/pages\/921\/revisions\/6238"}],"wp:attachment":[{"href":"https:\/\/moverdb.com\/da\/wp-json\/wp\/v2\/media?parent=921"}],"curies":[{"name":"wp","href":"https:\/\/api.w.org\/{rel}","templated":true}]}}