{"id":908,"date":"2016-10-12T05:28:52","date_gmt":"2016-10-12T05:28:52","guid":{"rendered":"http:\/\/moverdb.com\/?page_id=908"},"modified":"2026-01-08T14:47:34","modified_gmt":"2026-01-08T14:47:34","slug":"arpin-international","status":"publish","type":"page","link":"https:\/\/moverdb.com\/da\/arpin-international\/","title":{"rendered":"Arpin International: Flytning og flytning Anmeldelser"},"content":{"rendered":"<p>Arpin International er et globalt <a href=\"https:\/\/moverdb.com\/da\/international-removals\/\" data-internallinksmanager029f6b8e52c=\"27\" title=\"De 36 bedste internationale flyttefirmaer i Storbritannien\">flyttefirma<\/a> og med mange tjenester, som er anf\u00f8rt nedenfor. L\u00e6s ogs\u00e5 deres virksomhedsprofil og anmeldelser. Bem\u00e6rk venligst, at det er den internationale afdeling af American <a href=\"https:\/\/moverdb.com\/da\/moving-companies\/\" data-internallinksmanager029f6b8e52c=\"79\" title=\"Top 25 internationale flyttefirmaer online\">flyttefirma<\/a> <a href=\"https:\/\/moverdb.com\/da\/arpin-van-lines\/\">Arpin Van Lines<\/a>.<\/p>\n<p><strong>Internationale flytninger<\/strong><\/p>\n<ul>\n<li> D\u00f8r til d\u00f8r-service<\/li>\n<li> Pakning og udpakning<\/li>\n<li> Dedikeret international flyttekoordinator (IMC)<\/li>\n<li> IMC er altid tilg\u00e6ngelig via telefon, fax eller e-mail<\/li>\n<li> IMC'er er alle <a href=\"https:\/\/moverdb.com\/da\/fidi-faim\/\" data-internallinksmanager029f6b8e52c=\"16\" title=\"FIDI &amp; FAIM (FIDI Accredited International Mover) forklaret\">FIDI<\/a> uddannet<\/li>\n<li> ArpinTRAC giver kunderne mulighed for at spore deres forsendelse 24\/7<\/li>\n<li> Flytning af virksomheder, private, offentlige og milit\u00e6re virksomheder<\/li>\n<li> Toldklarering<\/li>\n<li> Flytning af k\u00e6ledyr<\/li>\n<li> Transport i bil<\/li>\n<li> Hj\u00e6lp til at finde en bolig<\/li>\n<li> Hj\u00e6lp til skoler<\/li>\n<li> Bistand med medicinsk bistand<\/li>\n<\/ul>\n<p><strong>Opbevaring<\/strong><\/p>\n<ul>\n<li> Langtids- eller korttidsopbevaring arrangeret i hele verden<\/li>\n<li> CCTV-overv\u00e5gning<\/li>\n<\/ul>\n<h2>Arpin International virksomhedsprofil<\/h2>\n<p>Arpin International er en del af Arpin International Group, som startede i 1900. Den nuv\u00e6rende Executive Vice-President, Peter Arpin, er fjerde generation i spidsen for denne virksomhed. Arpin International selv blev grundlagt i 1989 og har hovedkvarter i <a href=\"https:\/\/moverdb.com\/da\/moving-to-the-united-states\/moving-to-rhode-island\/\" data-internallinksmanager029f6b8e52c=\"450\" title=\"Flytter du til Rhode Island? 2024 Leveomkostninger og tips til flytning\">Rhode Island<\/a>, <a href=\"https:\/\/moverdb.com\/da\/moving-to-the-united-states\/\" data-internallinksmanager029f6b8e52c=\"94\" title=\"Flytter du til USA? 2022 Leveomkostninger og flyttetips\">USA<\/a>. <\/p>\n<p>Virksomheden har 385 agenter i USA og kontorer i EMEA og APAC. Virksomhedens ledelse har over 25 \u00e5rs erfaring med at flytte folk rundt om i verden.<\/p>\n<p>Arpin Internationals vision er at give deres kunder den bedste kombination af service og pris. Mange af deres medarbejdere har v\u00e6ret udl\u00e6ndinge p\u00e5 et tidspunkt i deres liv og forst\u00e5r derfor de udfordringer, som familier st\u00e5r over for, n\u00e5r de flytter til et andet land. <\/p>\n<p>Arpin Internationals medarbejdere fors\u00f8ger at g\u00f8re flytningen s\u00e5 smertefri som muligt ved at tage sig af de sm\u00e5 og store problemer, der kan opst\u00e5.<\/p>\n<p>Virksomheden har dannet et b\u00e6redygtighedsudvalg i et fors\u00f8g p\u00e5 at \"skabe en gr\u00f8nnere fremtid\" for de kommende generationer. De \u00f8nsker at give langt mere tilbage til deres lokalsamfund, industrien og verden, end de har taget.<\/p>\n<p>Arpin International har f\u00f8lgende akkrediteringer og tilknytninger:<\/p>\n<ul>\n<li> <a href=\"https:\/\/moverdb.com\/da\/fidi-faim\/\">FIDI<\/a><\/li>\n<li> <a href=\"https:\/\/moverdb.com\/da\/fidi-faim\/\">FAIM<\/a><\/li>\n<li> <a href=\"https:\/\/moverdb.com\/da\/british-association-of-removers\/\">Den britiske sammenslutning af flyttefirmaer<\/a> (<a href=\"https:\/\/moverdb.com\/da\/british-association-of-removers\/\" data-internallinksmanager029f6b8e52c=\"9\" title=\"British Association of Removers (BAR) Forklaret\">BAR<\/a>)<\/li>\n<li> <a href=\"https:\/\/moverdb.com\/da\/iam\/\">Den internationale sammenslutning af flyttefirmaer<\/a> (IMA)<\/li>\n<li> Told- og handelspartnerskab mod terrorisme<\/li>\n<li> <a href=\"https:\/\/moverdb.com\/da\/lacma\/\">LACMA<\/a><\/li>\n<li> <a href=\"https:\/\/moverdb.com\/da\/medarbejderflytningsrad\/\">Verdensd\u00e6kkende ERC<\/a><\/li>\n<li> <a href=\"https:\/\/moverdb.com\/da\/eura\/\">EuRA<\/a><\/li>\n<\/ul>\n<h2>Anmeldelser af Arpin International<\/h2>\n<p><em>Der er ingen anmeldelser af Arpin International online, men du kan l\u00e6se <a href=\"https:\/\/moverdb.com\/da\/arpin-van-lines\/\">anmeldelser af Arpin Van Lines her<\/a>.<\/em><\/p>\n<div itemprop=\"review\" itemscope itemtype=\"http:\/\/schema.org\/Review\">\n<span itemprop=\"author\" itemscope=\"\" itemtype=\"http:\/\/schema.org\/Organization\"><span itemprop=\"name\">MoverDB.com<\/span><\/span> Online website anmeldelse for <span itemprop=\"itemreviewed\" itemscope=\"\" itemtype=\"http:\/\/schema.org\/Brand\"><span itemprop=\"name\">Arpin International<\/span><\/span>:<\/p>\n<ol>\n<li> Tydelige kontaktoplysninger p\u00e5 webstedet (herunder telefonnummer): <strong>Ja<\/strong><\/li>\n<li> Let at f\u00e5 <a href=\"https:\/\/moverdb.com\/da\/citater\/\">citater for internationale flytninger<\/a>? (Formular til anmodning om online overslag): <strong>Nej<\/strong><\/li>\n<li> Klare oplysninger p\u00e5 webstedet: <strong>Ikke rigtig<\/strong>, webstedet er langsomt og indeholder kun f\u00e5 oplysninger.<\/li>\n<li> Medlemskab af internationalt anerkendte flytteorganisationer: <strong>Ja<\/strong><\/li>\n<li> Liste over kunder og\/eller tidligere kundeudtalelser: <strong>Nej,<\/strong> og vi kunne ikke finde nogen anmeldelser p\u00e5 nettet.<\/li>\n<\/ol>\n<div itemprop=\"reviewRating\" itemscope itemtype=\"http:\/\/schema.org\/Rating\"><meta itemprop=\"worstRating\" content = \"0\" \/><meta itemprop=\"bestRating\" content=\"5\" \/><meta itemprop=\"ratingValue\" content=\"4\"><\/div>\n<p><strong>Samlet score: 4\/5<\/strong> - <em>Bem\u00e6rk venligst, at denne score afspejler Arpin Van Lines, da der er for f\u00e5 oplysninger til at foretage en separat vurdering af Arpin International. <\/em><br \/>\n<strong>Dato for gennemgang:<\/strong> <span itemprop=\"datePublished\" content=\"2016-10-12\">12\/10\/16<\/span>\n<\/div>\n<p>L\u00e6s mere om <a href=\"https:\/\/moverdb.com\/da\/flyttefirmaer\/\" target=\"_blank\" rel=\"noopener\">internationale flyttefirmaer<\/a>, <a href=\"https:\/\/moverdb.com\/da\/internationale-flytninger\/\">flyttefirmaer<\/a> og vores <a href=\"https:\/\/moverdb.com\/da\/anmeldelser\/\">gennemgangsproces<\/a>.<\/p>\n<p><strong>Hjemmeside:<\/strong> <a href=\"http:\/\/www.arpinintl.com\/\" target=\"_blank\" rel=\"noopener\">http:\/\/www.arpinintl.com\/<\/a><\/p>","protected":false},"excerpt":{"rendered":"<p>Arpin International is a global removals company and with many services which are listed below. Also read their company profile and reviews. Please note that it&#8217;s the international branch of American moving company Arpin Van Lines. International Moves Door to door service Packing and unpacking Dedicated International Move Coordinator (IMC) IMC available by telephone, fax [&hellip;]<\/p>\n","protected":false},"author":1,"featured_media":0,"parent":0,"menu_order":0,"comment_status":"closed","ping_status":"closed","template":"","meta":{"_genesis_hide_title":false,"_genesis_hide_breadcrumbs":false,"_genesis_hide_singular_image":false,"_genesis_hide_footer_widgets":false,"_genesis_custom_body_class":"","_genesis_custom_post_class":"","_genesis_layout":"","footnotes":""},"class_list":{"0":"post-908","1":"page","2":"type-page","3":"status-publish","5":"entry"},"_links":{"self":[{"href":"https:\/\/moverdb.com\/da\/wp-json\/wp\/v2\/pages\/908","targetHints":{"allow":["GET"]}}],"collection":[{"href":"https:\/\/moverdb.com\/da\/wp-json\/wp\/v2\/pages"}],"about":[{"href":"https:\/\/moverdb.com\/da\/wp-json\/wp\/v2\/types\/page"}],"author":[{"embeddable":true,"href":"https:\/\/moverdb.com\/da\/wp-json\/wp\/v2\/users\/1"}],"replies":[{"embeddable":true,"href":"https:\/\/moverdb.com\/da\/wp-json\/wp\/v2\/comments?post=908"}],"version-history":[{"count":4,"href":"https:\/\/moverdb.com\/da\/wp-json\/wp\/v2\/pages\/908\/revisions"}],"predecessor-version":[{"id":6175,"href":"https:\/\/moverdb.com\/da\/wp-json\/wp\/v2\/pages\/908\/revisions\/6175"}],"wp:attachment":[{"href":"https:\/\/moverdb.com\/da\/wp-json\/wp\/v2\/media?parent=908"}],"curies":[{"name":"wp","href":"https:\/\/api.w.org\/{rel}","templated":true}]}}