{"id":893,"date":"2016-09-28T05:29:53","date_gmt":"2016-09-28T05:29:53","guid":{"rendered":"http:\/\/moverdb.com\/?page_id=893"},"modified":"2026-01-08T14:40:01","modified_gmt":"2026-01-08T14:40:01","slug":"john-mason","status":"publish","type":"page","link":"https:\/\/moverdb.com\/da\/john-mason\/","title":{"rendered":"John Mason International Movers: Flytteanmeldelser"},"content":{"rendered":"<p>John Mason International Movers tilbyder kunderne forskellige flyttetjenester, som er anf\u00f8rt nedenfor. Der f\u00f8lger ogs\u00e5 en virksomhedsprofil og anmeldelser.<\/p>\n<p><strong><a href=\"https:\/\/moverdb.com\/da\/container-shipping\/\" data-internallinksmanager029f6b8e52c=\"3\" title=\"Diagram over internationale containerpriser: April 2026\">International forsendelse<\/a> Tjenester - til og fra <a href=\"https:\/\/moverdb.com\/da\/moving-to-the-uk\/\" data-internallinksmanager029f6b8e52c=\"93\" title=\"Flytter du til Det Forenede Kongerige? 2022 Leveomkostninger og flyttetips\">UK<\/a><\/strong><\/p>\n<ul>\n<li> D\u00f8r til d\u00f8r-service<\/li>\n<li> Dedikeret flytteansvarlig<\/li>\n<li> Professionel eksportpakning i hjemmet<\/li>\n<li> Forsendelse med fly eller skib<\/li>\n<li> <a href=\"https:\/\/moverdb.com\/da\/containerforsendelse\/\">Fuld containerbelastning eller delt container<\/a><\/li>\n<li> Bagageservice for enkeltforsendelser<\/li>\n<li> Netv\u00e6rk af professionelle agenter p\u00e5 verdensplan<\/li>\n<li> Toldklarering<\/li>\n<li> Levering og udpakning i det nye hjem<\/li>\n<li> Opbevaring p\u00e5 oprindelses- og bestemmelsesstedet<\/li>\n<li> All Risk s\u00f8forsikring<\/li>\n<li> Stuepige- og h\u00e5ndv\u00e6rkertjenester<\/li>\n<\/ul>\n<p><strong>Internationale flytningstjenester<\/strong><\/p>\n<ul>\n<li> Hj\u00e6lp til salg af boligen<\/li>\n<li> Afgangsservice - rydder op i alle l\u00f8se ender, f.eks. mindre reparationer og reng\u00f8ring<\/li>\n<li> Forvaltning af flytning<\/li>\n<li> Orienterende rundvisninger - herunder visning af ejendomme og skoler<\/li>\n<li> Kulturel og sproglig uddannelse<\/li>\n<li> Indk\u00f8ring - \u00e5bning af bankkonti, registrering hos l\u00e6ge og tandl\u00e6ge og et utal af andre opgaver, der g\u00f8r livet nemt<\/li>\n<li> Flytning af k\u00e6ledyr<\/li>\n<\/ul>\n<p><strong>Europ\u00e6isk forsendelse og flytning<\/strong><\/p>\n<ul>\n<li> M\u00e5lrettet europ\u00e6isk vognpark<\/li>\n<li> Dedikerede flytteansvarlige<\/li>\n<li> D\u00f8r til d\u00f8r-service<\/li>\n<li> Dedikeret service - k\u00f8ret\u00f8jet indeholder en persons\/virksomheds varer<\/li>\n<li> Delvis belastet service<\/li>\n<li> Emballeringsmuligheder - ejer pakket, udvalgte genstande pakket professionelt, fuld professionel pakning<\/li>\n<li> Eventuel bistand til told og punktafgifter<\/li>\n<li> Opbevaring <\/li>\n<li> Forsikring<\/li>\n<li> Luftfragt kan arrangeres<\/li>\n<\/ul>\n<p><strong>Handelsskibsfartstjenester<\/strong><\/p>\n<ul>\n<li> Luftfragt<\/li>\n<li> FCL<\/li>\n<li> LCL<\/li>\n<li> Groupage<\/li>\n<li> Europ\u00e6iske vejtjenester<\/li>\n<\/ul>\n<p><strong>Opbevaringstjenester<\/strong><\/p>\n<ul>\n<li> Opbevaring af arkiver<\/li>\n<li> Opbevaring af b\u00e5de<\/li>\n<li> Opbevaring af campingvogne<\/li>\n<li> Kommerciel opbevaring<\/li>\n<li> Opbevaring i hjemmet<\/li>\n<li> Opbevaring af motorcykler<\/li>\n<li> Selvopbevaring<\/li>\n<li> Opbevaring af studerende<\/li>\n<li> Opbevaring af k\u00f8ret\u00f8jer<\/li>\n<\/ul>\n<h2>John Mason International Movers virksomhedsprofil<\/h2>\n<p>John Mason International Movers blev startet af Mary Mason i 1884. Hun fik selskab af sin s\u00f8n, John Mason, i 1887, da deres hovedaktivitet var at flytte kul. John Mason overtog forretningen fra sin mor i 1890 og startede en generel transport- og <a href=\"https:\/\/moverdb.com\/da\/moving-companies\/\" data-internallinksmanager029f6b8e52c=\"79\" title=\"Top 25 internationale flyttefirmaer online\">flyttefirma<\/a>. Virksomheden fortsatte med at vokse og blomstre, og i 1955 startede den en daglig flytningstjeneste til <a href=\"https:\/\/moverdb.com\/da\/moving-to-ireland\/\" data-internallinksmanager029f6b8e52c=\"320\" title=\"Flytter du til Irland? 2026 Leveomkostninger og flyttetips\">Irland<\/a>. <\/p>\n<p>John Mason er fortsat med at vokse og udf\u00f8rer nu i gennemsnit 8.000 flytninger rundt om i verden hvert \u00e5r. Internationale flytninger, virksomheds- og erhvervsflytninger samt husstandsflytninger og opbevaring er grundlaget for denne familiedrevne virksomhed. Deres vision er at have en fuldst\u00e6ndig fleksibel flyttetjeneste med v\u00e6gt p\u00e5 familiev\u00e6rdier og integritet.<\/p>\n<p>John Masons tilknytninger og akkrediteringer:<\/p>\n<ul>\n<li> <a href=\"https:\/\/moverdb.com\/da\/british-association-of-removers\/\">Den britiske sammenslutning af flyttefirmaer<\/a> (<a href=\"https:\/\/moverdb.com\/da\/british-association-of-removers\/\" data-internallinksmanager029f6b8e52c=\"9\" title=\"British Association of Removers (BAR) Forklaret\">BAR<\/a>)<\/li>\n<li> <a href=\"https:\/\/moverdb.com\/da\/bar-overseas\/\">Den britiske sammenslutning af flyttefirmaer Overseas Remover<\/a><\/li>\n<li> Internationalt netv\u00e6rk for overs\u00f8iske flytninger (OMNI)<\/li>\n<li> <a href=\"https:\/\/moverdb.com\/da\/fidi-faim\/\">Den internationale sammenslutning af internationale flyttefirmaer<\/a> (<a href=\"https:\/\/moverdb.com\/da\/fidi-faim\/\" data-internallinksmanager029f6b8e52c=\"16\" title=\"FIDI &amp; FAIM (FIDI Accredited International Mover) forklaret\">FIDI<\/a>)<\/li>\n<li> <a href=\"https:\/\/moverdb.com\/da\/fidi-faim\/\">FAIM<\/a><\/li>\n<li> <a href=\"https:\/\/moverdb.com\/da\/mtc\/\">The Movers Trading Club<\/a> (<a href=\"https:\/\/moverdb.com\/da\/mtc\/\" data-internallinksmanager029f6b8e52c=\"30\" title=\"Movers Trading Club (MTC) Forklaret\">MTC<\/a>)<\/li>\n<li> Institut for handelsstandarder<\/li>\n<li> <a href=\"https:\/\/moverdb.com\/da\/lacma\/\">Sammenslutningen af internationale flyttefirmaer i Latinamerika og Caribien<\/a> (<a href=\"https:\/\/moverdb.com\/da\/lacma\/\" data-internallinksmanager029f6b8e52c=\"28\" title=\"Sammenslutningen af latinamerikanske og caribiske internationale flyttefirmaer (LACMA)\">LACMA<\/a>)<\/li>\n<\/ul>\n<h2>Anmeldelser af John Mason International Movers<\/h2>\n<p><strong>Positiv<\/strong><\/p>\n<ul>\n<li> <em>\"Hele min oplevelse med John Mason's har v\u00e6ret rigtig god, lige fra Tony unders\u00f8gte det hele til i dag, hvor containeren er ved at blive pakket, og jeg vil helt sikkert anbefale John Mason til at levere flyttetjenester.\"<\/em> - M.H. South Shields fra <a href=\"http:\/\/www.johnmason.com\/about-us\/\" target=\"_blank\" rel=\"noopener\">John Mason websted<\/a>.<\/li>\n<li> <em>\"Jeg syntes, at holdet hos John Masons var enest\u00e5ende. Fra hjemmebes\u00f8get, deres hyppige opdateringer, flyttefolkene, alt var fantastisk.\"<\/em> - Jaclyn via <a href=\"https:\/\/www.facebook.com\/johnmasoninternational\/reviews\/\" target=\"_blank\" rel=\"noopener\">Facebook anmeldelse<\/a><\/li>\n<li><em>\"Vi foretog den samme flytning for 3 m\u00e5neder siden og brugte John Masons internationale flyttefirmaer. De stod ogs\u00e5 for indpakning og udpakning. Jeg kan ikke anbefale dem st\u00e6rkt nok, ikke en eneste ting gik i stykker eller gik tabt.\"<\/em> - via <a href=\"http:\/\/www.mumsnet.com\/Talk\/living_overseas\/1535416-Shipping-to-Australia\" target=\"_blank\" rel=\"noopener\">Mumsnet<\/a><\/li>\n<\/ul>\n<p><strong>Negativ<\/strong><\/p>\n<p>Kun <strong>6%<\/strong> af deres anmeldelser p\u00e5 Trustpilot er 1 eller 2 stjerner mod <strong>93%<\/strong> der er 4 eller 5 stjerner. Du kan l\u00e6se alle disse anmeldelser <a href=\"https:\/\/uk.trustpilot.com\/review\/www.johnmason.com\" rel=\"noopener\" target=\"_blank\">her<\/a>.  <\/p>\n<div itemprop=\"review\" itemscope itemtype=\"http:\/\/schema.org\/Review\">\n<span itemprop=\"author\" itemscope=\"\" itemtype=\"http:\/\/schema.org\/Organization\"><span itemprop=\"name\">MoverDB.com<\/span><\/span> Online website anmeldelse for <span itemprop=\"itemreviewed\" itemscope=\"\" itemtype=\"http:\/\/schema.org\/Brand\"><span itemprop=\"name\">John Mason International Movers<\/span><\/span>:<\/p>\n<ol>\n<li> Tydelige kontaktoplysninger p\u00e5 webstedet (herunder telefonnummer): <strong>Ja<\/strong><\/li>\n<li> Let at f\u00e5 <a href=\"https:\/\/moverdb.com\/da\/citater\/\">citater for internationale flytninger<\/a>? (Formular til anmodning om online overslag): <strong>Ja<\/strong><\/li>\n<li> Klare oplysninger p\u00e5 webstedet: <strong>Ja,<\/strong> Hjemmesiden er ret omfattende, men mere detaljerede oplysninger vil blive givet efter anmodning.<\/li>\n<li> medlemskab af internationalt anerkendte flytteorganisationer: <strong>Ja<\/strong>, se ovenfor.<\/li>\n<li> Liste over kunder og\/eller tidligere kundeudtalelser: <strong>Nogle,<\/strong> der er kundeanmeldelser nederst p\u00e5 hver side, men der er ikke nogen s\u00e6rlig side for dem. Desuden er der nogle f\u00e5 negative anmeldelser, mens de for det meste har positive anmeldelser online.<\/li>\n<\/ol>\n<div itemprop=\"reviewRating\" itemscope itemtype=\"http:\/\/schema.org\/Rating\"><meta itemprop=\"worstRating\" content = \"0\" \/><meta itemprop=\"bestRating\" content=\"5\" \/><meta itemprop=\"ratingValue\" content=\"4\"><\/div>\n<p><strong>Samlet score: 4\/5<\/strong><br \/>\n<strong>Dato for gennemgang:<\/strong> <span itemprop=\"datePublished\" content=\"2019-01-18\">18\/01\/2019<\/span>\n<\/div>\n<p>L\u00e6s mere om <a href=\"https:\/\/moverdb.com\/da\/internationale-flytninger\/\">internationale flyttefirmaer<\/a> og vores <a href=\"https:\/\/moverdb.com\/da\/anmeldelser\/\">gennemgangsproces<\/a>.<\/p>\n<p><strong>Hjemmeside:<\/strong> <a href=\"http:\/\/www.johnmason.com\/\" target=\"_blank\" rel=\"noopener\">http:\/\/www.johnmason.com\/<\/a><\/p>","protected":false},"excerpt":{"rendered":"<p>John Mason International Movers offers clients various removal services which are listed below. There also follows a company profile and reviews. International Shipping Services &#8211; To and From the UK Door to door service Dedicated move manager Professional export packing at home Shipping by air or sea Full container load or shared container Baggage service [&hellip;]<\/p>\n","protected":false},"author":1,"featured_media":0,"parent":0,"menu_order":0,"comment_status":"closed","ping_status":"closed","template":"","meta":{"_genesis_hide_title":false,"_genesis_hide_breadcrumbs":false,"_genesis_hide_singular_image":false,"_genesis_hide_footer_widgets":false,"_genesis_custom_body_class":"","_genesis_custom_post_class":"","_genesis_layout":"","footnotes":""},"class_list":{"0":"post-893","1":"page","2":"type-page","3":"status-publish","5":"entry"},"_links":{"self":[{"href":"https:\/\/moverdb.com\/da\/wp-json\/wp\/v2\/pages\/893","targetHints":{"allow":["GET"]}}],"collection":[{"href":"https:\/\/moverdb.com\/da\/wp-json\/wp\/v2\/pages"}],"about":[{"href":"https:\/\/moverdb.com\/da\/wp-json\/wp\/v2\/types\/page"}],"author":[{"embeddable":true,"href":"https:\/\/moverdb.com\/da\/wp-json\/wp\/v2\/users\/1"}],"replies":[{"embeddable":true,"href":"https:\/\/moverdb.com\/da\/wp-json\/wp\/v2\/comments?post=893"}],"version-history":[{"count":8,"href":"https:\/\/moverdb.com\/da\/wp-json\/wp\/v2\/pages\/893\/revisions"}],"predecessor-version":[{"id":13168,"href":"https:\/\/moverdb.com\/da\/wp-json\/wp\/v2\/pages\/893\/revisions\/13168"}],"wp:attachment":[{"href":"https:\/\/moverdb.com\/da\/wp-json\/wp\/v2\/media?parent=893"}],"curies":[{"name":"wp","href":"https:\/\/api.w.org\/{rel}","templated":true}]}}