{"id":892,"date":"2016-10-03T05:36:50","date_gmt":"2016-10-03T05:36:50","guid":{"rendered":"http:\/\/moverdb.com\/?page_id=892"},"modified":"2026-01-08T14:48:20","modified_gmt":"2026-01-08T14:48:20","slug":"fn-removals","status":"publish","type":"page","link":"https:\/\/moverdb.com\/da\/fn-removals\/","title":{"rendered":"F&amp;N Worldwide Removals: International flytning Anmeldelser"},"content":{"rendered":"<p>F&amp;N Worldwide Removals' tjenester er anf\u00f8rt nedenfor sammen med deres virksomhedsprofil og anmeldelser.<\/p>\n<p><strong>Internationale og europ\u00e6iske flytninger<\/strong><\/p>\n<ul>\n<li> D\u00f8r til d\u00f8r-service<\/li>\n<li> Ekspertpakning<\/li>\n<li> Skr\u00e6ddersyede kasser, hvis det er relevant<\/li>\n<li> Opbevaring, hvis det er n\u00f8dvendigt<\/li>\n<li> tilrettel\u00e6gge transport til lands, til vands eller i luften<\/li>\n<li> Arranger <a href=\"https:\/\/moverdb.com\/da\/biltransport-forsendelse\/\">forsendelse af k\u00f8ret\u00f8jer<\/a><\/li>\n<li> Udpakning ved ankomst til destinationen<\/li>\n<li> Eksperter til r\u00e5dighed i <a href=\"https:\/\/moverdb.com\/da\/moving-to-the-uk\/\" data-internallinksmanager029f6b8e52c=\"93\" title=\"Flytter du til Det Forenede Kongerige? 2022 Leveomkostninger og flyttetips\">UK<\/a> og bestemmelsesland<\/li>\n<li> H\u00e5ndtering af told og rederier<\/li>\n<li> Organiseret forsikring<\/li>\n<li> Organiser transport fra destinationen <a href=\"https:\/\/moverdb.com\/da\/top-49-container-ports\/\" data-internallinksmanager029f6b8e52c=\"80\" title=\"Top 49 st\u00f8rste og travleste containerhavne i 2025\">port<\/a><\/li>\n<\/ul>\n<p><strong>International virksomhedsflytning<\/strong><\/p>\n<ul>\n<li> Unders\u00f8gelsesbes\u00f8g for at dr\u00f8fte logistik<\/li>\n<li> D\u00f8r til d\u00f8r-service<\/li>\n<li> Professionel indpakning og udpakning<\/li>\n<li> <a href=\"https:\/\/moverdb.com\/da\/car-transport-shipping\/\" data-internallinksmanager029f6b8e52c=\"2\" title=\"2026 tilbud p\u00e5 international biltransport og forsendelse af k\u00f8ret\u00f8jer\">Forsendelse af k\u00f8ret\u00f8jer<\/a><\/li>\n<li> IT-tjenester til fjernelse og genmontering af computernetv\u00e6rk<\/li>\n<li> Arrangere skole- og boligs\u00f8gning for medarbejdere<\/li>\n<li> Udlejning af m\u00f8bler<\/li>\n<li> Expat club arrangementer<\/li>\n<li> Kulturelle akklimatiseringsm\u00f8der<\/li>\n<li> h\u00e5ndtere told og <a href=\"https:\/\/moverdb.com\/da\/rederier\/\">rederier<\/a><\/li>\n<li> Forsikring arrangeret<\/li>\n<li> Transport fra bestemmelseshavn<\/li>\n<\/ul>\n<p><strong>Flytninger i Storbritannien<\/strong><\/p>\n<ul>\n<li> 25 moderne flyttek\u00f8ret\u00f8jer<\/li>\n<li> D\u00f8r til d\u00f8r-service<\/li>\n<li> Professionel indpakning og udpakning, hvis det er n\u00f8dvendigt<\/li>\n<li> \u00c6sker og emballagematerialer til r\u00e5dighed<\/li>\n<li> Opbevaring, hvis det er n\u00f8dvendigt<\/li>\n<li> Forsikringer arrangere<\/li>\n<\/ul>\n<p><strong>Opbevaring<\/strong><\/p>\n<ul>\n<li> Selvopbevaring med 24-timers adgang og CCTV-overv\u00e5gning<\/li>\n<li> Opbevaring af dokumenter og arkiver<\/li>\n<li> Langtidsopbevaring i container<\/li>\n<\/ul>\n<h2>F&amp;N Worldwide Removals virksomhedsprofil<\/h2>\n<p>F&amp;N Worldwide Removals startede i 1980 i Berlin, men flyttede kort efter til England. F&amp;N flyttede oprindeligt milit\u00e6rgods og kom gradvist ind p\u00e5 det britiske flyttemarked. Virksomheden udvidede og omfattede private og erhvervsm\u00e6ssige flytninger til Europa. Virksomheden fortsatte med at vokse ved at indf\u00f8re selvopbevaringsfaciliteter, kontorflytning og en importdivision.<\/p>\n<p>F&amp;N Worldwide Removals flytter nu mennesker, virksomheder og varer over hele verden. Virksomheden har en st\u00e6rk forpligtelse over for milj\u00f8et ved at gennemf\u00f8re mange gr\u00f8nne initiativer. Virksomheden tror st\u00e6rkt p\u00e5 fremragende kundeservice og -tilfredshed.<\/p>\n<p>F&amp;N Worldwide Removals Tilknytninger og akkrediteringer:<\/p>\n<ul>\n<li> <a href=\"https:\/\/moverdb.com\/da\/british-association-of-removers\/\">Den britiske sammenslutning af flyttefirmaer<\/a> (<a href=\"https:\/\/moverdb.com\/da\/british-association-of-removers\/\" data-internallinksmanager029f6b8e52c=\"9\" title=\"British Association of Removers (BAR) Forklaret\">BAR<\/a>)<\/li>\n<li> <a href=\"https:\/\/moverdb.com\/da\/fidi-faim\/\">FIDI<\/a><\/li>\n<li> <a href=\"https:\/\/moverdb.com\/da\/fidi-faim\/\">FAIM<\/a><\/li>\n<li> <a href=\"https:\/\/moverdb.com\/da\/iam\/\">Den internationale sammenslutning af flyttefirmaer<\/a> (<a href=\"https:\/\/moverdb.com\/da\/iam\/\" data-internallinksmanager029f6b8e52c=\"23\" title=\"International Association of Movers (IAM) Forklaret\">IAM<\/a>)<\/li>\n<li> <a href=\"https:\/\/moverdb.com\/da\/fedemac\/\">Sammenslutningen af europ\u00e6iske flytteforeninger<\/a> (<a href=\"https:\/\/moverdb.com\/da\/fedemac\/\" data-internallinksmanager029f6b8e52c=\"15\" title=\"Federation of European Movers Association (FEDEMAC) Forklaret\">FEDEMAC<\/a>)<\/li>\n<li> Eurovan<\/li>\n<li> Institut for handelsstandarder<\/li>\n<li> <a href=\"https:\/\/moverdb.com\/da\/hgfaa\/\">Household Goods Forwarders Association of America<\/a> (HHGFAA)<\/li>\n<li> Standard for kvalitetssikret service - flytning af m\u00f8bler til husholdninger<\/li>\n<\/ul>\n<p><strong>F&amp;N Worldwide Removals Anmeldelser<\/strong><\/p>\n<p><strong>Positiv<\/strong><\/p>\n<ul>\n<li> <em>\"Jeg vil bare sige, at du gjorde et f\u00f8rsteklasses arbejde for <a href=\"https:\/\/moverdb.com\/da\/moving-to-the-united-states\/\" data-internallinksmanager029f6b8e52c=\"94\" title=\"Flytter du til USA? 2022 Leveomkostninger og flyttetips\">os<\/a> fra start til slut. Tak til alle involverede...\"<\/em> - Peter Hollingsworth via <a href=\"http:\/\/www.fnworldwide.com\/testimonials\/\" target=\"_blank\" rel=\"noopener\">side med kundeudtalelser<\/a><\/li>\n<li> <em>\"Jeg har ledt efter en <a href=\"https:\/\/moverdb.com\/da\/international-removals\/\" data-internallinksmanager029f6b8e52c=\"27\" title=\"De 36 bedste internationale flyttefirmaer i Storbritannien\">flyttefirma<\/a> som jeg kan bruge til et job, jeg skal have, og jeg fandt FN Worldwide Logistics Ltd. Deres hjemmeside er fantastisk, og jeg vil helt sikkert overveje dem i forbindelse med min kommende flytning. Jeg var ogs\u00e5 meget imponeret over deres hurtige svar p\u00e5 min e-mail.\"<\/em> - via <a href=\"http:\/\/removal-company-reviews.com\/view-removal-company-review.php?c=F+N%20Worldwide%20Logistics%20Ltd&#038;id=532\" target=\"_blank\" rel=\"noopener\">Fjernelse-Company-Reviews.com<\/a><\/li>\n<\/ul>\n<p><strong>Negativ<\/strong><\/p>\n<ul>\n<li> <em>\"F&amp;N tog betaling fra mig for en international flytning fra UK til <a href=\"https:\/\/moverdb.com\/da\/moving-to-bermuda\/\" data-internallinksmanager029f6b8e52c=\"421\" title=\"Flytter du til Bermuda? 2026 Leveomkostninger og tips til flytning\">Bermuda<\/a>. Det firma, jeg arbejder for, betalte ogs\u00e5 uforvarende. F&amp;N indr\u00f8mmede fejlen flere gange og lovede at betale pengene tilbage igen og igen. Det gjorde de ikke.\"<\/em> - via <a href=\"http:\/\/removal-company-reviews.com\/view-removal-company-review.php?c=F+N%20Worldwide%20Logistics%20Ltd&#038;id=532\" target=\"_blank\" rel=\"noopener\">Fjernelse-Company-Reviews.com<\/a>\n<\/ul>\n<div itemprop=\"review\" itemscope itemtype=\"http:\/\/schema.org\/Review\">\n<span itemprop=\"author\" itemscope=\"\" itemtype=\"http:\/\/schema.org\/Organization\"><span itemprop=\"name\">MoverDB.com<\/span><\/span> Online website anmeldelse for <span itemprop=\"itemreviewed\" itemscope=\"\" itemtype=\"http:\/\/schema.org\/Brand\"><span itemprop=\"name\">F&amp;N Worldwide Removals<\/span><\/span>:<\/p>\n<ol>\n<li> Tydelige kontaktoplysninger p\u00e5 webstedet (herunder telefonnummer): <strong>Ja<\/strong><\/li>\n<li> Let at f\u00e5 <a href=\"https:\/\/moverdb.com\/da\/citater\/\">citater for internationale flytninger<\/a>? (Formular til anmodning om online overslag): <strong>Ja<\/strong><\/li>\n<li> Klare oplysninger p\u00e5 webstedet: <strong>Nogle<\/strong>, Hjemmesiden indeholder ikke mange detaljerede oplysninger.<\/li>\n<li> Medlemskab af internationalt anerkendte flytteorganisationer: <strong>Ja<\/strong>, se ovenfor<\/li>\n<li> Liste over kunder og\/eller tidligere kundeudtalelser: <strong>Nogle<\/strong> Der er kundeudtalelser p\u00e5 webstedet, men der er kun f\u00e5 anmeldelser andre steder p\u00e5 nettet.<\/li>\n<\/ol>\n<div itemprop=\"reviewRating\" itemscope itemtype=\"http:\/\/schema.org\/Rating\"><meta itemprop=\"worstRating\" content = \"0\" \/><meta itemprop=\"bestRating\" content=\"5\" \/><meta itemprop=\"ratingValue\" content=\"4\"><\/div>\n<p><strong>Samlet score: 4\/5<\/strong><br \/>\n<strong>Dato for gennemgang:<\/strong> <span itemprop=\"datePublished\" content=\"2016-10-03\">03\/10\/16<\/span>\n<\/div>\n<p>L\u00e6s mere om <a href=\"https:\/\/moverdb.com\/da\/internationale-flytninger\/\">internationale flytninger<\/a> og vores <a href=\"https:\/\/moverdb.com\/da\/anmeldelser\/\">flytning af gennemgangsprocessen<\/a>.<\/p>\n<p><strong>Hjemmeside:<\/strong> <a href=\"http:\/\/www.fnworldwide.com\" target=\"_blank\" rel=\"noopener\">http:\/\/www.fnworldwide.com<\/a><\/p>","protected":false},"excerpt":{"rendered":"<p>F&#038;N Worldwide Removals services are listed below, together with their company profile and reviews. International and European Removals Door to door service Expert packing Custom made crates if applicable Storage if needed Organise transport by land, sea or air Arrange shipping of vehicles Unpacking on arrival at destination Experts available in the UK and country [&hellip;]<\/p>\n","protected":false},"author":1,"featured_media":0,"parent":0,"menu_order":0,"comment_status":"closed","ping_status":"closed","template":"","meta":{"_genesis_hide_title":false,"_genesis_hide_breadcrumbs":false,"_genesis_hide_singular_image":false,"_genesis_hide_footer_widgets":false,"_genesis_custom_body_class":"","_genesis_custom_post_class":"","_genesis_layout":"","footnotes":""},"class_list":{"0":"post-892","1":"page","2":"type-page","3":"status-publish","5":"entry"},"_links":{"self":[{"href":"https:\/\/moverdb.com\/da\/wp-json\/wp\/v2\/pages\/892","targetHints":{"allow":["GET"]}}],"collection":[{"href":"https:\/\/moverdb.com\/da\/wp-json\/wp\/v2\/pages"}],"about":[{"href":"https:\/\/moverdb.com\/da\/wp-json\/wp\/v2\/types\/page"}],"author":[{"embeddable":true,"href":"https:\/\/moverdb.com\/da\/wp-json\/wp\/v2\/users\/1"}],"replies":[{"embeddable":true,"href":"https:\/\/moverdb.com\/da\/wp-json\/wp\/v2\/comments?post=892"}],"version-history":[{"count":5,"href":"https:\/\/moverdb.com\/da\/wp-json\/wp\/v2\/pages\/892\/revisions"}],"predecessor-version":[{"id":6208,"href":"https:\/\/moverdb.com\/da\/wp-json\/wp\/v2\/pages\/892\/revisions\/6208"}],"wp:attachment":[{"href":"https:\/\/moverdb.com\/da\/wp-json\/wp\/v2\/media?parent=892"}],"curies":[{"name":"wp","href":"https:\/\/api.w.org\/{rel}","templated":true}]}}