{"id":8910,"date":"2023-04-27T14:29:00","date_gmt":"2023-04-27T14:29:00","guid":{"rendered":"https:\/\/moverdb.com\/?page_id=8910"},"modified":"2026-01-08T15:29:43","modified_gmt":"2026-01-08T15:29:43","slug":"moving-companies-peru","status":"publish","type":"page","link":"https:\/\/moverdb.com\/da\/moving-companies\/moving-companies-peru\/","title":{"rendered":"9 bedste internationale flyttefirmaer i Peru"},"content":{"rendered":"<p>Det kan v\u00e6re en hektisk tid at flytte, og der er meget at organisere, is\u00e6r hvis du flytter til et andet land og skal udfylde papirarbejde. Det er her, at en <a href=\"https:\/\/moverdb.com\/da\/moving-companies\/\" data-internallinksmanager029f6b8e52c=\"79\" title=\"Top 25 internationale flyttefirmaer online\">flyttefirma<\/a> kan hj\u00e6lpe med at g\u00f8re flytningen lettere. Nedenfor har vi samlet en liste over peruvianske <a href=\"https:\/\/moverdb.com\/da\/international-removals\/\" data-internallinksmanager029f6b8e52c=\"27\" title=\"De 36 bedste internationale flyttefirmaer i Storbritannien\">flyttefirmaer<\/a> der er medlemmer af den <a href=\"https:\/\/moverdb.com\/da\/iam\/\" data-internallinksmanager029f6b8e52c=\"23\" title=\"International Association of Movers (IAM) Forklaret\">Den internationale sammenslutning af flyttefirmaer<\/a> (IAM) og\/eller <a href=\"https:\/\/moverdb.com\/da\/fidi-faim\/\" data-internallinksmanager029f6b8e52c=\"16\" title=\"FIDI &amp; FAIM (FIDI Accredited International Mover) forklaret\">FIDI<\/a> Accredited International Mover (FAIM), som kan hj\u00e6lpe dig med din flytning.<\/p>\n<div id=\"ez-toc-container\" class=\"ez-toc-v2_0_82_2 ez-toc-wrap-left counter-hierarchy ez-toc-counter ez-toc-transparent ez-toc-container-direction\">\n<div class=\"ez-toc-title-container\">\n<p class=\"ez-toc-title\" style=\"cursor:inherit\">Sektioner<\/p>\n<span class=\"ez-toc-title-toggle\"><a href=\"#\" class=\"ez-toc-pull-right ez-toc-btn ez-toc-btn-xs ez-toc-btn-default ez-toc-toggle\" aria-label=\"Toggle indholdsfortegnelse\"><span class=\"ez-toc-js-icon-con\"><span class=\"\"><span class=\"eztoc-hide\" style=\"display:none;\">Toggle<\/span><span class=\"ez-toc-icon-toggle-span\"><svg style=\"fill: #999;color:#999\" xmlns=\"http:\/\/www.w3.org\/2000\/svg\" class=\"list-377408\" width=\"20px\" height=\"20px\" viewbox=\"0 0 24 24\" fill=\"none\"><path d=\"M6 6H4v2h2V6zm14 0H8v2h12V6zM4 11h2v2H4v-2zm16 0H8v2h12v-2zM4 16h2v2H4v-2zm16 0H8v2h12v-2z\" fill=\"currentColor\"><\/path><\/svg><svg style=\"fill: #999;color:#999\" class=\"arrow-unsorted-368013\" xmlns=\"http:\/\/www.w3.org\/2000\/svg\" width=\"10px\" height=\"10px\" viewbox=\"0 0 24 24\" version=\"1.2\" baseprofile=\"tiny\"><path d=\"M18.2 9.3l-6.2-6.3-6.2 6.3c-.2.2-.3.4-.3.7s.1.5.3.7c.2.2.4.3.7.3h11c.3 0 .5-.1.7-.3.2-.2.3-.5.3-.7s-.1-.5-.3-.7zM5.8 14.7l6.2 6.3 6.2-6.3c.2-.2.3-.5.3-.7s-.1-.5-.3-.7c-.2-.2-.4-.3-.7-.3h-11c-.3 0-.5.1-.7.3-.2.2-.3.5-.3.7s.1.5.3.7z\"\/><\/svg><\/span><\/span><\/span><\/a><\/span><\/div>\n<nav><ul class='ez-toc-list ez-toc-list-level-1 eztoc-toggle-hide-by-default' ><li class='ez-toc-page-1 ez-toc-heading-level-2'><a class=\"ez-toc-link ez-toc-heading-1\" href=\"https:\/\/moverdb.com\/da\/moving-companies\/moving-companies-peru\/#1_Atlas\" >1. Atlas<\/a><\/li><li class='ez-toc-page-1 ez-toc-heading-level-2'><a class=\"ez-toc-link ez-toc-heading-2\" href=\"https:\/\/moverdb.com\/da\/moving-companies\/moving-companies-peru\/#2_Class_International_Movers\" >2. Klasse internationale flyttefirmaer<\/a><\/li><li class='ez-toc-page-1 ez-toc-heading-level-2'><a class=\"ez-toc-link ez-toc-heading-3\" href=\"https:\/\/moverdb.com\/da\/moving-companies\/moving-companies-peru\/#3_Door_to_Door_Transports\" >3. Transport fra d\u00f8r til d\u00f8r<\/a><\/li><li class='ez-toc-page-1 ez-toc-heading-level-2'><a class=\"ez-toc-link ez-toc-heading-4\" href=\"https:\/\/moverdb.com\/da\/moving-companies\/moving-companies-peru\/#4_Express_Transports\" >4. Eksprestransporter<\/a><\/li><li class='ez-toc-page-1 ez-toc-heading-level-2'><a class=\"ez-toc-link ez-toc-heading-5\" href=\"https:\/\/moverdb.com\/da\/moving-companies\/moving-companies-peru\/#5_Gil_International_Movers\" >5. Gil International Movers<\/a><\/li><li class='ez-toc-page-1 ez-toc-heading-level-2'><a class=\"ez-toc-link ez-toc-heading-6\" href=\"https:\/\/moverdb.com\/da\/moving-companies\/moving-companies-peru\/#6_Global_Moving\" >6. Global Moving<\/a><\/li><li class='ez-toc-page-1 ez-toc-heading-level-2'><a class=\"ez-toc-link ez-toc-heading-7\" href=\"https:\/\/moverdb.com\/da\/moving-companies\/moving-companies-peru\/#7_Moving_Systems\" >7. Flytningssystemer<\/a><\/li><li class='ez-toc-page-1 ez-toc-heading-level-2'><a class=\"ez-toc-link ez-toc-heading-8\" href=\"https:\/\/moverdb.com\/da\/moving-companies\/moving-companies-peru\/#8_Security_International_Moving\" >8. Sikkerhed international flytning<\/a><\/li><li class='ez-toc-page-1 ez-toc-heading-level-2'><a class=\"ez-toc-link ez-toc-heading-9\" href=\"https:\/\/moverdb.com\/da\/moving-companies\/moving-companies-peru\/#9_World_Shipping_The_Movers\" >9. World Shipping Flytterne<\/a><\/li><\/ul><\/nav><\/div>\n<h2><span class=\"ez-toc-section\" id=\"1_Atlas\"><\/span><strong>1. Atlas<\/strong><span class=\"ez-toc-section-end\"><\/span><\/h2>\n<p><img loading=\"lazy\" decoding=\"async\" class=\"alignnone size-full wp-image-8763\" src=\"https:\/\/moverdb.com\/wp-content\/uploads\/Atlas-international-moving-company-1.png\" alt=\"Atlas international flyttefirma\" width=\"1440\" height=\"683\" data-wp-pid=\"8763\" srcset=\"https:\/\/moverdb.com\/wp-content\/uploads\/Atlas-international-moving-company-1.png 1440w, https:\/\/moverdb.com\/wp-content\/uploads\/Atlas-international-moving-company-1-300x142.png 300w, https:\/\/moverdb.com\/wp-content\/uploads\/Atlas-international-moving-company-1-1024x486.png 1024w, https:\/\/moverdb.com\/wp-content\/uploads\/Atlas-international-moving-company-1-18x9.png 18w, https:\/\/moverdb.com\/wp-content\/uploads\/Atlas-international-moving-company-1-600x285.png 600w\" sizes=\"auto, (max-width: 1440px) 100vw, 1440px\" \/><\/p>\n<ul>\n<li>Lokale og nationale flytninger<\/li>\n<li>Internationale flytninger<\/li>\n<li>Flytning af boliger<\/li>\n<li>Flytning af virksomheder<\/li>\n<li>D\u00f8r-til-d\u00f8r-service<\/li>\n<li>Emballage service<\/li>\n<li>Toldklarering<\/li>\n<li>H\u00e5ndtering af kunstv\u00e6rker<\/li>\n<li>Forsikring<\/li>\n<li>Opbevaringsfaciliteter<\/li>\n<\/ul>\n<p>Atlas er et flyttefirma med base i Chorrillos, der har over 30 \u00e5rs erfaring med at levere til private og erhvervskunder. De arbejder sammen med internationale foreninger og flyttefirmaer for at levere tjenesteydelser internationalt til h\u00f8je standarder, og de er medlem af IAM med 34 \u00e5rs erfaring.<\/p>\n<p>Atlas tilbyder flytteydelser inden for hele Peru og til og fra Peru. De s\u00f8rger for de n\u00f8dvendige arrangementer for din flytning, herunder transport af dine ejendele og toldklarering. De har veluddannet personale og specialiseret emballage til at beskytte dine ejendele under transporten. De har specialiserede flyttebiler udstyret med GPS-satellitsporing, s\u00e5 du kan se, hvor dine ejendele befinder sig.<\/p>\n<p>Hjemmeside: <a href=\"http:\/\/www.atlasperucorp.com\" target=\"_blank\" rel=\"noopener\">http:\/\/www.atlasperucorp.com<\/a><\/p>\n<h2><span class=\"ez-toc-section\" id=\"2_Class_International_Movers\"><\/span><strong>2. Klasse internationale flyttefirmaer<\/strong><span class=\"ez-toc-section-end\"><\/span><\/h2>\n<p><img loading=\"lazy\" decoding=\"async\" class=\"alignnone size-full wp-image-8774\" src=\"https:\/\/moverdb.com\/wp-content\/uploads\/Class-International-Movers-moving-company.png\" alt=\"Class International Movers flyttefirma\" width=\"1440\" height=\"671\" data-wp-pid=\"8774\" srcset=\"https:\/\/moverdb.com\/wp-content\/uploads\/Class-International-Movers-moving-company.png 1440w, https:\/\/moverdb.com\/wp-content\/uploads\/Class-International-Movers-moving-company-300x140.png 300w, https:\/\/moverdb.com\/wp-content\/uploads\/Class-International-Movers-moving-company-1024x477.png 1024w, https:\/\/moverdb.com\/wp-content\/uploads\/Class-International-Movers-moving-company-18x8.png 18w, https:\/\/moverdb.com\/wp-content\/uploads\/Class-International-Movers-moving-company-600x280.png 600w\" sizes=\"auto, (max-width: 1440px) 100vw, 1440px\" \/><\/p>\n<ul>\n<li>Lokale og nationale flytninger<\/li>\n<li>Internationale flytninger<\/li>\n<li>Flytning af husholdninger<\/li>\n<li>Flytning af kontorer<\/li>\n<li>Flytningstjenester<\/li>\n<li>Emballage service<\/li>\n<li>Toldprocedurer<\/li>\n<li>Overf\u00f8rsel af kunstv\u00e6rker<\/li>\n<li>Overf\u00f8rsel af k\u00e6ledyr<\/li>\n<li>Opbevaringsfaciliteter<\/li>\n<\/ul>\n<p>Class International Movers er et flytte- og transportfirma, der blev grundlagt i 1996 og har base i Lima. De samarbejder med udvalgte agenter rundt om i verden for at levere deres tjenester internationalt. De er medlem af IAM med 27 \u00e5rs erfaring og er akkrediteret af FIDI.<\/p>\n<p>Class International Movers tilbyder flytte- og forflytningsservice til husholdninger og kontorer i, til og fra Peru. Deres tjenester omfatter bl.a. sikker pakning af dine ejendele til transport og ved internationale flytninger hj\u00e6lper de med toldprocedurer. De tilbyder yderligere tjenester, herunder flytning af kunstv\u00e6rker og k\u00e6ledyr, og opbevaringsfaciliteter.<\/p>\n<p>Hjemmeside: <a href=\"http:\/\/www.classmoving.com\" target=\"_blank\" rel=\"noopener\">http:\/\/www.classmoving.com<\/a><\/p>\n<h2><span class=\"ez-toc-section\" id=\"3_Door_to_Door_Transports\"><\/span><strong>3. Transport fra d\u00f8r til d\u00f8r<\/strong><span class=\"ez-toc-section-end\"><\/span><\/h2>\n<p><img loading=\"lazy\" decoding=\"async\" class=\"alignnone size-full wp-image-8790\" src=\"https:\/\/moverdb.com\/wp-content\/uploads\/Door-to-Door-Transports-international-moving-company.png\" alt=\"Door to Door Transports international flyttevirksomhed\" width=\"1440\" height=\"681\" data-wp-pid=\"8790\" srcset=\"https:\/\/moverdb.com\/wp-content\/uploads\/Door-to-Door-Transports-international-moving-company.png 1440w, https:\/\/moverdb.com\/wp-content\/uploads\/Door-to-Door-Transports-international-moving-company-300x142.png 300w, https:\/\/moverdb.com\/wp-content\/uploads\/Door-to-Door-Transports-international-moving-company-1024x484.png 1024w, https:\/\/moverdb.com\/wp-content\/uploads\/Door-to-Door-Transports-international-moving-company-18x9.png 18w, https:\/\/moverdb.com\/wp-content\/uploads\/Door-to-Door-Transports-international-moving-company-600x284.png 600w\" sizes=\"auto, (max-width: 1440px) 100vw, 1440px\" \/><\/p>\n<ul>\n<li>Nationale og lokale flytninger<\/li>\n<li>Internationale flytninger<\/li>\n<li>Flytning af husholdninger<\/li>\n<li>Flytning af kontorer<\/li>\n<li>Flytningstjenester<\/li>\n<li>Emballage service<\/li>\n<li>Flytning af k\u00e6ledyr<\/li>\n<li>H\u00e5ndtering af kunstv\u00e6rker<\/li>\n<li>Forsikring<\/li>\n<li>Opbevaringsfaciliteter<\/li>\n<\/ul>\n<p>Door to Door Transports er en international flytte- og logistikvirksomhed med base i Callao. De har et team af kvalificerede fagfolk og strategiske aftaler med agenter rundt om i verden for at levere tjenester sammen med dem. De er medlem af IAM med 25 \u00e5rs erfaring.<\/p>\n<p>Door to Door Transports tilbyder en skr\u00e6ddersyet d\u00f8r-til-d\u00f8r flytningsservice til husholdninger og kontorer med en detaljeret logistikplan for kontorflytninger. De tilbyder en pakningsservice, der anvender innovative materialer, som sikrer dine ejendele under flytning eller opbevaring. Deres flytningstjenester omfatter s\u00f8gning efter et hjem og en skole, indretning af dit hjem og orientering.<\/p>\n<p>Hjemmeside: <a href=\"http:\/\/www.doortodoor.com.pe\" target=\"_blank\" rel=\"noopener\">http:\/\/www.doortodoor.com.pe<\/a><\/p>\n<h2><span class=\"ez-toc-section\" id=\"4_Express_Transports\"><\/span><strong>4. Eksprestransporter<\/strong><span class=\"ez-toc-section-end\"><\/span><\/h2>\n<p><img loading=\"lazy\" decoding=\"async\" class=\"alignnone size-full wp-image-8794\" src=\"https:\/\/moverdb.com\/wp-content\/uploads\/Express-Transports-international-moving-company.png\" alt=\"Express Transports internationale flyttefirma\" width=\"1440\" height=\"683\" data-wp-pid=\"8794\" srcset=\"https:\/\/moverdb.com\/wp-content\/uploads\/Express-Transports-international-moving-company.png 1440w, https:\/\/moverdb.com\/wp-content\/uploads\/Express-Transports-international-moving-company-300x142.png 300w, https:\/\/moverdb.com\/wp-content\/uploads\/Express-Transports-international-moving-company-1024x486.png 1024w, https:\/\/moverdb.com\/wp-content\/uploads\/Express-Transports-international-moving-company-18x9.png 18w, https:\/\/moverdb.com\/wp-content\/uploads\/Express-Transports-international-moving-company-600x285.png 600w\" sizes=\"auto, (max-width: 1440px) 100vw, 1440px\" \/><\/p>\n<ul>\n<li>Lokale og nationale flytninger<\/li>\n<li>Internationale flytninger<\/li>\n<li>Flytning af boliger<\/li>\n<li>Flytning af kontorer<\/li>\n<li>Emballage service<\/li>\n<li>Arrangement af transport<\/li>\n<li>Toldklarering<\/li>\n<li>H\u00e5ndtering af kunstv\u00e6rker<\/li>\n<li>Overf\u00f8rsel af k\u00e6ledyr<\/li>\n<li>Opbevaringsfaciliteter<\/li>\n<\/ul>\n<p>Express Transports er et peruansk flyttefirma, der blev grundlagt i 1975 og har base i Chorrillos. De har et netv\u00e6rk af agenter over hele verden, som hj\u00e6lper dem med at levere internationale tjenester. De er medlem af IAM med 48 \u00e5rs erfaring og er akkrediteret af FIDI.<\/p>\n<p>Express Transports tilbyder en flytteplanl\u00e6gning, der er skr\u00e6ddersyet til dine behov. De koordinerer din flytning, herunder pakning, udarbejdelse af en fortegnelse, transport og toldklarering. Deres pakningsservice omfatter en sikker pakning af dine ejendele med n\u00f8je udvalgte materialer, og de pakker ud ved ankomsten og kontrollerer indholdets tilstand.<\/p>\n<p>Hjemmeside: <a href=\"http:\/\/www.express.com.pe\" target=\"_blank\" rel=\"noopener\">http:\/\/www.express.com.pe<\/a><\/p>\n<h2><span class=\"ez-toc-section\" id=\"5_Gil_International_Movers\"><\/span><strong>5. Gil International Movers<\/strong><span class=\"ez-toc-section-end\"><\/span><\/h2>\n<p><img loading=\"lazy\" decoding=\"async\" class=\"alignnone size-full wp-image-8803\" src=\"https:\/\/moverdb.com\/wp-content\/uploads\/Gil-International-Movers-international-moving-company.png\" alt=\"Gil International Movers international flyttevirksomhed\" width=\"1440\" height=\"680\" data-wp-pid=\"8803\" srcset=\"https:\/\/moverdb.com\/wp-content\/uploads\/Gil-International-Movers-international-moving-company.png 1440w, https:\/\/moverdb.com\/wp-content\/uploads\/Gil-International-Movers-international-moving-company-300x142.png 300w, https:\/\/moverdb.com\/wp-content\/uploads\/Gil-International-Movers-international-moving-company-1024x484.png 1024w, https:\/\/moverdb.com\/wp-content\/uploads\/Gil-International-Movers-international-moving-company-18x9.png 18w, https:\/\/moverdb.com\/wp-content\/uploads\/Gil-International-Movers-international-moving-company-600x283.png 600w\" sizes=\"auto, (max-width: 1440px) 100vw, 1440px\" \/><\/p>\n<ul>\n<li>Lokale og nationale flytninger<\/li>\n<li>Internationale flytninger<\/li>\n<li>Flytning af husholdninger<\/li>\n<li>Flytning af kontorer<\/li>\n<li>D\u00f8r-til-d\u00f8r-service<\/li>\n<li>Emballage service<\/li>\n<li>Arrangement af transport<\/li>\n<li>H\u00e5ndtering af kunstv\u00e6rker<\/li>\n<li>Overf\u00f8rsel af k\u00e6ledyr og k\u00f8ret\u00f8jer<\/li>\n<li>Kort- og langtidsopbevaringsfaciliteter<\/li>\n<\/ul>\n<p>Gil International Movers er en flytte- og logistikvirksomhed, der blev grundlagt i 2014 og har base i Lima. De er medlem af IAM med ni \u00e5rs erfaring, hvilket giver dem adgang til et internationalt netv\u00e6rk af flytteagenter, der kan st\u00f8tte deres tjenester.<\/p>\n<p>Gil International Movers tilbyder en d\u00f8r-til-d\u00f8r-service, som omfatter en professionel emballeringsservice udf\u00f8rt af uddannet personale, der beskytter dine ejendele efter h\u00f8je standarder og er s\u00e6rligt omhyggelige med skr\u00f8belige genstande. De tilbyder en r\u00e6kke yderligere tjenester, herunder h\u00e5ndtering af kunstv\u00e6rker, overf\u00f8rsel af k\u00e6ledyr, overf\u00f8rsel af k\u00f8ret\u00f8jer, midlertidig udlejning af m\u00f8bler og kort- og langtidsopbevaring.<\/p>\n<p>Hjemmeside: <a href=\"http:\/\/www.gilmovers.com\" target=\"_blank\" rel=\"noopener\">http:\/\/www.gilmovers.com<\/a><\/p>\n<h2><span class=\"ez-toc-section\" id=\"6_Global_Moving\"><\/span><strong>6. Global Moving<\/strong><span class=\"ez-toc-section-end\"><\/span><\/h2>\n<p><img loading=\"lazy\" decoding=\"async\" class=\"alignnone size-full wp-image-8808\" src=\"https:\/\/moverdb.com\/wp-content\/uploads\/Global-Moving-international-moving-company-1.png\" alt=\"Global Moving international flyttevirksomhed\" width=\"1440\" height=\"681\" data-wp-pid=\"8808\" srcset=\"https:\/\/moverdb.com\/wp-content\/uploads\/Global-Moving-international-moving-company-1.png 1440w, https:\/\/moverdb.com\/wp-content\/uploads\/Global-Moving-international-moving-company-1-300x142.png 300w, https:\/\/moverdb.com\/wp-content\/uploads\/Global-Moving-international-moving-company-1-1024x484.png 1024w, https:\/\/moverdb.com\/wp-content\/uploads\/Global-Moving-international-moving-company-1-18x9.png 18w, https:\/\/moverdb.com\/wp-content\/uploads\/Global-Moving-international-moving-company-1-600x284.png 600w\" sizes=\"auto, (max-width: 1440px) 100vw, 1440px\" \/><\/p>\n<ul>\n<li>Nationale og lokale flytninger<\/li>\n<li>Internationale flytninger<\/li>\n<li>Flytning af boliger<\/li>\n<li>Flytning af kontorer<\/li>\n<li>International koordinator<\/li>\n<li>Emballage service<\/li>\n<li>Koordinering af transport<\/li>\n<li>Toldprocedurer<\/li>\n<li>Forsikring<\/li>\n<li>Opbevaringsfaciliteter<\/li>\n<\/ul>\n<p>Global Moving er et internationalt flyttefirma med base i Lima. De har kvalificeret personale og infrastruktur til at levere internationale flytninger, da de har et netv\u00e6rk af agenter over hele verden. De er medlem af IAM med syv \u00e5rs erfaring.<\/p>\n<p>Global Moving tilbyder flytningstjenester til privat- og kontorkunder p\u00e5 nationalt og internationalt plan. De tilbyder en pakningsservice, hvor der anvendes omhyggeligt udvalgte materialer, og de udarbejder en pakkeliste og en fortegnelse. De udf\u00f8rer de n\u00f8dvendige toldprocedurer og toldklareringer. Ved ankomsten pakker de ud og placerer m\u00f8blerne.<\/p>\n<p>Hjemmeside: <a href=\"http:\/\/www.globalperumoving.com\" target=\"_blank\" rel=\"noopener\">http:\/\/www.globalperumoving.com<\/a><\/p>\n<h2><span class=\"ez-toc-section\" id=\"7_Moving_Systems\"><\/span><strong>7. Flytningssystemer<\/strong><span class=\"ez-toc-section-end\"><\/span><\/h2>\n<p><img loading=\"lazy\" decoding=\"async\" class=\"alignnone size-full wp-image-8830\" src=\"https:\/\/moverdb.com\/wp-content\/uploads\/Moving-Systems-international-moving-company.png\" alt=\"Moving Systems internationale flyttefirma\" width=\"1440\" height=\"680\" data-wp-pid=\"8830\" srcset=\"https:\/\/moverdb.com\/wp-content\/uploads\/Moving-Systems-international-moving-company.png 1440w, https:\/\/moverdb.com\/wp-content\/uploads\/Moving-Systems-international-moving-company-300x142.png 300w, https:\/\/moverdb.com\/wp-content\/uploads\/Moving-Systems-international-moving-company-1024x484.png 1024w, https:\/\/moverdb.com\/wp-content\/uploads\/Moving-Systems-international-moving-company-18x9.png 18w, https:\/\/moverdb.com\/wp-content\/uploads\/Moving-Systems-international-moving-company-600x283.png 600w\" sizes=\"auto, (max-width: 1440px) 100vw, 1440px\" \/><\/p>\n<ul>\n<li>Lokale og nationale flytninger<\/li>\n<li>Internationale flytninger<\/li>\n<li>Flytning af husholdninger<\/li>\n<li>Flytning af kontorer<\/li>\n<li>Emballage service<\/li>\n<li>Planl\u00e6gning af transport<\/li>\n<li>Toldst\u00f8tte<\/li>\n<li>Overf\u00f8rsel af k\u00f8ret\u00f8jer<\/li>\n<li>Transport af k\u00e6ledyr<\/li>\n<li>Opbevaringsfaciliteter<\/li>\n<\/ul>\n<p>Moving Systems tilbyder flytning, pakning og opbevaring i, til og fra Peru. De har over 20 \u00e5rs erfaring og er baseret i Lima. De er medlem af IAM, hvilket giver dem adgang til et internationalt netv\u00e6rk af flytteagenter, som kan hj\u00e6lpe dem med at levere deres tjenester i hele verden.<\/p>\n<p>Moving Systems tilbyder lokale, nationale og internationale flytninger til husholdninger og kontorer. De planl\u00e6gger omhyggeligt din flytning og v\u00e6lger den bedste rute og de bedste betingelser for transporten af dine ejendele. De hj\u00e6lper dig med toldreglerne og s\u00f8rger for, at dine ejendele ankommer sikkert frem.<\/p>\n<p>Hjemmeside: <a href=\"http:\/\/www.movisystems.com\" target=\"_blank\" rel=\"noopener\">http:\/\/www.movisystems.com<\/a><\/p>\n<h2><span class=\"ez-toc-section\" id=\"8_Security_International_Moving\"><\/span><strong>8. Sikkerhed international flytning<\/strong><span class=\"ez-toc-section-end\"><\/span><\/h2>\n<p><img loading=\"lazy\" decoding=\"async\" class=\"alignnone size-full wp-image-8854\" src=\"https:\/\/moverdb.com\/wp-content\/uploads\/Security-International-Moving-company.png\" alt=\"Sikkerhed International Moving company\" width=\"1440\" height=\"685\" data-wp-pid=\"8854\" srcset=\"https:\/\/moverdb.com\/wp-content\/uploads\/Security-International-Moving-company.png 1440w, https:\/\/moverdb.com\/wp-content\/uploads\/Security-International-Moving-company-300x143.png 300w, https:\/\/moverdb.com\/wp-content\/uploads\/Security-International-Moving-company-1024x487.png 1024w, https:\/\/moverdb.com\/wp-content\/uploads\/Security-International-Moving-company-18x9.png 18w, https:\/\/moverdb.com\/wp-content\/uploads\/Security-International-Moving-company-600x285.png 600w\" sizes=\"auto, (max-width: 1440px) 100vw, 1440px\" \/><\/p>\n<ul>\n<li>Nationale flytninger<\/li>\n<li>Internationale flytninger<\/li>\n<li>Flytning af husholdninger<\/li>\n<li>Flytning af virksomheder<\/li>\n<li>Flytningstjenester<\/li>\n<li>Arrangement af transport<\/li>\n<li>St\u00f8tte med dokumentation<\/li>\n<li>H\u00e5ndtering af kunst og antikviteter<\/li>\n<li>Overf\u00f8rsel af k\u00e6ledyr<\/li>\n<li>Sikre opbevaringsfaciliteter<\/li>\n<\/ul>\n<p>Security International Moving er en national og international flyttevirksomhed, der blev grundlagt i Lima i 1969. De arbejder med et netv\u00e6rk af agenter, der kan hj\u00e6lpe dig med at flytte til og fra enhver destination i verden. De er medlem af IAM med 54 \u00e5rs erfaring og er akkrediteret af FIDI.<\/p>\n<p>Security International Moving tilbyder flytte- og forflytningsservice i, til og fra Peru. De s\u00f8rger for sikker transport af dine ejendele til din destination og r\u00e5dgiver dig om den n\u00f8dvendige dokumentation. De tilbyder flytningstjenester, der giver vejledning og hj\u00e6lp til at hj\u00e6lpe folk med at flytte og bos\u00e6tte sig i deres nye hjem.<\/p>\n<p>Hjemmeside: <a href=\"http:\/\/www.simoving.com.pe\" target=\"_blank\" rel=\"noopener\">http:\/\/www.simoving.com.pe<\/a><\/p>\n<h2><span class=\"ez-toc-section\" id=\"9_World_Shipping_The_Movers\"><\/span><strong>9. World Shipping Flytterne<\/strong><span class=\"ez-toc-section-end\"><\/span><\/h2>\n<p><img loading=\"lazy\" decoding=\"async\" class=\"alignnone size-full wp-image-8878\" src=\"https:\/\/moverdb.com\/wp-content\/uploads\/World-Shipping-international-moving-company.png\" alt=\"World Shipping international flyttevirksomhed\" width=\"1440\" height=\"681\" data-wp-pid=\"8878\" srcset=\"https:\/\/moverdb.com\/wp-content\/uploads\/World-Shipping-international-moving-company.png 1440w, https:\/\/moverdb.com\/wp-content\/uploads\/World-Shipping-international-moving-company-300x142.png 300w, https:\/\/moverdb.com\/wp-content\/uploads\/World-Shipping-international-moving-company-1024x484.png 1024w, https:\/\/moverdb.com\/wp-content\/uploads\/World-Shipping-international-moving-company-18x9.png 18w, https:\/\/moverdb.com\/wp-content\/uploads\/World-Shipping-international-moving-company-600x284.png 600w\" sizes=\"auto, (max-width: 1440px) 100vw, 1440px\" \/><\/p>\n<ul>\n<li>Lokale og nationale flytninger<\/li>\n<li>Internationale flytninger<\/li>\n<li>Flytning af boliger<\/li>\n<li>Flytning af kontorer<\/li>\n<li>Emballage service<\/li>\n<li>Opg\u00f8relse og sporing<\/li>\n<li>Transport til lands, til vands og i luften<\/li>\n<li>Eksport- og importtoldbehandling<\/li>\n<li>Kunstv\u00e6rk i bev\u00e6gelse<\/li>\n<li>Opbevaringsfaciliteter<\/li>\n<\/ul>\n<p>World Shipping The Movers er et flyttefirma med over 47 \u00e5rs erfaring og er baseret i San Isidro. De arbejder med 1.000 kvalificerede agenter over hele verden for at st\u00f8tte dem med flytninger til alle lande, og de er medlem af IAM.<\/p>\n<p>World Shipping The Movers tilbyder en pakningsservice med uddannet personale og specialmaterialer, herunder beskyttelse af skr\u00f8belige genstande. De udarbejder alle dokumenter til forsendelser, herunder toldprocedurer. De f\u00f8lger din forsendelse og giver dig opdateringer. Ved ankomsten pakker de dine ejendele ud og fjerner eventuelt affald.<\/p>\n<p>Hjemmeside: <a href=\"http:\/\/www.wsthemovers.com.pe\" target=\"_blank\" rel=\"noopener\">http:\/\/www.wsthemovers.com.pe<\/a><\/p>","protected":false},"excerpt":{"rendered":"<p>Moving can be a hectic time with so much to organise especially if you are moving countries and have paperwork to complete. This is where a moving company can assist in making the move easier. Below we have compiled a list of Peruvian removal companies that are members of the International Association of Movers (IAM) [&hellip;]<\/p>\n","protected":false},"author":4,"featured_media":0,"parent":190,"menu_order":0,"comment_status":"closed","ping_status":"closed","template":"","meta":{"_genesis_hide_title":false,"_genesis_hide_breadcrumbs":false,"_genesis_hide_singular_image":false,"_genesis_hide_footer_widgets":false,"_genesis_custom_body_class":"","_genesis_custom_post_class":"","_genesis_layout":"","footnotes":""},"class_list":{"0":"post-8910","1":"page","2":"type-page","3":"status-publish","5":"entry","6":"has-post-thumbnail"},"_links":{"self":[{"href":"https:\/\/moverdb.com\/da\/wp-json\/wp\/v2\/pages\/8910","targetHints":{"allow":["GET"]}}],"collection":[{"href":"https:\/\/moverdb.com\/da\/wp-json\/wp\/v2\/pages"}],"about":[{"href":"https:\/\/moverdb.com\/da\/wp-json\/wp\/v2\/types\/page"}],"author":[{"embeddable":true,"href":"https:\/\/moverdb.com\/da\/wp-json\/wp\/v2\/users\/4"}],"replies":[{"embeddable":true,"href":"https:\/\/moverdb.com\/da\/wp-json\/wp\/v2\/comments?post=8910"}],"version-history":[{"count":1,"href":"https:\/\/moverdb.com\/da\/wp-json\/wp\/v2\/pages\/8910\/revisions"}],"predecessor-version":[{"id":8911,"href":"https:\/\/moverdb.com\/da\/wp-json\/wp\/v2\/pages\/8910\/revisions\/8911"}],"up":[{"embeddable":true,"href":"https:\/\/moverdb.com\/da\/wp-json\/wp\/v2\/pages\/190"}],"wp:attachment":[{"href":"https:\/\/moverdb.com\/da\/wp-json\/wp\/v2\/media?parent=8910"}],"curies":[{"name":"wp","href":"https:\/\/api.w.org\/{rel}","templated":true}]}}