{"id":891,"date":"2016-09-03T21:06:56","date_gmt":"2016-09-03T21:06:56","guid":{"rendered":"http:\/\/moverdb.com\/?page_id=891"},"modified":"2026-01-08T14:47:50","modified_gmt":"2026-01-08T14:47:50","slug":"bournes","status":"publish","type":"page","link":"https:\/\/moverdb.com\/da\/bournes\/","title":{"rendered":"Bournes Moves: International flytning og flytning Anmeldelser"},"content":{"rendered":"<p>Bournes tilbyder sine kunder et udvalg af <a href=\"https:\/\/moverdb.com\/da\/international-removals\/\" data-internallinksmanager029f6b8e52c=\"27\" title=\"De 36 bedste internationale flyttefirmaer i Storbritannien\">internationale flytninger<\/a> tjenester til flytning til udlandet, som er anf\u00f8rt nedenfor. Der f\u00f8lger ogs\u00e5 en virksomhedsprofil og anmeldelser.<\/p>\n<p><strong>International flytning<\/strong><\/p>\n<ul>\n<li> Fuld pakningsservice<\/li>\n<li> Pakning af dele<\/li>\n<li> Selvpakkende<\/li>\n<li> Eksportindpakning af m\u00f8bler til s\u00e6rlig pleje<\/li>\n<li> Hj\u00e6lp til dokumentation<\/li>\n<li> Indsamling<\/li>\n<li> Transport med skib - <a href=\"https:\/\/moverdb.com\/da\/containerforsendelse\/\">forsendelse i fuld container<\/a>, dellast, tr\u00e6container<\/li>\n<li> Luftfragt<\/li>\n<li> Flytning af k\u00e6ledyr<\/li>\n<li> <a href=\"https:\/\/moverdb.com\/da\/biltransport-forsendelse\/\">Flytning af k\u00f8ret\u00f8jer<\/a><\/li>\n<li> Stuepige service<\/li>\n<li> Handyman service<\/li>\n<li> Forsikring arrangeret<\/li>\n<\/ul>\n<p><strong>Hj\u00e6lp til flytning<\/strong><\/p>\n<ul>\n<li> Planl\u00e6gning f\u00f8r afrejse omfatter en behovsvurdering (skoler osv.)<\/li>\n<li> Interkulturel uddannelse<\/li>\n<li> Se-programmet<\/li>\n<li> Tjeneste til at finde og orientere sig i hjemmet<\/li>\n<li> S\u00f8gning efter en skole<\/li>\n<li> Indk\u00f8ring i tjenesten<\/li>\n<li> Virksomhedspraksis<\/li>\n<li> Hj\u00e6lp til hjemsendelse<\/li>\n<\/ul>\n<p><strong>Kommercielle flytninger<\/strong><\/p>\n<ul>\n<li> Projektstyring<\/li>\n<li> Planl\u00e6gning f\u00f8r flytning<\/li>\n<li> Indpakning og udpakning<\/li>\n<li> Oplagring<\/li>\n<li> Transport p\u00e5 verdensplan<\/li>\n<li> Indvendig levering<\/li>\n<li> Installation og montering<\/li>\n<li> Omvendt logistik og afvikling<\/li>\n<\/ul>\n<p><strong>Opbevaring<\/strong><\/p>\n<ul>\n<li> Over 1.200 steder p\u00e5 6 kontinenter<\/li>\n<li> Langsigtet og kortsigtet<\/li>\n<li> CCTV 24\/7 eller sikkerhedshold<\/li>\n<li> Alle sikrede steder<\/li>\n<\/ul>\n<h2>Bournes virksomhedsprofil<\/h2>\n<p>Bournes blev etableret i 1875 af Thomas Bourne som et almindeligt vognmandsfirma, der leverede varer og kul. Efter anden verdenskrig udvidede virksomheden til at omfatte flytning og oplagring. I 1960'erne og 70'erne voksede virksomheden betydeligt, idet den opk\u00f8bte mindre virksomheder og byggede dedikerede lagerfaciliteter.<\/p>\n<p>Bournes begyndte at flytte til Europa i 1993, og i 2001 startede de <a href=\"https:\/\/moverdb.com\/da\/flyttefirmaer\/\">international flytning<\/a>. De var nu i stand til at flytte mennesker og virksomheder til 1500 steder i over 120 lande.<\/p>\n<p>Virksomheden er stadig familiedrevet i dag af den femte generation af Bournes, hvis familie- og forretningsv\u00e6rdier er \u00e6rlighed, integritet og gennemsigtighed. Bournes har dedikerede, veluddannede medarbejdere, der arbejder sammen med hundredvis af globale flytte- og flytningseksperter rundt om i verden.<\/p>\n<p>Bournes har f\u00f8lgende akkrediteringer og tilknytninger:<\/p>\n<ul>\n<li> <a href=\"https:\/\/moverdb.com\/da\/harmony-relocation-network\/\">Harmony Relocation Network<\/a><\/li>\n<li> En ISO 9001:2008-virksomhed efter britisk standard til flytning<\/li>\n<li> <a href=\"https:\/\/moverdb.com\/da\/british-association-of-removers\/\">Den britiske sammenslutning af flyttefirmaer<\/a> (<a href=\"https:\/\/moverdb.com\/da\/british-association-of-removers\/\" data-internallinksmanager029f6b8e52c=\"9\" title=\"British Association of Removers (BAR) Forklaret\">BAR<\/a>)<\/li>\n<li> <a href=\"https:\/\/moverdb.com\/da\/bar-overseas\/\">Den britiske sammenslutning af flyttefolk i udlandet Gruppe<\/a><\/li>\n<li> Hvilken? Trusted Trader<\/li>\n<li> <a href=\"https:\/\/moverdb.com\/da\/fidi-faim\/\">FIDI<\/a><\/li>\n<li> <a href=\"https:\/\/moverdb.com\/da\/fidi-faim\/\" data-internallinksmanager029f6b8e52c=\"16\" title=\"FIDI &amp; FAIM (FIDI Accredited International Mover) forklaret\">FAIM<\/a><\/li>\n<li> The <a href=\"https:\/\/moverdb.com\/da\/iam\/\">Den internationale sammenslutning af flyttefirmaer<\/a> (<a href=\"https:\/\/moverdb.com\/da\/iam\/\" data-internallinksmanager029f6b8e52c=\"23\" title=\"International Association of Movers (IAM) Forklaret\">IAM<\/a>)<\/li>\n<li> <a href=\"https:\/\/moverdb.com\/da\/eura\/\">Den europ\u00e6iske sammenslutning for flytning<\/a> (<a href=\"https:\/\/moverdb.com\/da\/eura\/\" data-internallinksmanager029f6b8e52c=\"13\" title=\"Den europ\u00e6iske forening for flytning (EuRA) forklaret\">EuRA<\/a>)<\/li>\n<li> <a href=\"https:\/\/moverdb.com\/da\/mtc\/\">The Movers Trading Club<\/a> (<a href=\"https:\/\/moverdb.com\/da\/mtc\/\" data-internallinksmanager029f6b8e52c=\"30\" title=\"Movers Trading Club (MTC) Forklaret\">MTC<\/a>)<\/li>\n<\/ul>\n<h2>Bournes Moves anmeldelser<\/h2>\n<p><strong>Positiv<\/strong><\/p>\n<ul>\n<li> <em>\"Bournes var fantastiske lige fra den oprindelige vurdering af, hvad jeg skulle og ikke skulle sende til <a href=\"https:\/\/moverdb.com\/da\/moving-to-australia\/living-in-australia\/\" data-internallinksmanager029f6b8e52c=\"240\" title=\"21 hemmeligheder om at bo i Australien, som du skal vide, f\u00f8r du flytter\">Australien<\/a>, pakning og udpakning i Australien. De gjorde flytningen s\u00e5 stressfri, som en s\u00e5dan flytning kan v\u00e6re, og jeg kan ikke anbefale dem varmt nok.\"<\/em> - via <a href=\"http:\/\/bournesmoves.com\/international-removals\/international-customer-reviews.htm\" target=\"_blank\" rel=\"noopener\">Bournes Review side<\/a><\/li>\n<li> <em>\"Hurtig service med konkurrencedygtige priser. Teamet var meget h\u00f8fligt og hj\u00e6lpsomt og h\u00e5ndterede \u00e6ndringerne af vores f\u00e6rdigg\u00f8relsesdatoer godt. Ekstra opbevaring blev nemt stillet til r\u00e5dighed natten over, s\u00e5 vi kunne reng\u00f8re den nye ejendom, inden vi flyttede ind. God service hele vejen rundt.\"<\/em> - via <a href=\"https:\/\/www.trustedmover.org\/questionnaire\/4587\" target=\"_blank\" rel=\"noopener\">BAR-gennemgangsside<\/a><\/li>\n<li> <em>\"Fremragende service fra kyndigt og beroligende tilbud til hj\u00e6lpsomt og venligt team, der hjalp <a href=\"https:\/\/moverdb.com\/da\/moving-to-the-united-states\/\" data-internallinksmanager029f6b8e52c=\"94\" title=\"Flytter du til USA? 2022 Leveomkostninger og flyttetips\">os<\/a> med flytningen\"<\/em> - Susanna via <a href=\"http:\/\/trustedtraders.which.co.uk\/businesses\/bournes-moves\/#reviews\" target=\"_blank\" rel=\"noopener\">Hvilken?<\/a><\/li>\n<li> <em>\"Jeg var meget tilfreds. Is\u00e6r da min forsendelse ankom sikkert hjem til mit hjem i <a href=\"https:\/\/moverdb.com\/da\/moving-to-the-uk\/\" data-internallinksmanager029f6b8e52c=\"93\" title=\"Flytter du til Det Forenede Kongerige? 2022 Leveomkostninger og flyttetips\">UK<\/a> da bes\u00e6tningen var yderst h\u00f8flig og meget hj\u00e6lpsom.\"<\/em> - Susan via <a href=\"https:\/\/www.facebook.com\/BournesRemovals\/reviews\/\" target=\"_blank\" rel=\"noopener\">Facebook<\/a><\/li>\n<\/ul>\n<p><strong>Negativ<\/strong><\/p>\n<ul>\n<li> \"Vi var s\u00e5 uheldige at v\u00e6lge Bournes, hvilket var vores f\u00f8rste flytning i 19 \u00e5r, s\u00e5 derfor var det en stor ting for hele familien. V\u00e6r meget opm\u00e6rksom, n\u00e5r du v\u00e6lger dette firma.\" - Ali via <a href=\"http:\/\/www.removalreviews.co.uk\/movingreviews\/miserable-move-12090\" target=\"_blank\" rel=\"noopener\">Anmeldelser af flytning<\/a><\/li>\n<\/ul>\n<div itemprop=\"review\" itemscope itemtype=\"http:\/\/schema.org\/Review\">\n<span itemprop=\"author\" itemscope=\"\" itemtype=\"http:\/\/schema.org\/Organization\"><span itemprop=\"name\">MoverDB.com<\/span><\/span> Online website anmeldelse for <span itemprop=\"itemreviewed\" itemscope=\"\" itemtype=\"http:\/\/schema.org\/Brand\"><span itemprop=\"name\">Bournes flytter<\/span><\/span>:<\/p>\n<ol>\n<li> Tydelige kontaktoplysninger p\u00e5 webstedet (herunder telefonnummer): <strong>Ja<\/strong><\/li>\n<li> Let at f\u00e5 <a href=\"https:\/\/moverdb.com\/da\/citater\/\">citater for internationale flytninger<\/a>? (Formular til anmodning om online overslag): <strong>Ja<\/strong><\/li>\n<li> Klare oplysninger p\u00e5 webstedet: <strong>Ja,<\/strong> Webstedet indeholder en hel del nyttige oplysninger.<\/li>\n<li> Medlemskab af internationalt anerkendte flytteorganisationer: <strong>Ja<\/strong>, se ovenfor.<\/li>\n<li> Liste over kunder og\/eller tidligere kundeudtalelser: <strong>Nogle,<\/strong> der er kundeanmeldelser p\u00e5 hjemmesiden, men de er ikke de nemmeste at finde, hvilket er m\u00e6rkeligt, for de er meget positive.<\/li>\n<\/ol>\n<div itemprop=\"reviewRating\" itemscope itemtype=\"http:\/\/schema.org\/Rating\"><meta itemprop=\"worstRating\" content = \"0\" \/><meta itemprop=\"bestRating\" content=\"5\" \/><meta itemprop=\"ratingValue\" content=\"4.5\"><\/div>\n<p><strong>Samlet score: 4.5\/5<\/strong><br \/>\n<strong>Dato for gennemgang:<\/strong> <span itemprop=\"datePublished\" content=\"2016-09-03\">03\/09\/2016<\/span>\n<\/div>\n<p>L\u00e6s om andre <a href=\"https:\/\/moverdb.com\/da\/internationale-flytninger\/\">flyttefirmaer<\/a> og mere p\u00e5 vores <a href=\"https:\/\/moverdb.com\/da\/anmeldelser\/\">gennemgangsproces<\/a>.<\/p>\n<p><strong>Hjemmeside:<\/strong> <a href=\"http:\/\/bournesmoves.com\" target=\"_blank\" rel=\"noopener\">http:\/\/bournesmoves.com<\/a><\/p>","protected":false},"excerpt":{"rendered":"<p>Bournes offers its clients a selection of international removals services for moving overseas which are listed below. There also follows a company profile and reviews. International Moving Full packing service Part packing service Self-packing Special care furniture export wrapping Assistance with documentation Collection Transport by ship &#8211; full container shipping, part load, wooden container Airfreight [&hellip;]<\/p>\n","protected":false},"author":1,"featured_media":0,"parent":0,"menu_order":0,"comment_status":"closed","ping_status":"closed","template":"","meta":{"_genesis_hide_title":false,"_genesis_hide_breadcrumbs":false,"_genesis_hide_singular_image":false,"_genesis_hide_footer_widgets":false,"_genesis_custom_body_class":"","_genesis_custom_post_class":"","_genesis_layout":"","footnotes":""},"class_list":{"0":"post-891","1":"page","2":"type-page","3":"status-publish","5":"entry"},"_links":{"self":[{"href":"https:\/\/moverdb.com\/da\/wp-json\/wp\/v2\/pages\/891","targetHints":{"allow":["GET"]}}],"collection":[{"href":"https:\/\/moverdb.com\/da\/wp-json\/wp\/v2\/pages"}],"about":[{"href":"https:\/\/moverdb.com\/da\/wp-json\/wp\/v2\/types\/page"}],"author":[{"embeddable":true,"href":"https:\/\/moverdb.com\/da\/wp-json\/wp\/v2\/users\/1"}],"replies":[{"embeddable":true,"href":"https:\/\/moverdb.com\/da\/wp-json\/wp\/v2\/comments?post=891"}],"version-history":[{"count":6,"href":"https:\/\/moverdb.com\/da\/wp-json\/wp\/v2\/pages\/891\/revisions"}],"predecessor-version":[{"id":6185,"href":"https:\/\/moverdb.com\/da\/wp-json\/wp\/v2\/pages\/891\/revisions\/6185"}],"wp:attachment":[{"href":"https:\/\/moverdb.com\/da\/wp-json\/wp\/v2\/media?parent=891"}],"curies":[{"name":"wp","href":"https:\/\/api.w.org\/{rel}","templated":true}]}}