{"id":8908,"date":"2023-04-27T14:29:46","date_gmt":"2023-04-27T14:29:46","guid":{"rendered":"https:\/\/moverdb.com\/?page_id=8908"},"modified":"2026-01-08T15:29:02","modified_gmt":"2026-01-08T15:29:02","slug":"moving-companies-panama","status":"publish","type":"page","link":"https:\/\/moverdb.com\/da\/moving-companies\/moving-companies-panama\/","title":{"rendered":"5 bedste internationale flyttefirmaer i Panama"},"content":{"rendered":"<p>Skal du flytte hjem eller kontor inden for, til eller fra <a href=\"https:\/\/moverdb.com\/da\/moving-to-panama\/\" data-internallinksmanager029f6b8e52c=\"432\" title=\"Flytter du til Panama? 2026 Leveomkostninger og tips til flytning\">Panama<\/a>? S\u00e5 kan det v\u00e6re en god id\u00e9 at ans\u00e6tte en <a href=\"https:\/\/moverdb.com\/da\/moving-companies\/\" data-internallinksmanager029f6b8e52c=\"79\" title=\"Top 25 internationale flyttefirmaer online\">flyttefirma<\/a> til at hj\u00e6lpe dig med at pakke, organisere transport og arrangere dokumentation i forbindelse med internationale flytninger. Nedenfor har vi samlet en liste over Panama-baserede <a href=\"https:\/\/moverdb.com\/da\/international-removals\/\" data-internallinksmanager029f6b8e52c=\"27\" title=\"De 36 bedste internationale flyttefirmaer i Storbritannien\">flyttefirmaer<\/a> der er medlemmer af den <a href=\"https:\/\/moverdb.com\/da\/iam\/\" data-internallinksmanager029f6b8e52c=\"23\" title=\"International Association of Movers (IAM) Forklaret\">Den internationale sammenslutning af flyttefirmaer<\/a> (IAM) og\/eller <a href=\"https:\/\/moverdb.com\/da\/fidi-faim\/\" data-internallinksmanager029f6b8e52c=\"16\" title=\"FIDI &amp; FAIM (FIDI Accredited International Mover) forklaret\">FIDI<\/a> Accredited International Mover (FAIM), som kan hj\u00e6lpe dig med din flytning.<\/p>\n<div id=\"ez-toc-container\" class=\"ez-toc-v2_0_83 ez-toc-wrap-left counter-hierarchy ez-toc-counter ez-toc-transparent ez-toc-container-direction\">\n<div class=\"ez-toc-title-container\">\n<p class=\"ez-toc-title\" style=\"cursor:inherit\">Sektioner<\/p>\n<span class=\"ez-toc-title-toggle\"><a href=\"#\" class=\"ez-toc-pull-right ez-toc-btn ez-toc-btn-xs ez-toc-btn-default ez-toc-toggle\" aria-label=\"Toggle indholdsfortegnelse\"><span class=\"ez-toc-js-icon-con\"><span class=\"\"><span class=\"eztoc-hide\" style=\"display:none;\">Toggle<\/span><span class=\"ez-toc-icon-toggle-span\"><svg style=\"fill: #999;color:#999\" xmlns=\"http:\/\/www.w3.org\/2000\/svg\" class=\"list-377408\" width=\"20px\" height=\"20px\" viewbox=\"0 0 24 24\" fill=\"none\"><path d=\"M6 6H4v2h2V6zm14 0H8v2h12V6zM4 11h2v2H4v-2zm16 0H8v2h12v-2zM4 16h2v2H4v-2zm16 0H8v2h12v-2z\" fill=\"currentColor\"><\/path><\/svg><svg style=\"fill: #999;color:#999\" class=\"arrow-unsorted-368013\" xmlns=\"http:\/\/www.w3.org\/2000\/svg\" width=\"10px\" height=\"10px\" viewbox=\"0 0 24 24\" version=\"1.2\" baseprofile=\"tiny\"><path d=\"M18.2 9.3l-6.2-6.3-6.2 6.3c-.2.2-.3.4-.3.7s.1.5.3.7c.2.2.4.3.7.3h11c.3 0 .5-.1.7-.3.2-.2.3-.5.3-.7s-.1-.5-.3-.7zM5.8 14.7l6.2 6.3 6.2-6.3c.2-.2.3-.5.3-.7s-.1-.5-.3-.7c-.2-.2-.4-.3-.7-.3h-11c-.3 0-.5.1-.7.3-.2.2-.3.5-.3.7s.1.5.3.7z\"\/><\/svg><\/span><\/span><\/span><\/a><\/span><\/div>\n<nav><ul class='ez-toc-list ez-toc-list-level-1 eztoc-toggle-hide-by-default' ><li class='ez-toc-page-1 ez-toc-heading-level-2'><a class=\"ez-toc-link ez-toc-heading-1\" href=\"https:\/\/moverdb.com\/da\/moving-companies\/moving-companies-panama\/#1_Canal_Movers_Logistics\" >1. Canal Movers &amp; Logistics<\/a><\/li><li class='ez-toc-page-1 ez-toc-heading-level-2'><a class=\"ez-toc-link ez-toc-heading-2\" href=\"https:\/\/moverdb.com\/da\/moving-companies\/moving-companies-panama\/#2_Logisfashion\" >2. Logisfashion<\/a><\/li><li class='ez-toc-page-1 ez-toc-heading-level-2'><a class=\"ez-toc-link ez-toc-heading-3\" href=\"https:\/\/moverdb.com\/da\/moving-companies\/moving-companies-panama\/#3_Mudanzas_Express\" >3. Mudanzas Express<\/a><\/li><li class='ez-toc-page-1 ez-toc-heading-level-2'><a class=\"ez-toc-link ez-toc-heading-4\" href=\"https:\/\/moverdb.com\/da\/moving-companies\/moving-companies-panama\/#4_Panama_Moving_Solutions\" >4. Panama Moving Solutions<\/a><\/li><li class='ez-toc-page-1 ez-toc-heading-level-2'><a class=\"ez-toc-link ez-toc-heading-5\" href=\"https:\/\/moverdb.com\/da\/moving-companies\/moving-companies-panama\/#5_Panama_Packing_Storage\" >5. Panama pakning og opbevaring<\/a><\/li><\/ul><\/nav><\/div>\n<h2><span class=\"ez-toc-section\" id=\"1_Canal_Movers_Logistics\"><\/span><strong>1. Canal Movers &amp; Logistics<\/strong><span class=\"ez-toc-section-end\"><\/span><\/h2>\n<p><img loading=\"lazy\" decoding=\"async\" class=\"alignnone size-full wp-image-8770\" src=\"https:\/\/moverdb.com\/wp-content\/uploads\/Canal-Movers-Logistics-international-moving-company.png\" alt=\"Canal Movers &amp; Logistics international flyttevirksomhed\" width=\"1440\" height=\"679\" data-wp-pid=\"8770\" srcset=\"https:\/\/moverdb.com\/wp-content\/uploads\/Canal-Movers-Logistics-international-moving-company.png 1440w, https:\/\/moverdb.com\/wp-content\/uploads\/Canal-Movers-Logistics-international-moving-company-300x141.png 300w, https:\/\/moverdb.com\/wp-content\/uploads\/Canal-Movers-Logistics-international-moving-company-1024x483.png 1024w, https:\/\/moverdb.com\/wp-content\/uploads\/Canal-Movers-Logistics-international-moving-company-18x8.png 18w, https:\/\/moverdb.com\/wp-content\/uploads\/Canal-Movers-Logistics-international-moving-company-600x283.png 600w\" sizes=\"auto, (max-width: 1440px) 100vw, 1440px\" \/><\/p>\n<ul>\n<li>Lokale og nationale flytninger<\/li>\n<li>Internationale flytninger<\/li>\n<li>Flytning af husholdninger<\/li>\n<li>Flytning af kontorer<\/li>\n<li>Skr\u00e6ddersyede tjenester<\/li>\n<li>Professionel pakningsservice<\/li>\n<li>H\u00e5ndtering af kunstv\u00e6rker<\/li>\n<li>Transport af k\u00f8ret\u00f8jer og k\u00e6ledyr<\/li>\n<li>Forsikring<\/li>\n<li>Opbevaringsfaciliteter<\/li>\n<\/ul>\n<p>Canal Movers &amp; Logistics er en flytte- og logistikvirksomhed, der leverer til multinationale virksomheder og enkeltpersoner. De arbejder sammen med et globalt netv\u00e6rk af logistik- og flytteagenter. De er medlem af IAM med 22 \u00e5rs erfaring og er akkrediteret af FIDI.<\/p>\n<p>Canal Movers &amp; Logistics tilbyder en flyttekoordinator, der hj\u00e6lper dig med at flytte lokalt, nationalt og internationalt, uanset om du skal flytte dit hjem eller din virksomhed. De tilbyder en professionel pakningsservice for at beskytte dine ejendele under transporten og giver dig forsikringsd\u00e6kning. De tilbyder ogs\u00e5 yderligere tjenester, som omfatter udlejning af m\u00f8bler, transport af biler, motorcykler og b\u00e5de, transport af k\u00e6ledyr og h\u00e5ndtering af kunstv\u00e6rker.<\/p>\n<p>Hjemmeside: <a href=\"http:\/\/www.canalmovers.com\" target=\"_blank\" rel=\"noopener\">http:\/\/www.canalmovers.com<\/a><\/p>\n<h2><span class=\"ez-toc-section\" id=\"2_Logisfashion\"><\/span><strong>2. Logisfashion<\/strong><span class=\"ez-toc-section-end\"><\/span><\/h2>\n<p><img loading=\"lazy\" decoding=\"async\" class=\"alignnone size-full wp-image-8822\" src=\"https:\/\/moverdb.com\/wp-content\/uploads\/Logisfashion-international-moving-company.png\" alt=\"Logisfashion international flyttevirksomhed\" width=\"1440\" height=\"680\" data-wp-pid=\"8822\" srcset=\"https:\/\/moverdb.com\/wp-content\/uploads\/Logisfashion-international-moving-company.png 1440w, https:\/\/moverdb.com\/wp-content\/uploads\/Logisfashion-international-moving-company-300x142.png 300w, https:\/\/moverdb.com\/wp-content\/uploads\/Logisfashion-international-moving-company-1024x484.png 1024w, https:\/\/moverdb.com\/wp-content\/uploads\/Logisfashion-international-moving-company-18x9.png 18w, https:\/\/moverdb.com\/wp-content\/uploads\/Logisfashion-international-moving-company-600x283.png 600w\" sizes=\"auto, (max-width: 1440px) 100vw, 1440px\" \/><\/p>\n<ul>\n<li>National transport<\/li>\n<li>International transport<\/li>\n<li>Privat transport<\/li>\n<li>Kommerciel transport<\/li>\n<li>Skr\u00e6ddersyet d\u00f8r-til-d\u00f8r-service<\/li>\n<li>Forskellige forsendelsesst\u00f8rrelser<\/li>\n<li>Luft-, s\u00f8- og landtransport<\/li>\n<li>Toldst\u00f8tte<\/li>\n<li>Forsikring<\/li>\n<li>Opbevaringsfaciliteter<\/li>\n<\/ul>\n<p>Logisfashion er en international logistikvirksomhed, der blev grundlagt i 1997 og har afdelinger i ni lande rundt om i verden med et kontor i Panama i Panama City. De er medlem af IAM med 42 \u00e5r p\u00e5 bagen, hvilket giver dem adgang til et internationalt netv\u00e6rk af flytteagenter.<\/p>\n<p>Logisfashion tilbyder international transport med fly, skib og landtransport, herunder b\u00e5de fulde containerlaster og mindre end containerlaster. De tilbyder en skr\u00e6ddersyet d\u00f8r-til-d\u00f8r-service med sporbarhed af forsendelsen, toldklarering og inkluderer vareforsikring. De tilbyder ogs\u00e5 lager- og oplagringsfaciliteter til st\u00f8tte for distribution og import- eller eksportaktiviteter.<\/p>\n<p>Hjemmeside: <a href=\"http:\/\/www.logisfashion.com\" target=\"_blank\" rel=\"noopener\">http:\/\/www.logisfashion.com<\/a><\/p>\n<h2><span class=\"ez-toc-section\" id=\"3_Mudanzas_Express\"><\/span><strong>3. Mudanzas Express<\/strong><span class=\"ez-toc-section-end\"><\/span><\/h2>\n<p><img loading=\"lazy\" decoding=\"async\" class=\"alignnone size-full wp-image-8833\" src=\"https:\/\/moverdb.com\/wp-content\/uploads\/Mudanzas-Express-international-moving-company.png\" alt=\"Mudanzas Express international flyttevirksomhed\" width=\"1440\" height=\"686\" data-wp-pid=\"8833\" srcset=\"https:\/\/moverdb.com\/wp-content\/uploads\/Mudanzas-Express-international-moving-company.png 1440w, https:\/\/moverdb.com\/wp-content\/uploads\/Mudanzas-Express-international-moving-company-300x143.png 300w, https:\/\/moverdb.com\/wp-content\/uploads\/Mudanzas-Express-international-moving-company-1024x488.png 1024w, https:\/\/moverdb.com\/wp-content\/uploads\/Mudanzas-Express-international-moving-company-18x9.png 18w, https:\/\/moverdb.com\/wp-content\/uploads\/Mudanzas-Express-international-moving-company-600x286.png 600w\" sizes=\"auto, (max-width: 1440px) 100vw, 1440px\" \/><\/p>\n<ul>\n<li>Lokale flytninger<\/li>\n<li>Internationale flytninger<\/li>\n<li>Flytning af husholdninger<\/li>\n<li>Flytning af virksomheder og kontorer<\/li>\n<li>D\u00f8r-til-d\u00f8r-service<\/li>\n<li>Overv\u00e5get forvaltningsproces<\/li>\n<li>Emballage service<\/li>\n<li>Luft- og s\u00f8transport<\/li>\n<li>Toldm\u00e6glervirksomhed<\/li>\n<li>Transport i bil<\/li>\n<\/ul>\n<p>Mudanzas Express er et internationalt flyttefirma med base i Tocumen og har over 12 \u00e5rs erfaring. De er medlem af IAM med 15 \u00e5rs erfaring, og det giver dem et internationalt netv\u00e6rk af flytteagenter til at st\u00f8tte dem med tjenester uden for Panama.<\/p>\n<p>Mudanzas Express tilbyder en flyttetjeneste til dem, der flytter til eller fra Panama, som giver en d\u00f8r-til-d\u00f8r-service. De tilbyder en pakningsservice for at beskytte dine ejendele under transporten, demontering og samling af m\u00f8bler og h\u00e5ndtering af skr\u00f8belige genstande og klaverer.  De s\u00f8rger for transport og styrer processen, herunder toldformidling.<\/p>\n<p>Hjemmeside: <a href=\"http:\/\/www.mudanzasexpresspanama.com\" target=\"_blank\" rel=\"noopener\">http:\/\/www.mudanzasexpresspanama.com<\/a><\/p>\n<h2><span class=\"ez-toc-section\" id=\"4_Panama_Moving_Solutions\"><\/span><strong>4. Panama Moving Solutions<\/strong><span class=\"ez-toc-section-end\"><\/span><\/h2>\n<p><img loading=\"lazy\" decoding=\"async\" class=\"alignnone size-full wp-image-8843\" src=\"https:\/\/moverdb.com\/wp-content\/uploads\/Panama-Moving-Solutions-international-moving-company.png\" alt=\"Panama Moving Solutions international flyttevirksomhed\" width=\"1440\" height=\"681\" data-wp-pid=\"8843\" srcset=\"https:\/\/moverdb.com\/wp-content\/uploads\/Panama-Moving-Solutions-international-moving-company.png 1440w, https:\/\/moverdb.com\/wp-content\/uploads\/Panama-Moving-Solutions-international-moving-company-300x142.png 300w, https:\/\/moverdb.com\/wp-content\/uploads\/Panama-Moving-Solutions-international-moving-company-1024x484.png 1024w, https:\/\/moverdb.com\/wp-content\/uploads\/Panama-Moving-Solutions-international-moving-company-18x9.png 18w, https:\/\/moverdb.com\/wp-content\/uploads\/Panama-Moving-Solutions-international-moving-company-600x284.png 600w\" sizes=\"auto, (max-width: 1440px) 100vw, 1440px\" \/><\/p>\n<ul>\n<li>Lokale og nationale flytninger<\/li>\n<li>Internationale flytninger<\/li>\n<li>Flytning af husholdninger<\/li>\n<li>Flytning af virksomheder<\/li>\n<li>D\u00f8r-til-d\u00f8r og d\u00f8r-til-d\u00f8r<a href=\"https:\/\/moverdb.com\/da\/top-49-container-ports\/\" data-internallinksmanager029f6b8e52c=\"80\" title=\"Top 49 st\u00f8rste og travleste containerhavne i 2025\">port<\/a> tjenester<\/li>\n<li>Emballeringstjenester<\/li>\n<li>Arrangement af transport<\/li>\n<li>Transport af k\u00e6ledyr<\/li>\n<li>Transport af k\u00f8ret\u00f8jer<\/li>\n<li>Opbevaringsfaciliteter<\/li>\n<\/ul>\n<p>Panama Moving Solutions tilbyder internationale flytninger og godstransport med over 20 \u00e5rs erfaring og er baseret i Panama City. De arbejder sammen med internationalt anerkendte flytteagenter for at st\u00f8tte dem i leveringen af tjenester, og de er medlem af IAM med seks \u00e5rs erfaring.<\/p>\n<p>Panama Moving Solutions tilbyder skr\u00e6ddersyede flytninger i, til og fra Panama, som kan v\u00e6re d\u00f8r-til-d\u00f8r- eller d\u00f8r-til-havn-tjenester. De tilbyder en pakningsservice, der anvender de bedste emballageprodukter og de nyeste emballageteknikker for at reducere skader og fugt. De tilbyder yderligere tjenester, som omfatter transport af k\u00e6ledyr og k\u00f8ret\u00f8jer samt opbevaring.<\/p>\n<p>Hjemmeside: <a href=\"http:\/\/www.pmovings.com\" target=\"_blank\" rel=\"noopener\">http:\/\/www.pmovings.com<\/a><\/p>\n<h2><span class=\"ez-toc-section\" id=\"5_Panama_Packing_Storage\"><\/span><strong>5. Panama pakning og opbevaring<\/strong><span class=\"ez-toc-section-end\"><\/span><\/h2>\n<p><img loading=\"lazy\" decoding=\"async\" class=\"alignnone size-full wp-image-8844\" src=\"https:\/\/moverdb.com\/wp-content\/uploads\/Panama-Packing-Storage-international-moving-company.png\" alt=\"Panama Packing &amp; Storage international flyttevirksomhed\" width=\"1440\" height=\"682\" data-wp-pid=\"8844\" srcset=\"https:\/\/moverdb.com\/wp-content\/uploads\/Panama-Packing-Storage-international-moving-company.png 1440w, https:\/\/moverdb.com\/wp-content\/uploads\/Panama-Packing-Storage-international-moving-company-300x142.png 300w, https:\/\/moverdb.com\/wp-content\/uploads\/Panama-Packing-Storage-international-moving-company-1024x485.png 1024w, https:\/\/moverdb.com\/wp-content\/uploads\/Panama-Packing-Storage-international-moving-company-18x9.png 18w, https:\/\/moverdb.com\/wp-content\/uploads\/Panama-Packing-Storage-international-moving-company-600x284.png 600w\" sizes=\"auto, (max-width: 1440px) 100vw, 1440px\" \/><\/p>\n<ul>\n<li>Lokale flytninger<\/li>\n<li>Internationale flytninger<\/li>\n<li>Flytning af husholdninger<\/li>\n<li>Kontorydelser<\/li>\n<li>D\u00f8r-til-d\u00f8r- eller d\u00f8r-til-havn-tjenester<\/li>\n<li>Emballage service<\/li>\n<li>Vej-, s\u00f8- og lufttransport<\/li>\n<li>St\u00f8tte til import og eksport<\/li>\n<li>H\u00e5ndtering af kunst<\/li>\n<li>Kort til lang opbevaringsfaciliteter<\/li>\n<\/ul>\n<p>Panama Packing &amp; Storage er et latinamerikansk flyttefirma, der blev dannet i 1971 og er baseret i Panama City. De har et globalt netv\u00e6rk af flytteagenter, der kan st\u00f8tte dem med deres tjenester uden for deres operationsomr\u00e5der. De er medlem af IAM og er akkrediteret af FIDI.<\/p>\n<p>Panama Packing &amp; Storage tilbyder internationale flytninger og lokale flytninger, herunder h\u00e5ndtering af kunst. De tilbyder en pakke- og udpakningsservice, som omfatter indpakning og kasser af skr\u00f8belige genstande. De tilbyder sikre opbevaringsfaciliteter, der er velegnede til kort- eller langsigtede l\u00f8sninger.<\/p>\n<p>Hjemmeside: <a href=\"http:\/\/www.panamapacking.com\" target=\"_blank\" rel=\"noopener\">http:\/\/www.panamapacking.com<\/a><\/p>","protected":false},"excerpt":{"rendered":"<p>Are you moving home or office within, to or from Panama? Then you may want to employ the services of a moving company to assist you with packing, organising transportation and arrangement of documentation for international moves. Below we have compiled a list of Panama based removal companies that are members of the International Association [&hellip;]<\/p>\n","protected":false},"author":4,"featured_media":0,"parent":190,"menu_order":0,"comment_status":"closed","ping_status":"closed","template":"","meta":{"_genesis_hide_title":false,"_genesis_hide_breadcrumbs":false,"_genesis_hide_singular_image":false,"_genesis_hide_footer_widgets":false,"_genesis_custom_body_class":"","_genesis_custom_post_class":"","_genesis_layout":"","footnotes":""},"class_list":{"0":"post-8908","1":"page","2":"type-page","3":"status-publish","5":"entry","6":"has-post-thumbnail"},"_links":{"self":[{"href":"https:\/\/moverdb.com\/da\/wp-json\/wp\/v2\/pages\/8908","targetHints":{"allow":["GET"]}}],"collection":[{"href":"https:\/\/moverdb.com\/da\/wp-json\/wp\/v2\/pages"}],"about":[{"href":"https:\/\/moverdb.com\/da\/wp-json\/wp\/v2\/types\/page"}],"author":[{"embeddable":true,"href":"https:\/\/moverdb.com\/da\/wp-json\/wp\/v2\/users\/4"}],"replies":[{"embeddable":true,"href":"https:\/\/moverdb.com\/da\/wp-json\/wp\/v2\/comments?post=8908"}],"version-history":[{"count":1,"href":"https:\/\/moverdb.com\/da\/wp-json\/wp\/v2\/pages\/8908\/revisions"}],"predecessor-version":[{"id":8909,"href":"https:\/\/moverdb.com\/da\/wp-json\/wp\/v2\/pages\/8908\/revisions\/8909"}],"up":[{"embeddable":true,"href":"https:\/\/moverdb.com\/da\/wp-json\/wp\/v2\/pages\/190"}],"wp:attachment":[{"href":"https:\/\/moverdb.com\/da\/wp-json\/wp\/v2\/media?parent=8908"}],"curies":[{"name":"wp","href":"https:\/\/api.w.org\/{rel}","templated":true}]}}