{"id":890,"date":"2016-08-29T10:10:27","date_gmt":"2016-08-29T10:10:27","guid":{"rendered":"http:\/\/moverdb.com\/?page_id=890"},"modified":"2026-01-08T15:20:31","modified_gmt":"2026-01-08T15:20:31","slug":"pearson","status":"publish","type":"page","link":"https:\/\/moverdb.com\/da\/pearson\/","title":{"rendered":"Pearson Home Moving: Internationale flytninger Anmeldelser"},"content":{"rendered":"<p>Pearson Home Moving er et flyttefirma, som tilbyder f\u00f8lgende tjenester til deres kunder. Listen over tjenesterne er efterfulgt af deres virksomhedsprofil og anmeldelser.<\/p>\n<p><strong>Internationale flytningstjenester til hjemmet<\/strong><\/p>\n<ul>\n<li> Dedikeret flytteansvarlig<\/li>\n<li> D\u00f8r til d\u00f8r-service<\/li>\n<li> dedikeret k\u00f8ret\u00f8jsfl\u00e5de<\/li>\n<li> Professionelle pakkerier - demontering og pakning<\/li>\n<li> Leverede emballagematerialer<\/li>\n<li> <a href=\"https:\/\/moverdb.com\/da\/containerforsendelse\/\">Luftfragt eller s\u00f8fragt<\/a><\/li>\n<li> Toldbistand<\/li>\n<li> Pak ud og saml den igen<\/li>\n<li> Flytning af k\u00e6ledyr<\/li>\n<li> <a href=\"https:\/\/moverdb.com\/da\/biltransport-forsendelse\/\">Flytning af k\u00f8ret\u00f8jer<\/a><\/li>\n<li> Reng\u00f8ringsservice<\/li>\n<li> Forsikring arrangeret<\/li>\n<li> Opbevaring tilg\u00e6ngelig<\/li>\n<\/ul>\n<h2>Pearson Home Moving Company Profil<\/h2>\n<p>Pearson Home Moving blev grundlagt i 1917 af Edward Pearson og har til dato udf\u00f8rt over 250.000 vellykkede flytninger p\u00e5 tv\u00e6rs af alle kontinenter, selv Antarktis. Edward Pearsons m\u00e5l var at blive den bedste <a href=\"https:\/\/moverdb.com\/da\/international-removals\/\" data-internallinksmanager029f6b8e52c=\"27\" title=\"De 36 bedste internationale flyttefirmaer i Storbritannien\">flyttefirma<\/a> i branchen.<\/p>\n<p>Virksomheden siger, at den har brugt de sidste 100 \u00e5r til at opbygge et af verdens bedste globale netv\u00e6rk af flyttefolk. Pearson Home Moving s\u00e6tter deres kunder i f\u00f8rste r\u00e6kke, uanset hvor lille flytningen er.<\/p>\n<p>Pearson Home Movings milj\u00f8politikker omfatter brug af milj\u00f8venlige produkter og genbrug, hvor det er muligt, og vi fors\u00f8ger altid at bruge fuldt lastede k\u00f8ret\u00f8jer for at reducere deres CO2-fodaftryk.<\/p>\n<p>De har f\u00f8lgende akkrediteringer og tilknytninger:<\/p>\n<ul>\n<li> <a href=\"https:\/\/moverdb.com\/da\/british-association-of-removers\/\">Den britiske sammenslutning af flyttefirmaer<\/a> (<a href=\"https:\/\/moverdb.com\/da\/british-association-of-removers\/\" data-internallinksmanager029f6b8e52c=\"9\" title=\"British Association of Removers (BAR) Forklaret\">BAR<\/a>)<\/li>\n<li> <a href=\"https:\/\/moverdb.com\/da\/harmony-relocation-network\/\">Harmony Relocation Network<\/a><\/li>\n<li> DNV ISO9001<\/li>\n<li> <a href=\"https:\/\/moverdb.com\/da\/fedemac\/\">Sammenslutningen af europ\u00e6iske flytteforeninger<\/a> (<a href=\"https:\/\/moverdb.com\/da\/fedemac\/\" data-internallinksmanager029f6b8e52c=\"15\" title=\"Federation of European Movers Association (FEDEMAC) Forklaret\">FEDEMAC<\/a>)<\/li>\n<li> <a href=\"https:\/\/moverdb.com\/da\/fidi-faim\/\">FIDI<\/a><\/li>\n<\/ul>\n<h2>Pearson Home Moving Anmeldelser<\/h2>\n<p><strong>Positiv:<\/strong><\/p>\n<ul>\n<li> \"Det var vores 19. flytning p\u00e5 40 \u00e5r. Den bedste nogensinde, meget professionelt kontorpersonale og flyttefolkene var f\u00f8rsteklasses. Godt g\u00e5et! Vi vil anbefale Pearson helhjertet til alle.\" - Peter via <a href=\"http:\/\/www.pearsonhomemoving.com\/\" target=\"_blank\" rel=\"noopener\">Pearson Home Moving websted<\/a><\/li>\n<li> <em>\"Dette firma var fantastisk fra start til slut. Deres pris var virkelig konkurrencedygtig, og de gav <a href=\"https:\/\/moverdb.com\/da\/moving-to-the-united-states\/\" data-internallinksmanager029f6b8e52c=\"94\" title=\"Flytter du til USA? 2022 Leveomkostninger og flyttetips\">os<\/a> en fremragende service.\"<\/em> - Steve via <a href=\"http:\/\/www.mymovingreviews.com\/movers\/pearson-home-moving-2276#56936\" target=\"_blank\" rel=\"noopener\">MyMovingReviews.com<\/a><\/li>\n<li> <em>\"Vi fik en meget professionel service i forbindelse med vores flytning fra <a href=\"https:\/\/moverdb.com\/da\/moving-to-germany\/\" data-internallinksmanager029f6b8e52c=\"321\" title=\"Flytter du til Tyskland? 2026 Leveomkostninger og flyttetips\">Tyskland<\/a> til den <a href=\"https:\/\/moverdb.com\/da\/moving-to-the-uk\/\" data-internallinksmanager029f6b8e52c=\"93\" title=\"Flytter du til Det Forenede Kongerige? 2022 Leveomkostninger og flyttetips\">UK<\/a>.\"<\/em> - Kerry via <a href=\"http:\/\/www.removalreviews.co.uk\/movingreviews\/home-move-to-uk-10941\" target=\"_blank\" rel=\"noopener\">Anmeldelser af flytning<\/a><\/li>\n<li> \"<em>God kundeservice \/ god service i det hele taget.\"<\/em> - Bruce via <a href=\"http:\/\/www.ciao.co.uk\/Pearson_Home_Moving__Review_6008009\" target=\"_blank\" rel=\"noopener\">Ciao!<\/a> <\/li>\n<\/ul>\n<p><strong>Negativ:<\/strong><\/p>\n<ul>\n<li> <em>\"Leveringen kom to dage for sent. Vi kan forst\u00e5, at der var problemer og forsinkelser ved gr\u00e6nsen uden for deres kontrol, men ikke at vi aldrig blev informeret om status for leveringen.\"<\/em> - Christoph via <a href=\"http:\/\/www.mymovingreviews.com\/movers\/pearson-home-moving-2276#57516\" target=\"_blank\" rel=\"noopener\">MyMovingReviews.com<\/a> <\/li>\n<li> <em>\"Ved leveringen var mine kasser b\u00e5de beskidte og v\u00e5de. Derfor var de ogs\u00e5 beskadiget.\"<\/em> - Harald i Glos via <a href=\"http:\/\/www.removalreviews.co.uk\/movingreviews\/never-again-10123\" target=\"_blank\" rel=\"noopener\">Anmeldelser af flytning<\/a><\/li>\n<li> <em>\"Endelig blev mine ejendele leveret midt i september, 81 dage efter at de var blevet afhentet.\"<\/em> - Imoena via <a href=\"http:\/\/www.ciao.co.uk\/Pearson_Home_Moving__Review_6113468\" target=\"_blank\" rel=\"noopener\">Ciao!<\/a> <\/li>\n<\/ul>\n<div itemprop=\"review\" itemscope itemtype=\"http:\/\/schema.org\/Review\">\n<span itemprop=\"author\" itemscope=\"\" itemtype=\"http:\/\/schema.org\/Organization\"><span itemprop=\"name\">MoverDB.com<\/span><\/span> Online website anmeldelse for <span itemprop=\"itemreviewed\" itemscope=\"\" itemtype=\"http:\/\/schema.org\/Brand\"><span itemprop=\"name\">Pearson Home Moving<\/span><\/span>:<\/p>\n<ol>\n<li> Tydelige kontaktoplysninger p\u00e5 webstedet (herunder telefonnummer): <strong>Ja<\/strong><\/li>\n<li> Let at f\u00e5 <a href=\"https:\/\/moverdb.com\/da\/citater\/\">citater for internationale flytninger<\/a>? (Formular til anmodning om online overslag): <strong>Ja<\/strong><\/li>\n<li> Klare oplysninger p\u00e5 webstedet: <strong>Nogle<\/strong>, mens der er klare kontaktoplysninger og en oversigt over tjenester, mangler der p\u00e5 webstedet detaljerede oplysninger om planl\u00e6gning af din flytning.<\/li>\n<li> medlemskab af internationalt anerkendte flytteorganisationer: <strong>Ja<\/strong>, se ovenfor.<\/li>\n<li> Liste over kunder og\/eller tidligere kundeudtalelser: <strong>Ja,<\/strong> Der er flere kundeudtalelser p\u00e5 webstedet.<\/li>\n<\/ol>\n<div itemprop=\"reviewRating\" itemscope itemtype=\"http:\/\/schema.org\/Rating\"><meta itemprop=\"worstRating\" content = \"0\" \/><meta itemprop=\"bestRating\" content=\"5\" \/><meta itemprop=\"ratingValue\" content=\"4.5\"><\/div>\n<p><strong>Samlet score: 4.5\/5<\/strong><br \/>\n<strong>Dato for gennemgang:<\/strong> <span itemprop=\"datePublished\" content=\"2016-08-29\">29\/08\/2016<\/span>\n<\/div>\n<p>Mere om <a href=\"https:\/\/moverdb.com\/da\/internationale-flytninger\/\">internationale flytninger<\/a> og vores <a href=\"https:\/\/moverdb.com\/da\/anmeldelser\/\">gennemgangsproces<\/a>.<\/p>\n<p><strong>Hjemmeside:<\/strong> <a href=\"http:\/\/www.pearsonhomemoving.com\" target=\"_blank\" rel=\"noopener\">http:\/\/www.pearsonhomemoving.com<\/a><\/p>","protected":false},"excerpt":{"rendered":"<p>Pearson Home Moving are a removal and relocation company which offer the following services to their clients. The service list is followed by their company profile and reviews. International Home Moving Services Dedicated move manager Door to door service Dedicated vehicle fleet Professional packers &#8211; disassemble and pack Packing materials suppled Air freight or sea [&hellip;]<\/p>\n","protected":false},"author":1,"featured_media":0,"parent":0,"menu_order":0,"comment_status":"closed","ping_status":"closed","template":"","meta":{"_genesis_hide_title":false,"_genesis_hide_breadcrumbs":false,"_genesis_hide_singular_image":false,"_genesis_hide_footer_widgets":false,"_genesis_custom_body_class":"","_genesis_custom_post_class":"","_genesis_layout":"","footnotes":""},"class_list":{"0":"post-890","1":"page","2":"type-page","3":"status-publish","5":"entry"},"_links":{"self":[{"href":"https:\/\/moverdb.com\/da\/wp-json\/wp\/v2\/pages\/890","targetHints":{"allow":["GET"]}}],"collection":[{"href":"https:\/\/moverdb.com\/da\/wp-json\/wp\/v2\/pages"}],"about":[{"href":"https:\/\/moverdb.com\/da\/wp-json\/wp\/v2\/types\/page"}],"author":[{"embeddable":true,"href":"https:\/\/moverdb.com\/da\/wp-json\/wp\/v2\/users\/1"}],"replies":[{"embeddable":true,"href":"https:\/\/moverdb.com\/da\/wp-json\/wp\/v2\/comments?post=890"}],"version-history":[{"count":6,"href":"https:\/\/moverdb.com\/da\/wp-json\/wp\/v2\/pages\/890\/revisions"}],"predecessor-version":[{"id":6229,"href":"https:\/\/moverdb.com\/da\/wp-json\/wp\/v2\/pages\/890\/revisions\/6229"}],"wp:attachment":[{"href":"https:\/\/moverdb.com\/da\/wp-json\/wp\/v2\/media?parent=890"}],"curies":[{"name":"wp","href":"https:\/\/api.w.org\/{rel}","templated":true}]}}