{"id":8899,"date":"2023-04-27T14:32:24","date_gmt":"2023-04-27T14:32:24","guid":{"rendered":"https:\/\/moverdb.com\/?page_id=8899"},"modified":"2026-01-08T15:30:13","modified_gmt":"2026-01-08T15:30:13","slug":"moving-companies-nicaragua","status":"publish","type":"page","link":"https:\/\/moverdb.com\/da\/moving-companies\/moving-companies-nicaragua\/","title":{"rendered":"Bedste internationale flyttefirmaer i Nicaragua"},"content":{"rendered":"<p>Planl\u00e6gger du en flytning til eller fra Nicaragua eller inden for landet? S\u00e5 kan organiseringen og papirarbejdet v\u00e6re skr\u00e6mmende, og du har m\u00e5ske brug for noget st\u00f8tte, det er her, en <a href=\"https:\/\/moverdb.com\/da\/moving-companies\/\" data-internallinksmanager029f6b8e52c=\"79\" title=\"Top 25 internationale flyttefirmaer online\">flyttefirma<\/a> kan v\u00e6re med til at mindske arbejdsbyrden. Nedenfor har vi samlet en liste over <a href=\"https:\/\/moverdb.com\/da\/moving-companies\/moving-companies-mauritius\/\" data-internallinksmanager029f6b8e52c=\"291\" title=\"6 bedste internationale flyttefirmaer i Mauritius\">Mauritius<\/a> baseret <a href=\"https:\/\/moverdb.com\/da\/international-removals\/\" data-internallinksmanager029f6b8e52c=\"27\" title=\"De 36 bedste internationale flyttefirmaer i Storbritannien\">flyttefirmaer<\/a> der er medlemmer af den <a href=\"https:\/\/moverdb.com\/da\/iam\/\" data-internallinksmanager029f6b8e52c=\"23\" title=\"International Association of Movers (IAM) Forklaret\">Den internationale sammenslutning af flyttefirmaer<\/a> (IAM) og\/eller <a href=\"https:\/\/moverdb.com\/da\/fidi-faim\/\" data-internallinksmanager029f6b8e52c=\"16\" title=\"FIDI &amp; FAIM (FIDI Accredited International Mover) forklaret\">FIDI<\/a> akkrediteret international flyttevirksomhed (FAIM), som kan hj\u00e6lpe dig med din flytning.<\/p>\n<h2><strong>Mudanzas Mundiales<\/strong><\/h2>\n<p><img loading=\"lazy\" decoding=\"async\" class=\"alignnone size-full wp-image-8834\" src=\"https:\/\/moverdb.com\/wp-content\/uploads\/Mudanzas-Mundiales-international-moving-company-1.png\" alt=\"Mudanzas Mundiales international flyttevirksomhed\" width=\"1440\" height=\"681\" data-wp-pid=\"8834\" srcset=\"https:\/\/moverdb.com\/wp-content\/uploads\/Mudanzas-Mundiales-international-moving-company-1.png 1440w, https:\/\/moverdb.com\/wp-content\/uploads\/Mudanzas-Mundiales-international-moving-company-1-300x142.png 300w, https:\/\/moverdb.com\/wp-content\/uploads\/Mudanzas-Mundiales-international-moving-company-1-1024x484.png 1024w, https:\/\/moverdb.com\/wp-content\/uploads\/Mudanzas-Mundiales-international-moving-company-1-18x9.png 18w, https:\/\/moverdb.com\/wp-content\/uploads\/Mudanzas-Mundiales-international-moving-company-1-600x284.png 600w\" sizes=\"auto, (max-width: 1440px) 100vw, 1440px\" \/><\/p>\n<ul>\n<li>Lokale og nationale flytninger<\/li>\n<li>Internationale flytninger<\/li>\n<li>Flytning af boliger<\/li>\n<li>Kommercielle flytninger<\/li>\n<li>D\u00f8r-til-d\u00f8r-tjenester<\/li>\n<li>Emballage service<\/li>\n<li>Toldm\u00e6glervirksomhed<\/li>\n<li>H\u00e5ndtering af kunstv\u00e6rker<\/li>\n<li>Overf\u00f8rsel af k\u00e6ledyr<\/li>\n<li>Opbevaringsfaciliteter<\/li>\n<\/ul>\n<p>Mudanzas Mundiales er et flytte-, logistik- og lagerfirma med over 60 \u00e5rs erfaring og har base i Barrio Altagracia og har ogs\u00e5 et sted i <a href=\"https:\/\/moverdb.com\/da\/moving-to-costa-rica\/\" data-internallinksmanager029f6b8e52c=\"427\" title=\"Flytter du til Costa Rica? 2026 Leveomkostninger og tips til flytning\">Costa Rica<\/a>. De har forbindelser med forretningspartnere rundt om i verden for at hj\u00e6lpe dem med at levere tjenester i andre lande, og de er medlem af IAM.<\/p>\n<p>Mudanzas Mundiales tilbyder et enkelt kontaktpunkt for d\u00f8r-til-d\u00f8r flytninger for at hj\u00e6lpe dig. De tilbyder en pakningsservice, der bruger materialer af h\u00f8jeste kvalitet til at beskytte dine ejendele, og de pakker ud og ordner m\u00f8blerne ved ankomsten. De s\u00f8rger for transport med fly, skib og landtransport med sporing af fragt og toldformidling.<\/p>\n<p>Hjemmeside: <a href=\"http:\/\/www.mudanzasmundiales.com\" target=\"_blank\" rel=\"noopener\">http:\/\/www.mudanzasmundiales.com<\/a><\/p>","protected":false},"excerpt":{"rendered":"<p>Are you planning a move to or from Nicaragua or within the country? Then the organisation and paperwork might be daunting, and you may want some support, this is where a moving company can help reduce the workload. Below we have compiled a list of Mauritius based removal companies that are members of the International [&hellip;]<\/p>\n","protected":false},"author":4,"featured_media":0,"parent":190,"menu_order":0,"comment_status":"closed","ping_status":"closed","template":"","meta":{"_genesis_hide_title":false,"_genesis_hide_breadcrumbs":false,"_genesis_hide_singular_image":false,"_genesis_hide_footer_widgets":false,"_genesis_custom_body_class":"","_genesis_custom_post_class":"","_genesis_layout":"","footnotes":""},"class_list":{"0":"post-8899","1":"page","2":"type-page","3":"status-publish","5":"entry","6":"has-post-thumbnail"},"_links":{"self":[{"href":"https:\/\/moverdb.com\/da\/wp-json\/wp\/v2\/pages\/8899","targetHints":{"allow":["GET"]}}],"collection":[{"href":"https:\/\/moverdb.com\/da\/wp-json\/wp\/v2\/pages"}],"about":[{"href":"https:\/\/moverdb.com\/da\/wp-json\/wp\/v2\/types\/page"}],"author":[{"embeddable":true,"href":"https:\/\/moverdb.com\/da\/wp-json\/wp\/v2\/users\/4"}],"replies":[{"embeddable":true,"href":"https:\/\/moverdb.com\/da\/wp-json\/wp\/v2\/comments?post=8899"}],"version-history":[{"count":1,"href":"https:\/\/moverdb.com\/da\/wp-json\/wp\/v2\/pages\/8899\/revisions"}],"predecessor-version":[{"id":8900,"href":"https:\/\/moverdb.com\/da\/wp-json\/wp\/v2\/pages\/8899\/revisions\/8900"}],"up":[{"embeddable":true,"href":"https:\/\/moverdb.com\/da\/wp-json\/wp\/v2\/pages\/190"}],"wp:attachment":[{"href":"https:\/\/moverdb.com\/da\/wp-json\/wp\/v2\/media?parent=8899"}],"curies":[{"name":"wp","href":"https:\/\/api.w.org\/{rel}","templated":true}]}}