{"id":8897,"date":"2023-04-27T14:33:01","date_gmt":"2023-04-27T14:33:01","guid":{"rendered":"https:\/\/moverdb.com\/?page_id=8897"},"modified":"2026-01-08T15:29:01","modified_gmt":"2026-01-08T15:29:01","slug":"moving-companies-norway","status":"publish","type":"page","link":"https:\/\/moverdb.com\/da\/moving-companies\/moving-companies-norway\/","title":{"rendered":"5 bedste internationale flyttefirmaer i Norge"},"content":{"rendered":"<p>Hvis du flytter hjem eller virksomhed inden for, til eller fra <a href=\"https:\/\/moverdb.com\/da\/moving-to-norway\/\" data-internallinksmanager029f6b8e52c=\"325\" title=\"Flytter du til Norge? 2026 Leveomkostninger og flyttetips\">Norge<\/a> s\u00e5 b\u00f8r du m\u00e5ske benytte dig af en <a href=\"https:\/\/moverdb.com\/da\/moving-companies\/\" data-internallinksmanager029f6b8e52c=\"79\" title=\"Top 25 internationale flyttefirmaer online\">flyttefirma<\/a> til at hj\u00e6lpe dig. De kan hj\u00e6lpe dig med at pakke, organisere transport og ordne papirarbejde. Nedenfor har vi samlet en liste over Norge-baserede <a href=\"https:\/\/moverdb.com\/da\/international-removals\/\" data-internallinksmanager029f6b8e52c=\"27\" title=\"De 36 bedste internationale flyttefirmaer i Storbritannien\">flyttefirmaer<\/a> der er medlemmer af den <a href=\"https:\/\/moverdb.com\/da\/iam\/\" data-internallinksmanager029f6b8e52c=\"23\" title=\"International Association of Movers (IAM) Forklaret\">Den internationale sammenslutning af flyttefirmaer<\/a> (IAM) og\/eller <a href=\"https:\/\/moverdb.com\/da\/fidi-faim\/\" data-internallinksmanager029f6b8e52c=\"16\" title=\"FIDI &amp; FAIM (FIDI Accredited International Mover) forklaret\">FIDI<\/a> akkrediteret international flyttevirksomhed (FAIM), som kan hj\u00e6lpe dig med din flytning.<\/p>\n<div id=\"ez-toc-container\" class=\"ez-toc-v2_0_83 ez-toc-wrap-left counter-hierarchy ez-toc-counter ez-toc-transparent ez-toc-container-direction\">\n<div class=\"ez-toc-title-container\">\n<p class=\"ez-toc-title\" style=\"cursor:inherit\">Sektioner<\/p>\n<span class=\"ez-toc-title-toggle\"><a href=\"#\" class=\"ez-toc-pull-right ez-toc-btn ez-toc-btn-xs ez-toc-btn-default ez-toc-toggle\" aria-label=\"Toggle indholdsfortegnelse\"><span class=\"ez-toc-js-icon-con\"><span class=\"\"><span class=\"eztoc-hide\" style=\"display:none;\">Toggle<\/span><span class=\"ez-toc-icon-toggle-span\"><svg style=\"fill: #999;color:#999\" xmlns=\"http:\/\/www.w3.org\/2000\/svg\" class=\"list-377408\" width=\"20px\" height=\"20px\" viewbox=\"0 0 24 24\" fill=\"none\"><path d=\"M6 6H4v2h2V6zm14 0H8v2h12V6zM4 11h2v2H4v-2zm16 0H8v2h12v-2zM4 16h2v2H4v-2zm16 0H8v2h12v-2z\" fill=\"currentColor\"><\/path><\/svg><svg style=\"fill: #999;color:#999\" class=\"arrow-unsorted-368013\" xmlns=\"http:\/\/www.w3.org\/2000\/svg\" width=\"10px\" height=\"10px\" viewbox=\"0 0 24 24\" version=\"1.2\" baseprofile=\"tiny\"><path d=\"M18.2 9.3l-6.2-6.3-6.2 6.3c-.2.2-.3.4-.3.7s.1.5.3.7c.2.2.4.3.7.3h11c.3 0 .5-.1.7-.3.2-.2.3-.5.3-.7s-.1-.5-.3-.7zM5.8 14.7l6.2 6.3 6.2-6.3c.2-.2.3-.5.3-.7s-.1-.5-.3-.7c-.2-.2-.4-.3-.7-.3h-11c-.3 0-.5.1-.7.3-.2.2-.3.5-.3.7s.1.5.3.7z\"\/><\/svg><\/span><\/span><\/span><\/a><\/span><\/div>\n<nav><ul class='ez-toc-list ez-toc-list-level-1 eztoc-toggle-hide-by-default' ><li class='ez-toc-page-1 ez-toc-heading-level-2'><a class=\"ez-toc-link ez-toc-heading-1\" href=\"https:\/\/moverdb.com\/da\/moving-companies\/moving-companies-norway\/#1_Adams_Express\" >1. Adams Express<\/a><\/li><li class='ez-toc-page-1 ez-toc-heading-level-2'><a class=\"ez-toc-link ez-toc-heading-2\" href=\"https:\/\/moverdb.com\/da\/moving-companies\/moving-companies-norway\/#2_Hakull\" >2. Hakull<\/a><\/li><li class='ez-toc-page-1 ez-toc-heading-level-2'><a class=\"ez-toc-link ez-toc-heading-3\" href=\"https:\/\/moverdb.com\/da\/moving-companies\/moving-companies-norway\/#3_NFB_International_Relocations\" >3. NFB's internationale flytninger<\/a><\/li><li class='ez-toc-page-1 ez-toc-heading-level-2'><a class=\"ez-toc-link ez-toc-heading-4\" href=\"https:\/\/moverdb.com\/da\/moving-companies\/moving-companies-norway\/#4_SIRVA\" >4. SIRVA<\/a><\/li><li class='ez-toc-page-1 ez-toc-heading-level-2'><a class=\"ez-toc-link ez-toc-heading-5\" href=\"https:\/\/moverdb.com\/da\/moving-companies\/moving-companies-norway\/#5_Vinjes\" >5. Vinjes<\/a><\/li><li class='ez-toc-page-1 ez-toc-heading-level-2'><a class=\"ez-toc-link ez-toc-heading-6\" href=\"https:\/\/moverdb.com\/da\/moving-companies\/moving-companies-norway\/#Other_Useful_Guides_to_Norway\" >Andre nyttige guider til Norge<\/a><\/li><\/ul><\/nav><\/div>\n<h2><span class=\"ez-toc-section\" id=\"1_Adams_Express\"><\/span><strong>1. Adams Express<\/strong><span class=\"ez-toc-section-end\"><\/span><\/h2>\n<p><img loading=\"lazy\" decoding=\"async\" class=\"alignnone size-full wp-image-8750\" src=\"https:\/\/moverdb.com\/wp-content\/uploads\/Adams-Express-international-moving-company.png\" alt=\"Adams Express international flyttevirksomhed\" width=\"1440\" height=\"674\" data-wp-pid=\"8750\" srcset=\"https:\/\/moverdb.com\/wp-content\/uploads\/Adams-Express-international-moving-company.png 1440w, https:\/\/moverdb.com\/wp-content\/uploads\/Adams-Express-international-moving-company-300x140.png 300w, https:\/\/moverdb.com\/wp-content\/uploads\/Adams-Express-international-moving-company-1024x479.png 1024w, https:\/\/moverdb.com\/wp-content\/uploads\/Adams-Express-international-moving-company-18x8.png 18w, https:\/\/moverdb.com\/wp-content\/uploads\/Adams-Express-international-moving-company-600x281.png 600w\" sizes=\"auto, (max-width: 1440px) 100vw, 1440px\" \/><\/p>\n<ul>\n<li>Nationale flytninger<\/li>\n<li>Internationale flytninger<\/li>\n<li>Flytning af husholdninger<\/li>\n<li>Flytning af kontorer<\/li>\n<li>Emballage service<\/li>\n<li>Tilrettel\u00e6ggelse af transport<\/li>\n<li>Toldklarering<\/li>\n<li>H\u00e5ndtering af kunst<\/li>\n<li>Forsikring<\/li>\n<li>Kort- og langtidsopbevaring<\/li>\n<\/ul>\n<p>Adams Express er en flytte-, lager- og logistikvirksomhed med afdelinger i Bergen, Oslo og Stavanger. De har et omfattende netv\u00e6rk af agenter over hele verden, som kan hj\u00e6lpe dem med internationale tjenester. De er medlem af IAM med 125 \u00e5rs jubil\u00e6um og er akkrediteret af FIDI.<\/p>\n<p>Adams Express tilbyder flytteydelser fra sm\u00e5 forsendelser til store kontrakter. De tilbyder en d\u00f8r-til-d\u00f8r-service, som omfatter inspektion af dine genstande og planl\u00e6gning af flytningen. De tilbyder en pakningsservice for at beskytte dine ejendele og pakker ud ved ankomsten. De transporterer dine ejendele til din destination og hj\u00e6lper dig med toldklarering og forsikring.<\/p>\n<p>Hjemmeside: <a href=\"http:\/\/www.adamsexpress.no\" target=\"_blank\" rel=\"noopener\">http:\/\/www.adamsexpress.no<\/a><\/p>\n<h2><span class=\"ez-toc-section\" id=\"2_Hakull\"><\/span><strong>2. Hakull<\/strong><span class=\"ez-toc-section-end\"><\/span><\/h2>\n<p><img loading=\"lazy\" decoding=\"async\" class=\"alignnone size-full wp-image-8812\" src=\"https:\/\/moverdb.com\/wp-content\/uploads\/Hakull-international-moving-company.png\" alt=\"Hakull international flyttefirma\" width=\"1440\" height=\"680\" data-wp-pid=\"8812\" srcset=\"https:\/\/moverdb.com\/wp-content\/uploads\/Hakull-international-moving-company.png 1440w, https:\/\/moverdb.com\/wp-content\/uploads\/Hakull-international-moving-company-300x142.png 300w, https:\/\/moverdb.com\/wp-content\/uploads\/Hakull-international-moving-company-1024x484.png 1024w, https:\/\/moverdb.com\/wp-content\/uploads\/Hakull-international-moving-company-18x9.png 18w, https:\/\/moverdb.com\/wp-content\/uploads\/Hakull-international-moving-company-600x283.png 600w\" sizes=\"auto, (max-width: 1440px) 100vw, 1440px\" \/><\/p>\n<ul>\n<li>Lokale og nationale flytninger<\/li>\n<li>Internationale flytninger<\/li>\n<li>Flytning af husholdninger<\/li>\n<li>Flytning af kontorer<\/li>\n<li>Flytningstjenester<\/li>\n<li>D\u00f8r-til-d\u00f8r-service<\/li>\n<li>Emballage service<\/li>\n<li>Vej-, s\u00f8- og luftfragt<\/li>\n<li>Toldklarering<\/li>\n<li>Opbevaringsfaciliteter<\/li>\n<\/ul>\n<p>Hakull er en international transport- og flyttevirksomhed, der blev grundlagt i 1946 og har afdelinger i Sandes, Kristiansand, Oslo og Norresundby. De er medlem af IAM med 77 \u00e5r p\u00e5 bagen og er akkrediteret af FIDI.<\/p>\n<p>Hakull tilbyder flytning af en r\u00e6kke forskellige varer, herunder m\u00f8bler og alt andet i dit hjem, med d\u00f8r-til-d\u00f8r-service. De tilbyder en pakningsservice for at beskytte dine ejendele under transporten. De tilbyder transport med vej-, s\u00f8- eller luftfragt, som omfatter et udvalg af containere s\u00e5som fulde og mindre end fulde containerladninger. De hj\u00e6lper med toldklarering og kan tilbyde opbevaring, hvis det er n\u00f8dvendigt, med forsikring.<\/p>\n<p>Hjemmeside: <a href=\"http:\/\/www.haakull.no\" target=\"_blank\" rel=\"noopener\">http:\/\/www.haakull.no<\/a><\/p>\n<h2><span class=\"ez-toc-section\" id=\"3_NFB_International_Relocations\"><\/span><strong>3. NFB's internationale flytninger<\/strong><span class=\"ez-toc-section-end\"><\/span><\/h2>\n<p><img loading=\"lazy\" decoding=\"async\" class=\"alignnone size-full wp-image-8837\" src=\"https:\/\/moverdb.com\/wp-content\/uploads\/NFB-International-Relocations-company.png\" alt=\"NFB International Relocations virksomhed\" width=\"1440\" height=\"677\" data-wp-pid=\"8837\" srcset=\"https:\/\/moverdb.com\/wp-content\/uploads\/NFB-International-Relocations-company.png 1440w, https:\/\/moverdb.com\/wp-content\/uploads\/NFB-International-Relocations-company-300x141.png 300w, https:\/\/moverdb.com\/wp-content\/uploads\/NFB-International-Relocations-company-1024x481.png 1024w, https:\/\/moverdb.com\/wp-content\/uploads\/NFB-International-Relocations-company-18x8.png 18w, https:\/\/moverdb.com\/wp-content\/uploads\/NFB-International-Relocations-company-600x282.png 600w\" sizes=\"auto, (max-width: 1440px) 100vw, 1440px\" \/><\/p>\n<ul>\n<li>Nationale flytninger<\/li>\n<li>Internationale flytninger<\/li>\n<li>Flytning af husholdninger<\/li>\n<li>Flytning af virksomheder<\/li>\n<li>Emballage service<\/li>\n<li>Vej-, s\u00f8- og lufttransport<\/li>\n<li>Handyman- og reng\u00f8ringstjenester<\/li>\n<li>S\u00f8gning i hjem og skole<\/li>\n<li>Forsikring af forsendelser<\/li>\n<li>Kort- og langtidsopbevaring<\/li>\n<\/ul>\n<p>NFB International Relocations er et internationalt flyttefirma med base i Skui. De arbejder sammen med et globalt netv\u00e6rk af professionelle flyttefirmaer i 150 lande i hele verden for at levere internationale tjenester. De er medlem af IAM med 15 \u00e5rs erfaring og er akkrediteret af FIDI.<\/p>\n<p>NFB International Relocations tilbyder d\u00f8r-til-d\u00f8r flytningsservice, der starter med en unders\u00f8gelse f\u00f8r flytningen. De tilbyder en bred vifte af flyttetjenester, herunder pakning, transport inden for Norge, Europa og internationalt, flyttestyring, h\u00e5ndv\u00e6rker- og reng\u00f8ringsservice, opbevaring og forsikring. De tilbyder flytningsservice, som omfatter hus- og skoles\u00f8gning, immigration og visa, orientering og hj\u00e6lp til registrering af lokale tjenester.<\/p>\n<p>Hjemmeside: <a href=\"http:\/\/www.nfbir.com\" target=\"_blank\" rel=\"noopener\">http:\/\/www.nfbir.com<\/a><\/p>\n<h2><span class=\"ez-toc-section\" id=\"4_SIRVA\"><\/span><strong>4. SIRVA<\/strong><span class=\"ez-toc-section-end\"><\/span><\/h2>\n<p><img loading=\"lazy\" decoding=\"async\" class=\"alignnone size-full wp-image-8859\" src=\"https:\/\/moverdb.com\/wp-content\/uploads\/SIRVA-Norway-international-moving-company.png\" alt=\"SIRVA Norge international flyttevirksomhed\" width=\"1440\" height=\"681\" data-wp-pid=\"8859\" srcset=\"https:\/\/moverdb.com\/wp-content\/uploads\/SIRVA-Norway-international-moving-company.png 1440w, https:\/\/moverdb.com\/wp-content\/uploads\/SIRVA-Norway-international-moving-company-300x142.png 300w, https:\/\/moverdb.com\/wp-content\/uploads\/SIRVA-Norway-international-moving-company-1024x484.png 1024w, https:\/\/moverdb.com\/wp-content\/uploads\/SIRVA-Norway-international-moving-company-18x9.png 18w, https:\/\/moverdb.com\/wp-content\/uploads\/SIRVA-Norway-international-moving-company-600x284.png 600w\" sizes=\"auto, (max-width: 1440px) 100vw, 1440px\" \/><\/p>\n<ul>\n<li>Nationale flytninger<\/li>\n<li>Internationale flytninger<\/li>\n<li>Flytning af husholdninger<\/li>\n<li>Kommercielle flytninger<\/li>\n<li>End-to-end-forvaltning<\/li>\n<li>Flytningseksperter til at vejlede dig<\/li>\n<li>Et enkelt kontaktpunkt<\/li>\n<li>Valg af emballagemuligheder<\/li>\n<li>Arrangement af transport<\/li>\n<li>Opbevaringsfaciliteter<\/li>\n<\/ul>\n<p>SIRVA er en global leverand\u00f8r af flytte- og relocationstjenester, der har 77 lokationer i over 190 lande med kontorer i Oslo og Stavanger. Deres flyttebrands omfatter SIRVA, Allied, North American Van Lines, SMARTBOX og flere andre. De er medlem af IAM med 46 \u00e5rs erfaring og er akkrediteret af FIDI.<\/p>\n<p>SIRVA bruger avancerede v\u00e6rkt\u00f8jer og l\u00f8sninger til at levere deres tjenester. De tilbyder komplette flyttetjenester eller g\u00f8r-det-selv-flytningstjenester. De har specialiseret sig i at levere tjenester til virksomheder, der flytter medarbejdere individuelt eller i grupper. De stiller flytteeksperter til r\u00e5dighed, som kan guide dig gennem processen og v\u00e6re et enkelt kontaktpunkt.<\/p>\n<p>Hjemmeside: <a href=\"http:\/\/www.teamrelocations.com\" target=\"_blank\" rel=\"noopener\">http:\/\/www.teamrelocations.com<\/a><\/p>\n<h2><span class=\"ez-toc-section\" id=\"5_Vinjes\"><\/span><strong>5. Vinjes<\/strong><span class=\"ez-toc-section-end\"><\/span><\/h2>\n<p><img loading=\"lazy\" decoding=\"async\" class=\"alignnone size-full wp-image-8874\" src=\"https:\/\/moverdb.com\/wp-content\/uploads\/Vinjes-international-moving-company.png\" alt=\"Vinjes internationale flyttefirma\" width=\"1440\" height=\"681\" data-wp-pid=\"8874\" srcset=\"https:\/\/moverdb.com\/wp-content\/uploads\/Vinjes-international-moving-company.png 1440w, https:\/\/moverdb.com\/wp-content\/uploads\/Vinjes-international-moving-company-300x142.png 300w, https:\/\/moverdb.com\/wp-content\/uploads\/Vinjes-international-moving-company-1024x484.png 1024w, https:\/\/moverdb.com\/wp-content\/uploads\/Vinjes-international-moving-company-18x9.png 18w, https:\/\/moverdb.com\/wp-content\/uploads\/Vinjes-international-moving-company-600x284.png 600w\" sizes=\"auto, (max-width: 1440px) 100vw, 1440px\" \/><\/p>\n<ul>\n<li>Nationale flytninger<\/li>\n<li>Internationale flytninger<\/li>\n<li>Flytning af husholdninger<\/li>\n<li>Flytning af kontorer<\/li>\n<li>Valg af emballagemuligheder<\/li>\n<li>Emballage service<\/li>\n<li>Arrangement af transport<\/li>\n<li>Udlejning af trailere<\/li>\n<li>Forsikring<\/li>\n<li>Opbevaringsfaciliteter<\/li>\n<\/ul>\n<p>Vinjes er en transportvirksomhed, der blev grundlagt i 1889, og som tilbyder flytte- og opbevaringstjenester, og som er baseret i Tiller. De arbejder sammen med andre p\u00e5lidelige flyttefirmaer for at hj\u00e6lpe dem med at levere internationale tjenester. De er medlem af IAM med 134 \u00e5r p\u00e5 bagen.<\/p>\n<p>Vinjes tilbyder et udvalg af flyttemuligheder, som omfatter g\u00f8r-det-selv-pakning og leje af trailer, delvis pakning og fuld pakningsservice. Deres pakningsservice omfatter sikker indpakning af dine ejendele i passende emballagematerialer og udpakning p\u00e5 din nye adresse. De tilbyder ogs\u00e5 forsikring af indholdet under flytningen og opbevaringsfaciliteter, hvis det er n\u00f8dvendigt.<\/p>\n<p>Hjemmeside: <a href=\"http:\/\/www.vinjes.no\" target=\"_blank\" rel=\"noopener\">http:\/\/www.vinjes.no<\/a><\/p>\n<h2><span class=\"ez-toc-section\" id=\"Other_Useful_Guides_to_Norway\"><\/span>Andre nyttige guider til Norge<span class=\"ez-toc-section-end\"><\/span><\/h2>\n<ul>\n<li> <a href=\"https:\/\/moverdb.com\/da\/containerforsendelse\/norge\/\">2024 S\u00f8transportpriser for containere til og fra Norge<\/a><\/li>\n<li> <a href=\"https:\/\/moverdb.com\/da\/moving-to-norway\/\">Flytter du til Norge? 2026 Leveomkostninger og flyttetips<\/a><\/li>\n<li> <a href=\"https:\/\/moverdb.com\/da\/moving-to-norway\/best-places-to-live-norway\/\">De 13 bedste steder at bo i Norge<\/li>\n<li> <a href=\"https:\/\/moverdb.com\/da\/moving-to-norway\/living-in-norway\/\">21 hemmeligheder om at bo i Norge, som du b\u00f8r kende, f\u00f8r du flytter<\/a><\/li>\n<\/ul>","protected":false},"excerpt":{"rendered":"<p>If you are moving home or business within, to or from Norway then you may want to employ the services of a moving company to assist you. They can help you with packing, organising transportation and sorting out paperwork. Below we have compiled a list of Norway based removal companies that are members of the [&hellip;]<\/p>\n","protected":false},"author":4,"featured_media":0,"parent":190,"menu_order":0,"comment_status":"closed","ping_status":"closed","template":"","meta":{"_genesis_hide_title":false,"_genesis_hide_breadcrumbs":false,"_genesis_hide_singular_image":false,"_genesis_hide_footer_widgets":false,"_genesis_custom_body_class":"","_genesis_custom_post_class":"","_genesis_layout":"","footnotes":""},"class_list":{"0":"post-8897","1":"page","2":"type-page","3":"status-publish","5":"entry","6":"has-post-thumbnail"},"_links":{"self":[{"href":"https:\/\/moverdb.com\/da\/wp-json\/wp\/v2\/pages\/8897","targetHints":{"allow":["GET"]}}],"collection":[{"href":"https:\/\/moverdb.com\/da\/wp-json\/wp\/v2\/pages"}],"about":[{"href":"https:\/\/moverdb.com\/da\/wp-json\/wp\/v2\/types\/page"}],"author":[{"embeddable":true,"href":"https:\/\/moverdb.com\/da\/wp-json\/wp\/v2\/users\/4"}],"replies":[{"embeddable":true,"href":"https:\/\/moverdb.com\/da\/wp-json\/wp\/v2\/comments?post=8897"}],"version-history":[{"count":2,"href":"https:\/\/moverdb.com\/da\/wp-json\/wp\/v2\/pages\/8897\/revisions"}],"predecessor-version":[{"id":17049,"href":"https:\/\/moverdb.com\/da\/wp-json\/wp\/v2\/pages\/8897\/revisions\/17049"}],"up":[{"embeddable":true,"href":"https:\/\/moverdb.com\/da\/wp-json\/wp\/v2\/pages\/190"}],"wp:attachment":[{"href":"https:\/\/moverdb.com\/da\/wp-json\/wp\/v2\/media?parent=8897"}],"curies":[{"name":"wp","href":"https:\/\/api.w.org\/{rel}","templated":true}]}}