{"id":889,"date":"2016-09-03T15:17:39","date_gmt":"2016-09-03T15:17:39","guid":{"rendered":"http:\/\/moverdb.com\/?page_id=889"},"modified":"2026-01-08T15:20:33","modified_gmt":"2026-01-08T15:20:33","slug":"pss-removals","status":"publish","type":"page","link":"https:\/\/moverdb.com\/da\/pss-removals\/","title":{"rendered":"PSS International Removals: Flyttetjenester og anmeldelser"},"content":{"rendered":"<p>PSS <a href=\"https:\/\/moverdb.com\/da\/international-removals\/\" data-internallinksmanager029f6b8e52c=\"27\" title=\"De 36 bedste internationale flyttefirmaer i Storbritannien\">Internationale flytninger<\/a> har flyttet folk til udlandet i over 34 \u00e5r. Nedenfor er de forskellige tjenester, som de tilbyder, anf\u00f8rt.<\/p>\n<p><strong>Internationale flytninger<\/strong><\/p>\n<ul>\n<li> Skr\u00e6ddersyet service til de fleste lande<\/li>\n<li> Udpeget koordinator for international flytning<\/li>\n<li> Professionelle pakkerier eller mulighed for at pakke selv<\/li>\n<li> D\u00f8r til d\u00f8r-service<\/li>\n<li> Forsikring arrangeret<\/li>\n<li> R\u00e5dgivning om alle aspekter af destinationslandet<\/li>\n<\/ul>\n<p><strong>Migrationstjenester<\/strong><br \/>\n<strong>Toldoplysninger\/dokumentation<\/strong><\/p>\n<p><strong><a href=\"https:\/\/moverdb.com\/da\/containerforsendelse\/\">International forsendelse<\/a><\/strong><\/p>\n<ul>\n<li> S\u00f8fragt eller ekspresluftfragt<\/li>\n<li> Forsikring arrangeret<\/li>\n<\/ul>\n<p><strong>Express Overseas Parcel Service<\/strong><\/p>\n<ul>\n<li> Ekspreslevering fra d\u00f8r til d\u00f8r af pakker til varer med akut behov<\/li>\n<\/ul>\n<p><strong>Overskydende bagage<\/strong><\/p>\n<ul>\n<li> Vejgods (inden for Europa) S\u00f8fragt eller ekspresluftfragt<\/li>\n<li> Selvpakkende<\/li>\n<li> Pakket til dig<\/li>\n<li> Forsikring arrangeret<\/li>\n<\/ul>\n<p><strong><a href=\"https:\/\/moverdb.com\/da\/car-transport-shipping\/\" data-internallinksmanager029f6b8e52c=\"2\" title=\"2026 tilbud p\u00e5 international biltransport og forsendelse af k\u00f8ret\u00f8jer\">Biltransport<\/a><\/strong><\/p>\n<ul>\n<li> Send bilen separat<\/li>\n<li> Send bilen i samme container som dine ejendele<\/li>\n<li> Forsikring arrangeret<\/li>\n<\/ul>\n<h2>PSS International Removals virksomhedsprofil<\/h2>\n<p>PSS International Removals har v\u00e6ret involveret i overs\u00f8iske flytninger i over 34 \u00e5r. Virksomheden koncentrerer sig om flytninger til udlandet og udf\u00f8rer ikke flytninger inden for <a href=\"https:\/\/moverdb.com\/da\/moving-to-the-uk\/\" data-internallinksmanager029f6b8e52c=\"93\" title=\"Flytter du til Det Forenede Kongerige? 2022 Leveomkostninger og flyttetips\">UK<\/a>. <\/p>\n<p>PSS International Removals sender varer fra en enkelt karton til en stor husstand eller endda store virksomhedsflytninger. Ingen flytning er for kompliceret eller for stor eller lille.<\/p>\n<p>Alle medarbejdere er uddannet i eksportprocedurer, og de samarbejder kun med de bedste professionelle flyttefirmaer i udlandet for at levere den skr\u00e6ddersyede service, de lover. De er en af Storbritanniens st\u00f8rste <a href=\"https:\/\/moverdb.com\/da\/internationale-flytninger\/\">internationale flyttefirmaer<\/a> og flyttede 4.536 kunder til udlandet i l\u00f8bet af 2015.<\/p>\n<p>PSS International har f\u00f8lgende akkrediteringer og tilknytninger:<\/p>\n<ul>\n<li> <a href=\"https:\/\/moverdb.com\/da\/british-association-of-removers\/\">Den britiske sammenslutning af flyttefirmaer<\/a> (<a href=\"https:\/\/moverdb.com\/da\/british-association-of-removers\/\" data-internallinksmanager029f6b8e52c=\"9\" title=\"British Association of Removers (BAR) Forklaret\">BAR<\/a>)<\/li>\n<li> <a href=\"https:\/\/moverdb.com\/da\/bar-overseas\/\">Den britiske sammenslutning af flyttefolk i udlandet<\/a><\/li>\n<li> <a href=\"https:\/\/moverdb.com\/da\/fidi-faim\/\">FIDI<\/a><\/li>\n<li> <a href=\"https:\/\/moverdb.com\/da\/fidi-faim\/\" data-internallinksmanager029f6b8e52c=\"16\" title=\"FIDI &amp; FAIM (FIDI Accredited International Mover) forklaret\">FAIM<\/a><\/li>\n<\/ul>\n<p><strong>PSS International Removals Anmeldelser<\/strong><\/p>\n<p><strong>Positiv<\/strong><\/p>\n<ul>\n<li> <em>\"Alle var s\u00e5 hj\u00e6lpsomme og virkelig professionelle. Jeg kunne ikke forestille mig, at denne dag kunne g\u00e5 bedre og mere gnidningsl\u00f8st. Jeg var s\u00e5 stresset, og de form\u00e5ede at opmuntre <a href=\"https:\/\/moverdb.com\/da\/moving-to-the-united-states\/\" data-internallinksmanager029f6b8e52c=\"94\" title=\"Flytter du til USA? 2022 Leveomkostninger og flyttetips\">os<\/a> op. Virkelig professionelle og s\u00f8de, venlige mennesker.Jeg er virkelig imponeret.\"<\/em> - Ania via <a href=\"https:\/\/www.pssremovals.com\/reviews\" target=\"_blank\" rel=\"noopener\">PSS Removals kundeanmeldelser<\/a><\/li>\n<li> <em>\"Vi brugte PSS efter en anbefaling fra venner. Vi havde en 20-fods container til eksklusiv brug til <a href=\"https:\/\/moverdb.com\/da\/moving-to-australia\/living-in-australia\/\" data-internallinksmanager029f6b8e52c=\"240\" title=\"21 hemmeligheder om at bo i Australien, som du skal vide, f\u00f8r du flytter\">Australien<\/a>. Holdet, der kom og pakkede vores hus ned, var fantastisk - de arbejdede s\u00e5 hurtigt. Der var tidspunkter, da vores ejendele var p\u00e5 vej, hvor jeg gik i panik over, hvad der ville g\u00e5 i stykker eller blive beskadiget, men vores ting ankom i sidste uge, og alt ser ud som det gjorde, da de blev pakket.\"<\/em> - Zoe via <a href=\"http:\/\/www.mymovingreviews.com\/movers\/pss-international-removals-1788#57593\" target=\"_blank\" rel=\"noopener\">MyMovingReviews.com<\/a> <\/li>\n<li> <em>\"Fra start til slut kunne jeg ikke v\u00e6re mere tilfreds med servicen, da de havde et fremragende setup og var hj\u00e6lpsomme og venlige hele vejen igennem, hvilket siger noget, n\u00e5r man t\u00e6nker p\u00e5, at vi nok var de mest uorganiserede og stressede mennesker, der nogensinde har flyttet.\"<\/em> - Michelle via <a href=\"http:\/\/www.removalreviews.co.uk\/movingreviews\/good-company-8764\" target=\"_blank\" rel=\"noopener\">Anmeldelser af flytning<\/a> <\/li>\n<\/ul>\n<p><strong>Negativ<\/strong><\/p>\n<ul>\n<li> <em>\"Jeg havde anmodet om at flytte husholdningsartikler fra Storbritannien til USA. Selv om jeg havde givet et meget kort varsel og ikke rigtig havde udfyldt formularerne i tide, er jeg IKKE GL\u00c6DELIG over at blive opkr\u00e6vet 400 US dollars ekstra p\u00e5 bestemmelsesstedet for den tilf\u00e6ldige r\u00f8ntgenscanning i tolden og den forsinkede ankomst efter 4 m\u00e5neder, hvilket inkluderer opbevaringsperioden.\"<\/em> - Sanjay via <a href=\"http:\/\/www.mymovingreviews.com\/movers\/pss-international-removals-1788#57002\" target=\"_blank\" rel=\"noopener\">MyMovingReviews.com<\/a><\/li>\n<li> \"<em>Virksomheden er der bare for at frar\u00f8ve folk deres penge!!!!!!\"<\/em> - Amir via <a href=\"http:\/\/www.removalreviews.co.uk\/movingreviews\/straight-up-con-6619\" target=\"_blank\" rel=\"noopener\">Anmeldelser af flytning<\/a> <\/li>\n<\/ul>\n<div itemprop=\"review\" itemscope itemtype=\"http:\/\/schema.org\/Review\">\n<span itemprop=\"author\" itemscope=\"\" itemtype=\"http:\/\/schema.org\/Organization\"><span itemprop=\"name\">MoverDB.com<\/span><\/span> Online website anmeldelse for <span itemprop=\"itemreviewed\" itemscope=\"\" itemtype=\"http:\/\/schema.org\/Brand\"><span itemprop=\"name\">PSS Internationale flytninger<\/span><\/span>:<\/p>\n<ol>\n<li> Tydelige kontaktoplysninger p\u00e5 webstedet (herunder telefonnummer): <strong>Ja<\/strong><\/li>\n<li> Let at f\u00e5 <a href=\"https:\/\/moverdb.com\/da\/citater\/\">citater for internationale flytninger<\/a>? (Formular til anmodning om online overslag): <strong>Ja<\/strong><\/li>\n<li> Klare oplysninger p\u00e5 webstedet: <strong>Ja,<\/strong> masser af detaljerede oplysninger om hver enkelt destination.<\/li>\n<li> Medlemskab af internationalt anerkendte flytteorganisationer: <strong>Ja<\/strong>, se ovenfor.<\/li>\n<li> Liste over kunder og\/eller tidligere kundeudtalelser: <strong>Ja,<\/strong> de har en side med kundeanmeldelser, og de f\u00e5r generelt positive anmeldelser p\u00e5 andre websteder.<\/li>\n<\/ol>\n<div itemprop=\"reviewRating\" itemscope itemtype=\"http:\/\/schema.org\/Rating\"><meta itemprop=\"worstRating\" content = \"0\" \/><meta itemprop=\"bestRating\" content=\"5\" \/><meta itemprop=\"ratingValue\" content=\"5\"><\/div>\n<p><strong>Samlet score: 5\/5<\/strong><br \/>\n<strong>Dato for gennemgang:<\/strong> <span itemprop=\"datePublished\" content=\"2016-09-03\">03\/09\/2016<\/span>\n<\/div>\n<p>Mere om <a href=\"https:\/\/moverdb.com\/da\/flyttefirmaer\/\">internationale flyttefirmaer<\/a> og vores <a href=\"https:\/\/moverdb.com\/da\/anmeldelser\/\">gennemgangsproces<\/a>.<\/p>\n<p><strong>Hjemmeside:<\/strong> <a href=\"https:\/\/www.pssremovals.com\" target=\"_blank\" rel=\"noopener\">https:\/\/www.pssremovals.com<\/a>.<\/p>","protected":false},"excerpt":{"rendered":"<p>PSS International Removals has been moving people abroad for over 34 years. Listed below are the various services they offer. International Removals Bespoke service to most countries Designated international move co-ordinator Professional packers or self-pack option Door to door service Insurance arranged Advice on every aspect of destination country Migration Services Customs Information\/Documentation International Shipping [&hellip;]<\/p>\n","protected":false},"author":1,"featured_media":0,"parent":0,"menu_order":0,"comment_status":"closed","ping_status":"closed","template":"","meta":{"_genesis_hide_title":false,"_genesis_hide_breadcrumbs":false,"_genesis_hide_singular_image":false,"_genesis_hide_footer_widgets":false,"_genesis_custom_body_class":"","_genesis_custom_post_class":"","_genesis_layout":"","footnotes":""},"class_list":{"0":"post-889","1":"page","2":"type-page","3":"status-publish","5":"entry"},"_links":{"self":[{"href":"https:\/\/moverdb.com\/da\/wp-json\/wp\/v2\/pages\/889","targetHints":{"allow":["GET"]}}],"collection":[{"href":"https:\/\/moverdb.com\/da\/wp-json\/wp\/v2\/pages"}],"about":[{"href":"https:\/\/moverdb.com\/da\/wp-json\/wp\/v2\/types\/page"}],"author":[{"embeddable":true,"href":"https:\/\/moverdb.com\/da\/wp-json\/wp\/v2\/users\/1"}],"replies":[{"embeddable":true,"href":"https:\/\/moverdb.com\/da\/wp-json\/wp\/v2\/comments?post=889"}],"version-history":[{"count":4,"href":"https:\/\/moverdb.com\/da\/wp-json\/wp\/v2\/pages\/889\/revisions"}],"predecessor-version":[{"id":6230,"href":"https:\/\/moverdb.com\/da\/wp-json\/wp\/v2\/pages\/889\/revisions\/6230"}],"wp:attachment":[{"href":"https:\/\/moverdb.com\/da\/wp-json\/wp\/v2\/media?parent=889"}],"curies":[{"name":"wp","href":"https:\/\/api.w.org\/{rel}","templated":true}]}}