{"id":8883,"date":"2023-04-27T14:40:02","date_gmt":"2023-04-27T14:40:02","guid":{"rendered":"https:\/\/moverdb.com\/?page_id=8883"},"modified":"2026-01-08T15:30:10","modified_gmt":"2026-01-08T15:30:10","slug":"moving-companies-namibia","status":"publish","type":"page","link":"https:\/\/moverdb.com\/da\/moving-companies\/moving-companies-namibia\/","title":{"rendered":"Bedste internationale flyttefirmaer i Namibia"},"content":{"rendered":"<p>Det kan v\u00e6re sv\u00e6rt at flytte, uanset om du planl\u00e6gger en flytning i, til eller fra Namibia, s\u00e5 det kan hj\u00e6lpe dig med at g\u00f8re processen lettere at involvere en flyttetjeneste. Nedenfor har vi samlet en liste over Namibia-baserede <a href=\"https:\/\/moverdb.com\/da\/international-removals\/\" data-internallinksmanager029f6b8e52c=\"27\" title=\"De 36 bedste internationale flyttefirmaer i Storbritannien\">flyttefirmaer<\/a> der er medlemmer af den <a href=\"https:\/\/moverdb.com\/da\/iam\/\" data-internallinksmanager029f6b8e52c=\"23\" title=\"International Association of Movers (IAM) Forklaret\">Den internationale sammenslutning af flyttefirmaer<\/a> (IAM) og\/eller <a href=\"https:\/\/moverdb.com\/da\/fidi-faim\/\" data-internallinksmanager029f6b8e52c=\"16\" title=\"FIDI &amp; FAIM (FIDI Accredited International Mover) forklaret\">FIDI<\/a> Accredited International Mover (FAIM), som kan hj\u00e6lpe dig med din flytning.<\/p>\n<h2><strong>Stuttaford Van Lines<\/strong><\/h2>\n<p><img loading=\"lazy\" decoding=\"async\" class=\"alignnone size-full wp-image-8861\" src=\"https:\/\/moverdb.com\/wp-content\/uploads\/Stuttaford-Van-Lines-Namibia-international-moving-company.png\" alt=\"Stuttaford Van Lines Namibia international flyttevirksomhed\" width=\"1440\" height=\"683\" data-wp-pid=\"8861\" srcset=\"https:\/\/moverdb.com\/wp-content\/uploads\/Stuttaford-Van-Lines-Namibia-international-moving-company.png 1440w, https:\/\/moverdb.com\/wp-content\/uploads\/Stuttaford-Van-Lines-Namibia-international-moving-company-300x142.png 300w, https:\/\/moverdb.com\/wp-content\/uploads\/Stuttaford-Van-Lines-Namibia-international-moving-company-1024x486.png 1024w, https:\/\/moverdb.com\/wp-content\/uploads\/Stuttaford-Van-Lines-Namibia-international-moving-company-18x9.png 18w, https:\/\/moverdb.com\/wp-content\/uploads\/Stuttaford-Van-Lines-Namibia-international-moving-company-600x285.png 600w\" sizes=\"auto, (max-width: 1440px) 100vw, 1440px\" \/><\/p>\n<ul>\n<li>Nationale flytninger<\/li>\n<li>Internationale flytninger<\/li>\n<li>Flytning af husholdninger<\/li>\n<li>Firma- og kontorflytninger<\/li>\n<li>Emballage service<\/li>\n<li>Arrangement af transport<\/li>\n<li>Emballage til kunstnerisk brug<\/li>\n<li>Overf\u00f8rsel af k\u00f8ret\u00f8jer<\/li>\n<li>Forsikring<\/li>\n<li>Opbevaringsfaciliteter<\/li>\n<\/ul>\n<p>Stuttaford Van Lines er en <a href=\"https:\/\/moverdb.com\/da\/moving-companies\/\" data-internallinksmanager029f6b8e52c=\"79\" title=\"Top 25 internationale flyttefirmaer online\">internationalt flyttefirma<\/a> etableret i 1857 og har 14 kontorer i det sydlige Afrika, herunder Windhoek i Namibia. De har et betroet globalt netv\u00e6rk af flyttepartnere, der st\u00f8tter dem i leveringen af deres tjenester internationalt. De er medlem af IAM med 34 \u00e5rs erfaring og er akkrediteret af FIDI.<\/p>\n<p>Stuttaford Van Lines vejleder dig gennem alle trin af din flytning og tildeler dig et enkelt kontaktpunkt. Din rejse starter med en unders\u00f8gelse f\u00f8r flytningen. De tilbyder en pakningsservice, hvor de anvender beskyttende afd\u00e6kninger og emballage samt udarbejder en detaljeret fortegnelse. De s\u00f8rger for transport, pakker ud og samler m\u00f8blerne igen p\u00e5 din destination.<\/p>\n<p>Hjemmeside: <a href=\"http:\/\/www.stuttafordvanlines.co.za\/branches\/windhoek\" target=\"_blank\" rel=\"noopener\">http:\/\/www.stuttafordvanlines.co.za\/branches\/windhoek<\/a><\/p>","protected":false},"excerpt":{"rendered":"<p>Moving can be a difficult time whether you are planning a move within, to or from Namibia, so involving a moving service can assist you in making the process easier. Below we have compiled a list of Namibia based removal companies that are members of the International Association of Movers (IAM) and\/or FIDI Accredited International [&hellip;]<\/p>\n","protected":false},"author":4,"featured_media":0,"parent":190,"menu_order":0,"comment_status":"closed","ping_status":"closed","template":"","meta":{"_genesis_hide_title":false,"_genesis_hide_breadcrumbs":false,"_genesis_hide_singular_image":false,"_genesis_hide_footer_widgets":false,"_genesis_custom_body_class":"","_genesis_custom_post_class":"","_genesis_layout":"","footnotes":""},"class_list":{"0":"post-8883","1":"page","2":"type-page","3":"status-publish","5":"entry","6":"has-post-thumbnail"},"_links":{"self":[{"href":"https:\/\/moverdb.com\/da\/wp-json\/wp\/v2\/pages\/8883","targetHints":{"allow":["GET"]}}],"collection":[{"href":"https:\/\/moverdb.com\/da\/wp-json\/wp\/v2\/pages"}],"about":[{"href":"https:\/\/moverdb.com\/da\/wp-json\/wp\/v2\/types\/page"}],"author":[{"embeddable":true,"href":"https:\/\/moverdb.com\/da\/wp-json\/wp\/v2\/users\/4"}],"replies":[{"embeddable":true,"href":"https:\/\/moverdb.com\/da\/wp-json\/wp\/v2\/comments?post=8883"}],"version-history":[{"count":1,"href":"https:\/\/moverdb.com\/da\/wp-json\/wp\/v2\/pages\/8883\/revisions"}],"predecessor-version":[{"id":8885,"href":"https:\/\/moverdb.com\/da\/wp-json\/wp\/v2\/pages\/8883\/revisions\/8885"}],"up":[{"embeddable":true,"href":"https:\/\/moverdb.com\/da\/wp-json\/wp\/v2\/pages\/190"}],"wp:attachment":[{"href":"https:\/\/moverdb.com\/da\/wp-json\/wp\/v2\/media?parent=8883"}],"curies":[{"name":"wp","href":"https:\/\/api.w.org\/{rel}","templated":true}]}}