{"id":888,"date":"2016-08-31T21:15:38","date_gmt":"2016-08-31T21:15:38","guid":{"rendered":"http:\/\/moverdb.com\/?page_id=888"},"modified":"2026-01-08T14:47:24","modified_gmt":"2026-01-08T14:47:24","slug":"abels-removals","status":"publish","type":"page","link":"https:\/\/moverdb.com\/da\/abels-removals\/","title":{"rendered":"Abels Flyttetjenester: Internationale flytninger Anmeldelser"},"content":{"rendered":"<p>Abels Moving Services er baseret i Brandon, Suffolk, men har faciliteter i <a href=\"https:\/\/moverdb.com\/da\/moving-to-london\/\">London<\/a>, <a href=\"\" data-internallinksmanager029f6b8e52c=\"37\" title=\"Cambridge\">Cambridge<\/a> og Lutterworth, men betjener hele <a href=\"https:\/\/moverdb.com\/da\/moving-to-the-uk\/\" data-internallinksmanager029f6b8e52c=\"93\" title=\"Flytter du til Det Forenede Kongerige? 2022 Leveomkostninger og flyttetips\">UK<\/a>. <\/p>\n<p>De tilbyder deres kunder mange bevidst flytteydelser, som er anf\u00f8rt nedenfor. Der f\u00f8lger ogs\u00e5 en virksomhedsprofil og virksomhedsanmeldelser.<\/p>\n<p><strong>Internationale flytninger<\/strong><\/p>\n<ul>\n<li> Luftfragt til sm\u00e5 m\u00e6ngder<\/li>\n<li> S\u00f8transport af store m\u00e6ngder<\/li>\n<li> Komplet flytningsstyring tilg\u00e6ngelig<\/li>\n<li> Fjernelse af k\u00e6ledyr<\/li>\n<li> Fjernelse af biler<\/li>\n<li> D\u00f8r til d\u00f8r-service<\/li>\n<li> H\u00f8jtuddannede pakkere<\/li>\n<li> Emballeringsmaterialer af h\u00f8j kvalitet<\/li>\n<li> Toldbistand<\/li>\n<li> Levering og udpakning<\/li>\n<li> Oplysninger om flytning<\/li>\n<li> Forsikring arrangeret<\/li>\n<li> Stuepige service<\/li>\n<li> Have service<\/li>\n<\/ul>\n<p><strong>Flytningstjenester<\/strong><\/p>\n<ul>\n<li> Der findes vejledninger om flytning til 60 lande<\/li>\n<li> Indledende behovsvurdering<\/li>\n<li> Orientering - shopping, underholdning, bankforretninger, fritidsfaciliteter<\/li>\n<li> Oversigt over uddannelse<\/li>\n<li> Oversigt over ejendomme<\/li>\n<li> Udlejning af m\u00f8bler<\/li>\n<li> Tilslutning til forsyningsvirksomheder<\/li>\n<li> Stuepige service<\/li>\n<li> Have service<\/li>\n<\/ul>\n<p><strong>Europ\u00e6iske flytninger<\/strong><\/p>\n<ul>\n<li> D\u00f8r til d\u00f8r-service<\/li>\n<li> Alt papirarbejde udfyldt af Abels<\/li>\n<li> Pakning og udpakning<\/li>\n<li> Specialiserede emballagematerialer<\/li>\n<li> Opbevaring p\u00e5 kort og lang sigt<\/li>\n<li> Personlig assistenttjeneste - alt og alle ting<\/li>\n<li> Guider om flytning<\/li>\n<li> Stuepige service<\/li>\n<li> Have service<\/li>\n<\/ul>\n<p><strong>Emballeringstjenester<\/strong><\/p>\n<ul>\n<li> Skr\u00f8belige genstande, herunder krystal, <a href=\"https:\/\/moverdb.com\/da\/moving-to-china\/\" data-internallinksmanager029f6b8e52c=\"357\" title=\"Flytter du til Kina? 2026 Leveomkostninger og tips til flytning\">porcel\u00e6n<\/a>, glas osv.<\/li>\n<li> Malerier, billeder<\/li>\n<li> T\u00f8j<\/li>\n<li> Antikke m\u00f8bler, genstande af h\u00f8j v\u00e6rdi<\/li>\n<li> Indholdet af skabe i almindelighed<\/li>\n<\/ul>\n<p><strong>Opbevaring<\/strong><\/p>\n<ul>\n<li> P\u00e5 lang og kort sigt<\/li>\n<li> Opbevaring i Storbritannien, Europa og i udlandet<\/li>\n<li> Form\u00e5let er bygget til form\u00e5let<\/li>\n<li> Optimalt milj\u00f8<\/li>\n<li> Strenge brandkontrol<\/li>\n<li> CCTV-d\u00e6kning<\/li>\n<li> Konstant tilstedev\u00e6relse af sikkerhed<\/li>\n<li> Beholdere forseglet ved afhentning<\/li>\n<li> Bl\u00f8dt m\u00f8blement opbevares under ideelle temperaturforhold<\/li>\n<li> Opbevaring af filer og arkiver<\/li>\n<li> Opbevaring af studerende<\/li>\n<\/ul>\n<p><strong>Specialiserede tjenester<\/strong><\/p>\n<ul>\n<li> Flytning af virksomheder og erhverv<\/li>\n<li> Dokumenttjenester<\/li>\n<li> M\u00f8bler, inventar og udstyr<\/li>\n<li> Detailhandel og levering til hjemmet<\/li>\n<li> Installation af m\u00f8bler<\/li>\n<li> Installationsl\u00f8sninger til indretningsarkitekter og bygherrer<\/li>\n<\/ul>\n<h2>Abels Moving Services virksomhedsprofil<\/h2>\n<p>Abels Moving Services startede som familievirksomhed i 1958 med at levere varer til butikker. Virksomheden er vokset siden da og har nu 1.500 servicecentre i 56 lande rundt om i verden. <\/p>\n<p>Firmaet fik i 1989 en kongelig garanti fra Hendes Majest\u00e6t Dronningen som tak for deres tjenester til kronen, herunder flytning af alle prins Charles' og prinsesse Dianas bryllupsgaver i 1981. <\/p>\n<p>Abels Moving Services er stolte af deres specialbyggede, milj\u00f8venlige lastbiler. De tror p\u00e5 at give noget tilbage til samfundet og st\u00f8tter forskellige velg\u00f8rende organisationer i hele verden. <\/p>\n<p>De tror fuldt og fast p\u00e5 en \"ingen problemer\"-tilgang til kunderne og mener, at et smil r\u00e6kker langt.<\/p>\n<p>Abels Moving Services har f\u00f8lgende tilknytninger og akkrediteringer:<\/p>\n<ul>\n<li> Kongelig fuldmagt til Hendes Majest\u00e6t Dronningen<\/li>\n<li> <a href=\"https:\/\/moverdb.com\/da\/fidi-faim\/\">FIDI<\/a><\/li>\n<li> <a href=\"https:\/\/moverdb.com\/da\/fidi-faim\/\" data-internallinksmanager029f6b8e52c=\"16\" title=\"FIDI &amp; FAIM (FIDI Accredited International Mover) forklaret\">FAIM<\/a><\/li>\n<li> Investors in People<\/li>\n<li> <a href=\"https:\/\/moverdb.com\/da\/british-association-of-removers\/\">Den britiske sammenslutning af flyttefirmaer<\/a> (<a href=\"https:\/\/moverdb.com\/da\/british-association-of-removers\/\" data-internallinksmanager029f6b8e52c=\"9\" title=\"British Association of Removers (BAR) Forklaret\">BAR<\/a>)<\/li>\n<li> <a href=\"https:\/\/moverdb.com\/da\/bar-overseas\/\">BAR Overseas Group<\/a><\/li>\n<li> Myndigheden for finansielle tjenesteydelser<\/li>\n<li> <a href=\"https:\/\/moverdb.com\/da\/fedemac\/\">Sammenslutningen af europ\u00e6iske flytteforeninger<\/a> (<a href=\"https:\/\/moverdb.com\/da\/fedemac\/\" data-internallinksmanager029f6b8e52c=\"15\" title=\"Federation of European Movers Association (FEDEMAC) Forklaret\">FEDEMAC<\/a>)<\/li>\n<li> International Movers Mutual Insurance (IMMI)<\/li>\n<li> BS EN ISO 9001<\/li>\n<\/ul>\n<h2>Abels Flyttetjenester<\/h2>\n<p><strong>Positiv:<\/strong><\/p>\n<ul>\n<li> <em>\"Flytteholdene i begge ender var fantastiske - de var kompetente, arbejdede stabilt og var bare rare at have med at g\u00f8re, og de var virkelig hj\u00e6lpsomme ud over det strengt n\u00f8dvendige.\"<\/em> - Jenson via <a href=\"http:\/\/www.abels.co.uk\/reviews\/\" target=\"_blank\" rel=\"noopener\">Abels side med kundeanmeldelser<\/a>.<\/li>\n<li> <em>\"Alle jeg havde med Abels at g\u00f8re enten over telefonen, e-mail eller personligt var meget hj\u00e6lpsomme, venlige og effektive Jeg ville helt sikkert bruge dem igen og har ingen t\u00f8ven med at anbefale dem til andre\"<\/em> Fr\u00f8ken Pant via <a href=\"http:\/\/moveaide.com\/movers\/abels-moving-cambrige-uk-mover-reviews\" target=\"_blank\" rel=\"noopener\">MoveAide<\/a><\/li>\n<li> <em>\"Vi ville bare g\u00f8re dig opm\u00e6rksom p\u00e5, at vi er meget tilfredse med, at vores flytning nu er gennemf\u00f8rt med succes.\"<\/em> - via <a href=\"http:\/\/removal-company-reviews.com\/view-removal-company-review.php?c=Abels%20Moving%20Services%20Ltd&#038;id=384\" target=\"_blank\" rel=\"noopener\">Anmeldelser af flyttefirmaer<\/a><\/li>\n<\/ul>\n<p><strong>Negativ:<\/strong><\/p>\n<ul>\n<li> <em>\"Forf\u00e6rdelig kommunikation om un\u00f8dvendige forsinkelser. Du vil frygte, at alle dine ejendele er forsvundet.\"<\/em> - Jeanie C. via <a href=\"https:\/\/www.yelp.co.uk\/biz\/abels-moving-services-ltd-brandon-2?hrid=qZqRG6iZsRo2GEP-XgQefQ&#038;utm_campaign=www_review_share_popup&#038;utm_medium=copy_link&#038;utm_source=(direct)\" target=\"_blank\" rel=\"noopener\">Yelp<\/a><\/li>\n<li> <em>\"Hvis du ikke er dronning, vil de ikke tage sig meget af dig.\"<\/em> - Simon via <a href=\"http:\/\/www.removalreviews.co.uk\/movingreviews\/far-from-their-advertising-image-7304\" target=\"_blank\" rel=\"noopener\">Anmeldelser af flytning<\/a><\/li>\n<li> <em>\"D\u00e5rlig service hele vejen rundt med d\u00e5rlig kommunikation mellem b\u00e5de <a href=\"https:\/\/moverdb.com\/da\/flytning-til-singapore\/\">Singapore<\/a> team og UK team.\"<\/em> - Mr Crapper via <a href=\"http:\/\/moveaide.com\/movers\/abels-moving-cambrige-uk-mover-reviews\" target=\"_blank\" rel=\"noopener\">MoveAide<\/a><\/li>\n<\/li>.\n<\/ul>\n<div itemprop=\"review\" itemscope itemtype=\"http:\/\/schema.org\/Review\">\n<span itemprop=\"author\" itemscope=\"\" itemtype=\"http:\/\/schema.org\/Organization\"><span itemprop=\"name\">MoverDB.com<\/span><\/span> Online website anmeldelse for <span itemprop=\"itemreviewed\" itemscope=\"\" itemtype=\"http:\/\/schema.org\/Brand\"><span itemprop=\"name\">Abels Flyttetjenester<\/span><\/span>:<\/p>\n<ol>\n<li> Tydelige kontaktoplysninger p\u00e5 webstedet (herunder telefonnummer): <strong>Ja<\/strong><\/li>\n<li> Let at f\u00e5 <a href=\"https:\/\/moverdb.com\/da\/citater\/\">citater for internationale flytninger<\/a>? (Formular til anmodning om online overslag): <strong>Ja<\/strong><\/li>\n<li> Klare oplysninger p\u00e5 webstedet: <strong>Ja,<\/strong> en anst\u00e6ndig m\u00e6ngde oplysninger p\u00e5 hjemmesiden om deres tjenester, selv om nogle <\/li>\n<li> Medlemskab af internationalt anerkendte flytteorganisationer: <strong>Ja<\/strong>, se ovenfor.<\/li>\n<li> Liste over kunder og\/eller tidligere kundeudtalelser: <strong>Ja<\/strong> Der er positive kundeudtalelser p\u00e5 hjemmesiden.<\/li>\n<\/ol>\n<div itemprop=\"reviewRating\" itemscope itemtype=\"http:\/\/schema.org\/Rating\"><meta itemprop=\"worstRating\" content = \"0\" \/><meta itemprop=\"bestRating\" content=\"5\" \/><meta itemprop=\"ratingValue\" content=\"4.5\"><\/div>\n<p><strong>Samlet score: 4.5\/5<\/strong><br \/>\n<strong>Dato for gennemgang:<\/strong> <span itemprop=\"datePublished\" content=\"2016-08-31\">31\/08\/2016<\/span>\n<\/div>\n<p>Mere om <a href=\"https:\/\/moverdb.com\/da\/internationale-flytninger\/\">internationale flytninger<\/a> og vores <a href=\"https:\/\/moverdb.com\/da\/anmeldelser\/\">gennemgangsproces<\/a>.<\/p>\n<p><strong>Hjemmeside:<\/strong> <a href=\"http:\/\/www.abels.co.uk\" target=\"_blank\" rel=\"noopener\">http:\/\/www.abels.co.uk<\/a><\/p>","protected":false},"excerpt":{"rendered":"<p>Abels Moving Services is based in Brandon, Suffolk but has facilities in London, Cambridge and Lutterworth but serves the whole of the UK. It offers its clients many intentional moving services which are listed below. There also follows a company profile and company reviews. International Moves Airfreight for small volumes Sea freight for large volumes [&hellip;]<\/p>\n","protected":false},"author":1,"featured_media":0,"parent":0,"menu_order":0,"comment_status":"closed","ping_status":"closed","template":"","meta":{"_genesis_hide_title":false,"_genesis_hide_breadcrumbs":false,"_genesis_hide_singular_image":false,"_genesis_hide_footer_widgets":false,"_genesis_custom_body_class":"","_genesis_custom_post_class":"","_genesis_layout":"","footnotes":""},"class_list":{"0":"post-888","1":"page","2":"type-page","3":"status-publish","5":"entry"},"_links":{"self":[{"href":"https:\/\/moverdb.com\/da\/wp-json\/wp\/v2\/pages\/888","targetHints":{"allow":["GET"]}}],"collection":[{"href":"https:\/\/moverdb.com\/da\/wp-json\/wp\/v2\/pages"}],"about":[{"href":"https:\/\/moverdb.com\/da\/wp-json\/wp\/v2\/types\/page"}],"author":[{"embeddable":true,"href":"https:\/\/moverdb.com\/da\/wp-json\/wp\/v2\/users\/1"}],"replies":[{"embeddable":true,"href":"https:\/\/moverdb.com\/da\/wp-json\/wp\/v2\/comments?post=888"}],"version-history":[{"count":8,"href":"https:\/\/moverdb.com\/da\/wp-json\/wp\/v2\/pages\/888\/revisions"}],"predecessor-version":[{"id":6166,"href":"https:\/\/moverdb.com\/da\/wp-json\/wp\/v2\/pages\/888\/revisions\/6166"}],"wp:attachment":[{"href":"https:\/\/moverdb.com\/da\/wp-json\/wp\/v2\/media?parent=888"}],"curies":[{"name":"wp","href":"https:\/\/api.w.org\/{rel}","templated":true}]}}