{"id":8441,"date":"2023-04-27T14:41:20","date_gmt":"2023-04-27T14:41:20","guid":{"rendered":"https:\/\/moverdb.com\/?page_id=8441"},"modified":"2026-01-08T15:24:49","modified_gmt":"2026-01-08T15:24:49","slug":"moving-companies-mozambique","status":"publish","type":"page","link":"https:\/\/moverdb.com\/da\/moving-companies\/moving-companies-mozambique\/","title":{"rendered":"4 bedste internationale flyttefirmaer i Mozambique"},"content":{"rendered":"<p>Hvis du planl\u00e6gger at flytte hjem eller virksomhed, kan det v\u00e6re en god id\u00e9 at benytte dig af en <a href=\"https:\/\/moverdb.com\/da\/moving-companies\/\" data-internallinksmanager029f6b8e52c=\"79\" title=\"Top 25 internationale flyttefirmaer online\">flyttefirma<\/a> for at g\u00f8re oplevelsen mindre stressende. Hvis du skal flytte i, til eller fra Mozambique, har vi samlet en liste over Mozambique-baserede <a href=\"https:\/\/moverdb.com\/da\/international-removals\/\" data-internallinksmanager029f6b8e52c=\"27\" title=\"De 36 bedste internationale flyttefirmaer i Storbritannien\">flyttefirmaer<\/a> nedenfor, der er medlemmer af den <a href=\"https:\/\/moverdb.com\/da\/iam\/\" data-internallinksmanager029f6b8e52c=\"23\" title=\"International Association of Movers (IAM) Forklaret\">Den internationale sammenslutning af flyttefirmaer<\/a> (IAM) og\/eller <a href=\"https:\/\/moverdb.com\/da\/fidi-faim\/\" data-internallinksmanager029f6b8e52c=\"16\" title=\"FIDI &amp; FAIM (FIDI Accredited International Mover) forklaret\">FIDI<\/a> akkrediteret international flyttevirksomhed (FAIM), som kan hj\u00e6lpe dig med din flytning.<\/p>\n<div id=\"ez-toc-container\" class=\"ez-toc-v2_0_82_2 ez-toc-wrap-left counter-hierarchy ez-toc-counter ez-toc-transparent ez-toc-container-direction\">\n<div class=\"ez-toc-title-container\">\n<p class=\"ez-toc-title\" style=\"cursor:inherit\">Sektioner<\/p>\n<span class=\"ez-toc-title-toggle\"><a href=\"#\" class=\"ez-toc-pull-right ez-toc-btn ez-toc-btn-xs ez-toc-btn-default ez-toc-toggle\" aria-label=\"Toggle indholdsfortegnelse\"><span class=\"ez-toc-js-icon-con\"><span class=\"\"><span class=\"eztoc-hide\" style=\"display:none;\">Toggle<\/span><span class=\"ez-toc-icon-toggle-span\"><svg style=\"fill: #999;color:#999\" xmlns=\"http:\/\/www.w3.org\/2000\/svg\" class=\"list-377408\" width=\"20px\" height=\"20px\" viewbox=\"0 0 24 24\" fill=\"none\"><path d=\"M6 6H4v2h2V6zm14 0H8v2h12V6zM4 11h2v2H4v-2zm16 0H8v2h12v-2zM4 16h2v2H4v-2zm16 0H8v2h12v-2z\" fill=\"currentColor\"><\/path><\/svg><svg style=\"fill: #999;color:#999\" class=\"arrow-unsorted-368013\" xmlns=\"http:\/\/www.w3.org\/2000\/svg\" width=\"10px\" height=\"10px\" viewbox=\"0 0 24 24\" version=\"1.2\" baseprofile=\"tiny\"><path d=\"M18.2 9.3l-6.2-6.3-6.2 6.3c-.2.2-.3.4-.3.7s.1.5.3.7c.2.2.4.3.7.3h11c.3 0 .5-.1.7-.3.2-.2.3-.5.3-.7s-.1-.5-.3-.7zM5.8 14.7l6.2 6.3 6.2-6.3c.2-.2.3-.5.3-.7s-.1-.5-.3-.7c-.2-.2-.4-.3-.7-.3h-11c-.3 0-.5.1-.7.3-.2.2-.3.5-.3.7s.1.5.3.7z\"\/><\/svg><\/span><\/span><\/span><\/a><\/span><\/div>\n<nav><ul class='ez-toc-list ez-toc-list-level-1 eztoc-toggle-hide-by-default' ><li class='ez-toc-page-1 ez-toc-heading-level-2'><a class=\"ez-toc-link ez-toc-heading-1\" href=\"https:\/\/moverdb.com\/da\/moving-companies\/moving-companies-mozambique\/#1_CityMover\" >1. CityMover<\/a><\/li><li class='ez-toc-page-1 ez-toc-heading-level-2'><a class=\"ez-toc-link ez-toc-heading-2\" href=\"https:\/\/moverdb.com\/da\/moving-companies\/moving-companies-mozambique\/#2_CTZ_Logistics\" >2. CTZ Logistik<\/a><\/li><li class='ez-toc-page-1 ez-toc-heading-level-2'><a class=\"ez-toc-link ez-toc-heading-3\" href=\"https:\/\/moverdb.com\/da\/moving-companies\/moving-companies-mozambique\/#3_Ingar\" >3. Ingar<\/a><\/li><li class='ez-toc-page-1 ez-toc-heading-level-2'><a class=\"ez-toc-link ez-toc-heading-4\" href=\"https:\/\/moverdb.com\/da\/moving-companies\/moving-companies-mozambique\/#4_TL\" >4. TL<\/a><\/li><\/ul><\/nav><\/div>\n<h2><span class=\"ez-toc-section\" id=\"1_CityMover\"><\/span><strong>1. CityMover<\/strong><span class=\"ez-toc-section-end\"><\/span><\/h2>\n<p><img loading=\"lazy\" decoding=\"async\" class=\"alignnone size-full wp-image-8298\" src=\"https:\/\/moverdb.com\/wp-content\/uploads\/CityMover-international-moving-company.png\" alt=\"CityMover international flyttevirksomhed\" width=\"1440\" height=\"681\" data-wp-pid=\"8298\" srcset=\"https:\/\/moverdb.com\/wp-content\/uploads\/CityMover-international-moving-company.png 1440w, https:\/\/moverdb.com\/wp-content\/uploads\/CityMover-international-moving-company-300x142.png 300w, https:\/\/moverdb.com\/wp-content\/uploads\/CityMover-international-moving-company-1024x484.png 1024w, https:\/\/moverdb.com\/wp-content\/uploads\/CityMover-international-moving-company-18x9.png 18w, https:\/\/moverdb.com\/wp-content\/uploads\/CityMover-international-moving-company-600x284.png 600w\" sizes=\"auto, (max-width: 1440px) 100vw, 1440px\" \/><\/p>\n<ul>\n<li>Nationale flytninger<\/li>\n<li>Internationale flytninger<\/li>\n<li>Flytning af husholdninger<\/li>\n<li>Flytning af kontorer<\/li>\n<li>H\u00e5ndtering af it-udstyr<\/li>\n<li>Emballage service<\/li>\n<li>Vej-, s\u00f8- og lufttransport<\/li>\n<li>Toldformaliteter<\/li>\n<li>Forsikring<\/li>\n<li>Opbevaringsfaciliteter<\/li>\n<\/ul>\n<p>CityMover er en flytte- og logistikvirksomhed, der blev grundlagt i 2011 og har base i Maputo. De har partnere, som de samarbejder med p\u00e5 alle kontinenter for at hj\u00e6lpe dig med at flytte hvor som helst i verden. De er medlem af IAM og har 13 \u00e5rs erfaring.<\/p>\n<p>CityMover st\u00f8tter din flytning hele vejen igennem, og de tilbyder forsikrede tjenester. De tilbyder en pakningsservice, der beskytter dine genstande under transporten, og de anvendte materialer varierer afh\u00e6ngigt af transportm\u00e5den og de genstande, der skal pakkes. De hj\u00e6lper ogs\u00e5 med at afmontere og samle m\u00f8bler.<\/p>\n<p>Hjemmeside: <a href=\"http:\/\/www.citymover.co.mz\" target=\"_blank\" rel=\"noopener\">http:\/\/www.citymover.co.mz<\/a><\/p>\n<h2><span class=\"ez-toc-section\" id=\"2_CTZ_Logistics\"><\/span><strong>2. CTZ Logistik<\/strong><span class=\"ez-toc-section-end\"><\/span><\/h2>\n<p><img loading=\"lazy\" decoding=\"async\" class=\"alignnone size-full wp-image-8444\" src=\"https:\/\/moverdb.com\/wp-content\/uploads\/CTZ-Logistics-international-moving-company.png\" alt=\"CTZ Logistics international flyttevirksomhed\" width=\"1440\" height=\"681\" data-wp-pid=\"8444\" srcset=\"https:\/\/moverdb.com\/wp-content\/uploads\/CTZ-Logistics-international-moving-company.png 1440w, https:\/\/moverdb.com\/wp-content\/uploads\/CTZ-Logistics-international-moving-company-300x142.png 300w, https:\/\/moverdb.com\/wp-content\/uploads\/CTZ-Logistics-international-moving-company-1024x484.png 1024w, https:\/\/moverdb.com\/wp-content\/uploads\/CTZ-Logistics-international-moving-company-18x9.png 18w, https:\/\/moverdb.com\/wp-content\/uploads\/CTZ-Logistics-international-moving-company-600x284.png 600w\" sizes=\"auto, (max-width: 1440px) 100vw, 1440px\" \/><\/p>\n<ul>\n<li>Nationale flytninger<\/li>\n<li>Internationale flytninger<\/li>\n<li>Flytning af boliger<\/li>\n<li>Flytning af kontorer<\/li>\n<li>Emballage service<\/li>\n<li>Muligheder for transport i kasser<\/li>\n<li>Vej-, s\u00f8- og luftfragt<\/li>\n<li>Toldklarering<\/li>\n<li>Forsikring<\/li>\n<li>Sikker opbevaring<\/li>\n<\/ul>\n<p>CTZ Logistics er en full service flytte- og logistikvirksomhed, der blev etableret i 2007 og har kontorer i hele Afrika, herunder hovedkontoret i Maputo, Mozambique. De samarbejder med spedit\u00f8rer, transport\u00f8rer og internationale flytteagenter for at levere deres tjenester over hele verden. De er medlem af IAM og har 12 \u00e5rs erfaring.<\/p>\n<p>CTZ Logistics tilbyder en unders\u00f8gelse f\u00f8r flytningen for at vurdere m\u00e6ngden og emballagebehovet i forbindelse med flytningen. De stiller kvalificerede og erfarne pakkerier til r\u00e5dighed, som beskytter dine genstande ved at pakke, indpakke og kasse dem. De tilbyder transport ad landevej, ad s\u00f8vejen og med fly til destinationer over hele verden med toldklarering.<\/p>\n<p>Hjemmeside: <a href=\"http:\/\/www.ctzlogistics.com\" target=\"_blank\" rel=\"noopener\">http:\/\/www.ctzlogistics.com<\/a><\/p>\n<h2><span class=\"ez-toc-section\" id=\"3_Ingar\"><\/span><strong>3. Ingar<\/strong><span class=\"ez-toc-section-end\"><\/span><\/h2>\n<p><img loading=\"lazy\" decoding=\"async\" class=\"alignnone size-full wp-image-8443\" src=\"https:\/\/moverdb.com\/wp-content\/uploads\/Ingar-international-moving-company.png\" alt=\"Ingar international flyttevirksomhed\" width=\"1440\" height=\"678\" data-wp-pid=\"8443\" srcset=\"https:\/\/moverdb.com\/wp-content\/uploads\/Ingar-international-moving-company.png 1440w, https:\/\/moverdb.com\/wp-content\/uploads\/Ingar-international-moving-company-300x141.png 300w, https:\/\/moverdb.com\/wp-content\/uploads\/Ingar-international-moving-company-1024x482.png 1024w, https:\/\/moverdb.com\/wp-content\/uploads\/Ingar-international-moving-company-18x8.png 18w, https:\/\/moverdb.com\/wp-content\/uploads\/Ingar-international-moving-company-600x283.png 600w\" sizes=\"auto, (max-width: 1440px) 100vw, 1440px\" \/><\/p>\n<ul>\n<li>Nationale flytninger<\/li>\n<li>Internationale flytninger<\/li>\n<li>Flytning af husholdninger<\/li>\n<li>D\u00f8r-til-d\u00f8r-service<\/li>\n<li>Professionel pakning<\/li>\n<li>Kasseringsarbejde<\/li>\n<li>Vej-, jernbane-, luft- og s\u00f8transport<\/li>\n<li>Toldklarering<\/li>\n<li>Sporing af k\u00f8ret\u00f8jer<\/li>\n<li>Sikker opbevaring<\/li>\n<\/ul>\n<p>Ingar er et specialiseret pakkeri- og flyttefirma, der blev grundlagt i 1984 i Maputo. De er medlem af IAM med 39 \u00e5rs erfaring, hvilket giver dem adgang til et internationalt netv\u00e6rk af flytteagenter, der kan yde service p\u00e5 verdensplan.<\/p>\n<p>Ingar tilbyder en d\u00f8r-til-d\u00f8r flytte service, der starter med en unders\u00f8gelse f\u00f8r flytning for at vurdere dine behov og give et tilbud. De s\u00f8rger for transport af dine varer ad vej, jernbane, skib eller fly alt efter dine behov, og de hj\u00e6lper dig med toldklarering. Mens dine varer er under transport, vil de blive sporet, og du vil blive holdt ajour med det forventede ankomsttidspunkt.<\/p>\n<p>Hjemmeside: <a href=\"https:\/\/www.ingarmozambique.com\" target=\"_blank\" rel=\"noopener\">https:\/\/www.ingarmozambique.com<\/a><\/p>\n<h2><span class=\"ez-toc-section\" id=\"4_TL\"><\/span><strong>4. TL<\/strong><span class=\"ez-toc-section-end\"><\/span><\/h2>\n<p><img loading=\"lazy\" decoding=\"async\" class=\"alignnone size-full wp-image-8442\" src=\"https:\/\/moverdb.com\/wp-content\/uploads\/TL-international-moving-company.png\" alt=\"\" width=\"1440\" height=\"682\" data-wp-pid=\"8442\" srcset=\"https:\/\/moverdb.com\/wp-content\/uploads\/TL-international-moving-company.png 1440w, https:\/\/moverdb.com\/wp-content\/uploads\/TL-international-moving-company-300x142.png 300w, https:\/\/moverdb.com\/wp-content\/uploads\/TL-international-moving-company-1024x485.png 1024w, https:\/\/moverdb.com\/wp-content\/uploads\/TL-international-moving-company-18x9.png 18w, https:\/\/moverdb.com\/wp-content\/uploads\/TL-international-moving-company-600x284.png 600w\" sizes=\"auto, (max-width: 1440px) 100vw, 1440px\" \/><\/p>\n<ul>\n<li>Nationale flytninger<\/li>\n<li>Internationale flytninger<\/li>\n<li>Flytning af husholdninger<\/li>\n<li>Flytning af virksomheder<\/li>\n<li>D\u00f8r-til-d\u00f8r-service<\/li>\n<li>Emballage service<\/li>\n<li>Vej-, s\u00f8- og lufttransport<\/li>\n<li>H\u00e5ndtering af kunstv\u00e6rker<\/li>\n<li>Forsikring<\/li>\n<li>Opbevaringsfaciliteter<\/li>\n<\/ul>\n<p>TL er en flytte- og logistikvirksomhed, der har eksisteret siden 1998 og har sit hoveds\u00e6de i Maputo.<\/p>\n<p>De samarbejder med internationale flytteagenter for at levere deres tjenester uden for Mozambique. De er medlem af IAM og har 25 \u00e5rs erfaring.<\/p>\n<p>TL tilbyder en d\u00f8r-til-d\u00f8r flytningsservice til husholdninger og virksomheder i, til og fra Mozambique. De tilbyder en pakningsservice, hvor der anvendes specialiseret pakkeudstyr og -materialer, og de tilbyder ogs\u00e5 at demontere og samle m\u00f8bler. De arrangerer transport ad vej, luft eller skib ved hj\u00e6lp af containere, herunder ekspresforsendelser.<\/p>\n<p>Hjemmeside: <a href=\"http:\/\/www.tl.co.mz\" target=\"_blank\" rel=\"noopener\">http:\/\/www.tl.co.mz<\/a><\/p>","protected":false},"excerpt":{"rendered":"<p>If you are planning on moving home or business you might want to employ the services of a moving company to make the experience less stressful. If you are moving within, to or from Mozambique, we have compiled a list of Mozambique based removal companies below that are members of the International Association of Movers [&hellip;]<\/p>\n","protected":false},"author":4,"featured_media":0,"parent":190,"menu_order":0,"comment_status":"closed","ping_status":"closed","template":"","meta":{"_genesis_hide_title":false,"_genesis_hide_breadcrumbs":false,"_genesis_hide_singular_image":false,"_genesis_hide_footer_widgets":false,"_genesis_custom_body_class":"","_genesis_custom_post_class":"","_genesis_layout":"","footnotes":""},"class_list":{"0":"post-8441","1":"page","2":"type-page","3":"status-publish","5":"entry","6":"has-post-thumbnail"},"_links":{"self":[{"href":"https:\/\/moverdb.com\/da\/wp-json\/wp\/v2\/pages\/8441","targetHints":{"allow":["GET"]}}],"collection":[{"href":"https:\/\/moverdb.com\/da\/wp-json\/wp\/v2\/pages"}],"about":[{"href":"https:\/\/moverdb.com\/da\/wp-json\/wp\/v2\/types\/page"}],"author":[{"embeddable":true,"href":"https:\/\/moverdb.com\/da\/wp-json\/wp\/v2\/users\/4"}],"replies":[{"embeddable":true,"href":"https:\/\/moverdb.com\/da\/wp-json\/wp\/v2\/comments?post=8441"}],"version-history":[{"count":1,"href":"https:\/\/moverdb.com\/da\/wp-json\/wp\/v2\/pages\/8441\/revisions"}],"predecessor-version":[{"id":8445,"href":"https:\/\/moverdb.com\/da\/wp-json\/wp\/v2\/pages\/8441\/revisions\/8445"}],"up":[{"embeddable":true,"href":"https:\/\/moverdb.com\/da\/wp-json\/wp\/v2\/pages\/190"}],"wp:attachment":[{"href":"https:\/\/moverdb.com\/da\/wp-json\/wp\/v2\/media?parent=8441"}],"curies":[{"name":"wp","href":"https:\/\/api.w.org\/{rel}","templated":true}]}}